{"id":1009,"date":"2025-08-18T06:43:40","date_gmt":"2025-08-18T06:43:40","guid":{"rendered":"https:\/\/sinobreaker.com\/?post_type=product&#038;p=1009"},"modified":"2025-09-22T06:49:38","modified_gmt":"2025-09-22T06:49:38","slug":"10x85mm-232a1500vdc-50ka-cfpv-pv-solarsicherungen","status":"publish","type":"product","link":"https:\/\/sinobreaker.com\/de\/products\/10x85mm-1500vdc-cfpv-pv-solar-fuses\/","title":{"rendered":"10x85mm 2~32A1500VDC 50kA CFPV PV Solar Sicherungen"},"content":{"rendered":"<p>Die Serie 10x85mm 2~32A1500VDC 50kA CFPV PV Solar Fuses wurde speziell f\u00fcr photovoltaische (PV) Stromerzeugungssysteme entwickelt und bietet zuverl\u00e4ssigen Schutz mit einer Hochspannung von bis zu 1500V DC und einem Nennstrom von bis zu 50A. Diese Sicherungen sind ideal f\u00fcr den Anschluss an PV-Paneele und Batterien, um Systeme mit variablem Stromfluss durch Kurzschlussschutz in Photovoltaikanlagen und Stromerzeugungssystemen zu sch\u00fctzen. Mit einem beeindruckenden Ausschaltverm\u00f6gen von 50kA ist diese Sicherungsserie ein wesentlicher Bestandteil zur Gew\u00e4hrleistung der Sicherheit und Effizienz von Solarstromanwendungen.<\/p>\n<p><strong>Wesentliche Merkmale<\/strong><\/p>\n<ul>\n<li><strong>Hochspannungskompatibilit\u00e4t<\/strong>: Unterst\u00fctzt bis zu 1500V DC und erf\u00fcllt damit die Anforderungen von Hochspannungs-Solarsystemen.<\/li>\n<li><strong>Breiter Strombereich<\/strong>: Nennstrom von 2A bis 32A, mit Optionen bis zu 50A, f\u00fcr verschiedene PV-Anwendungen.<\/li>\n<li><strong>Au\u00dfergew\u00f6hnliche Bruchfestigkeit<\/strong>: Mit einem Nennausschaltverm\u00f6gen von 50 kA bietet er einen zuverl\u00e4ssigen Kurzschlussschutz.<\/li>\n<li><strong>GPV-Klasseneinhaltung<\/strong>: Zertifiziert als Klasse GPV (Photovoltaik-Sicherung), entsprechend der Norm IEC 60269-6, speziell f\u00fcr den PV-Schutz.<\/li>\n<li><strong>Schnelle Reaktionszeit<\/strong>: Eine Zeitkonstante von 1-3 ms gew\u00e4hrleistet einen schnellen und effizienten Schutz des Stromkreises.<\/li>\n<\/ul>\n<p>&nbsp;<\/p>\n<p><strong>Elektrische Eigenschaften<\/strong><\/p>\n<p>Hier ist die Parametertabelle f\u00fcr die\u00a0<strong>EDFH-Serie Sicherung 1500V<\/strong>\u00a0auf der Grundlage der bereitgestellten Informationen:<\/p>\n<table>\n<thead>\n<tr>\n<th>Seriennummer<\/th>\n<th>Modell<\/th>\n<th>Nennstrom (A)<\/th>\n<th>Verlustleistung (Watt) bei 0.8In<\/th>\n<th>Verlustleistung (Watt) bei 1.0In<\/th>\n<th>Energie-Integral vor der Aufheizung I\u00b2t (A\u00b2s)<\/th>\n<th>Gesamtenergie Integral I\u00b2t (A\u00b2s)<\/th>\n<\/tr>\n<\/thead>\n<tbody>\n<tr>\n<td>1<\/td>\n<td>1500VDC\/10X85\/2A<\/td>\n<td>2<\/td>\n<td>1.7<\/td>\n<td>3.20<\/td>\n<td>4<\/td>\n<td>8<\/td>\n<\/tr>\n<tr>\n<td>2<\/td>\n<td>1500VDC\/10X85\/3A<\/td>\n<td>3<\/td>\n<td>1.77<\/td>\n<td>3.32<\/td>\n<td>6<\/td>\n<td>11<\/td>\n<\/tr>\n<tr>\n<td>3<\/td>\n<td>1500VDC\/10X85\/4A<\/td>\n<td>4<\/td>\n<td>1.69<\/td>\n<td>3.19<\/td>\n<td>8<\/td>\n<td>14<\/td>\n<\/tr>\n<tr>\n<td>4<\/td>\n<td>1500VDC\/10X85\/5A<\/td>\n<td>5<\/td>\n<td>1.71<\/td>\n<td>3.22<\/td>\n<td>11<\/td>\n<td>22<\/td>\n<\/tr>\n<tr>\n<td>5<\/td>\n<td>1500VDC\/10X85\/6A<\/td>\n<td>6<\/td>\n<td>1.73<\/td>\n<td>3.25<\/td>\n<td>15<\/td>\n<td>30<\/td>\n<\/tr>\n<tr>\n<td>6<\/td>\n<td>1500VDC\/10X85\/8A<\/td>\n<td>8<\/td>\n<td>1.79<\/td>\n<td>3.36<\/td>\n<td>9<\/td>\n<td>55<\/td>\n<\/tr>\n<tr>\n<td>7<\/td>\n<td>1500VDC\/10X85\/10A<\/td>\n<td>10<\/td>\n<td>1.99<\/td>\n<td>3.74<\/td>\n<td>10<\/td>\n<td>98<\/td>\n<\/tr>\n<tr>\n<td>8<\/td>\n<td>1500VDC\/10X85\/12A<\/td>\n<td>12<\/td>\n<td>2.28<\/td>\n<td>4.95<\/td>\n<td>12<\/td>\n<td>120<\/td>\n<\/tr>\n<tr>\n<td>9<\/td>\n<td>1500VDC\/10X85\/15A<\/td>\n<td>15<\/td>\n<td>2.63<\/td>\n<td>4.95<\/td>\n<td>14<\/td>\n<td>170<\/td>\n<\/tr>\n<tr>\n<td>10<\/td>\n<td>1500VDC\/10X85\/16A<\/td>\n<td>16<\/td>\n<td>2.69<\/td>\n<td>5.06<\/td>\n<td>16<\/td>\n<td>190<\/td>\n<\/tr>\n<tr>\n<td>11<\/td>\n<td>1500VDC\/10X85\/20A<\/td>\n<td>20<\/td>\n<td>3<\/td>\n<td>5.65<\/td>\n<td>24<\/td>\n<td>260<\/td>\n<\/tr>\n<tr>\n<td>12<\/td>\n<td>1500VDC\/10X85\/25A<\/td>\n<td>25<\/td>\n<td>4.35<\/td>\n<td>7.9<\/td>\n<td>34<\/td>\n<td>400<\/td>\n<\/tr>\n<tr>\n<td>13<\/td>\n<td>1500VDC\/10X85\/30A<\/td>\n<td>30<\/td>\n<td>4.68<\/td>\n<td>8.5<\/td>\n<td>50<\/td>\n<td>500<\/td>\n<\/tr>\n<tr>\n<td>14<\/td>\n<td>1500VDC\/10X85\/32A<\/td>\n<td>32<\/td>\n<td>5.01<\/td>\n<td>9.1<\/td>\n<td>54<\/td>\n<td>550<\/td>\n<\/tr>\n<\/tbody>\n<\/table>\n<p>&nbsp;<\/p>\n<p><strong>Anwendungsszenarien<\/strong><\/p>\n<p>10x85mm 2~32A1500VDC 50kA CFPV PV Solar Sicherungen ist ideal f\u00fcr den Einsatz in:<\/p>\n<ul>\n<li><strong>Solare Stromerzeugungssysteme<\/strong>: Sch\u00fctzt Photovoltaikanlagen, indem es Fehler isoliert und Sch\u00e4den an den angeschlossenen Ger\u00e4ten verhindert.<\/li>\n<li><strong>PV-Paneele und Batterieanschl\u00fcsse<\/strong>: Bietet stabilen Stromschutz f\u00fcr Batterieladesysteme in Verbindung mit PV-Panels.<\/li>\n<li><strong>Photovoltaik-Anlagen<\/strong>: Unerl\u00e4sslich f\u00fcr das Sicherheits- und Zuverl\u00e4ssigkeitsmanagement von PV-Kraftwerken mit hohen Fehlerstr\u00f6men.<\/li>\n<\/ul>\n<p>Diese Sicherungen sind eine zuverl\u00e4ssige Wahl f\u00fcr Solar-PV-Anwendungen und bieten verbesserten Schutz, Haltbarkeit und Sicherheit f\u00fcr eine langlebige Solarstromerzeugung.<\/p>","protected":false},"excerpt":{"rendered":"<ul>\n<li><strong>Nennspannung<\/strong>: 1500V DC<\/li>\n<li><strong>Schaltleistung<\/strong>: 50KA<\/li>\n<li><strong>Klasse<\/strong>: GPV<\/li>\n<li><strong>Einhaltung der Normen<\/strong>: UL248-19 \/ IEC60269-6 \/ GB\/T13539-6<\/li>\n<li>10x85mm 2~32A1500VDC 50kA CFPV PV Solar Sicherungen<\/li>\n<\/ul>","protected":false},"featured_media":1021,"comment_status":"open","ping_status":"closed","template":"","meta":[],"product_brand":[],"product_cat":[26],"product_tag":[],"class_list":{"0":"post-1009","1":"product","2":"type-product","3":"status-publish","4":"has-post-thumbnail","6":"product_cat-dc-fuse","8":"first","9":"instock","10":"shipping-taxable","11":"product-type-simple"},"_links":{"self":[{"href":"https:\/\/sinobreaker.com\/de\/wp-json\/wp\/v2\/product\/1009","targetHints":{"allow":["GET"]}}],"collection":[{"href":"https:\/\/sinobreaker.com\/de\/wp-json\/wp\/v2\/product"}],"about":[{"href":"https:\/\/sinobreaker.com\/de\/wp-json\/wp\/v2\/types\/product"}],"replies":[{"embeddable":true,"href":"https:\/\/sinobreaker.com\/de\/wp-json\/wp\/v2\/comments?post=1009"}],"wp:featuredmedia":[{"embeddable":true,"href":"https:\/\/sinobreaker.com\/de\/wp-json\/wp\/v2\/media\/1021"}],"wp:attachment":[{"href":"https:\/\/sinobreaker.com\/de\/wp-json\/wp\/v2\/media?parent=1009"}],"wp:term":[{"taxonomy":"product_brand","embeddable":true,"href":"https:\/\/sinobreaker.com\/de\/wp-json\/wp\/v2\/product_brand?post=1009"},{"taxonomy":"product_cat","embeddable":true,"href":"https:\/\/sinobreaker.com\/de\/wp-json\/wp\/v2\/product_cat?post=1009"},{"taxonomy":"product_tag","embeddable":true,"href":"https:\/\/sinobreaker.com\/de\/wp-json\/wp\/v2\/product_tag?post=1009"}],"curies":[{"name":"wp","href":"https:\/\/api.w.org\/{rel}","templated":true}]}}