{"id":1029,"date":"2025-08-18T09:02:50","date_gmt":"2025-08-18T09:02:50","guid":{"rendered":"https:\/\/sinobreaker.com\/?post_type=product&#038;p=1029"},"modified":"2025-08-18T09:04:15","modified_gmt":"2025-08-18T09:04:15","slug":"cfpv-63l-1p-50a-1500v-50ka-14x85mm-dc-sicherungshalter-mit-ohne-anzeige","status":"publish","type":"product","link":"https:\/\/sinobreaker.com\/de\/produkte\/cfpv-63l-1p-50a-1500v-50ka-14x85mm-dc-sicherungshalter-mit-ohne-anzeige\/","title":{"rendered":"CFPV-63L 1P 50A 1500V 50kA 14x85mm DC-Sicherungshalter mit\/ohne Anzeige"},"content":{"rendered":"<div class=\"benefits\">\n<p><strong>Produkt Anwendung<\/strong><\/p>\n<p>Diese Serie von Sicherungen eignet sich f\u00fcr Photovoltaik-Stromerzeugungssysteme, Nennspannung bis zu 1500V, Nennstrom bis zu 50A, verbunden mit Photovoltaik-Panels und Batterien, zum Aufladen von variablen Durchflusssystemen f\u00fcr den Kurzschlussschutz in Photovoltaik-Stationen und Photovoltaik-Stromerzeugungssystemen. Die Nennschaltleistung betr\u00e4gt 50KA, die Produkte entsprechen der UL248-19 IEC 60269-6.<\/p>\n<p>&nbsp;<\/p>\n<p><strong>Produktvorteile<\/strong><\/p>\n<\/div>\n<ul>\n<li>Umgebungstemperatur: -40\u2103 + 90\u2103<\/li>\n<li>Installationsh\u00f6he der Ausr\u00fcstung: weniger als 2000m (wenn Sie diese H\u00f6he \u00fcberschreiten m\u00f6chten, teilen Sie uns dies bitte im Voraus mit, wir k\u00f6nnen entsprechend Ihren Anforderungen entwerfen).<\/li>\n<li>Der Schmelzeinsatz besteht aus reinem Silber, ist zinnarm geschwei\u00dft und in hochfestem Porzellan eingekapselt, die Schmelzr\u00f6hre ist mit hochreinem Quarzsand gef\u00fcllt, der als Lichtbogenmedium chemisch aufbereitet wurde, der Schmelzk\u00f6rper ist mit den Kontaktanschl\u00fcssen durch Punktschwei\u00dfen verbunden.<\/li>\n<\/ul>","protected":false},"excerpt":{"rendered":"<ul>\n<li>Mit Licht oder nicht w\u00e4hlen<\/li>\n<li>Din35 Schieneninstallation, einfach zu installieren<\/li>\n<li>Einstellbare Klemmleiste, Verdrahtung fest<\/li>\n<li>Feuerhemmende H\u00fclle, hohe Temperaturbest\u00e4ndigkeit<\/li>\n<li>Flexibler Einbau, leicht zu ersetzen<\/li>\n<li>1500V 50A<\/li>\n<li>1P 10*85mm Sicherungseinsatz<\/li>\n<li>Fingersicherer Touchscreen<\/li>\n<\/ul>","protected":false},"featured_media":1031,"comment_status":"open","ping_status":"closed","template":"","meta":[],"product_brand":[],"product_cat":[26],"product_tag":[],"class_list":{"0":"post-1029","1":"product","2":"type-product","3":"status-publish","4":"has-post-thumbnail","6":"product_cat-dc-fuse","8":"first","9":"instock","10":"shipping-taxable","11":"product-type-simple"},"_links":{"self":[{"href":"https:\/\/sinobreaker.com\/de\/wp-json\/wp\/v2\/product\/1029","targetHints":{"allow":["GET"]}}],"collection":[{"href":"https:\/\/sinobreaker.com\/de\/wp-json\/wp\/v2\/product"}],"about":[{"href":"https:\/\/sinobreaker.com\/de\/wp-json\/wp\/v2\/types\/product"}],"replies":[{"embeddable":true,"href":"https:\/\/sinobreaker.com\/de\/wp-json\/wp\/v2\/comments?post=1029"}],"wp:featuredmedia":[{"embeddable":true,"href":"https:\/\/sinobreaker.com\/de\/wp-json\/wp\/v2\/media\/1031"}],"wp:attachment":[{"href":"https:\/\/sinobreaker.com\/de\/wp-json\/wp\/v2\/media?parent=1029"}],"wp:term":[{"taxonomy":"product_brand","embeddable":true,"href":"https:\/\/sinobreaker.com\/de\/wp-json\/wp\/v2\/product_brand?post=1029"},{"taxonomy":"product_cat","embeddable":true,"href":"https:\/\/sinobreaker.com\/de\/wp-json\/wp\/v2\/product_cat?post=1029"},{"taxonomy":"product_tag","embeddable":true,"href":"https:\/\/sinobreaker.com\/de\/wp-json\/wp\/v2\/product_tag?post=1029"}],"curies":[{"name":"wp","href":"https:\/\/api.w.org\/{rel}","templated":true}]}}