{"id":1032,"date":"2025-08-18T09:08:35","date_gmt":"2025-08-18T09:08:35","guid":{"rendered":"https:\/\/sinobreaker.com\/?post_type=product&#038;p=1032"},"modified":"2025-08-18T09:09:17","modified_gmt":"2025-08-18T09:09:17","slug":"10x38mm-1a32a-1000vdc-20ka-pv-solar-fuses","status":"publish","type":"product","link":"https:\/\/sinobreaker.com\/de\/products\/10x38mm-1a32a-1000vdc-20ka-pv-solar-fuses\/","title":{"rendered":"10x38mm 1A~32A 1000VDC 20kA PV-Solar-Sicherungen"},"content":{"rendered":"<p>Die 10x38-mm-Photovoltaik (PV)-Sicherung ist eine \u00e4u\u00dferst zuverl\u00e4ssige Schutzl\u00f6sung, die f\u00fcr die anspruchsvollen Anforderungen von Solarstromsystemen entwickelt wurde. Diese Sicherung wurde f\u00fcr eine \u00fcberragende Gleichstromleistung entwickelt und eignet sich dank ihres robusten Designs, das starken Vibrationen und St\u00f6\u00dfen (bis zu 20 g) standh\u00e4lt, ideal f\u00fcr Anwendungen sowohl im Schienenverkehr als auch in allgemeinen Kraftfahrzeugen. Mit ihrer kompakten Gr\u00f6\u00dfe und der optimierten geringen Verlustleistung gew\u00e4hrleistet die Sicherung einen effizienten, sicheren Betrieb auch unter extremen Bedingungen.<\/p>\n<p>&nbsp;<\/p>\n<p><strong>Produktmerkmale:<\/strong><\/p>\n<ul>\n<li><strong>Strom- und Spannungswerte:<\/strong>\u00a01~32A, 1000V DC<\/li>\n<li><strong>Schaltleistung:<\/strong>\u00a020kA @ 1000V DC, f\u00fcr sicheren Schutz bei Hochstromanwendungen<\/li>\n<li><strong>Kompaktes Design:<\/strong>\u00a0Spart Platz in Installationen und bietet gleichzeitig einen leistungsstarken Schutz<\/li>\n<li><strong>Niedrige Lichtbogenspannung und Energiedurchlass (I\u00b2t):<\/strong>\u00a0Minimiert das Risiko von Sch\u00e4den an angeschlossenen Komponenten<\/li>\n<li><strong>Temperaturbereich:<\/strong>\u00a0Lagertemperaturen von -40\u00b0C bis 120\u00b0C, ohne Kondensation, gew\u00e4hrleisten eine lange Lebensdauer in unterschiedlichen Umgebungen<\/li>\n<li><strong>H\u00f6hentoleranz:<\/strong>\u00a0Ausgelegt f\u00fcr H\u00f6hen zwischen 2000m und 4500m, mit Anpassungen f\u00fcr Isolierung und W\u00e4rmeableitung in h\u00f6heren Lagen<\/li>\n<li><strong>Vibrations- und Schockbest\u00e4ndigkeit:<\/strong>\u00a0Getestet f\u00fcr zuverl\u00e4ssige Leistung in Umgebungen mit starken Vibrationen<\/li>\n<\/ul>\n<p><strong>Umweltaspekte:<\/strong><\/p>\n<ul>\n<li><strong>H\u00f6henanpassungen:<\/strong>\u00a0Entwickelt, um die Leistung bis zu einer H\u00f6he von 4500 m aufrechtzuerhalten; in diesen H\u00f6hen werden Temperaturanstieg und Isolationsanpassungen f\u00fcr eine verbesserte Zuverl\u00e4ssigkeit ber\u00fccksichtigt.<\/li>\n<li><strong>Widerstandsf\u00e4higkeit gegen Luftfeuchtigkeit:<\/strong>\u00a0Funktioniert effizient in Umgebungen mit einer relativen Luftfeuchtigkeit von bis zu 90% bei 20\u00b0C und vertr\u00e4gt Lagerbedingungen zwischen -40\u00b0C und 80\u00b0C.<\/li>\n<\/ul>\n<p>&nbsp;<\/p>","protected":false},"excerpt":{"rendered":"<ul>\n<li>1~32A 1000VDC<\/li>\n<li>Ausschaltverm\u00f6gen:20kA<\/li>\n<li>Kompakte Bauweise<\/li>\n<li>Geringe Verlustleistung<\/li>\n<li>Ausgezeichnete DC-Leistung<\/li>\n<\/ul>","protected":false},"featured_media":1034,"comment_status":"open","ping_status":"closed","template":"","meta":[],"product_brand":[],"product_cat":[26],"product_tag":[],"class_list":{"0":"post-1032","1":"product","2":"type-product","3":"status-publish","4":"has-post-thumbnail","6":"product_cat-dc-fuse","8":"first","9":"instock","10":"shipping-taxable","11":"product-type-simple"},"_links":{"self":[{"href":"https:\/\/sinobreaker.com\/de\/wp-json\/wp\/v2\/product\/1032","targetHints":{"allow":["GET"]}}],"collection":[{"href":"https:\/\/sinobreaker.com\/de\/wp-json\/wp\/v2\/product"}],"about":[{"href":"https:\/\/sinobreaker.com\/de\/wp-json\/wp\/v2\/types\/product"}],"replies":[{"embeddable":true,"href":"https:\/\/sinobreaker.com\/de\/wp-json\/wp\/v2\/comments?post=1032"}],"wp:featuredmedia":[{"embeddable":true,"href":"https:\/\/sinobreaker.com\/de\/wp-json\/wp\/v2\/media\/1034"}],"wp:attachment":[{"href":"https:\/\/sinobreaker.com\/de\/wp-json\/wp\/v2\/media?parent=1032"}],"wp:term":[{"taxonomy":"product_brand","embeddable":true,"href":"https:\/\/sinobreaker.com\/de\/wp-json\/wp\/v2\/product_brand?post=1032"},{"taxonomy":"product_cat","embeddable":true,"href":"https:\/\/sinobreaker.com\/de\/wp-json\/wp\/v2\/product_cat?post=1032"},{"taxonomy":"product_tag","embeddable":true,"href":"https:\/\/sinobreaker.com\/de\/wp-json\/wp\/v2\/product_tag?post=1032"}],"curies":[{"name":"wp","href":"https:\/\/api.w.org\/{rel}","templated":true}]}}