{"id":1035,"date":"2025-08-18T09:13:44","date_gmt":"2025-08-18T09:13:44","guid":{"rendered":"https:\/\/sinobreaker.com\/?post_type=product&#038;p=1035"},"modified":"2025-08-18T09:16:33","modified_gmt":"2025-08-18T09:16:33","slug":"cfpv-32-1000v-32a-10x38mm-1p-pv-sicherungshalter-ohne-licht","status":"publish","type":"product","link":"https:\/\/sinobreaker.com\/de\/products\/cfpv-32-1000v-32a-10x38mm-1p-pv-fuse-holder-without-light\/","title":{"rendered":"CFPV-32 1000V 32A 10x38mm 1P PV-Sicherungshalter ohne Licht"},"content":{"rendered":"<div class=\"benefits\">\n<p>CFPV-Serie Solar PV Panel String Sicherung &amp; Halter DC Schutz 12A,15A, 20A ,32A mit LED-Anzeige f\u00fcr die schnelle Diagnose, wenn ein Array von Panels nicht funktioniert.<\/p>\n<p>Ein Paar PV-Solarsicherungen sch\u00fctzt Ihre wertvollen Solarmodule vor Kurzschl\u00fcssen. Bemessen auf 12A, 15A oder 20A 32A und geeignet f\u00fcr Photovoltaikanlagen mit einer maximalen Spannung von 1000V. Sie kann f\u00fcr ein einzelnes Paneel oder einen gro\u00dfen Strang von 20 Paneelen in Serie verwendet werden. Die LED-Anzeige leuchtet auf, wenn die Sicherung ausf\u00e4llt und das Solarmodul nicht funktioniert.<\/p>\n<p>Der Sicherungshalter wurde unter Einhaltung der Norm IEC60947-3 entwickelt und hergestellt.<\/p>\n<p>Der Nennstrom betr\u00e4gt bis zu 32A, die Nennspannung ist bis zu 1000V DC.<\/p>\n<p>Er wird f\u00fcr PV-DC-Kombinatorboxen, Wechselrichter usw. eingesetzt und hat die Hauptfunktion des \u00dcberstromschutzes und der effektiven Abschaltung.<\/p>\n<p>Anwendungen: netzunabh\u00e4ngige, netzgekoppelte, hybride Systeme und Solarparks.<\/p>\n<\/div>\n<div class=\"benefits\">\n<p><strong>Produktvorteile<\/strong><\/p>\n<\/div>\n<ul>\n<li>Din35 Schieneninstallation, einfach zu installieren<\/li>\n<li>Einstellbare Klemmleiste, Verdrahtung fest<\/li>\n<li>Feuerhemmende H\u00fclle, hohe Temperaturbest\u00e4ndigkeit<\/li>\n<li>Flexibler Einbau, leicht zu ersetzen<\/li>\n<\/ul>","protected":false},"excerpt":{"rendered":"<ul>\n<li>Din35 Schieneninstallation, einfach zu installieren<\/li>\n<li>Einstellbare Klemmleiste, Verdrahtung fest<\/li>\n<li>Flexibler Einbau, leicht zu ersetzen<\/li>\n<li>1000V 32A<\/li>\n<li>1P 10*38mm Schmelzeinsatz<\/li>\n<li>Fingersicheres Ber\u00fchren<\/li>\n<li><\/li>\n<\/ul>","protected":false},"featured_media":1036,"comment_status":"open","ping_status":"closed","template":"","meta":[],"product_brand":[],"product_cat":[26],"product_tag":[],"class_list":{"0":"post-1035","1":"product","2":"type-product","3":"status-publish","4":"has-post-thumbnail","6":"product_cat-dc-fuse","8":"first","9":"instock","10":"shipping-taxable","11":"product-type-simple"},"_links":{"self":[{"href":"https:\/\/sinobreaker.com\/de\/wp-json\/wp\/v2\/product\/1035","targetHints":{"allow":["GET"]}}],"collection":[{"href":"https:\/\/sinobreaker.com\/de\/wp-json\/wp\/v2\/product"}],"about":[{"href":"https:\/\/sinobreaker.com\/de\/wp-json\/wp\/v2\/types\/product"}],"replies":[{"embeddable":true,"href":"https:\/\/sinobreaker.com\/de\/wp-json\/wp\/v2\/comments?post=1035"}],"wp:featuredmedia":[{"embeddable":true,"href":"https:\/\/sinobreaker.com\/de\/wp-json\/wp\/v2\/media\/1036"}],"wp:attachment":[{"href":"https:\/\/sinobreaker.com\/de\/wp-json\/wp\/v2\/media?parent=1035"}],"wp:term":[{"taxonomy":"product_brand","embeddable":true,"href":"https:\/\/sinobreaker.com\/de\/wp-json\/wp\/v2\/product_brand?post=1035"},{"taxonomy":"product_cat","embeddable":true,"href":"https:\/\/sinobreaker.com\/de\/wp-json\/wp\/v2\/product_cat?post=1035"},{"taxonomy":"product_tag","embeddable":true,"href":"https:\/\/sinobreaker.com\/de\/wp-json\/wp\/v2\/product_tag?post=1035"}],"curies":[{"name":"wp","href":"https:\/\/api.w.org\/{rel}","templated":true}]}}