{"id":1037,"date":"2025-08-18T09:13:58","date_gmt":"2025-08-18T09:13:58","guid":{"rendered":"https:\/\/sinobreaker.com\/?post_type=product&#038;p=1037"},"modified":"2026-02-05T04:57:22","modified_gmt":"2026-02-05T04:57:22","slug":"cfpv-32i-1000v-32a-10x38mm-1p-pv-sicherungshalter-mit-licht","status":"publish","type":"product","link":"https:\/\/sinobreaker.com\/de\/products\/cfpv-32i-1000v-32a-10x38mm-1p-pv-fuse-holder-with-light\/","title":{"rendered":"CFPV-32I 1000V 32A 10x38mm 1P PV-Sicherungshalter mit Licht"},"content":{"rendered":"<p class=\"ds-markdown-paragraph\">Die\u00a0<strong>1000V DC Solar PV-Sicherungshalter (10x38mm, 1-polig mit Licht)<\/strong>\u00a0ist eine\u00a0<strong>TUV-zertifiziert<\/strong>\u00a0Schutzeinrichtung f\u00fcr\u00a0<strong>DC-Koppelk\u00e4sten<\/strong>\u00a0in PV-Solaranlagen. Sie gew\u00e4hrleistet\u00a0<strong>sofortige Ausl\u00f6sung<\/strong>\u00a0bei \u00dcberlast oder Kurzschluss, zum Schutz von PV-Panels, Wechselrichtern und anderen Gleichstromkreiskomponenten. Kompatibel mit austauschbaren\u00a0<strong>10x38mm-Sicherungen<\/strong>\u00a0(6A-32A), es unterst\u00fctzt\u00a0<strong>Montage auf DIN-Schiene<\/strong>\u00a0und trifft\u00a0<strong>IEC 60269-1\/6<\/strong>\u00a0Normen f\u00fcr photovoltaische Anwendungen.<\/p>\n<hr \/>\n<h3><strong>Wesentliche Merkmale:<\/strong><\/h3>\n<p class=\"ds-markdown-paragraph\">\u00a0<strong>1000V DC Nennspannung<\/strong>\u00a0- Ideal f\u00fcr Hochspannungs-PV-Anlagen.<br \/>\n<strong>20kA Ausschaltverm\u00f6gen<\/strong>\u00a0- Gew\u00e4hrleistet eine zuverl\u00e4ssige St\u00f6rungsunterbrechung.<br \/>\n<strong>Breiter Sicherungsbereich<\/strong>\u00a0- Unterst\u00fctzt 6A bis 30A (10x38mm austauschbare Sicherungen).<br \/>\n<strong>DIN-Schienen-Montage<\/strong>\u00a0- Einfacher Einbau in Verteilerk\u00e4sten.<br \/>\n<strong>TUV-zertifiziert<\/strong>\u00a0- Konform mit\u00a0<strong>IEC 60269-6 (gPV)<\/strong>\u00a0f\u00fcr Solaranwendungen.<br \/>\n<strong>Visueller Indikator<\/strong>\u00a0- Die Leuchte signalisiert den Sicherungsstatus f\u00fcr eine schnelle Diagnose.<br \/>\n<strong>Robuste Konstruktion<\/strong>\u00a0- Arbeitet in\u00a0<strong>-40\u00b0C bis +90\u00b0C<\/strong>\u00a0und bis zu\u00a0<strong>2000m H\u00f6he<\/strong>.<\/p>\n<hr \/>\n<h3><strong>Anwendungen:<\/strong><\/h3>\n<ul>\n<li>\n<p class=\"ds-markdown-paragraph\">\u00dcberstromschutz f\u00fcr\u00a0<strong>PV-Strings und -Arrays<\/strong>.<\/p>\n<\/li>\n<li>\n<p class=\"ds-markdown-paragraph\">Kurzschlussschutz in\u00a0<strong>Wechselrichter, Laderegler und Batteriesysteme<\/strong>.<\/p>\n<\/li>\n<li>\n<p class=\"ds-markdown-paragraph\">Kompatibel mit\u00a0<strong>1500V PV-Anlagen<\/strong>\u00a0(anpassbare Optionen verf\u00fcgbar).<\/p>\n<\/li>\n<\/ul>","protected":false},"excerpt":{"rendered":"<ul>\n<li>Nennspannung: DC 1000V<\/li>\n<li>Nennstrom: 32A<\/li>\n<li>Gr\u00f6\u00dfe der Inline-Sicherung: 10x38mm (Kann ersetzt werden.)<\/li>\n<li>Amperebereich der Sicherung: 6A,8A,10A,12A,15A,20A,25A,30A,32A<\/li>\n<li>Bemessungsschaltverm\u00f6gen: 20kA<\/li>\n<li>Montagehalterung: DIN-Schiene 35mm<\/li>\n<li>mit Licht<\/li>\n<\/ul>","protected":false},"featured_media":1038,"comment_status":"open","ping_status":"closed","template":"","meta":[],"product_brand":[],"product_cat":[26],"product_tag":[],"class_list":{"0":"post-1037","1":"product","2":"type-product","3":"status-publish","4":"has-post-thumbnail","6":"product_cat-dc-fuse","8":"first","9":"instock","10":"shipping-taxable","11":"product-type-simple"},"_links":{"self":[{"href":"https:\/\/sinobreaker.com\/de\/wp-json\/wp\/v2\/product\/1037","targetHints":{"allow":["GET"]}}],"collection":[{"href":"https:\/\/sinobreaker.com\/de\/wp-json\/wp\/v2\/product"}],"about":[{"href":"https:\/\/sinobreaker.com\/de\/wp-json\/wp\/v2\/types\/product"}],"replies":[{"embeddable":true,"href":"https:\/\/sinobreaker.com\/de\/wp-json\/wp\/v2\/comments?post=1037"}],"wp:featuredmedia":[{"embeddable":true,"href":"https:\/\/sinobreaker.com\/de\/wp-json\/wp\/v2\/media\/1038"}],"wp:attachment":[{"href":"https:\/\/sinobreaker.com\/de\/wp-json\/wp\/v2\/media?parent=1037"}],"wp:term":[{"taxonomy":"product_brand","embeddable":true,"href":"https:\/\/sinobreaker.com\/de\/wp-json\/wp\/v2\/product_brand?post=1037"},{"taxonomy":"product_cat","embeddable":true,"href":"https:\/\/sinobreaker.com\/de\/wp-json\/wp\/v2\/product_cat?post=1037"},{"taxonomy":"product_tag","embeddable":true,"href":"https:\/\/sinobreaker.com\/de\/wp-json\/wp\/v2\/product_tag?post=1037"}],"curies":[{"name":"wp","href":"https:\/\/api.w.org\/{rel}","templated":true}]}}