{"id":1043,"date":"2025-08-18T09:31:26","date_gmt":"2025-08-18T09:31:26","guid":{"rendered":"https:\/\/sinobreaker.com\/?post_type=product&#038;p=1043"},"modified":"2025-08-18T09:59:53","modified_gmt":"2025-08-18T09:59:53","slug":"cfpv-h1-16-125a-1000v-dc-sicherung-%e5%a4%8d%e5%88%b6","status":"publish","type":"product","link":"https:\/\/sinobreaker.com\/de\/products\/cfpv-h1-16-125a-1000v-dc-fuse-%e5%a4%8d%e5%88%b6\/","title":{"rendered":"CFPV-H2 160-250A 1000V DC-Sicherung"},"content":{"rendered":"<p class=\"ds-markdown-paragraph\">SYNODE\u00a0 <strong>1500V DC-Photovoltaik-Sicherung<\/strong>\u00a0ist besonders geeignet f\u00fcr\u00a0<strong>Systeme zur solaren Stromerzeugung<\/strong>und bietet zuverl\u00e4ssige\u00a0<strong>Kurzschlussschutz<\/strong>\u00a0f\u00fcr PV-Paneele, Batterieb\u00e4nke und Ladesysteme mit variablem Durchfluss. Mit einer\u00a0<strong>hohes Ausschaltverm\u00f6gen von 50kA<\/strong>\u00a0und die Einhaltung von\u00a0<strong>IEC 60269-6 &amp; GB\/T 13539.6<\/strong>sorgt diese Sicherung f\u00fcr Sicherheit und Stabilit\u00e4t bei Photovoltaik-Anwendungen.<\/p>\n<h3><strong>Wesentliche Merkmale<\/strong><\/h3>\n<p class=\"ds-markdown-paragraph\"><img decoding=\"async\" class=\"emoji\" role=\"img\" draggable=\"false\" src=\"https:\/\/s.w.org\/images\/core\/emoji\/16.0.1\/svg\/2714.svg\" alt=\"\u2714\" \/>\u00a0<strong>Breiter Spannungs- und Strombereich<\/strong>\u00a0- Bemessen bis zu\u00a0<strong>1500V DC<\/strong>\u00a0und\u00a0<strong>630A<\/strong>ideal f\u00fcr Solaranlagen mit hoher Leistung.<br \/>\n<img decoding=\"async\" class=\"emoji\" role=\"img\" draggable=\"false\" src=\"https:\/\/s.w.org\/images\/core\/emoji\/16.0.1\/svg\/2714.svg\" alt=\"\u2714\" \/>\u00a0<strong>Ultra-hohe Bruchlast<\/strong> - Gew\u00e4hrleistet eine sichere Unterbrechung von 5<strong>0kA Kurzschlussstr\u00f6me<\/strong>zum Schutz kritischer Ger\u00e4te.<br \/>\n<img decoding=\"async\" class=\"emoji\" role=\"img\" draggable=\"false\" src=\"https:\/\/s.w.org\/images\/core\/emoji\/16.0.1\/svg\/2714.svg\" alt=\"\u2714\" \/>\u00a0<strong>Robuste Anpassungsf\u00e4higkeit an die Umwelt<\/strong>\u00a0- Funktioniert bei extremen Temperaturen von\u00a0<strong>-40\u00b0C bis +90\u00b0C<\/strong>geeignet f\u00fcr raue Au\u00dfenbedingungen.<br \/>\n<img decoding=\"async\" class=\"emoji\" role=\"img\" draggable=\"false\" src=\"https:\/\/s.w.org\/images\/core\/emoji\/16.0.1\/svg\/2714.svg\" alt=\"\u2714\" \/>\u00a0<strong>Kompatibilit\u00e4t in gro\u00dfer H\u00f6he<\/strong>\u00a0- Standardeinsatz bis zu\u00a0<strong>2000m<\/strong>\u00a0(f\u00fcr h\u00f6here Lagen auf Anfrage anpassbar).<br \/>\n<img decoding=\"async\" class=\"emoji\" role=\"img\" draggable=\"false\" src=\"https:\/\/s.w.org\/images\/core\/emoji\/16.0.1\/svg\/2714.svg\" alt=\"\u2714\" \/>\u00a0<strong>Zuverl\u00e4ssige Einhaltung<\/strong>\u00a0- Entspricht den internationalen Normen (<strong>IEC &amp; GB\/T<\/strong>) zur Gew\u00e4hrleistung von Qualit\u00e4t und Sicherheit.<\/p>\n<h3><strong>Anwendungen<\/strong><\/h3>\n<ul>\n<li>\n<p class=\"ds-markdown-paragraph\"><strong>PV-Solaranlagen und Batteriespeichersysteme<\/strong><\/p>\n<\/li>\n<li>\n<p class=\"ds-markdown-paragraph\"><strong>Photovoltaische Kraftwerke und Wechselrichter<\/strong><\/p>\n<\/li>\n<li>\n<p class=\"ds-markdown-paragraph\"><strong>DC-Kombik\u00e4sten und Laderegler<\/strong><\/p>\n<\/li>\n<li>\n<p class=\"ds-markdown-paragraph\"><strong>Infrastruktur f\u00fcr erneuerbare Energien<\/strong><\/p>\n<\/li>\n<\/ul>","protected":false},"excerpt":{"rendered":"<ul>\n<li>Nennspannung: 1500V DC<\/li>\n<li><strong data-start=\"575\" data-end=\"594\">Aktuelle Bewertungen<\/strong>: 160-250A<\/li>\n<li>H\u00f6henlage: Bis zu 2000m<\/li>\n<li>Betriebsklasse: gPV<\/li>\n<li>Zeitkonstante: 1-3ms<\/li>\n<li>Schaltleistung :50KA<\/li>\n<\/ul>","protected":false},"featured_media":1046,"comment_status":"open","ping_status":"closed","template":"","meta":[],"product_brand":[],"product_cat":[26],"product_tag":[],"class_list":{"0":"post-1043","1":"product","2":"type-product","3":"status-publish","4":"has-post-thumbnail","6":"product_cat-dc-fuse","8":"first","9":"instock","10":"shipping-taxable","11":"product-type-simple"},"_links":{"self":[{"href":"https:\/\/sinobreaker.com\/de\/wp-json\/wp\/v2\/product\/1043","targetHints":{"allow":["GET"]}}],"collection":[{"href":"https:\/\/sinobreaker.com\/de\/wp-json\/wp\/v2\/product"}],"about":[{"href":"https:\/\/sinobreaker.com\/de\/wp-json\/wp\/v2\/types\/product"}],"replies":[{"embeddable":true,"href":"https:\/\/sinobreaker.com\/de\/wp-json\/wp\/v2\/comments?post=1043"}],"wp:featuredmedia":[{"embeddable":true,"href":"https:\/\/sinobreaker.com\/de\/wp-json\/wp\/v2\/media\/1046"}],"wp:attachment":[{"href":"https:\/\/sinobreaker.com\/de\/wp-json\/wp\/v2\/media?parent=1043"}],"wp:term":[{"taxonomy":"product_brand","embeddable":true,"href":"https:\/\/sinobreaker.com\/de\/wp-json\/wp\/v2\/product_brand?post=1043"},{"taxonomy":"product_cat","embeddable":true,"href":"https:\/\/sinobreaker.com\/de\/wp-json\/wp\/v2\/product_cat?post=1043"},{"taxonomy":"product_tag","embeddable":true,"href":"https:\/\/sinobreaker.com\/de\/wp-json\/wp\/v2\/product_tag?post=1043"}],"curies":[{"name":"wp","href":"https:\/\/api.w.org\/{rel}","templated":true}]}}