{"id":1051,"date":"2025-08-18T09:53:35","date_gmt":"2025-08-18T09:53:35","guid":{"rendered":"https:\/\/sinobreaker.com\/?post_type=product&#038;p=1051"},"modified":"2025-08-18T09:59:15","modified_gmt":"2025-08-18T09:59:15","slug":"cfpv-h00b-16a-500a-1000v-dc-sicherungshalter","status":"publish","type":"product","link":"https:\/\/sinobreaker.com\/de\/products\/cfpv-h00b-16a-500a-1000v-dc-fuse-holder\/","title":{"rendered":"CFPV-H00B 16A-500A 1000V DC-Sicherungshalter"},"content":{"rendered":"<p>Produkt Anwendung<br \/>\nDiese Serie von Sicherungen ist geeignet f\u00fcr Solar-Photovoltaik-Stromerzeugungssystem, Nennspannung bis zu 1000V, maximaler Strom bis 630A, verbunden mit Photovoltaik-Panels und Batterien, zum Laden von variablen Fluss-System f\u00fcr Kurzschluss-Schutz inPhotovoltaik-Station und Photovoltaik-Stromerzeugungssystem.die Nennschaltleistung betr\u00e4gt 50KA, Produkte best\u00e4tigt lEC 60269-6 GB\/T13539.6<\/p>\n<p>Produktvorteile<br \/>\nUmgebungstemperatur:-40C- + 90C<br \/>\nAusr\u00fcstung Installationsh\u00f6he: weniger als 2000m (wenn Sie use exceedng thisheight w\u00fcnschen, pls informieren uns im voraus, wir k\u00f6nnen entsprechend Ihren Anforderungen entwerfen).<\/p>\n<p>Elektrische Eigenschaften<\/p>","protected":false},"excerpt":{"rendered":"<ul>\n<li>Umgebungstemperatur:-40C- + 90C<\/li>\n<li>Ausr\u00fcstung Installationsh\u00f6he: weniger als 2000m (wenn Sie use exceedng thisheight w\u00fcnschen, pls informieren uns im voraus, wir k\u00f6nnen entsprechend Ihren Anforderungen entwerfen).<\/li>\n<li>h00B f\u00fcr CFPV-H00 16-125A 1000V DC-Sicherung<\/li>\n<li>H1B f\u00fcr CFPV-H1 32-200A 1000V DC<\/li>\n<li>H2b f\u00fcr CFPV-H2 160-250A 1000V DC-Sicherung<\/li>\n<li>H3b f\u00fcr CFPV-h3 250-500A 1000V DC-Sicherung<\/li>\n<\/ul>","protected":false},"featured_media":1052,"comment_status":"open","ping_status":"closed","template":"","meta":[],"product_brand":[],"product_cat":[26],"product_tag":[],"class_list":{"0":"post-1051","1":"product","2":"type-product","3":"status-publish","4":"has-post-thumbnail","6":"product_cat-dc-fuse","8":"first","9":"instock","10":"shipping-taxable","11":"product-type-simple"},"_links":{"self":[{"href":"https:\/\/sinobreaker.com\/de\/wp-json\/wp\/v2\/product\/1051","targetHints":{"allow":["GET"]}}],"collection":[{"href":"https:\/\/sinobreaker.com\/de\/wp-json\/wp\/v2\/product"}],"about":[{"href":"https:\/\/sinobreaker.com\/de\/wp-json\/wp\/v2\/types\/product"}],"replies":[{"embeddable":true,"href":"https:\/\/sinobreaker.com\/de\/wp-json\/wp\/v2\/comments?post=1051"}],"wp:featuredmedia":[{"embeddable":true,"href":"https:\/\/sinobreaker.com\/de\/wp-json\/wp\/v2\/media\/1052"}],"wp:attachment":[{"href":"https:\/\/sinobreaker.com\/de\/wp-json\/wp\/v2\/media?parent=1051"}],"wp:term":[{"taxonomy":"product_brand","embeddable":true,"href":"https:\/\/sinobreaker.com\/de\/wp-json\/wp\/v2\/product_brand?post=1051"},{"taxonomy":"product_cat","embeddable":true,"href":"https:\/\/sinobreaker.com\/de\/wp-json\/wp\/v2\/product_cat?post=1051"},{"taxonomy":"product_tag","embeddable":true,"href":"https:\/\/sinobreaker.com\/de\/wp-json\/wp\/v2\/product_tag?post=1051"}],"curies":[{"name":"wp","href":"https:\/\/api.w.org\/{rel}","templated":true}]}}