{"id":1311,"date":"2025-08-21T07:48:42","date_gmt":"2025-08-21T07:48:42","guid":{"rendered":"https:\/\/sinobreaker.com\/?post_type=product&#038;p=1311"},"modified":"2025-08-21T07:58:03","modified_gmt":"2025-08-21T07:58:03","slug":"ausen-dc-trennschalter-1000v-32a","status":"publish","type":"product","link":"https:\/\/sinobreaker.com\/de\/products\/outdoor-dc-isolator-1000v-32a\/","title":{"rendered":"DS1-32EL PV-Lasttrennschalter | Au\u00dfen-DC-Trenner 1000V 32A (IP66)"},"content":{"rendered":"<p data-start=\"1612\" data-end=\"1943\">Die <strong data-start=\"1616\" data-end=\"1648\">DS1-32EL DC-Freiluft-Trennschalter<\/strong> ist eine leistungsstarke <strong data-start=\"1671\" data-end=\"1708\">wasserdichter DC-Lasttrennschalter<\/strong> f\u00fcr PV-Solaranlagen bis zu <strong data-start=\"1736\" data-end=\"1749\">1000V\/32A<\/strong>. Es wurde f\u00fcr Aufdach-, Freifl\u00e4chen- und netzunabh\u00e4ngige Solaranwendungen entwickelt und sorgt f\u00fcr eine zuverl\u00e4ssige Trennung zwischen Solarmodulen und Wechselrichtern w\u00e4hrend der Installation, Inspektion und Wartung.<\/p>\n<p data-start=\"1945\" data-end=\"2203\">Gebaut mit einer <strong data-start=\"1959\" data-end=\"1977\">IP66-Geh\u00e4use<\/strong>ist der Schalter <strong data-start=\"1993\" data-end=\"2062\">wasserdicht, staubdicht, UV-best\u00e4ndig und flammhemmend nach UL94 V-0<\/strong>Dadurch ist es f\u00fcr raue Au\u00dfenbedingungen geeignet. Die <strong data-start=\"2117\" data-end=\"2143\">abschlie\u00dfbarer Drehgriff<\/strong> verhindert eine unbeabsichtigte Bet\u00e4tigung und gew\u00e4hrleistet maximale Sicherheit.<\/p>\n<p data-start=\"2205\" data-end=\"2515\">Verf\u00fcgbar in <strong data-start=\"2218\" data-end=\"2231\">2P und 4P<\/strong> Konfigurationen erf\u00fcllt das DS1-32EL die Anforderungen <strong data-start=\"2275\" data-end=\"2293\">IEC\/EN 60947-3<\/strong> Standards und Unterst\u00fctzungen <strong data-start=\"2317\" data-end=\"2336\">DC-PV1 \/ DC-PV2<\/strong> Nutzungskategorien. Es l\u00e4sst sich nahtlos integrieren in <strong data-start=\"2391\" data-end=\"2434\"><a class=\"decorated-link cursor-pointer\" rel=\"noopener\" data-start=\"2393\" data-end=\"2432\">DC-\u00dcberspannungsschutzger\u00e4te<\/a><\/strong> und <strong data-start=\"2439\" data-end=\"2471\"><a class=\"decorated-link cursor-pointer\" rel=\"noopener\" data-start=\"2441\" data-end=\"2469\">DC-Sicherungshalter<\/a><\/strong> um einen vollst\u00e4ndigen Schutz der PV-Anlage zu gew\u00e4hrleisten.<\/p>\n<section id=\"faq-ds1-32el\" class=\"faq\">\n<h3>DS1-32EL PV-Lasttrennschalter (IP66) - FAQ<\/h3>\n<details>\n<summary>Q1. Warum ist das DS1-32EL f\u00fcr PV-Anlagen im Freien geeignet?<\/summary>\n<div>Das Ger\u00e4t verf\u00fcgt \u00fcber eine <strong>IP66 wasserdicht\/staubdicht<\/strong> Geh\u00e4use, <strong>UV-best\u00e4ndig<\/strong> Geh\u00e4use und <strong>UL94 V-0<\/strong> Schwerentflammbarkeit - ideal f\u00fcr D\u00e4cher und Freifl\u00e4chenanlagen.<\/div>\n<\/details>\n<details>\n<summary>Q2. Wie lauten die Bewertungen und Kategorien?<\/summary>\n<div>Bemessen bis zu <strong>1000 V DC<\/strong> und <strong>32 A<\/strong>, Nutzungskategorie <strong>DC-PV1 \/ DC-PV2<\/strong>Mechanische Lebensdauer ~15.000 Eins\u00e4tze, elektrische Lebensdauer ~300 Eins\u00e4tze; konform mit<br \/>\n<a href=\"https:\/\/www.iec.ch\/\" target=\"_blank\" rel=\"noopener\">IEC\/EN 60947-3<\/a>.<\/div>\n<\/details>\n<details>\n<summary>Q3. Unterst\u00fctzt DS1-32EL 2P und 4P?<\/summary>\n<div>Ja. Es ist erh\u00e4ltlich in <strong>2P<\/strong> und <strong>4P<\/strong> Versionen, um unterschiedlichen Anforderungen an Zeichenketten und Isolierung gerecht zu werden.<\/div>\n<\/details>\n<details>\n<summary>Q4. Kann der Griff zu Wartungszwecken gesperrt werden?<\/summary>\n<div>Ja. Die <strong>abschlie\u00dfbarer Drehgriff<\/strong> kann mit einem Vorh\u00e4ngeschloss gesichert werden, um eine unbeabsichtigte Bet\u00e4tigung zu verhindern.<\/div>\n<\/details>\n<details>\n<summary>Q5. Wie l\u00e4sst es sich mit anderen PV-Schutzvorrichtungen integrieren?<\/summary>\n<div>Installieren Sie den Trennschalter vor dem Wechselrichter und koordinieren Sie ihn mit <a href=\"\/de\/gleichstromschnittstelle\/\">DC SPDs<\/a> und<br \/>\n<a href=\"\/de\/gleichstromsicherung\/\">DC-Sicherungshalter<\/a> um eine vollst\u00e4ndige DC-Schutzkette zu bilden.<\/div>\n<\/details>\n<details>\n<summary>Q6. Hinweise zum Einbau und zur Verkabelung?<\/summary>\n<div>Vertikale oder horizontale Montage gem\u00e4\u00df Schaltplan. Achten Sie auf korrekte Polarit\u00e4t und geeignete Kabelverschraubungen f\u00fcr IP66-Integrit\u00e4t.<\/div>\n<\/details>\n<details>\n<summary>Q7. Welchem Temperaturbereich h\u00e4lt das Geh\u00e4use stand?<\/summary>\n<div>Entwickelt f\u00fcr raue Bedingungen, typischerweise ab etwa <strong>-40 \u00b0C bis +85 \u00b0C<\/strong>. Die genauen Grenzwerte entnehmen Sie bitte dem aktuellen Datenblatt.<\/div>\n<\/details>\n<details>\n<summary>Q8. Was ist der Unterschied zu DS1-32?<\/summary>\n<div>DS1-32EL enth\u00e4lt eine <strong>wasserdichtes IP66-Geh\u00e4use<\/strong> f\u00fcr den Au\u00dfeneinsatz; der DS1-32 ist <strong>IP20<\/strong> f\u00fcr die Installation in Innenr\u00e4umen.<\/div>\n<\/details>\n<details>\n<summary>Q9. Gibt es Empfehlungen f\u00fcr die Wartung?<\/summary>\n<div>\u00dcberpr\u00fcfen Sie regelm\u00e4\u00dfig Kabelverschraubungen, Dichtungen und Klemmen; \u00fcberpr\u00fcfen Sie die Anzugsmomente und stellen Sie sicher, dass das Geh\u00e4use nach der Wartung weiterhin IP-dicht ist.<\/div>\n<\/details>\n<details>\n<summary>Q10. Wie erhalte ich Preise und technische Unterst\u00fctzung?<\/summary>\n<div>Erreichen Sie uns \u00fcber <a href=\"\/de\/kontaktieren-sie-uns\/\">\/Kontakt-uns<\/a> f\u00fcr Angebote, Datenbl\u00e4tter und OEM-Anpassungen.<\/div>\n<\/details>\n<\/section>","protected":false},"excerpt":{"rendered":"<p data-start=\"220\" data-end=\"456\">(1) DC-Freilufttrennschalter mit wasserdichtem IP66-Geh\u00e4use, 1000V\/32A.<br data-start=\"1437\" data-end=\"1440\" \/>(2) Zuverl\u00e4ssiger PV-Lasttrennschalter mit UV-best\u00e4ndigem und schwer entflammbarem Geh\u00e4use.<br data-start=\"1524\" data-end=\"1527\" \/>(3) Erh\u00e4ltlich in 2P\/4P, abschlie\u00dfbarer Griff f\u00fcr mehr Sicherheit.<\/p>","protected":false},"featured_media":1312,"comment_status":"open","ping_status":"closed","template":"","meta":[],"product_brand":[],"product_cat":[28],"product_tag":[],"class_list":{"0":"post-1311","1":"product","2":"type-product","3":"status-publish","4":"has-post-thumbnail","6":"product_cat-dc-switch-disconnector","8":"first","9":"instock","10":"shipping-taxable","11":"product-type-simple"},"_links":{"self":[{"href":"https:\/\/sinobreaker.com\/de\/wp-json\/wp\/v2\/product\/1311","targetHints":{"allow":["GET"]}}],"collection":[{"href":"https:\/\/sinobreaker.com\/de\/wp-json\/wp\/v2\/product"}],"about":[{"href":"https:\/\/sinobreaker.com\/de\/wp-json\/wp\/v2\/types\/product"}],"replies":[{"embeddable":true,"href":"https:\/\/sinobreaker.com\/de\/wp-json\/wp\/v2\/comments?post=1311"}],"wp:featuredmedia":[{"embeddable":true,"href":"https:\/\/sinobreaker.com\/de\/wp-json\/wp\/v2\/media\/1312"}],"wp:attachment":[{"href":"https:\/\/sinobreaker.com\/de\/wp-json\/wp\/v2\/media?parent=1311"}],"wp:term":[{"taxonomy":"product_brand","embeddable":true,"href":"https:\/\/sinobreaker.com\/de\/wp-json\/wp\/v2\/product_brand?post=1311"},{"taxonomy":"product_cat","embeddable":true,"href":"https:\/\/sinobreaker.com\/de\/wp-json\/wp\/v2\/product_cat?post=1311"},{"taxonomy":"product_tag","embeddable":true,"href":"https:\/\/sinobreaker.com\/de\/wp-json\/wp\/v2\/product_tag?post=1311"}],"curies":[{"name":"wp","href":"https:\/\/api.w.org\/{rel}","templated":true}]}}