{"id":1367,"date":"2025-08-23T03:47:09","date_gmt":"2025-08-23T03:47:09","guid":{"rendered":"https:\/\/sinobreaker.com\/?post_type=product&#038;p=1367"},"modified":"2025-08-23T04:31:38","modified_gmt":"2025-08-23T04:31:38","slug":"bei-4-wasserdichten-verteilerkasten","status":"publish","type":"product","link":"https:\/\/sinobreaker.com\/de\/products\/at-4-waterproof-distribution-box\/","title":{"rendered":"AT-4 Wasserdichter Verteilerkasten"},"content":{"rendered":"<h2>\u00dcbersicht<\/h2>\n<p>Die <strong>Wasserdichter Verteilerkasten AT-4<\/strong> bietet <strong>4 Kreisl\u00e4ufe<\/strong> in einem kompakten einreihigen Geh\u00e4use.<br \/>\nSeine <strong>untere \u00d6ffnung<\/strong> Struktur vereinfacht die Installation und Wartung, w\u00e4hrend die <strong>IP65<\/strong> Versiegelung gew\u00e4hrleistet<br \/>\nzuverl\u00e4ssigen Betrieb in rauen Innen- und Au\u00dfenumgebungen. Das Geh\u00e4use verwendet <strong>PC\/ABS<\/strong> neues Material mit<br \/>\nverst\u00e4rkte Schnallenstruktur, reservierte Position f\u00fcr Diebstahlsicherung, Stromkreisabschirmung und hochwertige Kupferklemmen<br \/>\nMontage (960 \u00b0C Hei\u00dfdrahtpr\u00fcfung).<br \/>\nEinen \u00dcberblick \u00fcber die gesamte Serie finden Sie in der<br \/>\n<a href=\"\/de\/produkte\/wasserdichter-verteilerkasten\/\">AT-Serie (\u00d6ffnung von unten)<\/a>.<\/p>\n<h2 id=\"specification\">AT-4 Wasserdichter Verteilerkasten Spezifikation<\/h2>\n<table>\n<thead>\n<tr>\n<th>Parameter<\/th>\n<th>Wert<\/th>\n<\/tr>\n<\/thead>\n<tbody>\n<tr>\n<td>Modell<\/td>\n<td>AT-4<\/td>\n<\/tr>\n<tr>\n<td>Anzahl der Stromkreise<\/td>\n<td>4 Wege (einreihig)<\/td>\n<\/tr>\n<tr>\n<td>Gesamtabmessungen (L\u00d7B\u00d7H)<\/td>\n<td>128 \u00d7 200 \u00d7 100 mm<\/td>\n<\/tr>\n<tr>\n<td>Null \/ Grundreihe L\u00f6cher<\/td>\n<td>3 \/ 3<\/td>\n<\/tr>\n<tr>\n<td>Schutzart<\/td>\n<td>IP65 - siehe <a href=\"https:\/\/en.wikipedia.org\/wiki\/IP_Code\" target=\"_blank\" rel=\"noopener\">IP-Code<\/a><br \/>\nund <a href=\"https:\/\/www.iec.ch\/standards\" target=\"_blank\" rel=\"noopener\">IEC 60529<\/a><\/td>\n<\/tr>\n<tr>\n<td>Material<\/td>\n<td>PC\/ABS<\/td>\n<\/tr>\n<tr>\n<td>\u00c4u\u00dfere Gr\u00f6\u00dfe des Kartons (L\u00d7B\u00d7H)<\/td>\n<td>545 \u00d7 425 \u00d7 555 mm<\/td>\n<\/tr>\n<tr>\n<td>Bruttogewicht (ganzer Karton)<\/td>\n<td>21,5 kg<\/td>\n<\/tr>\n<tr>\n<td>Packungsgr\u00f6\u00dfe<\/td>\n<td>40 St\u00fcck<\/td>\n<\/tr>\n<tr>\n<td>Art der \u00d6ffnung<\/td>\n<td>Untere \u00d6ffnung<\/td>\n<\/tr>\n<tr>\n<td>Normen (Schale\/Rahmen)<\/td>\n<td>GB\/T 17466.1; GB\/T 17466.24<\/td>\n<\/tr>\n<\/tbody>\n<\/table>\n<h2 id=\"diagram\">Wasserdichter Verteilerkasten AT-4 Diagramm<\/h2>\n<p><img loading=\"lazy\" decoding=\"async\" class=\"alignnone wp-image-1368\" src=\"https:\/\/sinobreaker.com\/wp-content\/uploads\/2025\/08\/AT-4D-300x151.png\" alt=\"Schema des wasserdichten Verteilerkastens AT-4\" width=\"644\" height=\"324\" srcset=\"https:\/\/sinobreaker.com\/wp-content\/uploads\/2025\/08\/AT-4D-300x151.png 300w, https:\/\/sinobreaker.com\/wp-content\/uploads\/2025\/08\/AT-4D-768x387.png 768w, https:\/\/sinobreaker.com\/wp-content\/uploads\/2025\/08\/AT-4D-600x302.png 600w, https:\/\/sinobreaker.com\/wp-content\/uploads\/2025\/08\/AT-4D.png 784w\" sizes=\"auto, (max-width: 644px) 100vw, 644px\" \/><\/p>\n<h2 id=\"faq\">Wasserdichter Verteilerkasten AT-4 FAQ<\/h2>\n<details>\n<summary>Kann der AT-4 als PV-Kombinationskasten konfiguriert werden?<\/summary>\n<div>Ja. Bei Ausstattung mit<br \/>\n<a href=\"\/de\/produkte\/gleichstromsicherung\/\">DC-Sicherung<\/a>,<br \/>\n<a href=\"\/de\/produkte\/gleichstromschnittstelle\/\">\u00dcberspannungsschutzger\u00e4t (SPD)<\/a>und eine<br \/>\n<a href=\"\/de\/produkte\/gleichstrom-lasttrennschalter\/\">DC-Lasttrennschalter<\/a> oder<br \/>\n<a href=\"\/de\/produkte\/dc-circuit-breaker\/\">DC-Leitungsschutzschalter<\/a>,<br \/>\nAT-4 kann als kompakter PV-Kombinationskasten fungieren.<br \/>\nF\u00fcr Optionen auf Systemebene, siehe<br \/>\n<a href=\"\/de\/solutions\/pv-kombinator-box\/\">PV Combiner Box L\u00f6sungen<\/a>.<\/div>\n<\/details>\n<details>\n<summary>Wie gro\u00df sind die Abmessungen des AT-4?<\/summary>\n<div>128 \u00d7 200 \u00d7 100 mm (L\u00d7B\u00d7H).<\/div>\n<\/details>\n<details>\n<summary>Ist AT-4 f\u00fcr Au\u00dfenanwendungen geeignet?<\/summary>\n<div>Ja. AT-4 hat die Schutzart IP65 mit wasserdichten Dichtungsstreifen (Referenz:<br \/>\n<a href=\"https:\/\/en.wikipedia.org\/wiki\/IP_Code\" target=\"_blank\" rel=\"noopener\">IP-Code<\/a> \/<br \/>\n<a href=\"https:\/\/www.iec.ch\/standards\" target=\"_blank\" rel=\"noopener\">IEC 60529<\/a>), f\u00fcr den Innen- und Au\u00dfenbereich geeignet.<\/div>\n<\/details>\n<details>\n<summary>Wie viele Stromkreise unterst\u00fctzt der AT-4?<\/summary>\n<div>4 Stromkreise in einer einreihigen Anordnung. Nullreihe: 3 L\u00f6cher; Masse-Reihe: 3 L\u00f6cher.<\/div>\n<\/details>\n<p class=\"note\">Verwandte Komponenten:<br \/>\n<a href=\"\/de\/produkte\/gleichstromsicherung\/\">DC-Sicherung<\/a> -<br \/>\n<a href=\"\/de\/produkte\/gleichstromschnittstelle\/\">DC SPD<\/a> -<br \/>\n<a href=\"\/de\/produkte\/gleichstrom-lasttrennschalter\/\">DC-Lasttrennschalter<\/a> -<br \/>\n<a href=\"\/de\/produkte\/dc-circuit-breaker\/\">DC-Leitungsschutzschalter<\/a><\/p>","protected":false},"excerpt":{"rendered":"<ul>\n<li data-start=\"182\" data-end=\"275\">\n<p data-start=\"185\" data-end=\"275\">Kompakt <strong data-start=\"193\" data-end=\"230\">Wasserdichter 4-Wege-Verteilerkasten<\/strong>Schutzart IP65 f\u00fcr zuverl\u00e4ssige Leistung.<\/p>\n<\/li>\n<li data-start=\"276\" data-end=\"343\">\n<p data-start=\"279\" data-end=\"343\">Unten zu \u00f6ffnendes Design f\u00fcr einfachere Installation und Wartung.<\/p>\n<\/li>\n<li data-start=\"344\" data-end=\"424\">\n<p data-start=\"347\" data-end=\"424\">Hochfestes PC\/ABS-Geh\u00e4use, geeignet f\u00fcr Innen- und Au\u00dfenanwendungen.<\/p>\n<\/li>\n<\/ul>","protected":false},"featured_media":1369,"comment_status":"open","ping_status":"closed","template":"","meta":[],"product_brand":[],"product_cat":[29],"product_tag":[],"class_list":{"0":"post-1367","1":"product","2":"type-product","3":"status-publish","4":"has-post-thumbnail","6":"product_cat-waterproof-distribution-box","8":"first","9":"instock","10":"shipping-taxable","11":"product-type-simple"},"_links":{"self":[{"href":"https:\/\/sinobreaker.com\/de\/wp-json\/wp\/v2\/product\/1367","targetHints":{"allow":["GET"]}}],"collection":[{"href":"https:\/\/sinobreaker.com\/de\/wp-json\/wp\/v2\/product"}],"about":[{"href":"https:\/\/sinobreaker.com\/de\/wp-json\/wp\/v2\/types\/product"}],"replies":[{"embeddable":true,"href":"https:\/\/sinobreaker.com\/de\/wp-json\/wp\/v2\/comments?post=1367"}],"wp:featuredmedia":[{"embeddable":true,"href":"https:\/\/sinobreaker.com\/de\/wp-json\/wp\/v2\/media\/1369"}],"wp:attachment":[{"href":"https:\/\/sinobreaker.com\/de\/wp-json\/wp\/v2\/media?parent=1367"}],"wp:term":[{"taxonomy":"product_brand","embeddable":true,"href":"https:\/\/sinobreaker.com\/de\/wp-json\/wp\/v2\/product_brand?post=1367"},{"taxonomy":"product_cat","embeddable":true,"href":"https:\/\/sinobreaker.com\/de\/wp-json\/wp\/v2\/product_cat?post=1367"},{"taxonomy":"product_tag","embeddable":true,"href":"https:\/\/sinobreaker.com\/de\/wp-json\/wp\/v2\/product_tag?post=1367"}],"curies":[{"name":"wp","href":"https:\/\/api.w.org\/{rel}","templated":true}]}}