{"id":1371,"date":"2025-08-23T03:56:19","date_gmt":"2025-08-23T03:56:19","guid":{"rendered":"https:\/\/sinobreaker.com\/?post_type=product&#038;p=1371"},"modified":"2025-08-23T04:39:13","modified_gmt":"2025-08-23T04:39:13","slug":"bei-6-wasserdichten-verteilerkasten","status":"publish","type":"product","link":"https:\/\/sinobreaker.com\/de\/products\/at-6-waterproof-distribution-box\/","title":{"rendered":"AT-6 Wasserdichter Verteilerkasten"},"content":{"rendered":"<style>\n  .product-section h2{font-size:1.6em;margin-top:1.2em;margin-bottom:0.6em;color:#0f172a}<br \/>\n  .product-section p{font-size:1.1em;line-height:1.7em;color:#1e293b}<br \/>\n  .product-section table{width:100%;border-collapse:collapse;margin:1em 0;font-size:1.05em}<br \/>\n  .product-section table th,.product-section table td{border:1px solid #cfcfcf;padding:10px 14px;text-align:left}<br \/>\n  .product-section table th{background:#f8fafc;font-weight:bold}<br \/>\n  .product-section details{margin:.5em 0;font-size:1.05em}<br \/>\n<\/style>\n<div class=\"product-section\">\n<h2>\u00dcbersicht<\/h2>\n<p>Die <strong>Wasserdichter Verteilerkasten AT-6<\/strong> bietet <strong>6 Kreisl\u00e4ufe<\/strong> in einem einreihigen Kompaktgeh\u00e4use.<br \/>\nMit einem <strong>untere \u00d6ffnung<\/strong> Design, Installation und Wartung sind einfacher, w\u00e4hrend die <strong>IP65<\/strong> Abdichtung<br \/>\ngew\u00e4hrleistet einen zuverl\u00e4ssigen Betrieb im Innen- und Au\u00dfenbereich. Hergestellt aus <strong>PC\/ABS<\/strong> neues Material, mit verst\u00e4rkter Schnalle<br \/>\nStruktur, reservierte Position der Diebstahlsicherung und hochwertige Kupferklemmen (960 \u00b0C Hei\u00dfdrahttest).<br \/>\nDas vollst\u00e4ndige Sortiment finden Sie in der<br \/>\n<a href=\"\/de\/produkte\/wasserdichter-verteilerkasten\/\">Wasserdichte Verteilerkasten-Serie<\/a>.<\/p>\n<p>Die <strong>Wasserdichter Verteilerkasten AT-6<\/strong> wird h\u00e4ufig in Privathaushalten, im Handel und in der Kleinindustrie eingesetzt<br \/>\nInstallationen und bietet zuverl\u00e4ssigen IP65-Schutz mit einer \u00d6ffnung an der Unterseite, die die Verdrahtung und Inspektion beschleunigt.<\/p>\n<h2 id=\"specification\">AT-6 Wasserdichter Verteilerkasten Spezifikation<\/h2>\n<table>\n<thead>\n<tr>\n<th>Parameter<\/th>\n<th>Wert<\/th>\n<\/tr>\n<\/thead>\n<tbody>\n<tr>\n<td>Modell<\/td>\n<td>AT-6<\/td>\n<\/tr>\n<tr>\n<td>Anzahl der Stromkreise<\/td>\n<td>6-fach (einreihig)<\/td>\n<\/tr>\n<tr>\n<td>Gesamtabmessungen (L\u00d7B\u00d7H)<\/td>\n<td>164 \u00d7 200 \u00d7 100 mm<\/td>\n<\/tr>\n<tr>\n<td>Null \/ Grundreihe L\u00f6cher<\/td>\n<td>5 \/ 5<\/td>\n<\/tr>\n<tr>\n<td>Schutzart<\/td>\n<td>IP65 - siehe <a href=\"https:\/\/en.wikipedia.org\/wiki\/IP_Code\" target=\"_blank\" rel=\"noopener\">IP-Code<\/a> \/<br \/>\n<a href=\"https:\/\/www.iec.ch\/standards\" target=\"_blank\" rel=\"noopener\">IEC 60529<\/a><\/td>\n<\/tr>\n<tr>\n<td>Material<\/td>\n<td>PC\/ABS<\/td>\n<\/tr>\n<tr>\n<td>\u00c4u\u00dfere Gr\u00f6\u00dfe des Kartons (L\u00d7B\u00d7H)<\/td>\n<td>545 \u00d7 425 \u00d7 530 mm<\/td>\n<\/tr>\n<tr>\n<td>Bruttogewicht (ganzer Karton)<\/td>\n<td>17,8 kg<\/td>\n<\/tr>\n<tr>\n<td>Packungsgr\u00f6\u00dfe<\/td>\n<td>30 St\u00fcck<\/td>\n<\/tr>\n<tr>\n<td>Art der \u00d6ffnung<\/td>\n<td>Untere \u00d6ffnung<\/td>\n<\/tr>\n<tr>\n<td>Normen<\/td>\n<td>GB\/T 17466.1; GB\/T 17466.24; IEC 60529 (IP65)<\/td>\n<\/tr>\n<\/tbody>\n<\/table>\n<h2 id=\"diagram\">Diagramm<\/h2>\n<p>Nachstehend finden Sie das Installationsschema des <strong>Wasserdichter Verteilerkasten AT-6<\/strong> (Vorderseite \/ Seite \/ R\u00fcckseite).<\/p>\n<p><img loading=\"lazy\" decoding=\"async\" class=\"alignnone size-medium wp-image-1372\" src=\"https:\/\/sinobreaker.com\/wp-content\/uploads\/2025\/08\/AT-6D-300x140.png\" alt=\"Schema des wasserdichten Verteilerkastens AT-6\" width=\"300\" height=\"140\" srcset=\"https:\/\/sinobreaker.com\/wp-content\/uploads\/2025\/08\/AT-6D-300x140.png 300w, https:\/\/sinobreaker.com\/wp-content\/uploads\/2025\/08\/AT-6D-768x358.png 768w, https:\/\/sinobreaker.com\/wp-content\/uploads\/2025\/08\/AT-6D-600x280.png 600w, https:\/\/sinobreaker.com\/wp-content\/uploads\/2025\/08\/AT-6D.png 793w\" sizes=\"auto, (max-width: 300px) 100vw, 300px\" \/><\/p>\n<h2 id=\"faq\">FAQ<\/h2>\n<details>\n<summary>Welche Gesamtabmessungen hat der wasserdichte Verteilerkasten AT-6?<\/summary>\n<div>164 \u00d7 200 \u00d7 100 mm (L\u00d7B\u00d7H).<\/div>\n<\/details>\n<details>\n<summary>Wie viele Stromkreise unterst\u00fctzt der AT-6?<\/summary>\n<div>AT-6 unterst\u00fctzt 6 Stromkreise in einem einreihigen Layout. Nullreihe: 5 L\u00f6cher; Erdungsreihe: 5 L\u00f6cher.<\/div>\n<\/details>\n<details>\n<summary>Ist der AT-6 f\u00fcr Au\u00dfenanwendungen geeignet?<\/summary>\n<div>Ja. Die <strong>Wasserdichter Verteilerkasten AT-6<\/strong> hat die Schutzart IP65 mit wasserdichten Dichtungsstreifen und ist sowohl f\u00fcr den Innen- als auch f\u00fcr den Au\u00dfeneinsatz geeignet.<\/div>\n<\/details>\n<details>\n<summary>Kann der AT-6 als PV-Kombinationskasten konfiguriert werden?<\/summary>\n<div>Ja. Bei Ausstattung mit <a href=\"\/de\/produkte\/gleichstromsicherung\/\">DC-Sicherung<\/a>,<br \/>\n<a href=\"\/de\/produkte\/gleichstromschnittstelle\/\">\u00dcberspannungsschutzger\u00e4t (SPD)<\/a>,<br \/>\nund eine <a href=\"\/de\/produkte\/gleichstrom-lasttrennschalter\/\">DC-Lasttrennschalter<\/a> oder<br \/>\n<a href=\"\/de\/produkte\/dc-circuit-breaker\/\">DC-Leitungsschutzschalter<\/a>Der AT-6 kann als Teil einer PV-Kombinationsbox-L\u00f6sung eingesetzt werden.<\/div>\n<\/details>\n<\/div>","protected":false},"excerpt":{"rendered":"<ul>\n<li data-start=\"197\" data-end=\"271\">\n<p data-start=\"200\" data-end=\"271\"><strong data-start=\"200\" data-end=\"241\">Wasserdichter Verteilerkasten mit 6 Schaltkreisen<\/strong>kompakte einreihige Bauweise.<\/p>\n<\/li>\n<li data-start=\"272\" data-end=\"343\">\n<p data-start=\"275\" data-end=\"343\">IP65-Geh\u00e4use f\u00fcr zuverl\u00e4ssige Innen- und Au\u00dfenanwendungen.<\/p>\n<\/li>\n<li data-start=\"344\" data-end=\"404\">\n<p data-start=\"347\" data-end=\"404\">Unten zu \u00f6ffnendes Design f\u00fcr einfache Verkabelung und Installation.<\/p>\n<\/li>\n<\/ul>","protected":false},"featured_media":1373,"comment_status":"open","ping_status":"closed","template":"","meta":[],"product_brand":[],"product_cat":[29],"product_tag":[],"class_list":{"0":"post-1371","1":"product","2":"type-product","3":"status-publish","4":"has-post-thumbnail","6":"product_cat-waterproof-distribution-box","8":"first","9":"instock","10":"shipping-taxable","11":"product-type-simple"},"_links":{"self":[{"href":"https:\/\/sinobreaker.com\/de\/wp-json\/wp\/v2\/product\/1371","targetHints":{"allow":["GET"]}}],"collection":[{"href":"https:\/\/sinobreaker.com\/de\/wp-json\/wp\/v2\/product"}],"about":[{"href":"https:\/\/sinobreaker.com\/de\/wp-json\/wp\/v2\/types\/product"}],"replies":[{"embeddable":true,"href":"https:\/\/sinobreaker.com\/de\/wp-json\/wp\/v2\/comments?post=1371"}],"wp:featuredmedia":[{"embeddable":true,"href":"https:\/\/sinobreaker.com\/de\/wp-json\/wp\/v2\/media\/1373"}],"wp:attachment":[{"href":"https:\/\/sinobreaker.com\/de\/wp-json\/wp\/v2\/media?parent=1371"}],"wp:term":[{"taxonomy":"product_brand","embeddable":true,"href":"https:\/\/sinobreaker.com\/de\/wp-json\/wp\/v2\/product_brand?post=1371"},{"taxonomy":"product_cat","embeddable":true,"href":"https:\/\/sinobreaker.com\/de\/wp-json\/wp\/v2\/product_cat?post=1371"},{"taxonomy":"product_tag","embeddable":true,"href":"https:\/\/sinobreaker.com\/de\/wp-json\/wp\/v2\/product_tag?post=1371"}],"curies":[{"name":"wp","href":"https:\/\/api.w.org\/{rel}","templated":true}]}}