{"id":1374,"date":"2025-08-23T04:21:22","date_gmt":"2025-08-23T04:21:22","guid":{"rendered":"https:\/\/sinobreaker.com\/?post_type=product&#038;p=1374"},"modified":"2025-08-23T04:42:53","modified_gmt":"2025-08-23T04:42:53","slug":"bei-9-wasserdichter-verteilerkasten","status":"publish","type":"product","link":"https:\/\/sinobreaker.com\/de\/products\/at-9-waterproof-distribution-box\/","title":{"rendered":"AT-9 Wasserdichter Verteilerkasten"},"content":{"rendered":"<style>\n  .product-section h2{font-size:1.6em;margin-top:1.2em;margin-bottom:0.6em;color:#0f172a}<br \/>\n  .product-section p{font-size:1.1em;line-height:1.7em;color:#1e293b}<br \/>\n  .product-section table{width:100%;border-collapse:collapse;margin:1em 0;font-size:1.05em}<br \/>\n  .product-section table th,.product-section table td{border:1px solid #cfcfcf;padding:10px 14px;text-align:left}<br \/>\n  .product-section table th{background:#f8fafc;font-weight:bold}<br \/>\n  .product-section details{margin:.5em 0;font-size:1.05em}<br \/>\n<\/style>\n<div class=\"product-section\">\n<h2>\u00dcbersicht<\/h2>\n<p>Die <strong>Wasserdichter Verteilerkasten AT-9<\/strong> bietet <strong>9 Kreisl\u00e4ufe<\/strong> in einem einreihigen Geh\u00e4use.<br \/>\nMit einem <strong>untere \u00d6ffnung<\/strong> Konstruktion vereinfacht die Verdrahtung und Wartung, w\u00e4hrend die <strong>IP65<\/strong> Abdichtung<br \/>\ngew\u00e4hrleistet zuverl\u00e4ssige Leistung in Innen- und Au\u00dfenbereichen. Gebaut aus <strong>PC\/ABS<\/strong> neues Material, es bietet<br \/>\neinen verst\u00e4rkten Schnallenrahmen, eine optionale Anti-Diebstahl-Verriegelungsposition, eine Stromkreisabschirmungsstruktur und hochwertige Kupferklemmen<br \/>\nMontage (960 \u00b0C Hei\u00dfdrahtpr\u00fcfung). Eine vollst\u00e4ndige \u00dcbersicht \u00fcber die verwandten Modelle finden Sie auf der Website<br \/>\n<a href=\"\/de\/produkte\/wasserdichter-verteilerkasten\/\">Wasserdichte Verteilerkasten-Serie<\/a>.<\/p>\n<p>Die <strong>Wasserdichter Verteilerkasten AT-9<\/strong> wird weithin in Wohngeb\u00e4uden, im Handel und in der Leichtindustrie eingesetzt.<br \/>\nProjekte und bietet zuverl\u00e4ssigen IP65-Schutz mit einer Boden\u00f6ffnung, die die Installation und Inspektion beschleunigt.<\/p>\n<h2 id=\"specification\">AT-9 Wasserdichter Verteilerkasten Spezifikation<\/h2>\n<table>\n<thead>\n<tr>\n<th>Parameter<\/th>\n<th>Wert<\/th>\n<\/tr>\n<\/thead>\n<tbody>\n<tr>\n<td>Modell<\/td>\n<td>AT-9<\/td>\n<\/tr>\n<tr>\n<td>Anzahl der Stromkreise<\/td>\n<td>9 Wege (einreihig)<\/td>\n<\/tr>\n<tr>\n<td>Gesamtabmessungen (L\u00d7B\u00d7H)<\/td>\n<td>218 \u00d7 200 \u00d7 100 mm<\/td>\n<\/tr>\n<tr>\n<td>Null \/ Grundreihe L\u00f6cher<\/td>\n<td>5 \/ 5<\/td>\n<\/tr>\n<tr>\n<td>Schutzart<\/td>\n<td>IP65 - siehe <a href=\"https:\/\/en.wikipedia.org\/wiki\/IP_Code\" target=\"_blank\" rel=\"noopener\">IP-Code<\/a> \/<br \/>\n<a href=\"https:\/\/www.iec.ch\/standards\" target=\"_blank\" rel=\"noopener\">IEC 60529<\/a><\/td>\n<\/tr>\n<tr>\n<td>Material<\/td>\n<td>PC\/ABS<\/td>\n<\/tr>\n<tr>\n<td>\u00c4u\u00dfere Gr\u00f6\u00dfe des Kartons (L\u00d7B\u00d7H)<\/td>\n<td>545 \u00d7 425 \u00d7 465 mm<\/td>\n<\/tr>\n<tr>\n<td>Bruttogewicht (ganzer Karton)<\/td>\n<td>16,2 kg<\/td>\n<\/tr>\n<tr>\n<td>Packungsgr\u00f6\u00dfe<\/td>\n<td>20 St\u00fcck<\/td>\n<\/tr>\n<tr>\n<td>Art der \u00d6ffnung<\/td>\n<td>Untere \u00d6ffnung<\/td>\n<\/tr>\n<tr>\n<td>Normen<\/td>\n<td>GB\/T 17466.1; GB\/T 17466.24; IEC 60529 (IP65)<\/td>\n<\/tr>\n<\/tbody>\n<\/table>\n<h2 id=\"diagram\">Diagramm<\/h2>\n<p>Nachstehend finden Sie das Installationsschema des <strong>Wasserdichter Verteilerkasten AT-9<\/strong> (Vorderseite \/ Seite \/ R\u00fcckseite).<br \/>\n<img loading=\"lazy\" decoding=\"async\" class=\"alignnone  wp-image-1375\" src=\"https:\/\/sinobreaker.com\/wp-content\/uploads\/2025\/08\/AT-9D-300x131.png\" alt=\"Schema des wasserdichten Verteilerkastens AT-9\" width=\"707\" height=\"309\" srcset=\"https:\/\/sinobreaker.com\/wp-content\/uploads\/2025\/08\/AT-9D-300x131.png 300w, https:\/\/sinobreaker.com\/wp-content\/uploads\/2025\/08\/AT-9D-768x336.png 768w, https:\/\/sinobreaker.com\/wp-content\/uploads\/2025\/08\/AT-9D-600x263.png 600w, https:\/\/sinobreaker.com\/wp-content\/uploads\/2025\/08\/AT-9D.png 824w\" sizes=\"auto, (max-width: 707px) 100vw, 707px\" \/><\/p>\n<h2 id=\"faq\">FAQ<\/h2>\n<details>\n<summary>Welche Gesamtabmessungen hat der wasserdichte Verteilerkasten AT-9?<\/summary>\n<div>218 \u00d7 200 \u00d7 100 mm (L\u00d7B\u00d7H).<\/div>\n<\/details>\n<details>\n<summary>Wie viele Stromkreise unterst\u00fctzt der AT-9?<\/summary>\n<div>AT-9 unterst\u00fctzt 9 Schaltkreise in einem einreihigen Layout. Nullreihe: 5 L\u00f6cher; Erdungsreihe: 5 L\u00f6cher.<\/div>\n<\/details>\n<details>\n<summary>Ist der AT-9 f\u00fcr Au\u00dfenanwendungen geeignet?<\/summary>\n<div>Ja. Die <strong>Wasserdichter Verteilerkasten AT-9<\/strong> entspricht der Schutzart IP65 mit wasserdichten Dichtungsstreifen, geeignet f\u00fcr den Innen- und Au\u00dfeneinsatz<br \/>\n(Referenz: <a href=\"https:\/\/en.wikipedia.org\/wiki\/IP_Code\" target=\"_blank\" rel=\"noopener\">IP-Code<\/a> \/<br \/>\n<a href=\"https:\/\/www.iec.ch\/standards\" target=\"_blank\" rel=\"noopener\">IEC 60529<\/a>).<\/div>\n<\/details>\n<details>\n<summary>Kann der AT-9 als PV-Kombinationskasten konfiguriert werden?<\/summary>\n<div>Ja. Bei Ausstattung mit <a href=\"\/de\/produkte\/gleichstromsicherung\/\">DC-Sicherung<\/a>,<br \/>\n<a href=\"\/de\/produkte\/gleichstromschnittstelle\/\">\u00dcberspannungsschutzger\u00e4t (SPD)<\/a>,<br \/>\nund eine <a href=\"\/de\/produkte\/gleichstrom-lasttrennschalter\/\">DC-Lasttrennschalter<\/a> oder<br \/>\n<a href=\"\/de\/produkte\/dc-circuit-breaker\/\">DC-Leitungsschutzschalter<\/a>Die AT-9 kann als Teil einer PV-Kombinationsbox-L\u00f6sung eingesetzt werden.<br \/>\nF\u00fcr Optionen auf Systemebene, siehe <a href=\"\/de\/solutions\/pv-kombinator-box\/\">PV Combiner Box L\u00f6sungen<\/a>.<\/div>\n<\/details>\n<\/div>","protected":false},"excerpt":{"rendered":"<ul>\n<li data-start=\"156\" data-end=\"218\">\n<p data-start=\"159\" data-end=\"218\"><strong data-start=\"159\" data-end=\"196\">9-fach wasserdichte Verteilerdose<\/strong>einreihiges Design.<\/p>\n<\/li>\n<li data-start=\"219\" data-end=\"290\">\n<p data-start=\"222\" data-end=\"290\">Schutzart IP65, best\u00e4ndig gegen Staub, Wasser und Au\u00dfenbedingungen.<\/p>\n<\/li>\n<li data-start=\"291\" data-end=\"362\">\n<p data-start=\"294\" data-end=\"362\">Kompakte Struktur mit Boden\u00f6ffnung f\u00fcr einfache Verkabelung und Installation.<\/p>\n<\/li>\n<\/ul>","protected":false},"featured_media":1376,"comment_status":"open","ping_status":"closed","template":"","meta":[],"product_brand":[],"product_cat":[29],"product_tag":[],"class_list":{"0":"post-1374","1":"product","2":"type-product","3":"status-publish","4":"has-post-thumbnail","6":"product_cat-waterproof-distribution-box","8":"first","9":"instock","10":"shipping-taxable","11":"product-type-simple"},"_links":{"self":[{"href":"https:\/\/sinobreaker.com\/de\/wp-json\/wp\/v2\/product\/1374","targetHints":{"allow":["GET"]}}],"collection":[{"href":"https:\/\/sinobreaker.com\/de\/wp-json\/wp\/v2\/product"}],"about":[{"href":"https:\/\/sinobreaker.com\/de\/wp-json\/wp\/v2\/types\/product"}],"replies":[{"embeddable":true,"href":"https:\/\/sinobreaker.com\/de\/wp-json\/wp\/v2\/comments?post=1374"}],"wp:featuredmedia":[{"embeddable":true,"href":"https:\/\/sinobreaker.com\/de\/wp-json\/wp\/v2\/media\/1376"}],"wp:attachment":[{"href":"https:\/\/sinobreaker.com\/de\/wp-json\/wp\/v2\/media?parent=1374"}],"wp:term":[{"taxonomy":"product_brand","embeddable":true,"href":"https:\/\/sinobreaker.com\/de\/wp-json\/wp\/v2\/product_brand?post=1374"},{"taxonomy":"product_cat","embeddable":true,"href":"https:\/\/sinobreaker.com\/de\/wp-json\/wp\/v2\/product_cat?post=1374"},{"taxonomy":"product_tag","embeddable":true,"href":"https:\/\/sinobreaker.com\/de\/wp-json\/wp\/v2\/product_tag?post=1374"}],"curies":[{"name":"wp","href":"https:\/\/api.w.org\/{rel}","templated":true}]}}