{"id":1395,"date":"2025-08-23T06:53:50","date_gmt":"2025-08-23T06:53:50","guid":{"rendered":"https:\/\/sinobreaker.com\/?post_type=product&#038;p=1395"},"modified":"2026-02-09T18:24:15","modified_gmt":"2026-02-09T18:24:15","slug":"ht-2-wasserdichter-verteilerkasten","status":"publish","type":"product","link":"https:\/\/sinobreaker.com\/de\/products\/ht-2-waterproof-distribution-box\/","title":{"rendered":"HT-2 Wasserdichter Verteilerkasten"},"content":{"rendered":"<style>\n  .product-section h2{font-size:1.6em;margin-top:1.2em;margin-bottom:0.6em;color:#0f172a}<br \/>\n  .product-section p{font-size:1.1em;line-height:1.7em;color:#1e293b}<br \/>\n  .product-section table{width:100%;border-collapse:collapse;margin:1em 0;font-size:1.05em}<br \/>\n  .product-section table th,.product-section table td{border:1px solid #cfcfcf;padding:10px 14px;text-align:left}<br \/>\n  .product-section table th{background:#f8fafc;font-weight:bold}<br \/>\n  .product-section details{margin:.5em 0;font-size:1.05em}<br \/>\n<\/style>\n<div class=\"product-section\">\n<h2>\u00dcbersicht<\/h2>\n<p>Die <strong>Wasserdichter Verteilerkasten HT-2<\/strong> bietet eine kompakte <strong>2-Kreislauf<\/strong> L\u00f6sung mit einer<br \/>\n<strong>seitlich zu \u00f6ffnender, aufklappbarer Deckel<\/strong> die die Zug\u00e4nglichkeit bei Verkabelung und Wartung verbessert. Es bietet<br \/>\neine <strong>ABS<\/strong> Unterschale und Aufputzrahmen mit einer <strong>PC<\/strong> transparente Abdeckung, die eine gute<br \/>\nZ\u00e4higkeit und hohe Schlagfestigkeit f\u00fcr eine lange Lebensdauer. Mit <strong>IP65<\/strong> Abdichtung und ein verst\u00e4rktes Schloss<br \/>\nDas Geh\u00e4use ist f\u00fcr den Innen- und Au\u00dfeneinsatz geeignet. Das Scharnier des Deckels \u00f6ffnet &gt;115\u00b0 und kann<br \/>\nDas Ger\u00e4t ist im maximalen Winkel fixiert, und f\u00fcr eine einfache Installation wird ein Montagepaket mitgeliefert. Weitere Modelle finden Sie auf der Website<br \/>\n<a href=\"\/de\/produkte\/wasserdichter-verteilerkasten\/\">Wasserdichte Verteilerkasten-Serie<\/a>.<\/p>\n<p>Die <strong>Wasserdichter Verteilerkasten HT-2<\/strong> k\u00f6nnen ausgestattet werden mit<br \/>\n<a href=\"\/de\/produkte\/gleichstromsicherung\/\">DC-Sicherung<\/a>, <a href=\"\/de\/produkte\/gleichstromschnittstelle\/\">SPD<\/a>,<br \/>\n<a href=\"\/de\/produkte\/gleichstrom-lasttrennschalter\/\">Lasttrennschalter<\/a>, oder<br \/>\n<a href=\"\/de\/produkte\/dc-circuit-breaker\/\">DC-Leitungsschutzschalter<\/a> f\u00fcr den Basisschutz oder den Einsatz als kompakter PV-Kombinator.<\/p>\n<h2 id=\"specification\">HT-2 Wasserdichter Verteilerkasten Spezifikation<\/h2>\n<table>\n<thead>\n<tr>\n<th>Parameter<\/th>\n<th>Wert<\/th>\n<\/tr>\n<\/thead>\n<tbody>\n<tr>\n<td>Modell<\/td>\n<td>HT-2<\/td>\n<\/tr>\n<tr>\n<td>Anzahl der Stromkreise<\/td>\n<td>2 Wege (einreihig)<\/td>\n<\/tr>\n<tr>\n<td>Gesamtabmessungen (L\u00d7B\u00d7H)<\/td>\n<td>56 \u00d7 125 \u00d7 88 mm<\/td>\n<\/tr>\n<tr>\n<td>Null \/ Grundreihe<\/td>\n<td>- (nicht ausgestattet)<\/td>\n<\/tr>\n<tr>\n<td>Schutzart<\/td>\n<td>IP65 - siehe <a href=\"https:\/\/en.wikipedia.org\/wiki\/IP_Code\" target=\"_blank\" rel=\"noopener\">IP-Code<\/a> \/<br \/>\n<a href=\"https:\/\/www.iec.ch\/standards\" target=\"_blank\" rel=\"noopener\">IEC 60529<\/a><\/td>\n<\/tr>\n<tr>\n<td>Material<\/td>\n<td>Sockel und Rahmen aus ABS; transparente Abdeckung aus PC<\/td>\n<\/tr>\n<tr>\n<td>\u00c4u\u00dfere Gr\u00f6\u00dfe des Kartons (L\u00d7B\u00d7H)<\/td>\n<td>540 \u00d7 320 \u00d7 480 mm<\/td>\n<\/tr>\n<tr>\n<td>Bruttogewicht (ganzer Karton)<\/td>\n<td>11,8 kg<\/td>\n<\/tr>\n<tr>\n<td>Packungsgr\u00f6\u00dfe<\/td>\n<td>100 St\u00fcck<\/td>\n<\/tr>\n<tr>\n<td>Art der \u00d6ffnung<\/td>\n<td>Seitliche \u00d6ffnung (Scharnierdeckel &gt;115\u00b0)<\/td>\n<\/tr>\n<tr>\n<td>Strukturelle Merkmale<\/td>\n<td>Verriegelungsstruktur; Mehrfach-Ringausbr\u00fcche; Stromkreisabschirmung; lose Rahmenschraube (nicht l\u00f6sbar); Kupferklemmen (960 \u00b0C Hei\u00dfdrahtpr\u00fcfung)<\/td>\n<\/tr>\n<tr>\n<td>Normen<\/td>\n<td>GB\/T 17466.1; GB\/T 17466.24; IEC 60529 (IP65)<\/td>\n<\/tr>\n<\/tbody>\n<\/table>\n<h2 id=\"diagram\">Diagramm<\/h2>\n<p>Legen Sie den Installationsplan des <strong>Wasserdichter Verteilerkasten HT-2<\/strong> (Vorderseite\/Seite\/R\u00fcckseite) direkt unter diesem Abschnitt<br \/>\n<img loading=\"lazy\" decoding=\"async\" class=\"alignnone  wp-image-1396\" src=\"https:\/\/sinobreaker.com\/wp-content\/uploads\/2025\/08\/HT-2D-300x186.png\" alt=\"Diagramm des wasserdichten Verteilerkastens HT-2\" width=\"839\" height=\"520\" srcset=\"https:\/\/sinobreaker.com\/wp-content\/uploads\/2025\/08\/HT-2D-300x186.png 300w, https:\/\/sinobreaker.com\/wp-content\/uploads\/2025\/08\/HT-2D-600x372.png 600w, https:\/\/sinobreaker.com\/wp-content\/uploads\/2025\/08\/HT-2D.png 641w\" sizes=\"auto, (max-width: 839px) 100vw, 839px\" \/><\/p>\n<h2 id=\"faq\">FAQ<\/h2>\n<details>\n<summary>Welche Gesamtabmessungen hat der wasserdichte Verteilerkasten HT-2?<\/summary>\n<div>56 \u00d7 125 \u00d7 88 mm (L\u00d7B\u00d7H).<\/div>\n<\/details>\n<details>\n<summary>Wie viele Stromkreise unterst\u00fctzt das HT-2?<\/summary>\n<div>HT-2 unterst\u00fctzt 2 Stromkreise (einreihig). Null-\/Masse-Sammelschienen sind bei diesem Modell nicht vorhanden.<\/div>\n<\/details>\n<details>\n<summary>Ist HT-2 f\u00fcr Au\u00dfenanwendungen geeignet?<\/summary>\n<div>Ja. Die <strong>Wasserdichter Verteilerkasten HT-2<\/strong> hat die Schutzart IP65 mit Dichtungsstreifen und robusten ABS\/PC-Materialien,<br \/>\nsowohl f\u00fcr den Innen- als auch f\u00fcr den Au\u00dfenbereich geeignet (Referenz:<br \/>\n<a href=\"https:\/\/en.wikipedia.org\/wiki\/IP_Code\" target=\"_blank\" rel=\"noopener\">IP-Code<\/a> \/<br \/>\n<a href=\"https:\/\/www.iec.ch\/standards\" target=\"_blank\" rel=\"noopener\">IEC 60529<\/a>).<\/div>\n<\/details>\n<details>\n<summary>Kann der HT-2 als PV-Kombinationskasten konfiguriert werden?<\/summary>\n<div>Ja. Bei Ausstattung mit <a href=\"\/de\/produkte\/gleichstromsicherung\/\">DC-Sicherung<\/a>,<br \/>\n<a href=\"\/de\/produkte\/gleichstromschnittstelle\/\">\u00dcberspannungsschutzger\u00e4t (SPD)<\/a>und eine<br \/>\n<a href=\"\/de\/produkte\/gleichstrom-lasttrennschalter\/\">DC-Lasttrennschalter<\/a> oder<br \/>\n<a href=\"\/de\/produkte\/dc-circuit-breaker\/\">DC-Leitungsschutzschalter<\/a>, kann HT-2 als kompakte PV-Kombinationsl\u00f6sung dienen.<br \/>\nSiehe <a href=\"\/de\/solutions\/pv-kombinator-box\/\">PV Combiner Box L\u00f6sungen<\/a> f\u00fcr Systembeispiele.<\/div>\n<\/details>\n<\/div>","protected":false},"excerpt":{"rendered":"<ul data-start=\"209\" data-end=\"494\">\n<li data-start=\"209\" data-end=\"305\">\n<p data-start=\"211\" data-end=\"305\"><strong data-start=\"211\" data-end=\"248\">Wasserdichter 2-Wege-Verteilerkasten<\/strong> mit <strong data-start=\"254\" data-end=\"285\">seitlich zu \u00f6ffnender (aufklappbarer) Deckel<\/strong> f\u00fcr schnellen Zugriff.<\/p>\n<\/li>\n<li data-start=\"306\" data-end=\"395\">\n<p data-start=\"308\" data-end=\"395\"><strong data-start=\"308\" data-end=\"316\">IP65<\/strong> Abdichtung, ABS-Basis + transparente PC-Abdeckung, sto\u00dffest und wetterfest.<\/p>\n<\/li>\n<li data-start=\"396\" data-end=\"494\">\n<p data-start=\"398\" data-end=\"494\">Unterst\u00fctzt Basisverteilung oder kompakt <strong data-start=\"437\" data-end=\"452\">PV-Kombinator<\/strong> Einrichtung mit Sicherung\/SPD\/Trennschalter\/Unterbrecher.<\/p>\n<\/li>\n<\/ul>","protected":false},"featured_media":1397,"comment_status":"open","ping_status":"closed","template":"","meta":[],"product_brand":[],"product_cat":[29],"product_tag":[],"class_list":{"0":"post-1395","1":"product","2":"type-product","3":"status-publish","4":"has-post-thumbnail","6":"product_cat-waterproof-distribution-box","8":"first","9":"instock","10":"shipping-taxable","11":"product-type-simple"},"_links":{"self":[{"href":"https:\/\/sinobreaker.com\/de\/wp-json\/wp\/v2\/product\/1395","targetHints":{"allow":["GET"]}}],"collection":[{"href":"https:\/\/sinobreaker.com\/de\/wp-json\/wp\/v2\/product"}],"about":[{"href":"https:\/\/sinobreaker.com\/de\/wp-json\/wp\/v2\/types\/product"}],"replies":[{"embeddable":true,"href":"https:\/\/sinobreaker.com\/de\/wp-json\/wp\/v2\/comments?post=1395"}],"wp:featuredmedia":[{"embeddable":true,"href":"https:\/\/sinobreaker.com\/de\/wp-json\/wp\/v2\/media\/1397"}],"wp:attachment":[{"href":"https:\/\/sinobreaker.com\/de\/wp-json\/wp\/v2\/media?parent=1395"}],"wp:term":[{"taxonomy":"product_brand","embeddable":true,"href":"https:\/\/sinobreaker.com\/de\/wp-json\/wp\/v2\/product_brand?post=1395"},{"taxonomy":"product_cat","embeddable":true,"href":"https:\/\/sinobreaker.com\/de\/wp-json\/wp\/v2\/product_cat?post=1395"},{"taxonomy":"product_tag","embeddable":true,"href":"https:\/\/sinobreaker.com\/de\/wp-json\/wp\/v2\/product_tag?post=1395"}],"curies":[{"name":"wp","href":"https:\/\/api.w.org\/{rel}","templated":true}]}}