{"id":1398,"date":"2025-08-23T06:58:03","date_gmt":"2025-08-23T06:58:03","guid":{"rendered":"https:\/\/sinobreaker.com\/?post_type=product&#038;p=1398"},"modified":"2025-08-23T06:58:33","modified_gmt":"2025-08-23T06:58:33","slug":"ht-5-wasserdichter-verteilerkasten","status":"publish","type":"product","link":"https:\/\/sinobreaker.com\/de\/products\/ht-5-waterproof-distribution-box\/","title":{"rendered":"HT-5 Wasserdichter Verteilerkasten"},"content":{"rendered":"<style>\n  .product-section h2{font-size:1.6em;margin-top:1.2em;margin-bottom:0.6em;color:#0f172a}<br \/>  .product-section p{font-size:1.1em;line-height:1.7em;color:#1e293b}<br \/>  .product-section table{width:100%;border-collapse:collapse;margin:1em 0;font-size:1.05em}<br \/>  .product-section table th,.product-section table td{border:1px solid #cfcfcf;padding:10px 14px;text-align:left}<br \/>  .product-section table th{background:#f8fafc;font-weight:bold}<br \/>  .product-section details{margin:.5em 0;font-size:1.05em}<br \/><\/style>\n<div class=\"product-section\">\n<h2>\u00dcbersicht<\/h2>\n<p>Die <strong>Wasserdichter Verteilerkasten HT-5<\/strong> bietet <strong>5 Kreisl\u00e4ufe<\/strong> in einem kompakten Geh\u00e4use<br \/>\nmit einer <strong>seitlich zu \u00f6ffnender, aufklappbarer Deckel<\/strong>. Entworfen mit einer <strong>ABS<\/strong> Basis und<br \/>\n<strong>Transparente PC-Abdeckung<\/strong>Das Geh\u00e4use zeichnet sich durch hohe Z\u00e4higkeit, gute Sto\u00dffestigkeit und langfristige Haltbarkeit aus.<br \/>\nZuverl\u00e4ssigkeit. Mit <strong>Schutzart IP65<\/strong> und verst\u00e4rktem Schnallendesign ist die HT-5 sowohl f\u00fcr den Innen- als auch f\u00fcr den Au\u00dfenbereich geeignet.<br \/>\nund Au\u00dfenanwendungen. Stromkreisabschirmungen, Kupferklemmen (getestet bis 960 \u00b0C) und Montagesatz f\u00fcr Zubeh\u00f6r<br \/>\nmachen die Installation sicher und bequem. Weitere Modelle finden Sie in der<br \/>\n<a href=\"\/de\/produkte\/wasserdichter-verteilerkasten\/\">Wasserdichte Verteilerkasten-Serie<\/a>.<\/p>\n<p>Die <strong>Wasserdichter Verteilerkasten HT-5<\/strong> kann integriert werden mit<br \/>\n<a href=\"\/de\/produkte\/gleichstromsicherung\/\">DC-Sicherung<\/a>, <a href=\"\/de\/produkte\/gleichstromschnittstelle\/\">SPD<\/a>,<br \/>\n<a href=\"\/de\/produkte\/gleichstrom-lasttrennschalter\/\">Lasttrennschalter<\/a>, oder<br \/>\n<a href=\"\/de\/produkte\/dc-circuit-breaker\/\">DC-Leitungsschutzschalter<\/a>und erm\u00f6glicht den Einsatz in kleinen PV-Kombisystemen<br \/>\nund private\/gewerbliche Verteileranlagen.<\/p>\n<h2 id=\"specification\">HT-5 Wasserdichter Verteilerkasten Spezifikation<\/h2>\n<table>\n<thead>\n<tr>\n<th>Parameter<\/th>\n<th>Wert<\/th>\n<\/tr>\n<\/thead>\n<tbody>\n<tr>\n<td>Modell<\/td>\n<td>HT-5<\/td>\n<\/tr>\n<tr>\n<td>Anzahl der Stromkreise<\/td>\n<td>5 Wege (einreihig)<\/td>\n<\/tr>\n<tr>\n<td>Gesamtabmessungen (L\u00d7B\u00d7H)<\/td>\n<td>129 \u00d7 170 \u00d7 95 mm<\/td>\n<\/tr>\n<tr>\n<td>Null \/ Grundreihe L\u00f6cher<\/td>\n<td>Nullreihe: 3 L\u00f6cher \/ Grundreihe: 3 L\u00f6cher<\/td>\n<\/tr>\n<tr>\n<td>Schutzart<\/td>\n<td>IP65 - siehe <a href=\"https:\/\/en.wikipedia.org\/wiki\/IP_Code\" target=\"_blank\" rel=\"noopener\">IP-Code<\/a> \/<br \/>\n<a href=\"https:\/\/www.iec.ch\/standards\" target=\"_blank\" rel=\"noopener\">IEC 60529<\/a><\/td>\n<\/tr>\n<tr>\n<td>Material<\/td>\n<td>Sockel und Rahmen aus ABS; transparente Abdeckung aus PC<\/td>\n<\/tr>\n<tr>\n<td>\u00c4u\u00dfere Gr\u00f6\u00dfe des Kartons (L\u00d7B\u00d7H)<\/td>\n<td>555 \u00d7 365 \u00d7 520 mm<\/td>\n<\/tr>\n<tr>\n<td>Bruttogewicht (ganzer Karton)<\/td>\n<td>18,2 kg<\/td>\n<\/tr>\n<tr>\n<td>Packungsgr\u00f6\u00dfe<\/td>\n<td>40 St\u00fcck<\/td>\n<\/tr>\n<tr>\n<td>Art der \u00d6ffnung<\/td>\n<td>Seitliche \u00d6ffnung (Scharnierdeckel &gt;115\u00b0)<\/td>\n<\/tr>\n<tr>\n<td>Strukturelle Merkmale<\/td>\n<td>Verriegelungsstruktur; Scharnierabdeckung; Stromkreisabschirmung; Kupferklemmen; Mehrfach-Ringausbr\u00fcche<\/td>\n<\/tr>\n<tr>\n<td>Normen<\/td>\n<td>GB\/T 17466.1; GB\/T 17466.24; IEC 60529 (IP65)<\/td>\n<\/tr>\n<\/tbody>\n<\/table>\n<h2 id=\"diagram\">Diagramm<\/h2>\n<p>Nachstehend finden Sie das Installationsschema des <strong>Wasserdichter Verteilerkasten HT-5<\/strong> (Vorderseite \/ Seite \/ R\u00fcckseite).<br \/>\n<img loading=\"lazy\" decoding=\"async\" class=\"alignnone wp-image-1400\" src=\"https:\/\/sinobreaker.com\/wp-content\/uploads\/2025\/08\/HT-5D-300x186.png\" alt=\"Diagramm eines wasserdichten Verteilerkastens\" width=\"685\" height=\"425\" srcset=\"https:\/\/sinobreaker.com\/wp-content\/uploads\/2025\/08\/HT-5D-300x186.png 300w, https:\/\/sinobreaker.com\/wp-content\/uploads\/2025\/08\/HT-5D-600x371.png 600w, https:\/\/sinobreaker.com\/wp-content\/uploads\/2025\/08\/HT-5D.png 659w\" sizes=\"auto, (max-width: 685px) 100vw, 685px\" \/><\/p>\n<h2 id=\"faq\">FAQ<\/h2>\n<details>\n<summary>Welche Gesamtabmessungen hat der wasserdichte Verteilerkasten HT-5?<\/summary>\n<div>129 \u00d7 170 \u00d7 95 mm (L\u00d7B\u00d7H).<\/div>\n<\/details>\n<details>\n<summary>Wie viele Stromkreise unterst\u00fctzt das HT-5?<\/summary>\n<div>HT-5 unterst\u00fctzt 5 Stromkreise in einem einreihigen Layout. Nullreihe: 3 L\u00f6cher; Masse-Reihe: 3 L\u00f6cher.<\/div>\n<\/details>\n<details>\n<summary>Ist das HT-5 f\u00fcr Au\u00dfenanwendungen geeignet?<\/summary>\n<div>Ja. Die <strong>Wasserdichter Verteilerkasten HT-5<\/strong> entspricht der Schutzart IP65 mit Dichtungsstreifen, geeignet f\u00fcr den Innen- und Au\u00dfeneinsatz<br \/>\n(Referenz: <a href=\"https:\/\/en.wikipedia.org\/wiki\/IP_Code\" target=\"_blank\" rel=\"noopener\">IP-Code<\/a> \/<br \/>\n<a href=\"https:\/\/www.iec.ch\/standards\" target=\"_blank\" rel=\"noopener\">IEC 60529<\/a>).<\/div>\n<\/details>\n<details>\n<summary>Kann der HT-5 als PV-Kombinationskasten konfiguriert werden?<\/summary>\n<div>Ja. Bei Ausstattung mit <a href=\"\/de\/produkte\/gleichstromsicherung\/\">DC-Sicherung<\/a>,<br \/>\n<a href=\"\/de\/produkte\/gleichstromschnittstelle\/\">\u00dcberspannungsschutzger\u00e4t (SPD)<\/a>und eine<br \/>\n<a href=\"\/de\/produkte\/gleichstrom-lasttrennschalter\/\">DC-Lasttrennschalter<\/a> oder<br \/>\n<a href=\"\/de\/produkte\/dc-circuit-breaker\/\">DC-Leitungsschutzschalter<\/a>Das HT-5 kann als kleine PV-Kombinationsl\u00f6sung dienen.<\/div>\n<\/details>\n<\/div>","protected":false},"excerpt":{"rendered":"<ul>\n<li data-start=\"173\" data-end=\"281\">\n<p data-start=\"175\" data-end=\"281\"><strong data-start=\"175\" data-end=\"212\">Wasserdichter 5-Wege-Verteilerkasten<\/strong> mit <strong data-start=\"218\" data-end=\"247\">seitlich zu \u00f6ffnender Scharnierdeckel<\/strong> f\u00fcr eine einfache Verdrahtung und Inspektion.<\/p>\n<\/li>\n<li data-start=\"282\" data-end=\"390\">\n<p data-start=\"284\" data-end=\"390\"><strong data-start=\"284\" data-end=\"307\">IP65 ABS\/PC-Geh\u00e4use<\/strong> gew\u00e4hrleistet Wasser- und Staubdichtigkeit sowie hohe Sto\u00dffestigkeit f\u00fcr eine lange Lebensdauer.<\/p>\n<\/li>\n<li data-start=\"391\" data-end=\"509\">\n<p data-start=\"393\" data-end=\"509\">Geeignet f\u00fcr die Integration mit <strong data-start=\"423\" data-end=\"462\">Sicherung, SPD, Trennschalter oder Unterbrecher<\/strong> in PV-Kombinator- oder Verteileranwendungen.<\/p>\n<\/li>\n<\/ul>","protected":false},"featured_media":1399,"comment_status":"open","ping_status":"closed","template":"","meta":[],"product_brand":[],"product_cat":[29],"product_tag":[],"class_list":{"0":"post-1398","1":"product","2":"type-product","3":"status-publish","4":"has-post-thumbnail","6":"product_cat-waterproof-distribution-box","8":"first","9":"instock","10":"shipping-taxable","11":"product-type-simple"},"_links":{"self":[{"href":"https:\/\/sinobreaker.com\/de\/wp-json\/wp\/v2\/product\/1398","targetHints":{"allow":["GET"]}}],"collection":[{"href":"https:\/\/sinobreaker.com\/de\/wp-json\/wp\/v2\/product"}],"about":[{"href":"https:\/\/sinobreaker.com\/de\/wp-json\/wp\/v2\/types\/product"}],"replies":[{"embeddable":true,"href":"https:\/\/sinobreaker.com\/de\/wp-json\/wp\/v2\/comments?post=1398"}],"wp:featuredmedia":[{"embeddable":true,"href":"https:\/\/sinobreaker.com\/de\/wp-json\/wp\/v2\/media\/1399"}],"wp:attachment":[{"href":"https:\/\/sinobreaker.com\/de\/wp-json\/wp\/v2\/media?parent=1398"}],"wp:term":[{"taxonomy":"product_brand","embeddable":true,"href":"https:\/\/sinobreaker.com\/de\/wp-json\/wp\/v2\/product_brand?post=1398"},{"taxonomy":"product_cat","embeddable":true,"href":"https:\/\/sinobreaker.com\/de\/wp-json\/wp\/v2\/product_cat?post=1398"},{"taxonomy":"product_tag","embeddable":true,"href":"https:\/\/sinobreaker.com\/de\/wp-json\/wp\/v2\/product_tag?post=1398"}],"curies":[{"name":"wp","href":"https:\/\/api.w.org\/{rel}","templated":true}]}}