{"id":1411,"date":"2025-08-23T07:13:38","date_gmt":"2025-08-23T07:13:38","guid":{"rendered":"https:\/\/sinobreaker.com\/?post_type=product&#038;p=1411"},"modified":"2025-08-25T10:01:59","modified_gmt":"2025-08-25T10:01:59","slug":"ht-18-wasserdichter-verteilerkasten","status":"publish","type":"product","link":"https:\/\/sinobreaker.com\/de\/products\/ht-18-waterproof-distribution-box\/","title":{"rendered":"HT-18 Wasserdichter Verteilerkasten"},"content":{"rendered":"<style>\n  .product-section h2{font-size:1.6em;margin-top:1.2em;margin-bottom:0.6em;color:#0f172a}<br \/>\n  .product-section p{font-size:1.1em;line-height:1.7em;color:#1e293b}<br \/>\n  .product-section table{width:100%;border-collapse:collapse;margin:1em 0;font-size:1.05em}<br \/>\n  .product-section table th,.product-section table td{border:1px solid #cfcfcf;padding:10px 14px;text-align:left}<br \/>\n  .product-section table th{background:#f8fafc;font-weight:bold}<br \/>\n  .product-section details{margin:.5em 0;font-size:1.05em}<br \/>\n<\/style>\n<div class=\"product-section\">\n<h2>\u00dcbersicht<\/h2>\n<p>Die <strong>Wasserdichter Verteilerkasten HT-18<\/strong> bietet <strong>18 Kreisl\u00e4ufe<\/strong> in einem robusten einreihigen Geh\u00e4use,<br \/>\nmit einem <strong>seitlich zu \u00f6ffnender Scharnierdeckel<\/strong> f\u00fcr einen bequemen Zugang bei der Verkabelung und Inspektion.<br \/>\nGebaut mit einer <strong>ABS-Basis<\/strong> und <strong>Transparente PC-Abdeckung<\/strong>Es vereint Z\u00e4higkeit und Schlagfestigkeit,<br \/>\nund lange Lebensdauer. Nennwert <strong>IP65<\/strong>Es bietet zuverl\u00e4ssigen wasser- und staubdichten Schutz f\u00fcr Innenr\u00e4ume<br \/>\nund Au\u00dfenanwendungen. Zu den strukturellen Merkmalen geh\u00f6ren eine verst\u00e4rkte Verschlussschnalle, mehrere Ringausbr\u00fcche und ein Kupferanschluss.<br \/>\nBaugruppe nach 960 \u00b0C Hei\u00dfdraht-Standards getestet. Weitere Modelle finden Sie in der<br \/>\n<a href=\"\/de\/produkte\/wasserdichter-verteilerkasten\/\">Wasserdichte Verteilerkasten-Serie<\/a>.<\/p>\n<p>Die <strong>Wasserdichter Verteilerkasten HT-18<\/strong> kann integriert werden mit<br \/>\n<a href=\"\/de\/produkte\/gleichstromsicherung\/\">DC-Sicherung<\/a>, <a href=\"\/de\/produkte\/gleichstromschnittstelle\/\">\u00dcberspannungsschutzger\u00e4t (SPD)<\/a>,<br \/>\n<a href=\"\/de\/produkte\/gleichstrom-lasttrennschalter\/\">Lasttrennschalter<\/a>, oder<br \/>\n<a href=\"\/de\/produkte\/dc-circuit-breaker\/\">DC-Leitungsschutzschalter<\/a>und ist damit eine gute Wahl f\u00fcr den mittelgro\u00dfen Vertrieb<br \/>\nund <a href=\"\/de\/solutions\/pv-kombinator-box\/\">PV-Kombinator-Anwendungen<\/a>.<\/p>\n<h2 id=\"specification\">HT-18 Wasserdichter Verteilerkasten Spezifikation<\/h2>\n<table>\n<thead>\n<tr>\n<th>Parameter<\/th>\n<th>Wert<\/th>\n<\/tr>\n<\/thead>\n<tbody>\n<tr>\n<td>Modell<\/td>\n<td>HT-18<\/td>\n<\/tr>\n<tr>\n<td>Anzahl der Stromkreise<\/td>\n<td>18 Wege (einreihig)<\/td>\n<\/tr>\n<tr>\n<td>Gesamtabmessungen (L\u00d7B\u00d7H)<\/td>\n<td>335 \u00d7 225 \u00d7 110 mm<\/td>\n<\/tr>\n<tr>\n<td>Null \/ Grundreihe L\u00f6cher<\/td>\n<td>Nullreihe: 12 L\u00f6cher \/ Bodenreihe: 12 L\u00f6cher<\/td>\n<\/tr>\n<tr>\n<td>Schutzart<\/td>\n<td>IP65 - siehe <a href=\"https:\/\/en.wikipedia.org\/wiki\/IP_Code\" target=\"_blank\" rel=\"noopener\">IP-Code<\/a> \/<br \/>\n<a href=\"https:\/\/www.iec.ch\/standards\" target=\"_blank\" rel=\"noopener\">IEC 60529<\/a><\/td>\n<\/tr>\n<tr>\n<td>Material<\/td>\n<td>Sockel und Rahmen aus ABS; transparente Abdeckung aus PC<\/td>\n<\/tr>\n<tr>\n<td>\u00c4u\u00dfere Gr\u00f6\u00dfe des Kartons (L\u00d7B\u00d7H)<\/td>\n<td>620 \u00d7 470 \u00d7 600 mm<\/td>\n<\/tr>\n<tr>\n<td>Bruttogewicht (ganzer Karton)<\/td>\n<td>24,0 kg<\/td>\n<\/tr>\n<tr>\n<td>Packungsgr\u00f6\u00dfe<\/td>\n<td>12 St\u00fcck<\/td>\n<\/tr>\n<tr>\n<td>Art der \u00d6ffnung<\/td>\n<td>Seitliche \u00d6ffnung (Scharnierdeckel &gt;115\u00b0)<\/td>\n<\/tr>\n<tr>\n<td>Strukturelle Merkmale<\/td>\n<td>Verriegelungsstruktur; Scharnierabdeckung; Kupferklemmenbaugruppe; Stromkreisabschirmung; Multi-Ring-Ausbrechungen<\/td>\n<\/tr>\n<tr>\n<td>Normen<\/td>\n<td>GB\/T 17466.1; GB\/T 17466.24; IEC 60529 (IP65)<\/td>\n<\/tr>\n<\/tbody>\n<\/table>\n<h2 id=\"diagram\">Diagramm<\/h2>\n<p>Nachstehend finden Sie das Installationsschema des <strong>Wasserdichter Verteilerkasten HT-18<\/strong> (Vorderseite \/ Seite \/ R\u00fcckseite).<br \/>\n<img loading=\"lazy\" decoding=\"async\" class=\"alignnone  wp-image-1413\" src=\"https:\/\/sinobreaker.com\/wp-content\/uploads\/2025\/08\/HT-18D-300x178.png\" alt=\"Schema des wasserdichten Verteilerkastens HT-18\" width=\"698\" height=\"414\" srcset=\"https:\/\/sinobreaker.com\/wp-content\/uploads\/2025\/08\/HT-18D-300x178.png 300w, https:\/\/sinobreaker.com\/wp-content\/uploads\/2025\/08\/HT-18D-768x456.png 768w, https:\/\/sinobreaker.com\/wp-content\/uploads\/2025\/08\/HT-18D-600x356.png 600w, https:\/\/sinobreaker.com\/wp-content\/uploads\/2025\/08\/HT-18D.png 808w\" sizes=\"auto, (max-width: 698px) 100vw, 698px\" \/><\/p>\n<p>&nbsp;<\/p>\n<h2 id=\"faq\">FAQ<\/h2>\n<details>\n<summary>Welche Gesamtabmessungen hat der wasserdichte Verteilerkasten HT-18?<\/summary>\n<div>335 \u00d7 225 \u00d7 110 mm (L\u00d7B\u00d7H).<\/div>\n<\/details>\n<details>\n<summary>Wie viele Stromkreise unterst\u00fctzt die HT-18?<\/summary>\n<div>HT-18 unterst\u00fctzt 18 Stromkreise in einem einreihigen Layout. Nullreihe: 12 L\u00f6cher; Erdungsreihe: 12 L\u00f6cher.<\/div>\n<\/details>\n<details>\n<summary>Ist das HT-18 f\u00fcr Au\u00dfenanwendungen geeignet?<\/summary>\n<div>Ja. Die <strong>Wasserdichter Verteilerkasten HT-18<\/strong> ist IP65-zertifiziert und besteht aus ABS\/PC-Materialien, die sowohl f\u00fcr Innen- als auch f\u00fcr Au\u00dfenbereiche geeignet sind<br \/>\n(Referenz: <a href=\"https:\/\/en.wikipedia.org\/wiki\/IP_Code\" target=\"_blank\" rel=\"noopener\">IP-Code<\/a> \/<br \/>\n<a href=\"https:\/\/www.iec.ch\/standards\" target=\"_blank\" rel=\"noopener\">IEC 60529<\/a>).<\/div>\n<\/details>\n<details>\n<summary>Kann der HT-18 als PV-Kombinationskasten konfiguriert werden?<\/summary>\n<div>Ja. Bei Ausstattung mit <a href=\"\/de\/produkte\/gleichstromsicherung\/\">DC-Sicherung<\/a>,<br \/>\n<a href=\"\/de\/produkte\/gleichstromschnittstelle\/\">\u00dcberspannungsschutzger\u00e4t (SPD)<\/a>und eine<br \/>\n<a href=\"\/de\/produkte\/gleichstrom-lasttrennschalter\/\">DC-Lasttrennschalter<\/a> oder<br \/>\n<a href=\"\/de\/produkte\/dc-circuit-breaker\/\">DC-Leitungsschutzschalter<\/a>Der HT-18 kann als PV-Kombinationsl\u00f6sung eingesetzt werden.<\/div>\n<\/details>\n<\/div>","protected":false},"excerpt":{"rendered":"<ul>\n<li data-start=\"170\" data-end=\"278\">\n<p data-start=\"172\" data-end=\"278\"><strong data-start=\"172\" data-end=\"210\">Wasserdichter 18-fach Verteilerkasten<\/strong> mit <strong data-start=\"216\" data-end=\"245\">seitlich zu \u00f6ffnender Scharnierdeckel<\/strong> f\u00fcr gr\u00f6\u00dfere Vertriebsanforderungen.<\/p>\n<\/li>\n<li data-start=\"279\" data-end=\"390\">\n<p data-start=\"281\" data-end=\"390\"><strong data-start=\"281\" data-end=\"316\">ABS-Basis + transparente PC-Abdeckung<\/strong>verst\u00e4rkte Verschlussschnalle, bewertet <strong data-start=\"348\" data-end=\"356\">IP65<\/strong> f\u00fcr die Zuverl\u00e4ssigkeit im Freien und in Innenr\u00e4umen.<\/p>\n<\/li>\n<li data-start=\"391\" data-end=\"507\">\n<p data-start=\"393\" data-end=\"507\">Geeignet f\u00fcr <strong data-start=\"406\" data-end=\"463\">Anwendungen f\u00fcr Wohngeb\u00e4ude, Gewerbe und PV-Kombinatoren<\/strong> mit Sicherung, SPD, Trennschalter oder Unterbrecher.<\/p>\n<\/li>\n<\/ul>","protected":false},"featured_media":1412,"comment_status":"open","ping_status":"closed","template":"","meta":[],"product_brand":[],"product_cat":[29],"product_tag":[],"class_list":{"0":"post-1411","1":"product","2":"type-product","3":"status-publish","4":"has-post-thumbnail","6":"product_cat-waterproof-distribution-box","8":"first","9":"instock","10":"shipping-taxable","11":"product-type-simple"},"_links":{"self":[{"href":"https:\/\/sinobreaker.com\/de\/wp-json\/wp\/v2\/product\/1411","targetHints":{"allow":["GET"]}}],"collection":[{"href":"https:\/\/sinobreaker.com\/de\/wp-json\/wp\/v2\/product"}],"about":[{"href":"https:\/\/sinobreaker.com\/de\/wp-json\/wp\/v2\/types\/product"}],"replies":[{"embeddable":true,"href":"https:\/\/sinobreaker.com\/de\/wp-json\/wp\/v2\/comments?post=1411"}],"wp:featuredmedia":[{"embeddable":true,"href":"https:\/\/sinobreaker.com\/de\/wp-json\/wp\/v2\/media\/1412"}],"wp:attachment":[{"href":"https:\/\/sinobreaker.com\/de\/wp-json\/wp\/v2\/media?parent=1411"}],"wp:term":[{"taxonomy":"product_brand","embeddable":true,"href":"https:\/\/sinobreaker.com\/de\/wp-json\/wp\/v2\/product_brand?post=1411"},{"taxonomy":"product_cat","embeddable":true,"href":"https:\/\/sinobreaker.com\/de\/wp-json\/wp\/v2\/product_cat?post=1411"},{"taxonomy":"product_tag","embeddable":true,"href":"https:\/\/sinobreaker.com\/de\/wp-json\/wp\/v2\/product_tag?post=1411"}],"curies":[{"name":"wp","href":"https:\/\/api.w.org\/{rel}","templated":true}]}}