{"id":1414,"date":"2025-08-23T07:17:14","date_gmt":"2025-08-23T07:17:14","guid":{"rendered":"https:\/\/sinobreaker.com\/?post_type=product&#038;p=1414"},"modified":"2025-08-23T07:17:14","modified_gmt":"2025-08-23T07:17:14","slug":"ht-24-wasserdichter-verteilerkasten","status":"publish","type":"product","link":"https:\/\/sinobreaker.com\/de\/products\/ht-24-waterproof-distribution-box\/","title":{"rendered":"HT-24 Wasserdichter Verteilerkasten"},"content":{"rendered":"<style>\n  .product-section h2{font-size:1.6em;margin-top:1.2em;margin-bottom:0.6em;color:#0f172a}<br \/>\n  .product-section p{font-size:1.1em;line-height:1.7em;color:#1e293b}<br \/>\n  .product-section table{width:100%;border-collapse:collapse;margin:1em 0;font-size:1.05em}<br \/>\n  .product-section table th,.product-section table td{border:1px solid #cfcfcf;padding:10px 14px;text-align:left}<br \/>\n  .product-section table th{background:#f8fafc;font-weight:bold}<br \/>\n  .product-section details{margin:.5em 0;font-size:1.05em}<br \/>\n<\/style>\n<div class=\"product-section\">\n<h2>\u00dcbersicht<\/h2>\n<p>Die <strong>Wasserdichter Verteilerkasten HT-24<\/strong> bietet eine L\u00f6sung mit gro\u00dfem Fassungsverm\u00f6gen und <strong>24 Kreisl\u00e4ufe<\/strong><br \/>\nin einreihiger Ausf\u00fchrung. Ausgestattet mit einem <strong>seitlich zu \u00f6ffnender Scharnierdeckel<\/strong>Sie erm\u00f6glicht einen bequemen Zugang f\u00fcr die Verkabelung,<br \/>\nWartung und Inspektion. Gebaut mit einer <strong>ABS-Basis<\/strong> und <strong>Transparente PC-Abdeckung<\/strong>das Gehege<br \/>\nbietet Z\u00e4higkeit, Sto\u00dffestigkeit und lange Haltbarkeit. Sein <strong>Schutzart IP65<\/strong> gew\u00e4hrleistet vollst\u00e4ndige Wasserdichtigkeit<br \/>\nund staubdichter Schutz. Zu den weiteren Merkmalen geh\u00f6ren verst\u00e4rkte Verschlussschnallen, mehrere Ringaussparungen, Kupferklemmen<br \/>\ngetestet bis 960 \u00b0C, und Anti-Locker-Rahmenschrauben. Die gesamte Palette der Optionen finden Sie auf der Website<br \/>\n<a href=\"\/de\/produkte\/wasserdichter-verteilerkasten\/\">Wasserdichte Verteilerkasten-Serie<\/a>.<\/p>\n<p>Die <strong>Wasserdichter Verteilerkasten HT-24<\/strong> kann konfiguriert werden mit<br \/>\n<a href=\"\/de\/produkte\/gleichstromsicherung\/\">DC-Sicherung<\/a>, <a href=\"\/de\/produkte\/gleichstromschnittstelle\/\">\u00dcberspannungsschutzger\u00e4t (SPD)<\/a>,<br \/>\n<a href=\"\/de\/produkte\/gleichstrom-lasttrennschalter\/\">Lasttrennschalter<\/a>, oder<br \/>\n<a href=\"\/de\/produkte\/dc-circuit-breaker\/\">DC-Leitungsschutzschalter<\/a>. Es ist geeignet f\u00fcr gro\u00dfe elektrische Verteilung<br \/>\nin den Bereichen Wohnen, Gewerbe und <a href=\"\/de\/solutions\/pv-kombinator-box\/\">PV-Kombinator-Systeme<\/a>.<\/p>\n<h2 id=\"specification\">HT-24 Wasserdichter Verteilerkasten Spezifikation<\/h2>\n<table>\n<thead>\n<tr>\n<th>Parameter<\/th>\n<th>Wert<\/th>\n<\/tr>\n<\/thead>\n<tbody>\n<tr>\n<td>Modell<\/td>\n<td>HT-24<\/td>\n<\/tr>\n<tr>\n<td>Anzahl der Stromkreise<\/td>\n<td>24 Wege (einreihig)<\/td>\n<\/tr>\n<tr>\n<td>Gesamtabmessungen (L\u00d7B\u00d7H)<\/td>\n<td>380 \u00d7 225 \u00d7 110 mm<\/td>\n<\/tr>\n<tr>\n<td>Null \/ Grundreihe L\u00f6cher<\/td>\n<td>Nullreihe: 16 L\u00f6cher \/ Bodenreihe: 16 L\u00f6cher<\/td>\n<\/tr>\n<tr>\n<td>Schutzart<\/td>\n<td>IP65 - siehe <a href=\"https:\/\/en.wikipedia.org\/wiki\/IP_Code\" target=\"_blank\" rel=\"noopener\">IP-Code<\/a> \/<br \/>\n<a href=\"https:\/\/www.iec.ch\/standards\" target=\"_blank\" rel=\"noopener\">IEC 60529<\/a><\/td>\n<\/tr>\n<tr>\n<td>Material<\/td>\n<td>Sockel und Rahmen aus ABS; transparente Abdeckung aus PC<\/td>\n<\/tr>\n<tr>\n<td>\u00c4u\u00dfere Gr\u00f6\u00dfe des Kartons (L\u00d7B\u00d7H)<\/td>\n<td>640 \u00d7 500 \u00d7 640 mm<\/td>\n<\/tr>\n<tr>\n<td>Bruttogewicht (ganzer Karton)<\/td>\n<td>27,0 kg<\/td>\n<\/tr>\n<tr>\n<td>Packungsgr\u00f6\u00dfe<\/td>\n<td>10 St\u00fcck<\/td>\n<\/tr>\n<tr>\n<td>Art der \u00d6ffnung<\/td>\n<td>Seitliche \u00d6ffnung (Scharnierdeckel &gt;115\u00b0)<\/td>\n<\/tr>\n<tr>\n<td>Strukturelle Merkmale<\/td>\n<td>Verriegelungsstruktur; Scharnierabdeckung; Kupferklemmenbaugruppe; Stromkreisabschirmung; Multi-Ring-Ausbrechungen<\/td>\n<\/tr>\n<tr>\n<td>Normen<\/td>\n<td>GB\/T 17466.1; GB\/T 17466.24; IEC 60529 (IP65)<\/td>\n<\/tr>\n<\/tbody>\n<\/table>\n<h2 id=\"diagram\">Diagramm<\/h2>\n<p>Nachstehend finden Sie das Installationsschema des <strong>Wasserdichter Verteilerkasten HT-24<\/strong> (Vorderseite \/ Seite \/ R\u00fcckseite).<\/p>\n<p><img loading=\"lazy\" decoding=\"async\" class=\"alignnone  wp-image-1416\" src=\"https:\/\/sinobreaker.com\/wp-content\/uploads\/2025\/08\/HT-24D-300x188.png\" alt=\"Schema des wasserdichten Verteilerkastens HT-24\" width=\"705\" height=\"442\" srcset=\"https:\/\/sinobreaker.com\/wp-content\/uploads\/2025\/08\/HT-24D-300x188.png 300w, https:\/\/sinobreaker.com\/wp-content\/uploads\/2025\/08\/HT-24D-768x482.png 768w, https:\/\/sinobreaker.com\/wp-content\/uploads\/2025\/08\/HT-24D-600x376.png 600w, https:\/\/sinobreaker.com\/wp-content\/uploads\/2025\/08\/HT-24D.png 832w\" sizes=\"auto, (max-width: 705px) 100vw, 705px\" \/><\/p>\n<h2 id=\"faq\">FAQ<\/h2>\n<details>\n<summary>Was sind die Gesamtabmessungen des wasserdichten Verteilerkastens HT-24?<\/summary>\n<div>380 \u00d7 225 \u00d7 110 mm (L\u00d7B\u00d7H).<\/div>\n<\/details>\n<details>\n<summary>Wie viele Stromkreise unterst\u00fctzt das HT-24?<\/summary>\n<div>HT-24 unterst\u00fctzt 24 Stromkreise in einem einreihigen Layout. Nullreihe: 16 L\u00f6cher; Erdungsreihe: 16 L\u00f6cher.<\/div>\n<\/details>\n<details>\n<summary>Ist das HT-24 f\u00fcr Au\u00dfenanwendungen geeignet?<\/summary>\n<div>Ja. Die <strong>Wasserdichter Verteilerkasten HT-24<\/strong> entspricht der Schutzart IP65 und besteht aus ABS\/PC-Material, das einen sicheren Betrieb sowohl in Innenr\u00e4umen als auch im Freien gew\u00e4hrleistet<br \/>\n(Referenz: <a href=\"https:\/\/en.wikipedia.org\/wiki\/IP_Code\" target=\"_blank\" rel=\"noopener\">IP-Code<\/a> \/<br \/>\n<a href=\"https:\/\/www.iec.ch\/standards\" target=\"_blank\" rel=\"noopener\">IEC 60529<\/a>).<\/div>\n<\/details>\n<details>\n<summary>Kann der HT-24 als PV-Kombinationskasten konfiguriert werden?<\/summary>\n<div>Ja. Bei Ausstattung mit <a href=\"\/de\/produkte\/gleichstromsicherung\/\">DC-Sicherung<\/a>,<br \/>\n<a href=\"\/de\/produkte\/gleichstromschnittstelle\/\">\u00dcberspannungsschutzger\u00e4t (SPD)<\/a>und eine<br \/>\n<a href=\"\/de\/produkte\/gleichstrom-lasttrennschalter\/\">DC-Lasttrennschalter<\/a> oder<br \/>\n<a href=\"\/de\/produkte\/dc-circuit-breaker\/\">DC-Leitungsschutzschalter<\/a>Der HT-24 kann als PV-Kombinationsl\u00f6sung eingesetzt werden.<\/div>\n<\/details>\n<\/div>","protected":false},"excerpt":{"rendered":"<ul data-start=\"124\" data-end=\"469\">\n<li data-start=\"124\" data-end=\"233\">\n<p data-start=\"126\" data-end=\"233\"><strong data-start=\"126\" data-end=\"164\">Wasserdichter 24-fach Verteilerkasten<\/strong> mit <strong data-start=\"170\" data-end=\"199\">seitlich zu \u00f6ffnender Scharnierdeckel<\/strong> f\u00fcr den Vertrieb mit hoher Kapazit\u00e4t.<\/p>\n<\/li>\n<li data-start=\"234\" data-end=\"355\">\n<p data-start=\"236\" data-end=\"355\">Gefertigt aus <strong data-start=\"253\" data-end=\"288\">ABS-Basis + transparente PC-Abdeckung<\/strong>bewertet <strong data-start=\"296\" data-end=\"304\">IP65<\/strong> f\u00fcr starke wasser- und staubdichte Leistung.<\/p>\n<\/li>\n<li data-start=\"356\" data-end=\"469\">\n<p data-start=\"358\" data-end=\"469\">Geeignet f\u00fcr <strong data-start=\"371\" data-end=\"425\">L\u00f6sungen f\u00fcr Wohngeb\u00e4ude, Gewerbe und PV-Kombinatoren<\/strong> mit Sicherung, SPD, Trennschalter oder Unterbrecher.<\/p>\n<\/li>\n<\/ul>","protected":false},"featured_media":1415,"comment_status":"open","ping_status":"closed","template":"","meta":[],"product_brand":[],"product_cat":[29],"product_tag":[],"class_list":{"0":"post-1414","1":"product","2":"type-product","3":"status-publish","4":"has-post-thumbnail","6":"product_cat-waterproof-distribution-box","8":"first","9":"instock","10":"shipping-taxable","11":"product-type-simple"},"_links":{"self":[{"href":"https:\/\/sinobreaker.com\/de\/wp-json\/wp\/v2\/product\/1414","targetHints":{"allow":["GET"]}}],"collection":[{"href":"https:\/\/sinobreaker.com\/de\/wp-json\/wp\/v2\/product"}],"about":[{"href":"https:\/\/sinobreaker.com\/de\/wp-json\/wp\/v2\/types\/product"}],"replies":[{"embeddable":true,"href":"https:\/\/sinobreaker.com\/de\/wp-json\/wp\/v2\/comments?post=1414"}],"wp:featuredmedia":[{"embeddable":true,"href":"https:\/\/sinobreaker.com\/de\/wp-json\/wp\/v2\/media\/1415"}],"wp:attachment":[{"href":"https:\/\/sinobreaker.com\/de\/wp-json\/wp\/v2\/media?parent=1414"}],"wp:term":[{"taxonomy":"product_brand","embeddable":true,"href":"https:\/\/sinobreaker.com\/de\/wp-json\/wp\/v2\/product_brand?post=1414"},{"taxonomy":"product_cat","embeddable":true,"href":"https:\/\/sinobreaker.com\/de\/wp-json\/wp\/v2\/product_cat?post=1414"},{"taxonomy":"product_tag","embeddable":true,"href":"https:\/\/sinobreaker.com\/de\/wp-json\/wp\/v2\/product_tag?post=1414"}],"curies":[{"name":"wp","href":"https:\/\/api.w.org\/{rel}","templated":true}]}}