{"id":1456,"date":"2025-08-25T09:23:25","date_gmt":"2025-08-25T09:23:25","guid":{"rendered":"https:\/\/sinobreaker.com\/?post_type=product&#038;p=1456"},"modified":"2025-08-25T09:23:25","modified_gmt":"2025-08-25T09:23:25","slug":"pv-kombinationsbox-4-in-2-out","status":"publish","type":"product","link":"https:\/\/sinobreaker.com\/de\/products\/pv-combiner-box-4-in-2-out\/","title":{"rendered":"PV Combiner Box 4 in 2 out 1000VDC | HS Serie mit Sicherung, SPD &amp; Schalter"},"content":{"rendered":"<section id=\"overview\">\n<h2>HS Serie - PV Combiner Box 4 in 2 out 1000VDC<\/h2>\n<p>Die <strong>HS-Serie<\/strong> <strong>pv kombinationsbox 4 in 2 out<\/strong> ist f\u00fcr PV-Anlagen konzipiert, die vier DC-Eing\u00e4nge mit zwei unabh\u00e4ngigen Ausg\u00e4ngen kombinieren. Sie integriert<br \/>\n<a href=\"\/de\/gleichstromsicherung\/\">DC-Sicherungen<\/a>, a <a href=\"\/de\/gleichstromschnittstelle\/\">Typ 2 SPD<\/a>und eine <a href=\"\/de\/dc-disconnector\/\">DC-Lasttrennschalter<\/a>Sie gew\u00e4hrleisten \u00dcberstromschutz, \u00dcberspannungsschutz und eine sichere Isolierung w\u00e4hrend der Wartung.<\/p>\n<p>Entdecken Sie weitere Modelle auf der <a href=\"\/de\/pv-kombinator-box\/\">PV Combiner Box Landing Page<\/a>und entdecken Sie unsere OEM-Dienstleistungen auf der <a href=\"\/de\/pv-combiner-manufacturer\/\">Herstellerseite<\/a>. F\u00fcr Varianten auf der Grundlage von Unterbrechern, siehe <a href=\"\/de\/dc-breaker\/\">DC-Schalter-Modelle<\/a>. Kontaktieren Sie uns f\u00fcr Kostenvoranschl\u00e4ge \u00fcber das <a href=\"\/de\/kontaktieren-sie-uns\/\">Kontaktseite<\/a>.<\/p>\n<\/section>\n<section id=\"key-features\">\n<h3>Wesentliche Merkmale<\/h3>\n<ul>\n<li><strong>Topologie:<\/strong> 4 in 2 out (vier PV-String-Eing\u00e4nge, zwei Ausg\u00e4nge)<\/li>\n<li><strong>Systemspannung:<\/strong> 1000V DC<\/li>\n<li><strong>Schutzvorrichtungen:<\/strong> 4 \u00d7 <a href=\"\/de\/gleichstromsicherung\/\">10\u00d738 mm DC-Sicherungen<\/a> (16 A), <a href=\"\/de\/gleichstromschnittstelle\/\">Typ 2 SPD<\/a> (40 kA), <a href=\"\/de\/dc-disconnector\/\">DC-Lasttrennschalter<\/a><\/li>\n<li><strong>Beif\u00fcgung:<\/strong> Polycarbonat, <strong>IP65<\/strong> Eintritt &amp; <strong>IK09<\/strong> Aufprallschutz<\/li>\n<li><strong>Verkabelung:<\/strong> PG09 Eing\u00e4nge &amp; PG21 Ausg\u00e4nge, Leiterbereich 2,5-16 mm\u00b2<\/li>\n<li><strong>Normen:<\/strong> SPD getestet nach<br \/>\n<a href=\"https:\/\/www.iec.ch\/\" target=\"_blank\" rel=\"nofollow noopener\">IEC\/EN 61643-31<\/a>konform mit<br \/>\n<a href=\"https:\/\/single-market-economy.ec.europa.eu\/single-market\/european-standards\/harmonised-standards_en\" target=\"_blank\" rel=\"nofollow noopener\">CE<\/a> und<br \/>\n<a href=\"https:\/\/www.ul.com\/\" target=\"_blank\" rel=\"nofollow noopener\">UL<\/a> (falls zutreffend).<\/li>\n<\/ul>\n<\/section>\n<section id=\"specifications\">\n<h3>Technische Daten<\/h3>\n<table>\n<thead>\n<tr>\n<th>Spezifikation<\/th>\n<th>Wert<\/th>\n<\/tr>\n<\/thead>\n<tbody>\n<tr>\n<td>Serie<\/td>\n<td>HS<\/td>\n<\/tr>\n<tr>\n<td>Eingang\/Ausgang<\/td>\n<td>4 Eing\u00e4nge \/ 2 Ausg\u00e4nge (unabh\u00e4ngige Ausg\u00e4nge)<\/td>\n<\/tr>\n<tr>\n<td>Maximale Systemspannung<\/td>\n<td>1000V DC<\/td>\n<\/tr>\n<tr>\n<td>Maximaler Eingangsstrom<\/td>\n<td>16 A pro String<\/td>\n<\/tr>\n<tr>\n<td>Max. Ausgangsstrom<\/td>\n<td>2 \u00d7 32 A<\/td>\n<\/tr>\n<tr>\n<td>\u00dcberspannungsschutzger\u00e4t<\/td>\n<td>Typ 2 SPD, 40 kA<\/td>\n<\/tr>\n<tr>\n<td>Sicherung<\/td>\n<td>4 \u00d7 10\u00d738 mm DC-Sicherungen, typ. 16 A<\/td>\n<\/tr>\n<tr>\n<td>Lasttrennschalter<\/td>\n<td>DC-Lasttrennschalter, 32-63 A<\/td>\n<\/tr>\n<tr>\n<td>Gehege<\/td>\n<td>PC, IP65<\/td>\n<\/tr>\n<tr>\n<td>Schlagz\u00e4higkeit<\/td>\n<td>IK09<\/td>\n<\/tr>\n<tr>\n<td>Abmessungen<\/td>\n<td>~ca. 300 \u00d7 260 \u00d7 120 mm<\/td>\n<\/tr>\n<tr>\n<td>Kabel-Eintr\u00e4ge<\/td>\n<td>PG09 Eing\u00e4nge, PG21 Ausg\u00e4nge<\/td>\n<\/tr>\n<tr>\n<td>Gr\u00f6\u00dfe des Leiters<\/td>\n<td>2,5-16 mm\u00b2<\/td>\n<\/tr>\n<tr>\n<td>Betriebstemperatur<\/td>\n<td>-20 \u2103 ~ +60 \u2103<\/td>\n<\/tr>\n<tr>\n<td>Luftfeuchtigkeit<\/td>\n<td>\u2264 99%<\/td>\n<\/tr>\n<tr>\n<td>H\u00f6henlage<\/td>\n<td>\u2264 2000 m<\/td>\n<\/tr>\n<tr>\n<td>Einrichtung<\/td>\n<td>Wandbefestigung<\/td>\n<\/tr>\n<\/tbody>\n<\/table>\n<\/section>\n<section id=\"wiring-diagram\">\n<h3>Stromlaufplan<\/h3>\n<figure><img loading=\"lazy\" decoding=\"async\" class=\"alignnone size-medium wp-image-1457\" src=\"https:\/\/sinobreaker.com\/wp-content\/uploads\/2025\/08\/HS4-2D-300x266.png\" alt=\"PV Combiner Box 4 in 2 out Diagramm\" width=\"300\" height=\"266\" srcset=\"https:\/\/sinobreaker.com\/wp-content\/uploads\/2025\/08\/HS4-2D-300x266.png 300w, https:\/\/sinobreaker.com\/wp-content\/uploads\/2025\/08\/HS4-2D-14x12.png 14w, https:\/\/sinobreaker.com\/wp-content\/uploads\/2025\/08\/HS4-2D-600x532.png 600w, https:\/\/sinobreaker.com\/wp-content\/uploads\/2025\/08\/HS4-2D.png 675w\" sizes=\"auto, (max-width: 300px) 100vw, 300px\" \/><figcaption>Vier PV-Str\u00e4nge \u2192 Sicherungen \u2192 SPD \u2192 DC-Lasttrennschalter \u2192 Zwei unabh\u00e4ngige Ausg\u00e4nge<\/figcaption><\/figure>\n<\/section>\n<section id=\"applications\">\n<h3>Anwendungen<\/h3>\n<ul>\n<li>PV-Anlagen f\u00fcr Privathaushalte und kleine Unternehmen mit 4 Strings<\/li>\n<li>Mittlere Aufdachanlagen, die doppelt gesch\u00fctzte Ausg\u00e4nge erfordern<\/li>\n<li>Solarprojekte f\u00fcr den Au\u00dfenbereich mit IP65\/IK09-Anforderungen<\/li>\n<\/ul>\n<p>Siehe auch: <a href=\"\/de\/gleichstromsicherung\/\">DC-Sicherungen<\/a>, <a href=\"\/de\/gleichstromschnittstelle\/\">\u00dcberspannungsschutzger\u00e4te<\/a>, <a href=\"\/de\/dc-disconnector\/\">DC-Lasttrennschalter<\/a>, <a href=\"\/de\/dc-breaker\/\">DC-Breaker<\/a>.<\/p>\n<\/section>\n<section id=\"faq\">\n<h3>FAQ<\/h3>\n<div class=\"faq-item\">\n<h4>Was ist ein PV-Kombinationskasten 4 in 2 out?<\/h4>\n<p>Ein Kombinationskasten f\u00fcr vier PV-String-Eing\u00e4nge und zwei Ausg\u00e4nge, mit Sicherungen, SPD und einem Lasttrennschalter zum Schutz und zur Isolierung.<\/p>\n<\/div>\n<div class=\"faq-item\">\n<h4>Bietet es \u00dcberspannungsschutz?<\/h4>\n<p>Ja, er enth\u00e4lt ein SPD des Typs 2 mit 40 kA, das nach den Normen IEC\/EN 61643-31 getestet wurde.<\/p>\n<\/div>\n<div class=\"faq-item\">\n<h4>Ist es f\u00fcr die Verwendung im Freien geeignet?<\/h4>\n<p>Ja, das Geh\u00e4use besteht aus Polykarbonat und ist nach IP65 und IK09 sto\u00dffest.<\/p>\n<\/div>\n<div class=\"faq-item\">\n<h4>Wie viele Ausg\u00e4nge bietet es?<\/h4>\n<p>Zwei unabh\u00e4ngige Ausg\u00e4nge, die jeweils durch Sicherungen gesch\u00fctzt und \u00fcber den Trennschalter angeschlossen sind.<\/p>\n<\/div>\n<\/section>\n<section id=\"cta\">\n<h3>Angebot anfordern<\/h3>\n<p>Geben Sie Ihre PV-String-Konfiguration an, und wir schlagen Ihnen den passenden HS-Kombinationskasten vor. <a href=\"\/de\/kontaktieren-sie-uns\/\">Angebot anfordern \u2192<\/a><\/p>\n<\/section>","protected":false},"excerpt":{"rendered":"<p>(1) <strong data-start=\"315\" data-end=\"345\">PV-Kombinationskasten 4 in 2 out<\/strong> f\u00fcr <strong data-start=\"350\" data-end=\"361\">1000VDC<\/strong> PV-Solaranlagen.<br data-start=\"379\" data-end=\"382\" \/>(2) Integriert <strong data-start=\"397\" data-end=\"450\">4\u00d7 DC-Sicherungen + Typ 2 SPD + DC-Lasttrennschalter<\/strong> f\u00fcr String-Sicherheit, \u00dcberspannungsschutz und Isolierung.<br data-start=\"503\" data-end=\"506\" \/>(3) Wetterfest <strong data-start=\"523\" data-end=\"538\">IP65 \/ IK09<\/strong> Polycarbonat-Geh\u00e4use, wandmontiert, mit PG-Verschraubungen 2,5-16 mm\u00b2.<\/p>","protected":false},"featured_media":1458,"comment_status":"open","ping_status":"closed","template":"","meta":[],"product_brand":[],"product_cat":[30],"product_tag":[],"class_list":{"0":"post-1456","1":"product","2":"type-product","3":"status-publish","4":"has-post-thumbnail","6":"product_cat-pv-combiner-box","8":"first","9":"instock","10":"shipping-taxable","11":"product-type-simple"},"_links":{"self":[{"href":"https:\/\/sinobreaker.com\/de\/wp-json\/wp\/v2\/product\/1456","targetHints":{"allow":["GET"]}}],"collection":[{"href":"https:\/\/sinobreaker.com\/de\/wp-json\/wp\/v2\/product"}],"about":[{"href":"https:\/\/sinobreaker.com\/de\/wp-json\/wp\/v2\/types\/product"}],"replies":[{"embeddable":true,"href":"https:\/\/sinobreaker.com\/de\/wp-json\/wp\/v2\/comments?post=1456"}],"wp:featuredmedia":[{"embeddable":true,"href":"https:\/\/sinobreaker.com\/de\/wp-json\/wp\/v2\/media\/1458"}],"wp:attachment":[{"href":"https:\/\/sinobreaker.com\/de\/wp-json\/wp\/v2\/media?parent=1456"}],"wp:term":[{"taxonomy":"product_brand","embeddable":true,"href":"https:\/\/sinobreaker.com\/de\/wp-json\/wp\/v2\/product_brand?post=1456"},{"taxonomy":"product_cat","embeddable":true,"href":"https:\/\/sinobreaker.com\/de\/wp-json\/wp\/v2\/product_cat?post=1456"},{"taxonomy":"product_tag","embeddable":true,"href":"https:\/\/sinobreaker.com\/de\/wp-json\/wp\/v2\/product_tag?post=1456"}],"curies":[{"name":"wp","href":"https:\/\/api.w.org\/{rel}","templated":true}]}}