{"id":1459,"date":"2025-08-25T09:27:51","date_gmt":"2025-08-25T09:27:51","guid":{"rendered":"https:\/\/sinobreaker.com\/?post_type=product&#038;p=1459"},"modified":"2025-08-25T09:27:51","modified_gmt":"2025-08-25T09:27:51","slug":"pv-kombinationsbox-6-in-2-out","status":"publish","type":"product","link":"https:\/\/sinobreaker.com\/de\/products\/pv-combiner-box-6-in-2-out\/","title":{"rendered":"PV Combiner Box 6 in 2 out 1000VDC | HS Serie mit Sicherung, SPD &amp; Schalter"},"content":{"rendered":"<section id=\"overview\">\n<h2>HS Serie - PV Combiner Box 6 in 2 out 1000VDC<\/h2>\n<p>Die <strong>HS-Serie<\/strong> <strong>pv kombinationsbox 6 in 2 out<\/strong> ist f\u00fcr mittelgro\u00dfe PV-Anlagen konzipiert und kombiniert sechs DC-String-Eing\u00e4nge mit zwei gesch\u00fctzten Ausg\u00e4ngen. Jeder Eingang ist abgesichert, und in das System ist ein <a href=\"\/de\/gleichstromschnittstelle\/\">Typ 2 SPD<\/a> und eine <a href=\"\/de\/dc-disconnector\/\">DC-Lasttrennschalter<\/a> f\u00fcr vollst\u00e4ndigen Schutz und sichere Isolierung.<\/p>\n<p>Siehe alle Modelle auf der <a href=\"\/de\/pv-kombinator-box\/\">PV Combiner Box Landing Page<\/a>und erkunden Sie OEM-\/Produktionsoptionen f\u00fcr das <a href=\"\/de\/pv-combiner-manufacturer\/\">Herstellerseite<\/a>. F\u00fcr L\u00f6sungen auf der Basis von Unterbrechern siehe <a href=\"\/de\/dc-breaker\/\">DC-Schalter<\/a>. Ben\u00f6tigen Sie ein Angebot? <a href=\"\/de\/kontaktieren-sie-uns\/\">Kontakt<\/a>.<\/p>\n<\/section>\n<section id=\"key-features\">\n<h3>Wesentliche Merkmale<\/h3>\n<ul>\n<li><strong>Topologie:<\/strong> 6 in 2 out (sechs PV-Strings kombiniert zu zwei Ausg\u00e4ngen)<\/li>\n<li><strong>Systemspannung:<\/strong> 1000V DC<\/li>\n<li><strong>Schutzvorrichtungen:<\/strong> 6 \u00d7 <a href=\"\/de\/gleichstromsicherung\/\">10\u00d738 mm DC-Sicherungen<\/a>, <a href=\"\/de\/gleichstromschnittstelle\/\">Typ 2 SPD<\/a> (40 kA), <a href=\"\/de\/dc-disconnector\/\">DC-Lasttrennschalter<\/a><\/li>\n<li><strong>Beif\u00fcgung:<\/strong> Polycarbonat, <strong>IP65<\/strong> Eintritt &amp; <strong>IK09<\/strong> Aufprallschutz<\/li>\n<li><strong>Verkabelung:<\/strong> PG09 Eing\u00e4nge &amp; PG21 Ausg\u00e4nge, 2,5-16 mm\u00b2 Kabel<\/li>\n<li><strong>Normen:<\/strong> SPD getestet nach<br \/>\n<a href=\"https:\/\/www.iec.ch\/\" target=\"_blank\" rel=\"nofollow noopener\">IEC\/EN 61643-31<\/a>gem\u00e4\u00df<br \/>\n<a href=\"https:\/\/single-market-economy.ec.europa.eu\/single-market\/european-standards\/harmonised-standards_en\" target=\"_blank\" rel=\"nofollow noopener\">CE<\/a> und<br \/>\n<a href=\"https:\/\/www.ul.com\/\" target=\"_blank\" rel=\"nofollow noopener\">UL<\/a>.<\/li>\n<\/ul>\n<\/section>\n<section id=\"specifications\">\n<h3>Technische Daten<\/h3>\n<table>\n<thead>\n<tr>\n<th>Spezifikation<\/th>\n<th>Wert<\/th>\n<\/tr>\n<\/thead>\n<tbody>\n<tr>\n<td>Serie<\/td>\n<td>HS<\/td>\n<\/tr>\n<tr>\n<td>Eingang\/Ausgang<\/td>\n<td>6 ein \/ 2 aus<\/td>\n<\/tr>\n<tr>\n<td>Maximale Systemspannung<\/td>\n<td>1000V DC<\/td>\n<\/tr>\n<tr>\n<td>Maximaler Eingangsstrom<\/td>\n<td>16 A pro String<\/td>\n<\/tr>\n<tr>\n<td>Max. Ausgangsstrom<\/td>\n<td>2 \u00d7 48 A<\/td>\n<\/tr>\n<tr>\n<td>\u00dcberspannungsschutzger\u00e4t<\/td>\n<td>Typ 2 SPD, 40 kA<\/td>\n<\/tr>\n<tr>\n<td>Sicherung<\/td>\n<td>6 \u00d7 10\u00d738 mm DC-Sicherungen, typ. 16 A<\/td>\n<\/tr>\n<tr>\n<td>Lasttrennschalter<\/td>\n<td>DC-Lasttrennschalter, 63 A<\/td>\n<\/tr>\n<tr>\n<td>Gehege<\/td>\n<td>PC, IP65<\/td>\n<\/tr>\n<tr>\n<td>Schlagz\u00e4higkeit<\/td>\n<td>IK09<\/td>\n<\/tr>\n<tr>\n<td>Abmessungen<\/td>\n<td>~ca. 340 \u00d7 280 \u00d7 130 mm<\/td>\n<\/tr>\n<tr>\n<td>Kabel-Eintr\u00e4ge<\/td>\n<td>PG09 Eing\u00e4nge, PG21 Ausg\u00e4nge<\/td>\n<\/tr>\n<tr>\n<td>Gr\u00f6\u00dfe des Leiters<\/td>\n<td>2,5-16 mm\u00b2<\/td>\n<\/tr>\n<tr>\n<td>Betriebstemperatur<\/td>\n<td>-20 \u2103 ~ +60 \u2103<\/td>\n<\/tr>\n<tr>\n<td>Luftfeuchtigkeit<\/td>\n<td>\u2264 99%<\/td>\n<\/tr>\n<tr>\n<td>H\u00f6henlage<\/td>\n<td>\u2264 2000 m<\/td>\n<\/tr>\n<tr>\n<td>Einrichtung<\/td>\n<td>Wandbefestigung<\/td>\n<\/tr>\n<\/tbody>\n<\/table>\n<\/section>\n<section id=\"wiring-diagram\">\n<h3>Stromlaufplan<\/h3>\n<figure><img loading=\"lazy\" decoding=\"async\" class=\"alignnone  wp-image-1460\" src=\"https:\/\/sinobreaker.com\/wp-content\/uploads\/2025\/08\/HS6-2D-300x265.png\" alt=\"PV Combiner Box 6 in 2 out Diagramm\" width=\"440\" height=\"389\" srcset=\"https:\/\/sinobreaker.com\/wp-content\/uploads\/2025\/08\/HS6-2D-300x265.png 300w, https:\/\/sinobreaker.com\/wp-content\/uploads\/2025\/08\/HS6-2D-14x12.png 14w, https:\/\/sinobreaker.com\/wp-content\/uploads\/2025\/08\/HS6-2D-600x529.png 600w, https:\/\/sinobreaker.com\/wp-content\/uploads\/2025\/08\/HS6-2D.png 713w\" sizes=\"auto, (max-width: 440px) 100vw, 440px\" \/><figcaption>Sechs PV-Str\u00e4nge \u2192 Sicherungen \u2192 SPD \u2192 DC-Lasttrennschalter \u2192 Zwei gesch\u00fctzte Ausg\u00e4nge<\/figcaption><\/figure>\n<\/section>\n<section id=\"applications\">\n<h3>Anwendungen<\/h3>\n<ul>\n<li>Mittelgro\u00dfe PV-Anlagen mit sechs Str\u00e4ngen<\/li>\n<li>Gewerbliche Aufdach- oder kleine Freifl\u00e4chen-Solarprojekte<\/li>\n<li>Solaranlagen f\u00fcr den Au\u00dfenbereich, die Schutzart IP65 \/ IK09 ben\u00f6tigen<\/li>\n<\/ul>\n<p>\u00c4hnliche Produkte: <a href=\"\/de\/gleichstromsicherung\/\">DC-Sicherungen<\/a>, <a href=\"\/de\/gleichstromschnittstelle\/\">\u00dcberspannungsschutzger\u00e4te<\/a>, <a href=\"\/de\/dc-disconnector\/\">DC-Lasttrennschalter<\/a>, <a href=\"\/de\/dc-breaker\/\">DC-Breaker<\/a>.<\/p>\n<\/section>\n<section id=\"faq\">\n<h3>FAQ<\/h3>\n<div class=\"faq-item\">\n<h4>Was ist ein PV-Kombinationskasten 6 in 2 out?<\/h4>\n<p>Ein Kombinationskasten f\u00fcr sechs PV-String-Eing\u00e4nge mit zwei Ausg\u00e4ngen, der Sicherungen, \u00dcberspannungsschutz und einen Lasttrennschalter integriert.<\/p>\n<\/div>\n<div class=\"faq-item\">\n<h4>Welche Schutzma\u00dfnahmen sind vorgesehen?<\/h4>\n<p>Jeder Eingang verf\u00fcgt \u00fcber eine Sicherung, der SPD bietet \u00dcberspannungsschutz, und der Lasttrennschalter erm\u00f6glicht eine sichere Trennung.<\/p>\n<\/div>\n<div class=\"faq-item\">\n<h4>Ist es f\u00fcr den Au\u00dfenbereich geeignet?<\/h4>\n<p>Ja, das PC-Geh\u00e4use ist nach IP65 und IK09 f\u00fcr Solaranlagen im Freien geeignet.<\/p>\n<\/div>\n<div class=\"faq-item\">\n<h4>Wie viele Ausg\u00e4nge bietet es?<\/h4>\n<p>Zwei gesch\u00fctzte Ausg\u00e4nge, geeignet f\u00fcr die Verteilung der Leistung von sechs PV-Strings.<\/p>\n<\/div>\n<\/section>\n<section id=\"cta\">\n<h3>Angebot anfordern<\/h3>\n<p>Nennen Sie uns die Daten Ihrer PV-Anlage, und wir konfigurieren den HS-Kombinationskasten entsprechend. <a href=\"\/de\/kontaktieren-sie-uns\/\">Angebot anfordern \u2192<\/a><\/p>\n<\/section>","protected":false},"excerpt":{"rendered":"<p>(1) <strong data-start=\"329\" data-end=\"359\">PV-Kombinationskasten 6 in 2 out<\/strong> f\u00fcr <strong data-start=\"364\" data-end=\"375\">1000VDC<\/strong> PV-Anlagen.<br data-start=\"386\" data-end=\"389\" \/>(2) Integriert <strong data-start=\"404\" data-end=\"457\">6\u00d7 DC-Sicherungen + Typ 2 SPD + DC-Lasttrennschalter<\/strong> f\u00fcr zuverl\u00e4ssigen \u00dcberspannungs- und Stringschutz.<br data-start=\"499\" data-end=\"502\" \/>(3) Wetterfest <strong data-start=\"519\" data-end=\"534\">IP65 \/ IK09<\/strong> PC-Geh\u00e4use, Wandmontage, PG-Verschraubungen f\u00fcr Kabel 2,5-16 mm\u00b2.<\/p>","protected":false},"featured_media":1461,"comment_status":"open","ping_status":"closed","template":"","meta":[],"product_brand":[],"product_cat":[30],"product_tag":[],"class_list":{"0":"post-1459","1":"product","2":"type-product","3":"status-publish","4":"has-post-thumbnail","6":"product_cat-pv-combiner-box","8":"first","9":"instock","10":"shipping-taxable","11":"product-type-simple"},"_links":{"self":[{"href":"https:\/\/sinobreaker.com\/de\/wp-json\/wp\/v2\/product\/1459","targetHints":{"allow":["GET"]}}],"collection":[{"href":"https:\/\/sinobreaker.com\/de\/wp-json\/wp\/v2\/product"}],"about":[{"href":"https:\/\/sinobreaker.com\/de\/wp-json\/wp\/v2\/types\/product"}],"replies":[{"embeddable":true,"href":"https:\/\/sinobreaker.com\/de\/wp-json\/wp\/v2\/comments?post=1459"}],"wp:featuredmedia":[{"embeddable":true,"href":"https:\/\/sinobreaker.com\/de\/wp-json\/wp\/v2\/media\/1461"}],"wp:attachment":[{"href":"https:\/\/sinobreaker.com\/de\/wp-json\/wp\/v2\/media?parent=1459"}],"wp:term":[{"taxonomy":"product_brand","embeddable":true,"href":"https:\/\/sinobreaker.com\/de\/wp-json\/wp\/v2\/product_brand?post=1459"},{"taxonomy":"product_cat","embeddable":true,"href":"https:\/\/sinobreaker.com\/de\/wp-json\/wp\/v2\/product_cat?post=1459"},{"taxonomy":"product_tag","embeddable":true,"href":"https:\/\/sinobreaker.com\/de\/wp-json\/wp\/v2\/product_tag?post=1459"}],"curies":[{"name":"wp","href":"https:\/\/api.w.org\/{rel}","templated":true}]}}