{"id":1462,"date":"2025-08-25T09:34:19","date_gmt":"2025-08-25T09:34:19","guid":{"rendered":"https:\/\/sinobreaker.com\/?post_type=product&#038;p=1462"},"modified":"2026-02-19T23:14:33","modified_gmt":"2026-02-19T23:14:33","slug":"1-string-pv-kombinationskasten","status":"publish","type":"product","link":"https:\/\/sinobreaker.com\/de\/products\/1-string-pv-combiner-box\/","title":{"rendered":"1 String PV Combiner Box 1000VDC | HD Serie mit Sicherung, SPD &amp; Unterbrecher"},"content":{"rendered":"<section id=\"overview\">\n<h2>HD-Serie - 1 String PV Combiner Box 1000VDC<\/h2>\n<p>Die <strong>HD-Reihe<\/strong> <strong>1 String-PV-Kombinationskasten<\/strong> ist f\u00fcr den Schutz einzelner PV-Strings in DC-Systemen bis zu 1000 V ausgelegt. Er integriert eine <a href=\"\/de\/gleichstromsicherung\/\">DC-Sicherung<\/a>, a <a href=\"\/de\/gleichstromschnittstelle\/\">Typ 2 SPD<\/a>und eine <a href=\"\/de\/dc-breaker\/\">DC-Schalter (MCB)<\/a>und bietet \u00dcberstromschutz, \u00dcberspannungsschutz und Stromkreisisolierung.<\/p>\n<p>Weitere Modelle finden Sie auf der <a href=\"\/de\/pv-kombinator-box\/\">PV Combiner Box Landing Page<\/a>und erkunden Sie unsere OEM-F\u00e4higkeiten auf der <a href=\"\/de\/pv-combiner-manufacturer\/\">Herstellerseite<\/a>. F\u00fcr Switch-basierte Alternativen, siehe <a href=\"\/de\/dc-disconnector\/\">DC-Trennschalter<\/a>. F\u00fcr Zitate, <a href=\"\/de\/kontaktieren-sie-uns\/\">Kontaktieren Sie uns<\/a>.<\/p>\n<\/section>\n<section id=\"key-features\">\n<h3>Wesentliche Merkmale<\/h3>\n<ul>\n<li><strong>Topologie:<\/strong> 1 String (1 Eingang \/ 1 Ausgang)<\/li>\n<li><strong>Systemspannung:<\/strong> 1000V DC<\/li>\n<li><strong>Schutzvorrichtungen:<\/strong> <a href=\"\/de\/gleichstromsicherung\/\">DC-Sicherung<\/a>, <a href=\"\/de\/gleichstromschnittstelle\/\">Typ 2 SPD<\/a> (40 kA), <a href=\"\/de\/dc-breaker\/\">DC-Schalter (MCB)<\/a><\/li>\n<li><strong>Beif\u00fcgung:<\/strong> Polycarbonat, <strong>IP65<\/strong> eintreten, <strong>IK09<\/strong> Schlagfestigkeit<\/li>\n<li><strong>Verkabelung:<\/strong> PG09 Eingang &amp; PG21 Ausgang, 2,5-16 mm\u00b2 Leiter<\/li>\n<li><strong>Normen:<\/strong> SPD getestet nach<br \/>\n<a href=\"https:\/\/www.iec.ch\/\" target=\"_blank\" rel=\"nofollow noopener\">IEC\/EN 61643-31<\/a>Das Produkt ist abgestimmt auf<br \/>\n<a href=\"https:\/\/single-market-economy.ec.europa.eu\/single-market\/european-standards\/harmonised-standards_en\" target=\"_blank\" rel=\"nofollow noopener\">CE<\/a> und<br \/>\n<a href=\"https:\/\/www.ul.com\/\" target=\"_blank\" rel=\"nofollow noopener\">UL<\/a>.<\/li>\n<\/ul>\n<\/section>\n<section id=\"specifications\">\n<h3>Technische Daten<\/h3>\n<table>\n<thead>\n<tr>\n<th>Spezifikation<\/th>\n<th>Wert<\/th>\n<\/tr>\n<\/thead>\n<tbody>\n<tr>\n<td>Serie<\/td>\n<td>HD<\/td>\n<\/tr>\n<tr>\n<td>Eingang\/Ausgang<\/td>\n<td>1 String (1 Eingang \/ 1 Ausgang)<\/td>\n<\/tr>\n<tr>\n<td>Maximale Systemspannung<\/td>\n<td>1000V DC<\/td>\n<\/tr>\n<tr>\n<td>Maximaler Strom<\/td>\n<td>32 A<\/td>\n<\/tr>\n<tr>\n<td>\u00dcberspannungsschutzger\u00e4t<\/td>\n<td>Typ 2 SPD, 40 kA<\/td>\n<\/tr>\n<tr>\n<td>Sicherung<\/td>\n<td>10\u00d738 mm DC-Sicherung, typ. 16 A<\/td>\n<\/tr>\n<tr>\n<td>Unterbrecher<\/td>\n<td>DC-Schalter (MCB), 32 A<\/td>\n<\/tr>\n<tr>\n<td>Gehege<\/td>\n<td>PC, IP65<\/td>\n<\/tr>\n<tr>\n<td>Schlagz\u00e4higkeit<\/td>\n<td>IK09<\/td>\n<\/tr>\n<tr>\n<td>Abmessungen<\/td>\n<td>~218 \u00d7 200 \u00d7 100 mm<\/td>\n<\/tr>\n<tr>\n<td>Kabel-Eintr\u00e4ge<\/td>\n<td>PG09 Eingang, PG21 Ausgang<\/td>\n<\/tr>\n<tr>\n<td>Gr\u00f6\u00dfe des Leiters<\/td>\n<td>2,5-16 mm\u00b2<\/td>\n<\/tr>\n<tr>\n<td>Betriebstemperatur<\/td>\n<td>-20 \u2103 ~ +60 \u2103<\/td>\n<\/tr>\n<tr>\n<td>Luftfeuchtigkeit<\/td>\n<td>\u2264 99%<\/td>\n<\/tr>\n<tr>\n<td>H\u00f6henlage<\/td>\n<td>\u2264 2000 m<\/td>\n<\/tr>\n<tr>\n<td>Einrichtung<\/td>\n<td>Wandbefestigung<\/td>\n<\/tr>\n<\/tbody>\n<\/table>\n<\/section>\n<section id=\"wiring-diagram\">\n<h3>Stromlaufplan<\/h3>\n<figure><img loading=\"lazy\" decoding=\"async\" class=\"alignnone  wp-image-1463\" src=\"https:\/\/sinobreaker.com\/wp-content\/uploads\/2025\/08\/HD1-1D-300x134.png\" alt=\"1 String PV Combiner Box Diagramm\" width=\"472\" height=\"211\" srcset=\"https:\/\/sinobreaker.com\/wp-content\/uploads\/2025\/08\/HD1-1D-300x134.png 300w, https:\/\/sinobreaker.com\/wp-content\/uploads\/2025\/08\/HD1-1D-18x8.png 18w, https:\/\/sinobreaker.com\/wp-content\/uploads\/2025\/08\/HD1-1D-600x268.png 600w, https:\/\/sinobreaker.com\/wp-content\/uploads\/2025\/08\/HD1-1D.png 671w\" sizes=\"auto, (max-width: 472px) 100vw, 472px\" \/><figcaption>Einzelner PV-String \u2192 Sicherung \u2192 SPD \u2192 DC-Schalter \u2192 Wechselrichter<\/figcaption><\/figure>\n<\/section>\n<section id=\"applications\">\n<h3>Anwendungen<\/h3>\n<ul>\n<li>Einstr\u00e4ngige PV-Systeme f\u00fcr Privathaushalte<\/li>\n<li>Netzunabh\u00e4ngige oder kleine PV-Anlagen mit unterbrecherbasierter Isolierung<\/li>\n<li>PV-Anlagen im Freien, die IP65\/IK09-Geh\u00e4use ben\u00f6tigen<\/li>\n<\/ul>\n<p>Verwandte Seiten: <a href=\"\/de\/gleichstromsicherung\/\">DC-Sicherungen<\/a>, <a href=\"\/de\/gleichstromschnittstelle\/\">\u00dcberspannungsschutzger\u00e4te<\/a>, <a href=\"\/de\/dc-disconnector\/\">DC-Lasttrennschalter<\/a>, <a href=\"\/de\/dc-breaker\/\">DC-Breaker<\/a>.<\/p>\n<\/section>\n<section id=\"faq\">\n<h3>FAQ<\/h3>\n<div class=\"faq-item\">\n<h4>Was ist ein 1-String-PV-Verbindungskasten?<\/h4>\n<p>Eine kompakte Box f\u00fcr einen einzelnen PV-String, mit Sicherung, SPD und Unterbrecherschutz bis zu 1000VDC.<\/p>\n<\/div>\n<div class=\"faq-item\">\n<h4>Ist ein Unterbrecher enthalten?<\/h4>\n<p>Ja, im Gegensatz zu den HS-Modellen verf\u00fcgt die HD-Serie \u00fcber einen Gleichstromunterbrecher (MCB) zum Trennen und Schalten.<\/p>\n<\/div>\n<div class=\"faq-item\">\n<h4>Ist es f\u00fcr den Au\u00dfenbereich geeignet?<\/h4>\n<p>Ja, das PC-Geh\u00e4use entspricht der Schutzklasse IP65 und IK09 und ist f\u00fcr Au\u00dfeninstallationen geeignet.<\/p>\n<\/div>\n<div class=\"faq-item\">\n<h4>Wo erhalte ich OEM-\/Preisinformationen?<\/h4>\n<p>Besuchen Sie die <a href=\"\/de\/pv-combiner-manufacturer\/\">Herstellerseite<\/a> oder <a href=\"\/de\/kontaktieren-sie-uns\/\">Kontaktieren Sie uns<\/a> direkt.<\/p>\n<\/div>\n<\/section>\n<section id=\"cta\">\n<h3>Angebot anfordern<\/h3>\n<p>Geben Sie Ihre PV-Spezifikationen an, und wir konfigurieren die Sicherungen und Leistungsschalter entsprechend. <a href=\"\/de\/kontaktieren-sie-uns\/\">Angebot anfordern \u2192<\/a><\/p>\n<\/section>","protected":false},"excerpt":{"rendered":"<p>(1) <strong data-start=\"435\" data-end=\"463\">1 String-PV-Kombinationskasten<\/strong> f\u00fcr <strong data-start=\"468\" data-end=\"479\">1000VDC<\/strong> PV-Anlagen.<br data-start=\"490\" data-end=\"493\" \/>(2) Integriert <strong data-start=\"508\" data-end=\"551\">DC-Sicherung + SPD Typ 2 + DC-Unterbrecher (MCB)<\/strong> f\u00fcr vollst\u00e4ndigen Schutz.<br data-start=\"576\" data-end=\"579\" \/>(3) Im Freien <strong data-start=\"591\" data-end=\"606\">IP65 \/ IK09<\/strong> PC-Geh\u00e4use, wandmontiert, PG-Verschraubungen f\u00fcr Kabel 2,5-16 mm\u00b2.<\/p>","protected":false},"featured_media":1464,"comment_status":"open","ping_status":"closed","template":"","meta":[],"product_brand":[],"product_cat":[30],"product_tag":[],"class_list":{"0":"post-1462","1":"product","2":"type-product","3":"status-publish","4":"has-post-thumbnail","6":"product_cat-pv-combiner-box","8":"first","9":"instock","10":"shipping-taxable","11":"product-type-simple"},"_links":{"self":[{"href":"https:\/\/sinobreaker.com\/de\/wp-json\/wp\/v2\/product\/1462","targetHints":{"allow":["GET"]}}],"collection":[{"href":"https:\/\/sinobreaker.com\/de\/wp-json\/wp\/v2\/product"}],"about":[{"href":"https:\/\/sinobreaker.com\/de\/wp-json\/wp\/v2\/types\/product"}],"replies":[{"embeddable":true,"href":"https:\/\/sinobreaker.com\/de\/wp-json\/wp\/v2\/comments?post=1462"}],"wp:featuredmedia":[{"embeddable":true,"href":"https:\/\/sinobreaker.com\/de\/wp-json\/wp\/v2\/media\/1464"}],"wp:attachment":[{"href":"https:\/\/sinobreaker.com\/de\/wp-json\/wp\/v2\/media?parent=1462"}],"wp:term":[{"taxonomy":"product_brand","embeddable":true,"href":"https:\/\/sinobreaker.com\/de\/wp-json\/wp\/v2\/product_brand?post=1462"},{"taxonomy":"product_cat","embeddable":true,"href":"https:\/\/sinobreaker.com\/de\/wp-json\/wp\/v2\/product_cat?post=1462"},{"taxonomy":"product_tag","embeddable":true,"href":"https:\/\/sinobreaker.com\/de\/wp-json\/wp\/v2\/product_tag?post=1462"}],"curies":[{"name":"wp","href":"https:\/\/api.w.org\/{rel}","templated":true}]}}