{"id":1465,"date":"2025-08-25T09:38:37","date_gmt":"2025-08-25T09:38:37","guid":{"rendered":"https:\/\/sinobreaker.com\/?post_type=product&#038;p=1465"},"modified":"2025-08-25T09:39:22","modified_gmt":"2025-08-25T09:39:22","slug":"2-string-pv-kombinationskasten","status":"publish","type":"product","link":"https:\/\/sinobreaker.com\/de\/products\/2-string-pv-combiner-box\/","title":{"rendered":"2 String PV Combiner Box 1000VDC | HD Serie mit Sicherung, SPD &amp; Unterbrecher"},"content":{"rendered":"<section id=\"overview\">\n<h2>HD Serie - 2 String PV Combiner Box 1000VDC<\/h2>\n<p>Die <strong>HD-Reihe<\/strong> <strong>2 String-PV-Kombinationskasten<\/strong> ist f\u00fcr zwei PV-String-Eing\u00e4nge in 1000VDC-Solaranlagen ausgelegt. Jeder String ist durch einen <a href=\"\/de\/gleichstromsicherung\/\">DC-Sicherung<\/a>mit einer gemeinsamen <a href=\"\/de\/gleichstromschnittstelle\/\">Typ 2 SPD<\/a> und eine <a href=\"\/de\/dc-breaker\/\">DC-Schalter (MCB)<\/a> f\u00fcr sichere Isolierung und \u00dcberspannungsschutz.<\/p>\n<p>Alle verf\u00fcgbaren Optionen finden Sie auf der Seite <a href=\"\/de\/pv-kombinator-box\/\">PV Combiner Box Landing Page<\/a>und besuchen Sie unsere <a href=\"\/de\/pv-combiner-manufacturer\/\">Herstellerseite<\/a> f\u00fcr OEM-Funktionen. F\u00fcr Switch-basierte Modelle, erkunden Sie die <a href=\"\/de\/dc-disconnector\/\">DC-Lasttrennschalter<\/a> Bereich. F\u00fcr Kostenvoranschl\u00e4ge, <a href=\"\/de\/kontaktieren-sie-uns\/\">Kontaktieren Sie uns<\/a>.<\/p>\n<\/section>\n<section id=\"key-features\">\n<h3>Wesentliche Merkmale<\/h3>\n<ul>\n<li><strong>Topologie:<\/strong> 2 Str\u00e4nge (2 ein \/ 1 aus)<\/li>\n<li><strong>Systemspannung:<\/strong> 1000V DC<\/li>\n<li><strong>Schutzvorrichtungen:<\/strong> 2 \u00d7 <a href=\"\/de\/gleichstromsicherung\/\">DC-Sicherungen<\/a> (typ. 16 A), <a href=\"\/de\/gleichstromschnittstelle\/\">Typ 2 SPD<\/a> (40 kA), <a href=\"\/de\/dc-breaker\/\">DC-Schalter (MCB)<\/a> (32 A)<\/li>\n<li><strong>Beif\u00fcgung:<\/strong> Polycarbonat, <strong>IP65<\/strong> Eintritt &amp; <strong>IK09<\/strong> Schlagzahl<\/li>\n<li><strong>Verkabelung:<\/strong> PG09 Eing\u00e4nge, PG21 Ausgang; 2,5-16 mm\u00b2 Leiter<\/li>\n<li><strong>Normen:<\/strong> SPD getestet nach<br \/>\n<a href=\"https:\/\/www.iec.ch\/\" target=\"_blank\" rel=\"nofollow noopener\">IEC\/EN 61643-31<\/a>CE und<br \/>\n<a href=\"https:\/\/www.ul.com\/\" target=\"_blank\" rel=\"nofollow noopener\">UL<\/a> konform (falls zutreffend).<\/li>\n<\/ul>\n<\/section>\n<section id=\"specifications\">\n<h3>Technische Daten<\/h3>\n<table>\n<thead>\n<tr>\n<th>Spezifikation<\/th>\n<th>Wert<\/th>\n<\/tr>\n<\/thead>\n<tbody>\n<tr>\n<td>Serie<\/td>\n<td>HD<\/td>\n<\/tr>\n<tr>\n<td>Eingang\/Ausgang<\/td>\n<td>2 Saiten (2 rein \/ 1 raus)<\/td>\n<\/tr>\n<tr>\n<td>Maximale Systemspannung<\/td>\n<td>1000V DC<\/td>\n<\/tr>\n<tr>\n<td>Maximaler Eingangsstrom<\/td>\n<td>16 A pro String<\/td>\n<\/tr>\n<tr>\n<td>Max. Ausgangsstrom<\/td>\n<td>32 A<\/td>\n<\/tr>\n<tr>\n<td>\u00dcberspannungsschutzger\u00e4t<\/td>\n<td>Typ 2 SPD, 40 kA<\/td>\n<\/tr>\n<tr>\n<td>Sicherung<\/td>\n<td>2 \u00d7 10\u00d738 mm DC-Sicherungen, typ. 16 A<\/td>\n<\/tr>\n<tr>\n<td>Unterbrecher<\/td>\n<td>DC-Schalter (MCB), 32 A<\/td>\n<\/tr>\n<tr>\n<td>Gehege<\/td>\n<td>PC, IP65<\/td>\n<\/tr>\n<tr>\n<td>Schlagz\u00e4higkeit<\/td>\n<td>IK09<\/td>\n<\/tr>\n<tr>\n<td>Abmessungen<\/td>\n<td>~ca. 240 \u00d7 220 \u00d7 110 mm<\/td>\n<\/tr>\n<tr>\n<td>Kabel-Eintr\u00e4ge<\/td>\n<td>PG09 Eing\u00e4nge; PG21 Ausgang<\/td>\n<\/tr>\n<tr>\n<td>Gr\u00f6\u00dfe des Leiters<\/td>\n<td>2,5-16 mm\u00b2<\/td>\n<\/tr>\n<tr>\n<td>Betriebstemperatur<\/td>\n<td>-20 \u2103 ~ +60 \u2103<\/td>\n<\/tr>\n<tr>\n<td>Luftfeuchtigkeit<\/td>\n<td>\u2264 99%<\/td>\n<\/tr>\n<tr>\n<td>H\u00f6henlage<\/td>\n<td>\u2264 2000 m<\/td>\n<\/tr>\n<tr>\n<td>Einrichtung<\/td>\n<td>Wandbefestigung<\/td>\n<\/tr>\n<\/tbody>\n<\/table>\n<\/section>\n<section id=\"wiring-diagram\">\n<h3>Stromlaufplan<\/h3>\n<figure><img loading=\"lazy\" decoding=\"async\" class=\"alignnone wp-image-1466\" src=\"https:\/\/sinobreaker.com\/wp-content\/uploads\/2025\/08\/HD2-1D-300x131.png\" alt=\"2 String PV Combiner Box Diagramm\" width=\"433\" height=\"189\" srcset=\"https:\/\/sinobreaker.com\/wp-content\/uploads\/2025\/08\/HD2-1D-300x131.png 300w, https:\/\/sinobreaker.com\/wp-content\/uploads\/2025\/08\/HD2-1D-18x8.png 18w, https:\/\/sinobreaker.com\/wp-content\/uploads\/2025\/08\/HD2-1D-600x263.png 600w, https:\/\/sinobreaker.com\/wp-content\/uploads\/2025\/08\/HD2-1D.png 690w\" sizes=\"auto, (max-width: 433px) 100vw, 433px\" \/><figcaption>Zwei PV-Str\u00e4nge \u2192 Sicherungen \u2192 SPD \u2192 DC-Schalter \u2192 Wechselrichter<\/figcaption><\/figure>\n<\/section>\n<section id=\"applications\">\n<h3>Anwendungen<\/h3>\n<ul>\n<li>Kleine PV-Anlagen f\u00fcr Wohngeb\u00e4ude mit zwei Strings<\/li>\n<li>Gewerbliche PV-D\u00e4cher mit unterbrecherbasierter Isolierung<\/li>\n<li>PV-Au\u00dfenanlagen mit IP65\/IK09-Anforderungen<\/li>\n<\/ul>\n<p>Siehe auch: <a href=\"\/de\/gleichstromsicherung\/\">DC-Sicherungen<\/a>, <a href=\"\/de\/gleichstromschnittstelle\/\">\u00dcberspannungsschutzger\u00e4te<\/a>, <a href=\"\/de\/dc-disconnector\/\">DC-Lasttrennschalter<\/a>, <a href=\"\/de\/dc-breaker\/\">DC-Breaker<\/a>.<\/p>\n<\/section>\n<section id=\"faq\">\n<h3>FAQ<\/h3>\n<div class=\"faq-item\">\n<h4>Was ist eine 2-String-PV-Kombinationsbox?<\/h4>\n<p>Ein Kombinationskasten f\u00fcr zwei PV-Str\u00e4nge mit integrierten Sicherungen, SPD und einem DC-Unterbrecher zum Schutz und zur Isolierung.<\/p>\n<\/div>\n<div class=\"faq-item\">\n<h4>Ist ein Unterbrecher enthalten?<\/h4>\n<p>Ja, die Modelle der HD-Serie verwenden einen Gleichstromunterbrecher (MCB) anstelle eines Lasttrennschalters.<\/p>\n<\/div>\n<div class=\"faq-item\">\n<h4>Ist es f\u00fcr die Verwendung im Freien geeignet?<\/h4>\n<p>Ja, mit der Schutzart IP65 und der Schlagfestigkeitsklasse IK09 ist das Geh\u00e4use f\u00fcr den Au\u00dfeneinsatz geeignet.<\/p>\n<\/div>\n<div class=\"faq-item\">\n<h4>Wo kann ich OEM\/Preise finden?<\/h4>\n<p>Besuchen Sie unser <a href=\"\/de\/pv-combiner-manufacturer\/\">Herstellerseite<\/a> oder <a href=\"\/de\/kontaktieren-sie-uns\/\">Kontaktieren Sie uns<\/a> f\u00fcr Zitate.<\/p>\n<\/div>\n<\/section>\n<section id=\"cta\">\n<h3>Angebot anfordern<\/h3>\n<p>Geben Sie uns die Daten Ihrer PV-Anlage an, und wir konfigurieren die HD-2\/1 Combiner Box entsprechend. <a href=\"\/de\/kontaktieren-sie-uns\/\">Angebot anfordern \u2192<\/a><\/p>\n<\/section>","protected":false},"excerpt":{"rendered":"<p>(1) <strong data-start=\"359\" data-end=\"387\">2 String-PV-Kombinationskasten<\/strong> f\u00fcr <strong data-start=\"392\" data-end=\"403\">1000VDC<\/strong> PV-Anlagen.<br data-start=\"415\" data-end=\"418\" \/>(2) Eingebaut <strong data-start=\"431\" data-end=\"480\">Doppelte DC-Sicherungen + SPD Typ 2 + DC-Unterbrecher (MCB)<\/strong> f\u00fcr \u00dcberspannungs- und \u00dcberstromschutz.<br data-start=\"518\" data-end=\"521\" \/>(3) Im Freien <strong data-start=\"533\" data-end=\"548\">IP65 \/ IK09<\/strong> Geh\u00e4use mit PG-Kabelverschraubungen, 2,5-16 mm\u00b2 Leiterkapazit\u00e4t.<\/p>","protected":false},"featured_media":1467,"comment_status":"open","ping_status":"closed","template":"","meta":[],"product_brand":[],"product_cat":[30],"product_tag":[],"class_list":{"0":"post-1465","1":"product","2":"type-product","3":"status-publish","4":"has-post-thumbnail","6":"product_cat-pv-combiner-box","8":"first","9":"instock","10":"shipping-taxable","11":"product-type-simple"},"_links":{"self":[{"href":"https:\/\/sinobreaker.com\/de\/wp-json\/wp\/v2\/product\/1465","targetHints":{"allow":["GET"]}}],"collection":[{"href":"https:\/\/sinobreaker.com\/de\/wp-json\/wp\/v2\/product"}],"about":[{"href":"https:\/\/sinobreaker.com\/de\/wp-json\/wp\/v2\/types\/product"}],"replies":[{"embeddable":true,"href":"https:\/\/sinobreaker.com\/de\/wp-json\/wp\/v2\/comments?post=1465"}],"wp:featuredmedia":[{"embeddable":true,"href":"https:\/\/sinobreaker.com\/de\/wp-json\/wp\/v2\/media\/1467"}],"wp:attachment":[{"href":"https:\/\/sinobreaker.com\/de\/wp-json\/wp\/v2\/media?parent=1465"}],"wp:term":[{"taxonomy":"product_brand","embeddable":true,"href":"https:\/\/sinobreaker.com\/de\/wp-json\/wp\/v2\/product_brand?post=1465"},{"taxonomy":"product_cat","embeddable":true,"href":"https:\/\/sinobreaker.com\/de\/wp-json\/wp\/v2\/product_cat?post=1465"},{"taxonomy":"product_tag","embeddable":true,"href":"https:\/\/sinobreaker.com\/de\/wp-json\/wp\/v2\/product_tag?post=1465"}],"curies":[{"name":"wp","href":"https:\/\/api.w.org\/{rel}","templated":true}]}}