{"id":1471,"date":"2025-08-25T09:47:28","date_gmt":"2025-08-25T09:47:28","guid":{"rendered":"https:\/\/sinobreaker.com\/?post_type=product&#038;p=1471"},"modified":"2025-08-25T09:48:22","modified_gmt":"2025-08-25T09:48:22","slug":"3-string-pv-kombinationskasten","status":"publish","type":"product","link":"https:\/\/sinobreaker.com\/de\/products\/3-string-pv-combiner-box\/","title":{"rendered":"3 String PV Combiner Box 1000VDC | HD Serie mit Sicherung, SPD &amp; Unterbrecher"},"content":{"rendered":"<section id=\"overview\">\n<h2>HD Serie - 3 String PV Combiner Box 1000VDC<\/h2>\n<p>Die <strong>HD-Reihe<\/strong> <strong>3 String-PV-Kombinationskasten<\/strong> wurde f\u00fcr Solaranlagen entwickelt, die einen Eingangsschutz f\u00fcr drei Str\u00e4nge mit bis zu 1000 VDC ben\u00f6tigen. Jeder Strang wird durch einen <a href=\"\/de\/gleichstromsicherung\/\">DC-Sicherung<\/a>, mit zus\u00e4tzlichen <a href=\"\/de\/gleichstromschnittstelle\/\">\u00dcberspannungsschutz Typ 2<\/a> und eine <a href=\"\/de\/dc-breaker\/\">DC-Schalter (MCB)<\/a> zur Stromkreistrennung und zum \u00dcberlastschutz.<\/p>\n<p>Erkunden Sie weitere Optionen auf unserer <a href=\"\/de\/pv-kombinator-box\/\">PV Combiner Box Landing Page<\/a> oder besuchen Sie die <a href=\"\/de\/pv-combiner-manufacturer\/\">Herstellerseite<\/a> f\u00fcr OEM-Details. F\u00fcr Switch-basierte Alternativen, siehe <a href=\"\/de\/dc-disconnector\/\">DC-Trennschalter<\/a>. F\u00fcr Zitate, <a href=\"\/de\/kontaktieren-sie-uns\/\">Kontaktieren Sie uns<\/a>.<\/p>\n<\/section>\n<section id=\"key-features\">\n<h3>Wesentliche Merkmale<\/h3>\n<ul>\n<li><strong>Topologie:<\/strong> 3 Saiten (3 rein \/ 1 raus)<\/li>\n<li><strong>Systemspannung:<\/strong> 1000V DC<\/li>\n<li><strong>Schutzvorrichtungen:<\/strong> 3 \u00d7 <a href=\"\/de\/gleichstromsicherung\/\">10\u00d738 mm DC-Sicherungen<\/a>, <a href=\"\/de\/gleichstromschnittstelle\/\">Typ 2 SPD<\/a> (40 kA), <a href=\"\/de\/dc-breaker\/\">DC-Unterbrecher<\/a> (32-63 A)<\/li>\n<li><strong>Beif\u00fcgung:<\/strong> Polycarbonat, <strong>IP65<\/strong> Eintritt &amp; <strong>IK09<\/strong> Schlagzahl<\/li>\n<li><strong>Verkabelung:<\/strong> PG09 Eing\u00e4nge, PG21 Ausgang; 2,5-16 mm\u00b2 Leiter<\/li>\n<li><strong>Normen:<\/strong> SPD getestet nach<br \/>\n<a href=\"https:\/\/www.iec.ch\/\" target=\"_blank\" rel=\"nofollow noopener\">IEC\/EN 61643-31<\/a>konform mit<br \/>\n<a href=\"https:\/\/single-market-economy.ec.europa.eu\/single-market\/european-standards\/harmonised-standards_en\" target=\"_blank\" rel=\"nofollow noopener\">CE<\/a> und<br \/>\n<a href=\"https:\/\/www.ul.com\/\" target=\"_blank\" rel=\"nofollow noopener\">UL<\/a>.<\/li>\n<\/ul>\n<\/section>\n<section id=\"specifications\">\n<h3>Technische Daten<\/h3>\n<table>\n<thead>\n<tr>\n<th>Spezifikation<\/th>\n<th>Wert<\/th>\n<\/tr>\n<\/thead>\n<tbody>\n<tr>\n<td>Serie<\/td>\n<td>HD<\/td>\n<\/tr>\n<tr>\n<td>Eingang\/Ausgang<\/td>\n<td>3 Saiten (3 rein \/ 1 raus)<\/td>\n<\/tr>\n<tr>\n<td>Maximale Systemspannung<\/td>\n<td>1000V DC<\/td>\n<\/tr>\n<tr>\n<td>Maximaler Eingangsstrom<\/td>\n<td>16 A pro String<\/td>\n<\/tr>\n<tr>\n<td>Max. Ausgangsstrom<\/td>\n<td>48 A<\/td>\n<\/tr>\n<tr>\n<td>\u00dcberspannungsschutzger\u00e4t<\/td>\n<td>Typ 2 SPD, 40 kA<\/td>\n<\/tr>\n<tr>\n<td>Sicherung<\/td>\n<td>3 \u00d7 10\u00d738 mm DC-Sicherungen, typ. 16 A<\/td>\n<\/tr>\n<tr>\n<td>Unterbrecher<\/td>\n<td>DC-Schalter (MCB), 32-63 A<\/td>\n<\/tr>\n<tr>\n<td>Gehege<\/td>\n<td>PC, IP65<\/td>\n<\/tr>\n<tr>\n<td>Schlagz\u00e4higkeit<\/td>\n<td>IK09<\/td>\n<\/tr>\n<tr>\n<td>Abmessungen<\/td>\n<td>~260 \u00d7 230 \u00d7 110 mm<\/td>\n<\/tr>\n<tr>\n<td>Kabel-Eintr\u00e4ge<\/td>\n<td>PG09 Eing\u00e4nge; PG21 Ausgang<\/td>\n<\/tr>\n<tr>\n<td>Gr\u00f6\u00dfe des Leiters<\/td>\n<td>2,5-16 mm\u00b2<\/td>\n<\/tr>\n<tr>\n<td>Betriebstemperatur<\/td>\n<td>-20 \u2103 ~ +60 \u2103<\/td>\n<\/tr>\n<tr>\n<td>Luftfeuchtigkeit<\/td>\n<td>\u2264 99%<\/td>\n<\/tr>\n<tr>\n<td>H\u00f6henlage<\/td>\n<td>\u2264 2000 m<\/td>\n<\/tr>\n<tr>\n<td>Einrichtung<\/td>\n<td>Wandbefestigung<\/td>\n<\/tr>\n<\/tbody>\n<\/table>\n<\/section>\n<section id=\"wiring-diagram\">\n<h3>Stromlaufplan<\/h3>\n<figure><img loading=\"lazy\" decoding=\"async\" class=\"alignnone wp-image-1472\" src=\"https:\/\/sinobreaker.com\/wp-content\/uploads\/2025\/08\/HD3-1D-300x173.png\" alt=\"3 String PV Combiner Box Diagramm\" width=\"503\" height=\"290\" srcset=\"https:\/\/sinobreaker.com\/wp-content\/uploads\/2025\/08\/HD3-1D-300x173.png 300w, https:\/\/sinobreaker.com\/wp-content\/uploads\/2025\/08\/HD3-1D-18x10.png 18w, https:\/\/sinobreaker.com\/wp-content\/uploads\/2025\/08\/HD3-1D-600x346.png 600w, https:\/\/sinobreaker.com\/wp-content\/uploads\/2025\/08\/HD3-1D.png 700w\" sizes=\"auto, (max-width: 503px) 100vw, 503px\" \/><figcaption>Drei PV-Str\u00e4nge \u2192 Sicherungen \u2192 SPD \u2192 DC-Schalter \u2192 Wechselrichter<\/figcaption><\/figure>\n<\/section>\n<section id=\"applications\">\n<h3>Anwendungen<\/h3>\n<ul>\n<li>PV-Anlagen f\u00fcr Wohnh\u00e4user und kleine Gewerbebetriebe mit 3 Strings<\/li>\n<li>Solard\u00e4cher, die eine Isolierung durch Leistungsschalter erfordern<\/li>\n<li>Solarprojekte f\u00fcr den Au\u00dfenbereich, die IP65 \/ IK09 Schutz ben\u00f6tigen<\/li>\n<\/ul>\n<p>Verwandt: <a href=\"\/de\/gleichstromsicherung\/\">DC-Sicherung<\/a>, <a href=\"\/de\/gleichstromschnittstelle\/\">\u00dcberspannungsschutzger\u00e4te<\/a>, <a href=\"\/de\/dc-disconnector\/\">DC-Lasttrennschalter<\/a>, <a href=\"\/de\/dc-breaker\/\">DC-Breaker<\/a>.<\/p>\n<\/section>\n<section id=\"faq\">\n<h3>FAQ<\/h3>\n<div class=\"faq-item\">\n<h4>Was ist ein 3-String-PV-Verbindungskasten?<\/h4>\n<p>Ein Kombinationskasten f\u00fcr drei PV-Str\u00e4nge, der Sicherungen, SPD und Unterbrecher bis zu 1000 VDC bietet.<\/p>\n<\/div>\n<div class=\"faq-item\">\n<h4>Wird ein Unterbrecher verwendet?<\/h4>\n<p>Ja, die Modelle der HD-Serie verf\u00fcgen \u00fcber einen Gleichstromunterbrecher (MCB) f\u00fcr eine sichere Isolierung, im Gegensatz zu den HS-Modellen, die Lasttrennschalter verwenden.<\/p>\n<\/div>\n<div class=\"faq-item\">\n<h4>Welche Stromst\u00e4rken werden unterst\u00fctzt?<\/h4>\n<p>Die Sicherungen haben in der Regel einen Nennwert von 16 A pro Strang, w\u00e4hrend der Unterbrecher 32-63 A unterst\u00fctzt.<\/p>\n<\/div>\n<div class=\"faq-item\">\n<h4>Ist es f\u00fcr den Au\u00dfenbereich geeignet?<\/h4>\n<p>Ja, das Geh\u00e4use entspricht der Schutzklasse IP65 und der Schlagfestigkeitsklasse IK09 und ist f\u00fcr Solarsysteme im Freien geeignet.<\/p>\n<\/div>\n<\/section>\n<section id=\"cta\">\n<h3>Angebot anfordern<\/h3>\n<p>Schicken Sie uns Ihre PV-Anlagenspezifikationen und wir konfigurieren den 3-String-Kombinationskasten entsprechend. <a href=\"\/de\/kontaktieren-sie-uns\/\">Angebot anfordern \u2192<\/a><\/p>\n<\/section>","protected":false},"excerpt":{"rendered":"<p>(1) <strong data-start=\"348\" data-end=\"376\">3 String-PV-Kombinationskasten<\/strong> f\u00fcr <strong data-start=\"381\" data-end=\"392\">1000VDC<\/strong> PV-Solaranlagen.<br data-start=\"410\" data-end=\"413\" \/>(2) Ausgestattet mit <strong data-start=\"431\" data-end=\"478\">3\u00d7 DC-Sicherungen + Typ 2 SPD + DC-Unterbrecher (MCB)<\/strong> f\u00fcr zuverl\u00e4ssigen Schutz.<br data-start=\"503\" data-end=\"506\" \/>(3) Widerstandsf\u00e4hig <strong data-start=\"517\" data-end=\"532\">IP65 \/ IK09<\/strong> PC-Geh\u00e4use, wandmontiert, PG-Verschraubungen f\u00fcr 2,5-16 mm\u00b2 Kabel<\/p>","protected":false},"featured_media":1473,"comment_status":"open","ping_status":"closed","template":"","meta":[],"product_brand":[],"product_cat":[30],"product_tag":[],"class_list":{"0":"post-1471","1":"product","2":"type-product","3":"status-publish","4":"has-post-thumbnail","6":"product_cat-pv-combiner-box","8":"first","9":"instock","10":"shipping-taxable","11":"product-type-simple"},"_links":{"self":[{"href":"https:\/\/sinobreaker.com\/de\/wp-json\/wp\/v2\/product\/1471","targetHints":{"allow":["GET"]}}],"collection":[{"href":"https:\/\/sinobreaker.com\/de\/wp-json\/wp\/v2\/product"}],"about":[{"href":"https:\/\/sinobreaker.com\/de\/wp-json\/wp\/v2\/types\/product"}],"replies":[{"embeddable":true,"href":"https:\/\/sinobreaker.com\/de\/wp-json\/wp\/v2\/comments?post=1471"}],"wp:featuredmedia":[{"embeddable":true,"href":"https:\/\/sinobreaker.com\/de\/wp-json\/wp\/v2\/media\/1473"}],"wp:attachment":[{"href":"https:\/\/sinobreaker.com\/de\/wp-json\/wp\/v2\/media?parent=1471"}],"wp:term":[{"taxonomy":"product_brand","embeddable":true,"href":"https:\/\/sinobreaker.com\/de\/wp-json\/wp\/v2\/product_brand?post=1471"},{"taxonomy":"product_cat","embeddable":true,"href":"https:\/\/sinobreaker.com\/de\/wp-json\/wp\/v2\/product_cat?post=1471"},{"taxonomy":"product_tag","embeddable":true,"href":"https:\/\/sinobreaker.com\/de\/wp-json\/wp\/v2\/product_tag?post=1471"}],"curies":[{"name":"wp","href":"https:\/\/api.w.org\/{rel}","templated":true}]}}