{"id":1475,"date":"2025-08-25T09:55:54","date_gmt":"2025-08-25T09:55:54","guid":{"rendered":"https:\/\/sinobreaker.com\/?post_type=product&#038;p=1475"},"modified":"2025-08-25T09:55:54","modified_gmt":"2025-08-25T09:55:54","slug":"4-string-pv-combiner-box-dual-outputs","status":"publish","type":"product","link":"https:\/\/sinobreaker.com\/de\/products\/4-string-pv-combiner-box-dual-outputs\/","title":{"rendered":"4 String PV Combiner Box mit zwei Ausg\u00e4ngen 1000VDC | HD Serie mit Sicherung, SPD &amp; Unterbrecher"},"content":{"rendered":"<section id=\"overview\">\n<h2>HD Serie - 4 String PV Combiner Box mit zwei Ausg\u00e4ngen 1000VDC<\/h2>\n<p>Die <strong>HD-Reihe<\/strong> <strong>4 String-PV-Kombinationskasten mit zwei Ausg\u00e4ngen<\/strong> ist f\u00fcr mittelgro\u00dfe PV-Anlagen konzipiert. Er akzeptiert vier String-Eing\u00e4nge und bietet zwei unabh\u00e4ngige Ausg\u00e4nge. Jeder String ist einzeln durch eine <a href=\"\/de\/gleichstromsicherung\/\">DC-Sicherung<\/a>, und das System integriert eine <a href=\"\/de\/gleichstromschnittstelle\/\">Typ 2 SPD<\/a> und eine <a href=\"\/de\/dc-breaker\/\">DC-Unterbrecher<\/a> zur Unterdr\u00fcckung von \u00dcberspannungen und zur Isolierung von Stromkreisen.<\/p>\n<p>Entdecken Sie die gesamte Produktpalette auf unserer <a href=\"\/de\/pv-kombinator-box\/\">PV Combiner Box Landing Page<\/a>, und erfahren Sie mehr \u00fcber OEM-Dienste auf der Website <a href=\"\/de\/pv-combiner-manufacturer\/\">Herstellerseite<\/a>. F\u00fcr Switch-basierte Alternativen, siehe <a href=\"\/de\/dc-disconnector\/\">DC-Lasttrennschalter<\/a>. F\u00fcr die Preisgestaltung, <a href=\"\/de\/kontaktieren-sie-uns\/\">Kontaktieren Sie uns<\/a>.<\/p>\n<\/section>\n<section id=\"key-features\">\n<h3>Wesentliche Merkmale<\/h3>\n<ul>\n<li><strong>Topologie:<\/strong> 4 Saiten (4 ein \/ 2 aus)<\/li>\n<li><strong>Systemspannung:<\/strong> 1000V DC<\/li>\n<li><strong>Schutzvorrichtungen:<\/strong> 4 \u00d7 <a href=\"\/de\/gleichstromsicherung\/\">10\u00d738 mm DC-Sicherungen<\/a>, <a href=\"\/de\/gleichstromschnittstelle\/\">Typ 2 SPD<\/a> (40 kA), <a href=\"\/de\/dc-breaker\/\">DC-Schalter (MCB)<\/a><\/li>\n<li><strong>Beif\u00fcgung:<\/strong> PC, <strong>IP65<\/strong> eintreten, <strong>IK09<\/strong> Schlagfestigkeit<\/li>\n<li><strong>Verkabelung:<\/strong> PG09 Eing\u00e4nge, PG21 Doppelausg\u00e4nge; Leiterbereich 2,5-16 mm\u00b2<\/li>\n<li><strong>Normen:<\/strong> SPD getestet nach<br \/>\n<a href=\"https:\/\/www.iec.ch\/\" target=\"_blank\" rel=\"nofollow noopener\">IEC\/EN 61643-31<\/a>gem\u00e4\u00df<br \/>\n<a href=\"https:\/\/single-market-economy.ec.europa.eu\/single-market\/european-standards\/harmonised-standards_en\" target=\"_blank\" rel=\"nofollow noopener\">CE<\/a> und<br \/>\n<a href=\"https:\/\/www.ul.com\/\" target=\"_blank\" rel=\"nofollow noopener\">UL<\/a>.<\/li>\n<\/ul>\n<\/section>\n<section id=\"specifications\">\n<h3>Technische Daten<\/h3>\n<table>\n<thead>\n<tr>\n<th>Spezifikation<\/th>\n<th>Wert<\/th>\n<\/tr>\n<\/thead>\n<tbody>\n<tr>\n<td>Serie<\/td>\n<td>HD<\/td>\n<\/tr>\n<tr>\n<td>Eingang\/Ausgang<\/td>\n<td>4 Saiten (4 ein \/ 2 aus)<\/td>\n<\/tr>\n<tr>\n<td>Maximale Systemspannung<\/td>\n<td>1000V DC<\/td>\n<\/tr>\n<tr>\n<td>Maximaler Eingangsstrom<\/td>\n<td>16 A pro String<\/td>\n<\/tr>\n<tr>\n<td>Max. Ausgangsstrom<\/td>\n<td>2 \u00d7 32 A<\/td>\n<\/tr>\n<tr>\n<td>\u00dcberspannungsschutzger\u00e4t<\/td>\n<td>Typ 2 SPD, 40 kA<\/td>\n<\/tr>\n<tr>\n<td>Sicherung<\/td>\n<td>4 \u00d7 10\u00d738 mm DC-Sicherungen, typ. 16 A<\/td>\n<\/tr>\n<tr>\n<td>Unterbrecher<\/td>\n<td>DC-Schalter (MCB), 32-63 A<\/td>\n<\/tr>\n<tr>\n<td>Gehege<\/td>\n<td>PC, IP65<\/td>\n<\/tr>\n<tr>\n<td>Schlagz\u00e4higkeit<\/td>\n<td>IK09<\/td>\n<\/tr>\n<tr>\n<td>Abmessungen<\/td>\n<td>~ca. 300 \u00d7 260 \u00d7 120 mm<\/td>\n<\/tr>\n<tr>\n<td>Kabel-Eintr\u00e4ge<\/td>\n<td>PG09 Eing\u00e4nge; PG21 Ausg\u00e4nge<\/td>\n<\/tr>\n<tr>\n<td>Gr\u00f6\u00dfe des Leiters<\/td>\n<td>2,5-16 mm\u00b2<\/td>\n<\/tr>\n<tr>\n<td>Betriebstemperatur<\/td>\n<td>-20 \u2103 ~ +60 \u2103<\/td>\n<\/tr>\n<tr>\n<td>Luftfeuchtigkeit<\/td>\n<td>\u2264 99%<\/td>\n<\/tr>\n<tr>\n<td>H\u00f6henlage<\/td>\n<td>\u2264 2000 m<\/td>\n<\/tr>\n<tr>\n<td>Einrichtung<\/td>\n<td>Wandbefestigung<\/td>\n<\/tr>\n<\/tbody>\n<\/table>\n<\/section>\n<section id=\"wiring-diagram\">\n<h3>Stromlaufplan<\/h3>\n<figure><img loading=\"lazy\" decoding=\"async\" class=\"alignnone  wp-image-1476\" src=\"https:\/\/sinobreaker.com\/wp-content\/uploads\/2025\/08\/HD4-2D-300x253.png\" alt=\"4 String PV Combiner Box Diagramm\" width=\"458\" height=\"386\" srcset=\"https:\/\/sinobreaker.com\/wp-content\/uploads\/2025\/08\/HD4-2D-300x253.png 300w, https:\/\/sinobreaker.com\/wp-content\/uploads\/2025\/08\/HD4-2D-14x12.png 14w, https:\/\/sinobreaker.com\/wp-content\/uploads\/2025\/08\/HD4-2D-600x506.png 600w, https:\/\/sinobreaker.com\/wp-content\/uploads\/2025\/08\/HD4-2D.png 673w\" sizes=\"auto, (max-width: 458px) 100vw, 458px\" \/><figcaption>Vier PV-Strings \u2192 Sicherungen \u2192 SPD \u2192 DC-Schalter \u2192 Zwei Ausg\u00e4nge<\/figcaption><\/figure>\n<\/section>\n<section id=\"applications\">\n<h3>Anwendungen<\/h3>\n<ul>\n<li>Gewerbliche PV-D\u00e4cher mit 4 Strings<\/li>\n<li>Solaranlagen, die zwei Ausg\u00e4nge f\u00fcr Flexibilit\u00e4t ben\u00f6tigen<\/li>\n<li>Freiland-PV-Projekte mit IP65\/IK09-Schutzanforderungen<\/li>\n<\/ul>\n<p>Verwandt: <a href=\"\/de\/gleichstromsicherung\/\">DC-Sicherungen<\/a>, <a href=\"\/de\/gleichstromschnittstelle\/\">\u00dcberspannungsschutzger\u00e4te<\/a>, <a href=\"\/de\/dc-disconnector\/\">DC-Lasttrennschalter<\/a>, <a href=\"\/de\/dc-breaker\/\">DC-Breaker<\/a>.<\/p>\n<\/section>\n<section id=\"faq\">\n<h3>FAQ<\/h3>\n<div class=\"faq-item\">\n<h4>Was ist ein 4-String-PV-Kombinationskasten mit zwei Ausg\u00e4ngen?<\/h4>\n<p>Ein Kombinationskasten, der vier PV-String-Eing\u00e4nge aufnimmt und zwei gesch\u00fctzte Ausg\u00e4nge bereitstellt, in denen Sicherungen, SPD und ein Unterbrecher integriert sind.<\/p>\n<\/div>\n<div class=\"faq-item\">\n<h4>Ist ein \u00dcberspannungsschutz vorhanden?<\/h4>\n<p>Ja, er enth\u00e4lt ein SPD vom Typ 2 mit 40 kA.<\/p>\n<\/div>\n<div class=\"faq-item\">\n<h4>Ist es f\u00fcr den Au\u00dfenbereich geeignet?<\/h4>\n<p>Ja, das Polycarbonat-Geh\u00e4use ist nach IP65 und IK09 f\u00fcr den Au\u00dfenbereich geeignet.<\/p>\n<\/div>\n<div class=\"faq-item\">\n<h4>Was ist der Unterschied zu den 4-in-1-out-Modellen?<\/h4>\n<p>Dieses Modell bietet zwei Ausg\u00e4nge, w\u00e4hrend die Versionen mit 4 Eing\u00e4ngen und 1 Ausgang alle Strings in einem einzigen Ausgang zusammenfassen.<\/p>\n<\/div>\n<\/section>\n<section id=\"cta\">\n<h3>Angebot anfordern<\/h3>\n<p>Nennen Sie uns die Daten Ihrer PV-Anlage, und wir konfigurieren den HD 4 String Combiner Box mit zwei Ausg\u00e4ngen entsprechend. <a href=\"\/de\/kontaktieren-sie-uns\/\">Angebot anfordern \u2192<\/a><\/p>\n<\/section>","protected":false},"excerpt":{"rendered":"<p>(1) <strong data-start=\"415\" data-end=\"461\">4 String-PV-Kombinationskasten mit zwei Ausg\u00e4ngen<\/strong> f\u00fcr <strong data-start=\"466\" data-end=\"477\">1000VDC<\/strong> PV-Anlagen.<br data-start=\"489\" data-end=\"492\" \/>(2) Integriert <strong data-start=\"507\" data-end=\"554\">4\u00d7 DC-Sicherungen + Typ 2 SPD + DC-Unterbrecher (MCB)<\/strong> f\u00fcr \u00dcberspannungs- und \u00dcberstromschutz.<br data-start=\"592\" data-end=\"595\" \/>(3) Im Freien <strong data-start=\"607\" data-end=\"622\">IP65 \/ IK09<\/strong> PC-Geh\u00e4use, Doppelausg\u00e4nge, PG-Verschraubungen f\u00fcr 2,5-16 mm\u00b2 Leiter.<\/p>","protected":false},"featured_media":1477,"comment_status":"open","ping_status":"closed","template":"","meta":[],"product_brand":[],"product_cat":[30],"product_tag":[],"class_list":{"0":"post-1475","1":"product","2":"type-product","3":"status-publish","4":"has-post-thumbnail","6":"product_cat-pv-combiner-box","8":"first","9":"instock","10":"shipping-taxable","11":"product-type-simple"},"_links":{"self":[{"href":"https:\/\/sinobreaker.com\/de\/wp-json\/wp\/v2\/product\/1475","targetHints":{"allow":["GET"]}}],"collection":[{"href":"https:\/\/sinobreaker.com\/de\/wp-json\/wp\/v2\/product"}],"about":[{"href":"https:\/\/sinobreaker.com\/de\/wp-json\/wp\/v2\/types\/product"}],"replies":[{"embeddable":true,"href":"https:\/\/sinobreaker.com\/de\/wp-json\/wp\/v2\/comments?post=1475"}],"wp:featuredmedia":[{"embeddable":true,"href":"https:\/\/sinobreaker.com\/de\/wp-json\/wp\/v2\/media\/1477"}],"wp:attachment":[{"href":"https:\/\/sinobreaker.com\/de\/wp-json\/wp\/v2\/media?parent=1475"}],"wp:term":[{"taxonomy":"product_brand","embeddable":true,"href":"https:\/\/sinobreaker.com\/de\/wp-json\/wp\/v2\/product_brand?post=1475"},{"taxonomy":"product_cat","embeddable":true,"href":"https:\/\/sinobreaker.com\/de\/wp-json\/wp\/v2\/product_cat?post=1475"},{"taxonomy":"product_tag","embeddable":true,"href":"https:\/\/sinobreaker.com\/de\/wp-json\/wp\/v2\/product_tag?post=1475"}],"curies":[{"name":"wp","href":"https:\/\/api.w.org\/{rel}","templated":true}]}}