{"id":1478,"date":"2025-08-25T10:01:10","date_gmt":"2025-08-25T10:01:10","guid":{"rendered":"https:\/\/sinobreaker.com\/?post_type=product&#038;p=1478"},"modified":"2025-08-25T10:01:11","modified_gmt":"2025-08-25T10:01:11","slug":"6-string-pv-kombinationskasten","status":"publish","type":"product","link":"https:\/\/sinobreaker.com\/de\/products\/6-string-pv-combiner-box\/","title":{"rendered":"6 String PV Combiner Box mit zwei Ausg\u00e4ngen 1000VDC | HD Serie mit Sicherung, SPD &amp; Unterbrecher"},"content":{"rendered":"<section id=\"overview\">\n<h2>HD Serie - 6 String PV Combiner Box mit zwei Ausg\u00e4ngen 1000VDC<\/h2>\n<p>Die <strong>HD-Reihe<\/strong> <strong>6 String-PV-Kombinationskasten mit zwei Ausg\u00e4ngen<\/strong> ist f\u00fcr gr\u00f6\u00dfere private und gewerbliche PV-Anlagen konzipiert. Er unterst\u00fctzt sechs DC-String-Eing\u00e4nge und bietet zwei unabh\u00e4ngige Ausg\u00e4nge. Jeder Eingang ist einzeln abgesichert, mit einer <a href=\"\/de\/gleichstromschnittstelle\/\">Typ 2 SPD<\/a> und eine <a href=\"\/de\/dc-breaker\/\">DC-Schalter (MCB)<\/a> die einen sicheren Betrieb, \u00dcberspannungsschutz und eine zuverl\u00e4ssige Isolierung gew\u00e4hrleisten.<\/p>\n<p>Entdecken Sie unser komplettes Produktsortiment auf der <a href=\"\/de\/pv-kombinator-box\/\">PV Combiner Box Landing Page<\/a>und besuchen Sie unsere <a href=\"\/de\/pv-combiner-manufacturer\/\">Herstellerseite<\/a> f\u00fcr OEM-Details. Alternativen zu Lasttrennschaltern finden Sie in der <a href=\"\/de\/dc-disconnector\/\">DC-Trennschalter<\/a>. Preisanfrage, <a href=\"\/de\/kontaktieren-sie-uns\/\">Kontaktieren Sie uns<\/a>.<\/p>\n<\/section>\n<section id=\"key-features\">\n<h3>Wesentliche Merkmale<\/h3>\n<ul>\n<li><strong>Topologie:<\/strong> 6 Saiten (6 ein \/ 2 aus)<\/li>\n<li><strong>Systemspannung:<\/strong> 1000V DC<\/li>\n<li><strong>Schutzvorrichtungen:<\/strong> 6 \u00d7 <a href=\"\/de\/gleichstromsicherung\/\">10\u00d738 mm DC-Sicherungen<\/a>, <a href=\"\/de\/gleichstromschnittstelle\/\">Typ 2 SPD<\/a> (40 kA), <a href=\"\/de\/dc-breaker\/\">DC-Schalter (MCB)<\/a> (63 A)<\/li>\n<li><strong>Beif\u00fcgung:<\/strong> Polycarbonat, <strong>IP65<\/strong> Eintritt &amp; <strong>IK09<\/strong> Aufprallschutz<\/li>\n<li><strong>Verkabelung:<\/strong> PG09 Eing\u00e4nge, PG21 Doppelausg\u00e4nge, 2,5-16 mm\u00b2 Leiter<\/li>\n<li><strong>Normen:<\/strong> SPD getestet nach<br \/>\n<a href=\"https:\/\/www.iec.ch\/\" target=\"_blank\" rel=\"nofollow noopener\">IEC\/EN 61643-31<\/a>konform mit<br \/>\n<a href=\"https:\/\/single-market-economy.ec.europa.eu\/single-market\/european-standards\/harmonised-standards_en\" target=\"_blank\" rel=\"nofollow noopener\">CE<\/a> und<br \/>\n<a href=\"https:\/\/www.ul.com\/\" target=\"_blank\" rel=\"nofollow noopener\">UL<\/a>.<\/li>\n<\/ul>\n<\/section>\n<section id=\"specifications\">\n<h3>Technische Daten<\/h3>\n<table>\n<thead>\n<tr>\n<th>Spezifikation<\/th>\n<th>Wert<\/th>\n<\/tr>\n<\/thead>\n<tbody>\n<tr>\n<td>Serie<\/td>\n<td>HD<\/td>\n<\/tr>\n<tr>\n<td>Eingang\/Ausgang<\/td>\n<td>6 Saiten (6 ein \/ 2 aus)<\/td>\n<\/tr>\n<tr>\n<td>Maximale Systemspannung<\/td>\n<td>1000V DC<\/td>\n<\/tr>\n<tr>\n<td>Maximaler Eingangsstrom<\/td>\n<td>16 A pro String<\/td>\n<\/tr>\n<tr>\n<td>Max. Ausgangsstrom<\/td>\n<td>2 \u00d7 48 A<\/td>\n<\/tr>\n<tr>\n<td>\u00dcberspannungsschutzger\u00e4t<\/td>\n<td>Typ 2 SPD, 40 kA<\/td>\n<\/tr>\n<tr>\n<td>Sicherung<\/td>\n<td>6 \u00d7 10\u00d738 mm DC-Sicherungen, typ. 16 A<\/td>\n<\/tr>\n<tr>\n<td>Unterbrecher<\/td>\n<td>Gleichstromunterbrecher (MCB), 63 A<\/td>\n<\/tr>\n<tr>\n<td>Gehege<\/td>\n<td>PC, IP65<\/td>\n<\/tr>\n<tr>\n<td>Schlagz\u00e4higkeit<\/td>\n<td>IK09<\/td>\n<\/tr>\n<tr>\n<td>Abmessungen<\/td>\n<td>~ca. 340 \u00d7 280 \u00d7 130 mm<\/td>\n<\/tr>\n<tr>\n<td>Kabel-Eintr\u00e4ge<\/td>\n<td>PG09 Eing\u00e4nge; PG21 Doppelausg\u00e4nge<\/td>\n<\/tr>\n<tr>\n<td>Gr\u00f6\u00dfe des Leiters<\/td>\n<td>2,5-16 mm\u00b2<\/td>\n<\/tr>\n<tr>\n<td>Betriebstemperatur<\/td>\n<td>-20 \u2103 ~ +60 \u2103<\/td>\n<\/tr>\n<tr>\n<td>Luftfeuchtigkeit<\/td>\n<td>\u2264 99%<\/td>\n<\/tr>\n<tr>\n<td>H\u00f6henlage<\/td>\n<td>\u2264 2000 m<\/td>\n<\/tr>\n<tr>\n<td>Einrichtung<\/td>\n<td>Wandbefestigung<\/td>\n<\/tr>\n<\/tbody>\n<\/table>\n<\/section>\n<section id=\"wiring-diagram\">\n<h3>Stromlaufplan<\/h3>\n<figure>6 String-PV-Kombinationskasten<figcaption>Sechs PV-Strings \u2192 Sicherungen \u2192 SPD \u2192 DC-Unterbrecher \u2192 Doppelausg\u00e4nge<\/figcaption><\/figure>\n<\/section>\n<section id=\"applications\">\n<h3>Anwendungen<\/h3>\n<ul>\n<li>Mittlere bis gro\u00dfe PV-Anlagen f\u00fcr Wohngeb\u00e4ude mit 6 Strings<\/li>\n<li>Gewerbliche Aufdach- und Freifl\u00e4chen-PV-Anlagen<\/li>\n<li>Projekte im Au\u00dfenbereich, die IP65 \/ IK09-Geh\u00e4use erfordern<\/li>\n<\/ul>\n<p>Verwandt: <a href=\"\/de\/gleichstromsicherung\/\">DC-Sicherungen<\/a>, <a href=\"\/de\/gleichstromschnittstelle\/\">\u00dcberspannungsschutzger\u00e4te<\/a>, <a href=\"\/de\/dc-disconnector\/\">DC-Lasttrennschalter<\/a>, <a href=\"\/de\/dc-breaker\/\">DC-Breaker<\/a>.<\/p>\n<\/section>\n<section id=\"faq\">\n<h3>FAQ<\/h3>\n<div class=\"faq-item\">\n<h4>Was ist ein 6-String-PV-Kombinationskasten mit zwei Ausg\u00e4ngen?<\/h4>\n<p>Ein Kombinationskasten, der sechs PV-Eing\u00e4nge unterst\u00fctzt und zwei Ausg\u00e4nge bietet, mit integrierten Sicherungen, SPD und Unterbrecher.<\/p>\n<\/div>\n<div class=\"faq-item\">\n<h4>Bietet es \u00dcberspannungsschutz?<\/h4>\n<p>Ja, es ist ein Typ 2 SPD mit 40 kA integriert.<\/p>\n<\/div>\n<div class=\"faq-item\">\n<h4>Ist es f\u00fcr den Au\u00dfenbereich geeignet?<\/h4>\n<p>Ja, das PC-Geh\u00e4use ist nach IP65 und IK09 f\u00fcr Solaranwendungen im Freien geeignet.<\/p>\n<\/div>\n<div class=\"faq-item\">\n<h4>Was unterscheidet ihn von kleineren Modellen?<\/h4>\n<p>Der HD-6\/2 unterst\u00fctzt die gr\u00f6\u00dfte Anzahl von Strings in der Serie, ideal f\u00fcr gr\u00f6\u00dfere PV-Anlagen, die zwei Ausg\u00e4nge ben\u00f6tigen.<\/p>\n<\/div>\n<\/section>\n<section id=\"cta\">\n<h3>Angebot anfordern<\/h3>\n<p>Teilen Sie uns die Details Ihrer PV-Anlage mit, und wir konfigurieren die HD-6\/2 Combiner Box passend dazu. <a href=\"\/de\/kontaktieren-sie-uns\/\">Angebot anfordern \u2192<\/a><\/p>\n<\/section>","protected":false},"excerpt":{"rendered":"<p>(1) <strong data-start=\"441\" data-end=\"487\">6 String-PV-Kombinationskasten mit zwei Ausg\u00e4ngen<\/strong> f\u00fcr <strong data-start=\"492\" data-end=\"503\">1000VDC<\/strong> PV-Solaranlagen.<br data-start=\"521\" data-end=\"524\" \/>(2) Integriert <strong data-start=\"539\" data-end=\"586\">6\u00d7 DC-Sicherungen + Typ 2 SPD + DC-Unterbrecher (MCB)<\/strong> f\u00fcr maximale Zuverl\u00e4ssigkeit.<br data-start=\"611\" data-end=\"614\" \/>(3) Hochbelastbar <strong data-start=\"629\" data-end=\"644\">IP65 \/ IK09<\/strong> PC-Geh\u00e4use, wandmontiert, Doppelausg\u00e4nge mit PG-Verschraubungen 2,5-16 mm\u00b2.<\/p>","protected":false},"featured_media":1480,"comment_status":"open","ping_status":"closed","template":"","meta":[],"product_brand":[],"product_cat":[30],"product_tag":[],"class_list":{"0":"post-1478","1":"product","2":"type-product","3":"status-publish","4":"has-post-thumbnail","6":"product_cat-pv-combiner-box","8":"first","9":"instock","10":"shipping-taxable","11":"product-type-simple"},"_links":{"self":[{"href":"https:\/\/sinobreaker.com\/de\/wp-json\/wp\/v2\/product\/1478","targetHints":{"allow":["GET"]}}],"collection":[{"href":"https:\/\/sinobreaker.com\/de\/wp-json\/wp\/v2\/product"}],"about":[{"href":"https:\/\/sinobreaker.com\/de\/wp-json\/wp\/v2\/types\/product"}],"replies":[{"embeddable":true,"href":"https:\/\/sinobreaker.com\/de\/wp-json\/wp\/v2\/comments?post=1478"}],"wp:featuredmedia":[{"embeddable":true,"href":"https:\/\/sinobreaker.com\/de\/wp-json\/wp\/v2\/media\/1480"}],"wp:attachment":[{"href":"https:\/\/sinobreaker.com\/de\/wp-json\/wp\/v2\/media?parent=1478"}],"wp:term":[{"taxonomy":"product_brand","embeddable":true,"href":"https:\/\/sinobreaker.com\/de\/wp-json\/wp\/v2\/product_brand?post=1478"},{"taxonomy":"product_cat","embeddable":true,"href":"https:\/\/sinobreaker.com\/de\/wp-json\/wp\/v2\/product_cat?post=1478"},{"taxonomy":"product_tag","embeddable":true,"href":"https:\/\/sinobreaker.com\/de\/wp-json\/wp\/v2\/product_tag?post=1478"}],"curies":[{"name":"wp","href":"https:\/\/api.w.org\/{rel}","templated":true}]}}