{"id":1009,"date":"2025-08-18T06:43:40","date_gmt":"2025-08-18T06:43:40","guid":{"rendered":"https:\/\/sinobreaker.com\/?post_type=product&#038;p=1009"},"modified":"2025-09-22T06:49:38","modified_gmt":"2025-09-22T06:49:38","slug":"10x85mm-232a1500vdc-50ka-cfpv-pv-fusibles-solares","status":"publish","type":"product","link":"https:\/\/sinobreaker.com\/es\/products\/10x85mm-1500vdc-cfpv-pv-solar-fuses\/","title":{"rendered":"10x85mm 2~32A1500VDC 50kA Fusibles Solares CFPV PV"},"content":{"rendered":"<p>La serie de fusibles solares CFPV PV de 10x85mm 2~32A1500VDC 50kA est\u00e1 dise\u00f1ada espec\u00edficamente para sistemas de generaci\u00f3n de energ\u00eda solar fotovoltaica (PV), proporcionando una protecci\u00f3n fiable con una tensi\u00f3n nominal alta de hasta 1500V CC y una corriente nominal de hasta 50A. Estos fusibles son ideales para conectar con paneles fotovoltaicos y bater\u00edas para salvaguardar los sistemas de caudal variable ofreciendo protecci\u00f3n contra cortocircuitos en estaciones fotovoltaicas y sistemas de generaci\u00f3n de energ\u00eda. Con una impresionante capacidad de corte de 50 kA, esta serie de fusibles es un componente esencial para garantizar la seguridad y la eficiencia de las aplicaciones de energ\u00eda solar.<\/p>\n<p><strong>Caracter\u00edsticas principales<\/strong><\/p>\n<ul>\n<li><strong>Compatibilidad con alta tensi\u00f3n<\/strong>: Soporta hasta 1500V DC, cumpliendo los requisitos de los sistemas solares de alto voltaje.<\/li>\n<li><strong>Amplia gama de corrientes<\/strong>: Corriente nominal de 2 A a 32 A, con opciones de hasta 50 A, para adaptarse a diversas aplicaciones fotovoltaicas.<\/li>\n<li><strong>Excepcional capacidad de rotura<\/strong>: Con un poder de corte nominal de 50 kA, proporciona una protecci\u00f3n fiable contra cortocircuitos.<\/li>\n<li><strong>Cumplimiento de la clase GPV<\/strong>: Certificado como Clase GPV (Fusible Fotovoltaico), conforme a las normas IEC 60269-6, espec\u00edfico para la protecci\u00f3n fotovoltaica.<\/li>\n<li><strong>Tiempo de respuesta r\u00e1pido<\/strong>: Una constante de tiempo de 1-3 ms garantiza una protecci\u00f3n r\u00e1pida y eficaz del circuito.<\/li>\n<\/ul>\n<p>&nbsp;<\/p>\n<p><strong>Caracter\u00edsticas el\u00e9ctricas<\/strong><\/p>\n<p>Esta es la tabla de par\u00e1metros para el\u00a0<strong>Fusible serie EDFH 1500V<\/strong>\u00a0bas\u00e1ndose en la informaci\u00f3n facilitada:<\/p>\n<table>\n<thead>\n<tr>\n<th>N\u00famero de serie<\/th>\n<th>Modelo<\/th>\n<th>Corriente nominal (A)<\/th>\n<th>P\u00e9rdida de potencia (vatios) a 0,8In<\/th>\n<th>P\u00e9rdida de potencia (vatios) a 1,0In<\/th>\n<th>Integral de energ\u00eda previa al arco I\u00b2t (A\u00b2s)<\/th>\n<th>Integral de energ\u00eda total I\u00b2t (A\u00b2s)<\/th>\n<\/tr>\n<\/thead>\n<tbody>\n<tr>\n<td>1<\/td>\n<td>1500VDC\/10X85\/2A<\/td>\n<td>2<\/td>\n<td>1.7<\/td>\n<td>3.20<\/td>\n<td>4<\/td>\n<td>8<\/td>\n<\/tr>\n<tr>\n<td>2<\/td>\n<td>1500VDC\/10X85\/3A<\/td>\n<td>3<\/td>\n<td>1.77<\/td>\n<td>3.32<\/td>\n<td>6<\/td>\n<td>11<\/td>\n<\/tr>\n<tr>\n<td>3<\/td>\n<td>1500VDC\/10X85\/4A<\/td>\n<td>4<\/td>\n<td>1.69<\/td>\n<td>3.19<\/td>\n<td>8<\/td>\n<td>14<\/td>\n<\/tr>\n<tr>\n<td>4<\/td>\n<td>1500VDC\/10X85\/5A<\/td>\n<td>5<\/td>\n<td>1.71<\/td>\n<td>3.22<\/td>\n<td>11<\/td>\n<td>22<\/td>\n<\/tr>\n<tr>\n<td>5<\/td>\n<td>1500VDC\/10X85\/6A<\/td>\n<td>6<\/td>\n<td>1.73<\/td>\n<td>3.25<\/td>\n<td>15<\/td>\n<td>30<\/td>\n<\/tr>\n<tr>\n<td>6<\/td>\n<td>1500VDC\/10X85\/8A<\/td>\n<td>8<\/td>\n<td>1.79<\/td>\n<td>3.36<\/td>\n<td>9<\/td>\n<td>55<\/td>\n<\/tr>\n<tr>\n<td>7<\/td>\n<td>1500VDC\/10X85\/10A<\/td>\n<td>10<\/td>\n<td>1.99<\/td>\n<td>3.74<\/td>\n<td>10<\/td>\n<td>98<\/td>\n<\/tr>\n<tr>\n<td>8<\/td>\n<td>1500VDC\/10X85\/12A<\/td>\n<td>12<\/td>\n<td>2.28<\/td>\n<td>4.95<\/td>\n<td>12<\/td>\n<td>120<\/td>\n<\/tr>\n<tr>\n<td>9<\/td>\n<td>1500VDC\/10X85\/15A<\/td>\n<td>15<\/td>\n<td>2.63<\/td>\n<td>4.95<\/td>\n<td>14<\/td>\n<td>170<\/td>\n<\/tr>\n<tr>\n<td>10<\/td>\n<td>1500VDC\/10X85\/16A<\/td>\n<td>16<\/td>\n<td>2.69<\/td>\n<td>5.06<\/td>\n<td>16<\/td>\n<td>190<\/td>\n<\/tr>\n<tr>\n<td>11<\/td>\n<td>1500VDC\/10X85\/20A<\/td>\n<td>20<\/td>\n<td>3<\/td>\n<td>5.65<\/td>\n<td>24<\/td>\n<td>260<\/td>\n<\/tr>\n<tr>\n<td>12<\/td>\n<td>1500VDC\/10X85\/25A<\/td>\n<td>25<\/td>\n<td>4.35<\/td>\n<td>7.9<\/td>\n<td>34<\/td>\n<td>400<\/td>\n<\/tr>\n<tr>\n<td>13<\/td>\n<td>1500VDC\/10X85\/30A<\/td>\n<td>30<\/td>\n<td>4.68<\/td>\n<td>8.5<\/td>\n<td>50<\/td>\n<td>500<\/td>\n<\/tr>\n<tr>\n<td>14<\/td>\n<td>1500VDC\/10X85\/32A<\/td>\n<td>32<\/td>\n<td>5.01<\/td>\n<td>9.1<\/td>\n<td>54<\/td>\n<td>550<\/td>\n<\/tr>\n<\/tbody>\n<\/table>\n<p>&nbsp;<\/p>\n<p><strong>Escenarios de aplicaci\u00f3n<\/strong><\/p>\n<p>10x85mm 2~32A1500VDC 50kA CFPV PV Solar Fuses es ideal para su uso en:<\/p>\n<ul>\n<li><strong>Sistemas de generaci\u00f3n de energ\u00eda solar<\/strong>: Protege las instalaciones fotovoltaicas aislando los fallos y evitando da\u00f1os a los equipos conectados.<\/li>\n<li><strong>Paneles FV y conexiones de bater\u00edas<\/strong>: Ofrece protecci\u00f3n de corriente estable para sistemas de carga de bater\u00edas conectados a paneles fotovoltaicos.<\/li>\n<li><strong>Estaciones fotovoltaicas<\/strong>: Esencial para gestionar la seguridad y fiabilidad de las centrales fotovoltaicas con altas corrientes de fallo.<\/li>\n<\/ul>\n<p>Estos fusibles son una opci\u00f3n fiable para aplicaciones fotovoltaicas solares, ya que proporcionan una mayor protecci\u00f3n, durabilidad y seguridad para una generaci\u00f3n de energ\u00eda solar duradera.<\/p>","protected":false},"excerpt":{"rendered":"<ul>\n<li><strong>Tensi\u00f3n nominal<\/strong>: 1500V CC<\/li>\n<li><strong>Capacidad de rotura<\/strong>: 50KA<\/li>\n<li><strong>Clase<\/strong>: GPV<\/li>\n<li><strong>Normas de cumplimiento<\/strong>: UL248-19 \/ IEC60269-6 \/ GB\/T13539-6<\/li>\n<li>10x85mm 2~32A1500VDC 50kA Fusibles Solares CFPV PV<\/li>\n<\/ul>","protected":false},"featured_media":1021,"comment_status":"open","ping_status":"closed","template":"","meta":[],"product_brand":[],"product_cat":[26],"product_tag":[],"class_list":{"0":"post-1009","1":"product","2":"type-product","3":"status-publish","4":"has-post-thumbnail","6":"product_cat-dc-fuse","8":"first","9":"instock","10":"shipping-taxable","11":"product-type-simple"},"_links":{"self":[{"href":"https:\/\/sinobreaker.com\/es\/wp-json\/wp\/v2\/product\/1009","targetHints":{"allow":["GET"]}}],"collection":[{"href":"https:\/\/sinobreaker.com\/es\/wp-json\/wp\/v2\/product"}],"about":[{"href":"https:\/\/sinobreaker.com\/es\/wp-json\/wp\/v2\/types\/product"}],"replies":[{"embeddable":true,"href":"https:\/\/sinobreaker.com\/es\/wp-json\/wp\/v2\/comments?post=1009"}],"wp:featuredmedia":[{"embeddable":true,"href":"https:\/\/sinobreaker.com\/es\/wp-json\/wp\/v2\/media\/1021"}],"wp:attachment":[{"href":"https:\/\/sinobreaker.com\/es\/wp-json\/wp\/v2\/media?parent=1009"}],"wp:term":[{"taxonomy":"product_brand","embeddable":true,"href":"https:\/\/sinobreaker.com\/es\/wp-json\/wp\/v2\/product_brand?post=1009"},{"taxonomy":"product_cat","embeddable":true,"href":"https:\/\/sinobreaker.com\/es\/wp-json\/wp\/v2\/product_cat?post=1009"},{"taxonomy":"product_tag","embeddable":true,"href":"https:\/\/sinobreaker.com\/es\/wp-json\/wp\/v2\/product_tag?post=1009"}],"curies":[{"name":"wp","href":"https:\/\/api.w.org\/{rel}","templated":true}]}}