{"id":1011,"date":"2025-08-18T07:12:13","date_gmt":"2025-08-18T07:12:13","guid":{"rendered":"https:\/\/sinobreaker.com\/?post_type=product&#038;p=1011"},"modified":"2026-04-25T08:38:28","modified_gmt":"2026-04-25T08:38:28","slug":"1p-50a-1500v-50ka-14x85mm-dc-portafusibles","status":"publish","type":"product","link":"https:\/\/sinobreaker.com\/es\/products\/1p-50a-1500v-50ka-14x85mm-dc-fuse-holder\/","title":{"rendered":"CFPV-63T 1P 50A 1500V 50kA 14x85mm Portafusibles CC sin indicador"},"content":{"rendered":"<div class=\"benefits\">\n<p><strong>Aplicaci\u00f3n del producto<\/strong><\/p>\n<p>Esta serie de fusibles es adecuado para el sistema de generaci\u00f3n de energ\u00eda solar fotovoltaica, tensi\u00f3n nominal de hasta 1500V, corriente nominal de 50A, conectado con paneles fotovoltaicos y bater\u00edas, para cargar el sistema de flujo variable para la protecci\u00f3n contra cortocircuitos en la estaci\u00f3n fotovoltaica y la energ\u00eda fotovoltaica system.the capacidad nominal de ruptura es 50KA, productos confirma a UL248-19 IEC 60269-6.<\/p>\n<p>&nbsp;<\/p>\n<p><strong>Ventajas del producto<\/strong><\/p>\n<\/div>\n<ul>\n<li>Temperatura ambiente:-40\u2103 + 90\u2103<\/li>\n<li>Altura de instalaci\u00f3n del equipo: menos de 2000m (si desea utilizar m\u00e1s de esta altura, por favor d\u00edganos de antemano, podemos dise\u00f1ar de acuerdo a sus necesidades).<\/li>\n<li>El eslab\u00f3n fusible est\u00e1 hecho de plata pura, soldadura baja en esta\u00f1o y encapsulado en la porcelana de alta resistencia, el tubo fusible lleno de arena de cuarzo de alta pureza con procesado qu\u00edmico como medio de arco, el cuerpo fusible est\u00e1 conectado con los terminales de contacto mediante soldadura por puntos.<\/li>\n<\/ul>","protected":false},"excerpt":{"rendered":"<ul>\n<li>Con luz o sin ella<\/li>\n<li>Instalaci\u00f3n de ra\u00edles Din35, f\u00e1cil de instalar<\/li>\n<li>Bloque de terminales ajustable, Cableado firme<\/li>\n<li>Carcasa ign\u00edfuga, resistente a altas temperaturas<\/li>\n<li>Instalaci\u00f3n flexible, f\u00e1cil de sustituir<\/li>\n<li>1500V 50A<\/li>\n<li>Eslab\u00f3n fusible 1P 10*85mm<\/li>\n<li>Toque seguro con los dedos<\/li>\n<\/ul>","protected":false},"featured_media":1022,"comment_status":"open","ping_status":"closed","template":"","meta":[],"product_brand":[],"product_cat":[26],"product_tag":[],"class_list":{"0":"post-1011","1":"product","2":"type-product","3":"status-publish","4":"has-post-thumbnail","6":"product_cat-dc-fuse","8":"first","9":"instock","10":"shipping-taxable","11":"product-type-simple"},"_links":{"self":[{"href":"https:\/\/sinobreaker.com\/es\/wp-json\/wp\/v2\/product\/1011","targetHints":{"allow":["GET"]}}],"collection":[{"href":"https:\/\/sinobreaker.com\/es\/wp-json\/wp\/v2\/product"}],"about":[{"href":"https:\/\/sinobreaker.com\/es\/wp-json\/wp\/v2\/types\/product"}],"replies":[{"embeddable":true,"href":"https:\/\/sinobreaker.com\/es\/wp-json\/wp\/v2\/comments?post=1011"}],"wp:featuredmedia":[{"embeddable":true,"href":"https:\/\/sinobreaker.com\/es\/wp-json\/wp\/v2\/media\/1022"}],"wp:attachment":[{"href":"https:\/\/sinobreaker.com\/es\/wp-json\/wp\/v2\/media?parent=1011"}],"wp:term":[{"taxonomy":"product_brand","embeddable":true,"href":"https:\/\/sinobreaker.com\/es\/wp-json\/wp\/v2\/product_brand?post=1011"},{"taxonomy":"product_cat","embeddable":true,"href":"https:\/\/sinobreaker.com\/es\/wp-json\/wp\/v2\/product_cat?post=1011"},{"taxonomy":"product_tag","embeddable":true,"href":"https:\/\/sinobreaker.com\/es\/wp-json\/wp\/v2\/product_tag?post=1011"}],"curies":[{"name":"wp","href":"https:\/\/api.w.org\/{rel}","templated":true}]}}