{"id":1032,"date":"2025-08-18T09:08:35","date_gmt":"2025-08-18T09:08:35","guid":{"rendered":"https:\/\/sinobreaker.com\/?post_type=product&#038;p=1032"},"modified":"2025-08-18T09:09:17","modified_gmt":"2025-08-18T09:09:17","slug":"10x38mm-1a32a-1000vdc-20ka-pv-fusibles-solares","status":"publish","type":"product","link":"https:\/\/sinobreaker.com\/es\/products\/10x38mm-1a32a-1000vdc-20ka-pv-solar-fuses\/","title":{"rendered":"10x38mm 1A~32A 1000VDC 20kA Fusibles Solares FV"},"content":{"rendered":"<p>El fusible fotovoltaico (FV) de 10x38 mm es una soluci\u00f3n de protecci\u00f3n muy fiable dise\u00f1ada para satisfacer los exigentes requisitos de los sistemas de energ\u00eda solar. Dise\u00f1ado para ofrecer un rendimiento superior en CC, este fusible es ideal para aplicaciones tanto en entornos de tr\u00e1nsito ferroviario como en veh\u00edculos de motor en general, gracias a su dise\u00f1o robusto que soporta altas vibraciones e impactos (hasta 20 g). Con su tama\u00f1o compacto y su baja p\u00e9rdida de potencia optimizada, el fusible garantiza un funcionamiento eficaz y seguro incluso en condiciones extremas.<\/p>\n<p>&nbsp;<\/p>\n<p><strong>Caracter\u00edsticas del producto:<\/strong><\/p>\n<ul>\n<li><strong>Intensidad y tensi\u00f3n nominales:<\/strong>\u00a01~32A, 1000V CC<\/li>\n<li><strong>Capacidad de rotura:<\/strong>\u00a020kA @ 1000V CC, que garantiza una protecci\u00f3n segura en aplicaciones de alta corriente<\/li>\n<li><strong>Dise\u00f1o compacto:<\/strong>\u00a0Ahorra espacio en las instalaciones al tiempo que ofrece una protecci\u00f3n de alto rendimiento<\/li>\n<li><strong>Baja tensi\u00f3n de arco y paso de energ\u00eda (I\u00b2t):<\/strong>\u00a0Minimiza el riesgo de da\u00f1os en los componentes conectados<\/li>\n<li><strong>Gama de temperaturas:<\/strong>\u00a0La temperatura de almacenamiento oscila entre -40 \u00b0C y 120 \u00b0C, sin condensaci\u00f3n, lo que garantiza su durabilidad en diversos entornos.<\/li>\n<li><strong>Tolerancia a la altitud:<\/strong>\u00a0Clasificado para altitudes entre 2000 m y 4500 m con ajustes para consideraciones de aislamiento y disipaci\u00f3n de calor a altitudes superiores.<\/li>\n<li><strong>Resistencia a vibraciones y golpes:<\/strong>\u00a0Probado para un rendimiento fiable en entornos de alta vibraci\u00f3n<\/li>\n<\/ul>\n<p><strong>Consideraciones medioambientales:<\/strong><\/p>\n<ul>\n<li><strong>Ajustes de altitud:<\/strong>\u00a0Dise\u00f1ado para mantener el rendimiento hasta 4500 m; a estas altitudes, el aumento de temperatura y los ajustes de aislamiento se tienen en cuenta para mejorar la fiabilidad.<\/li>\n<li><strong>Resistencia a la humedad:<\/strong>\u00a0Funciona eficazmente en entornos con una humedad relativa de hasta 90% a 20\u00b0C y tolera condiciones de almacenamiento entre -40\u00b0C y 80\u00b0C.<\/li>\n<\/ul>\n<p>&nbsp;<\/p>","protected":false},"excerpt":{"rendered":"<ul>\n<li>1~32A 1000VDC<\/li>\n<li>Poder de corte:20kA<\/li>\n<li>Dise\u00f1o compacto<\/li>\n<li>Baja p\u00e9rdida de potencia<\/li>\n<li>Excelente rendimiento en CC<\/li>\n<\/ul>","protected":false},"featured_media":1034,"comment_status":"open","ping_status":"closed","template":"","meta":[],"product_brand":[],"product_cat":[26],"product_tag":[],"class_list":{"0":"post-1032","1":"product","2":"type-product","3":"status-publish","4":"has-post-thumbnail","6":"product_cat-dc-fuse","8":"first","9":"instock","10":"shipping-taxable","11":"product-type-simple"},"_links":{"self":[{"href":"https:\/\/sinobreaker.com\/es\/wp-json\/wp\/v2\/product\/1032","targetHints":{"allow":["GET"]}}],"collection":[{"href":"https:\/\/sinobreaker.com\/es\/wp-json\/wp\/v2\/product"}],"about":[{"href":"https:\/\/sinobreaker.com\/es\/wp-json\/wp\/v2\/types\/product"}],"replies":[{"embeddable":true,"href":"https:\/\/sinobreaker.com\/es\/wp-json\/wp\/v2\/comments?post=1032"}],"wp:featuredmedia":[{"embeddable":true,"href":"https:\/\/sinobreaker.com\/es\/wp-json\/wp\/v2\/media\/1034"}],"wp:attachment":[{"href":"https:\/\/sinobreaker.com\/es\/wp-json\/wp\/v2\/media?parent=1032"}],"wp:term":[{"taxonomy":"product_brand","embeddable":true,"href":"https:\/\/sinobreaker.com\/es\/wp-json\/wp\/v2\/product_brand?post=1032"},{"taxonomy":"product_cat","embeddable":true,"href":"https:\/\/sinobreaker.com\/es\/wp-json\/wp\/v2\/product_cat?post=1032"},{"taxonomy":"product_tag","embeddable":true,"href":"https:\/\/sinobreaker.com\/es\/wp-json\/wp\/v2\/product_tag?post=1032"}],"curies":[{"name":"wp","href":"https:\/\/api.w.org\/{rel}","templated":true}]}}