{"id":1051,"date":"2025-08-18T09:53:35","date_gmt":"2025-08-18T09:53:35","guid":{"rendered":"https:\/\/sinobreaker.com\/?post_type=product&#038;p=1051"},"modified":"2025-08-18T09:59:15","modified_gmt":"2025-08-18T09:59:15","slug":"cfpv-h00b-16a-500a-1000v-cc-portafusibles","status":"publish","type":"product","link":"https:\/\/sinobreaker.com\/es\/products\/cfpv-h00b-16a-500a-1000v-dc-fuse-holder\/","title":{"rendered":"CFPV-H00B Portafusibles 16A-500A 1000V CC"},"content":{"rendered":"<p>Aplicaci\u00f3n del producto<br \/>\nEsta serie de fusibles es adecuada para el sistema de generaci\u00f3n de energ\u00eda solar fotovoltaica, tensi\u00f3n nominal de hasta 1000V, corriente m\u00e1xima de 630A, conectado con paneles fotovoltaicos y bater\u00edas, para cargar el sistema de flujo variable para la protecci\u00f3n contra cortocircuitos en la estaci\u00f3n fotovoltaica y el sistema de generaci\u00f3n de energ\u00eda fotovoltaica.la capacidad nominal de ruptura es 50KA, los productos confirma a lEC 60269-6 GB\/T13539.6<\/p>\n<p>Ventajas del producto<br \/>\nTemperatura ambiente:-40C- + 90C<br \/>\nAltura de instalaci\u00f3n del equipo: menos de 2000m (si desea utilizar exceedng thisheight, pls nos dicen de antemano, podemos dise\u00f1ar de acuerdo a sus necesidades).<\/p>\n<p>Caracter\u00edsticas el\u00e9ctricas<\/p>","protected":false},"excerpt":{"rendered":"<ul>\n<li>Temperatura ambiente:-40C- + 90C<\/li>\n<li>Altura de instalaci\u00f3n del equipo: menos de 2000m (si desea utilizar exceedng thisheight, pls nos dicen de antemano, podemos dise\u00f1ar de acuerdo a sus necesidades).<\/li>\n<li>h00B para FUSIBLE CFPV-H00 16-125A 1000V CC<\/li>\n<li>H1B para CFPV-H1 32-200A 1000V CC<\/li>\n<li>H2b para CFPV-H2 FUSIBLE 160-250A 1000V CC<\/li>\n<li>H3b para CFPV-h3 FUSIBLE 250-500A 1000V CC<\/li>\n<\/ul>","protected":false},"featured_media":1052,"comment_status":"open","ping_status":"closed","template":"","meta":[],"product_brand":[],"product_cat":[26],"product_tag":[],"class_list":{"0":"post-1051","1":"product","2":"type-product","3":"status-publish","4":"has-post-thumbnail","6":"product_cat-dc-fuse","8":"first","9":"instock","10":"shipping-taxable","11":"product-type-simple"},"_links":{"self":[{"href":"https:\/\/sinobreaker.com\/es\/wp-json\/wp\/v2\/product\/1051","targetHints":{"allow":["GET"]}}],"collection":[{"href":"https:\/\/sinobreaker.com\/es\/wp-json\/wp\/v2\/product"}],"about":[{"href":"https:\/\/sinobreaker.com\/es\/wp-json\/wp\/v2\/types\/product"}],"replies":[{"embeddable":true,"href":"https:\/\/sinobreaker.com\/es\/wp-json\/wp\/v2\/comments?post=1051"}],"wp:featuredmedia":[{"embeddable":true,"href":"https:\/\/sinobreaker.com\/es\/wp-json\/wp\/v2\/media\/1052"}],"wp:attachment":[{"href":"https:\/\/sinobreaker.com\/es\/wp-json\/wp\/v2\/media?parent=1051"}],"wp:term":[{"taxonomy":"product_brand","embeddable":true,"href":"https:\/\/sinobreaker.com\/es\/wp-json\/wp\/v2\/product_brand?post=1051"},{"taxonomy":"product_cat","embeddable":true,"href":"https:\/\/sinobreaker.com\/es\/wp-json\/wp\/v2\/product_cat?post=1051"},{"taxonomy":"product_tag","embeddable":true,"href":"https:\/\/sinobreaker.com\/es\/wp-json\/wp\/v2\/product_tag?post=1051"}],"curies":[{"name":"wp","href":"https:\/\/api.w.org\/{rel}","templated":true}]}}