{"id":1367,"date":"2025-08-23T03:47:09","date_gmt":"2025-08-23T03:47:09","guid":{"rendered":"https:\/\/sinobreaker.com\/?post_type=product&#038;p=1367"},"modified":"2025-08-23T04:31:38","modified_gmt":"2025-08-23T04:31:38","slug":"a-4-caja-de-distribucion-estanca","status":"publish","type":"product","link":"https:\/\/sinobreaker.com\/es\/products\/at-4-waterproof-distribution-box\/","title":{"rendered":"Caja de distribuci\u00f3n estanca AT-4"},"content":{"rendered":"<h2>Visi\u00f3n general<\/h2>\n<p>En <strong>Caja de distribuci\u00f3n estanca AT-4<\/strong> proporciona <strong>4 circuitos<\/strong> en una carcasa compacta de una sola fila.<br \/>\nSu <strong>abertura inferior<\/strong> simplifica la instalaci\u00f3n y el mantenimiento, mientras que la <strong>IP65<\/strong> el sellado garantiza<br \/>\nfuncionamiento fiable en entornos dif\u00edciles, tanto interiores como exteriores. La carcasa utiliza <strong>PC\/ABS<\/strong> nuevo material con<br \/>\nestructura de hebilla reforzada, posici\u00f3n reservada para cerradura antirrobo, dise\u00f1o de deflector de circuito y terminal de cobre de alta calidad<br \/>\n(prueba del hilo caliente a 960 \u00b0C).<br \/>\nPara una visi\u00f3n general de la serie completa, consulte el<br \/>\n<a href=\"\/es\/productos\/caja-de-distribucion-estanca\/\">Serie AT (Apertura inferior)<\/a>.<\/p>\n<h2 id=\"specification\">Especificaciones de la caja de distribuci\u00f3n estanca AT-4<\/h2>\n<table>\n<thead>\n<tr>\n<th>Par\u00e1metro<\/th>\n<th>Valor<\/th>\n<\/tr>\n<\/thead>\n<tbody>\n<tr>\n<td>Modelo<\/td>\n<td>AT-4<\/td>\n<\/tr>\n<tr>\n<td>N\u00famero de circuitos<\/td>\n<td>4 v\u00edas (fila \u00fanica)<\/td>\n<\/tr>\n<tr>\n<td>Dimensiones totales (L\u00d7A\u00d7H)<\/td>\n<td>128 \u00d7 200 \u00d7 100 mm<\/td>\n<\/tr>\n<tr>\n<td>Cero \/ Agujeros de la fila de tierra<\/td>\n<td>3 \/ 3<\/td>\n<\/tr>\n<tr>\n<td>Grado de protecci\u00f3n<\/td>\n<td>IP65 - ver <a href=\"https:\/\/en.wikipedia.org\/wiki\/IP_Code\" target=\"_blank\" rel=\"noopener\">C\u00f3digo IP<\/a><br \/>\ny <a href=\"https:\/\/www.iec.ch\/standards\" target=\"_blank\" rel=\"noopener\">IEC 60529<\/a><\/td>\n<\/tr>\n<tr>\n<td>Material<\/td>\n<td>PC\/ABS<\/td>\n<\/tr>\n<tr>\n<td>Tama\u00f1o exterior de la caja (L\u00d7A\u00d7H)<\/td>\n<td>545 \u00d7 425 \u00d7 555 mm<\/td>\n<\/tr>\n<tr>\n<td>Peso bruto (caja entera)<\/td>\n<td>21,5 kg<\/td>\n<\/tr>\n<tr>\n<td>Cantidad de envases<\/td>\n<td>40 unidades<\/td>\n<\/tr>\n<tr>\n<td>Tipo de apertura<\/td>\n<td>Apertura inferior<\/td>\n<\/tr>\n<tr>\n<td>Normas (carcasa\/marco)<\/td>\n<td>GB\/T 17466.1; GB\/T 17466.24<\/td>\n<\/tr>\n<\/tbody>\n<\/table>\n<h2 id=\"diagram\">Caja de distribuci\u00f3n estanca AT-4 Esquema<\/h2>\n<p><img loading=\"lazy\" decoding=\"async\" class=\"alignnone wp-image-1368\" src=\"https:\/\/sinobreaker.com\/wp-content\/uploads\/2025\/08\/AT-4D-300x151.png\" alt=\"Esquema de la caja de distribuci\u00f3n estanca AT-4\" width=\"644\" height=\"324\" srcset=\"https:\/\/sinobreaker.com\/wp-content\/uploads\/2025\/08\/AT-4D-300x151.png 300w, https:\/\/sinobreaker.com\/wp-content\/uploads\/2025\/08\/AT-4D-768x387.png 768w, https:\/\/sinobreaker.com\/wp-content\/uploads\/2025\/08\/AT-4D-600x302.png 600w, https:\/\/sinobreaker.com\/wp-content\/uploads\/2025\/08\/AT-4D.png 784w\" sizes=\"auto, (max-width: 644px) 100vw, 644px\" \/><\/p>\n<h2 id=\"faq\">Caja de distribuci\u00f3n estanca AT-4 FAQ<\/h2>\n<details>\n<summary>\u00bfPuede configurarse el AT-4 como caja combinadora fotovoltaica?<\/summary>\n<div>S\u00ed. Cuando est\u00e1 equipado con<br \/>\n<a href=\"\/es\/productos\/fusible-cc\/\">Fusible CC<\/a>,<br \/>\n<a href=\"\/es\/productos\/dc-spd\/\">Dispositivo de protecci\u00f3n contra sobretensiones (SPD)<\/a>y un<br \/>\n<a href=\"\/es\/productos\/interruptor-seccionador-de-c-c\/\">Interruptor-seccionador CC<\/a> o<br \/>\n<a href=\"\/es\/productos\/dc-circuit-breaker\/\">Disyuntor de CC<\/a>,<br \/>\nAT-4 puede funcionar como una caja combinadora fotovoltaica compacta.<br \/>\nPara conocer las opciones del sistema, consulte<br \/>\n<a href=\"\/es\/solutions\/caja-combinadora-pv\/\">Soluciones de cajas combinadoras FV<\/a>.<\/div>\n<\/details>\n<details>\n<summary>\u00bfCu\u00e1les son las dimensiones totales del AT-4?<\/summary>\n<div>128 \u00d7 200 \u00d7 100 mm (L\u00d7A\u00d7H).<\/div>\n<\/details>\n<details>\n<summary>\u00bfEs el AT-4 adecuado para aplicaciones en exteriores?<\/summary>\n<div>S\u00ed. AT-4 tiene clasificaci\u00f3n IP65 con tiras de sellado impermeables (referencia:<br \/>\n<a href=\"https:\/\/en.wikipedia.org\/wiki\/IP_Code\" target=\"_blank\" rel=\"noopener\">C\u00f3digo IP<\/a> \/<br \/>\n<a href=\"https:\/\/www.iec.ch\/standards\" target=\"_blank\" rel=\"noopener\">IEC 60529<\/a>), apto para uso interior y exterior.<\/div>\n<\/details>\n<details>\n<summary>\u00bfCu\u00e1ntos circuitos admite el AT-4?<\/summary>\n<div>4 circuitos en disposici\u00f3n de fila \u00fanica. Fila cero: 3 agujeros; Fila de tierra: 3 agujeros.<\/div>\n<\/details>\n<p class=\"note\">Componentes relacionados:<br \/>\n<a href=\"\/es\/productos\/fusible-cc\/\">Fusible CC<\/a> -<br \/>\n<a href=\"\/es\/productos\/dc-spd\/\">DC SPD<\/a> -<br \/>\n<a href=\"\/es\/productos\/interruptor-seccionador-de-c-c\/\">Interruptor-seccionador CC<\/a> -<br \/>\n<a href=\"\/es\/productos\/dc-circuit-breaker\/\">Disyuntor de CC<\/a><\/p>","protected":false},"excerpt":{"rendered":"<ul>\n<li data-start=\"182\" data-end=\"275\">\n<p data-start=\"185\" data-end=\"275\">Compacto <strong data-start=\"193\" data-end=\"230\">Caja de distribuci\u00f3n estanca de 4 v\u00edas<\/strong>Protecci\u00f3n IP65 para un rendimiento fiable.<\/p>\n<\/li>\n<li data-start=\"276\" data-end=\"343\">\n<p data-start=\"279\" data-end=\"343\">Dise\u00f1o de apertura inferior para facilitar la instalaci\u00f3n y el mantenimiento.<\/p>\n<\/li>\n<li data-start=\"344\" data-end=\"424\">\n<p data-start=\"347\" data-end=\"424\">Carcasa de PC\/ABS de alta resistencia, apta para aplicaciones de interior y exterior.<\/p>\n<\/li>\n<\/ul>","protected":false},"featured_media":1369,"comment_status":"open","ping_status":"closed","template":"","meta":[],"product_brand":[],"product_cat":[29],"product_tag":[],"class_list":{"0":"post-1367","1":"product","2":"type-product","3":"status-publish","4":"has-post-thumbnail","6":"product_cat-waterproof-distribution-box","8":"first","9":"instock","10":"shipping-taxable","11":"product-type-simple"},"_links":{"self":[{"href":"https:\/\/sinobreaker.com\/es\/wp-json\/wp\/v2\/product\/1367","targetHints":{"allow":["GET"]}}],"collection":[{"href":"https:\/\/sinobreaker.com\/es\/wp-json\/wp\/v2\/product"}],"about":[{"href":"https:\/\/sinobreaker.com\/es\/wp-json\/wp\/v2\/types\/product"}],"replies":[{"embeddable":true,"href":"https:\/\/sinobreaker.com\/es\/wp-json\/wp\/v2\/comments?post=1367"}],"wp:featuredmedia":[{"embeddable":true,"href":"https:\/\/sinobreaker.com\/es\/wp-json\/wp\/v2\/media\/1369"}],"wp:attachment":[{"href":"https:\/\/sinobreaker.com\/es\/wp-json\/wp\/v2\/media?parent=1367"}],"wp:term":[{"taxonomy":"product_brand","embeddable":true,"href":"https:\/\/sinobreaker.com\/es\/wp-json\/wp\/v2\/product_brand?post=1367"},{"taxonomy":"product_cat","embeddable":true,"href":"https:\/\/sinobreaker.com\/es\/wp-json\/wp\/v2\/product_cat?post=1367"},{"taxonomy":"product_tag","embeddable":true,"href":"https:\/\/sinobreaker.com\/es\/wp-json\/wp\/v2\/product_tag?post=1367"}],"curies":[{"name":"wp","href":"https:\/\/api.w.org\/{rel}","templated":true}]}}