{"id":1374,"date":"2025-08-23T04:21:22","date_gmt":"2025-08-23T04:21:22","guid":{"rendered":"https:\/\/sinobreaker.com\/?post_type=product&#038;p=1374"},"modified":"2025-08-23T04:42:53","modified_gmt":"2025-08-23T04:42:53","slug":"a-9-caja-de-distribucion-estanca","status":"publish","type":"product","link":"https:\/\/sinobreaker.com\/es\/products\/at-9-waterproof-distribution-box\/","title":{"rendered":"Caja de distribuci\u00f3n estanca AT-9"},"content":{"rendered":"<style>\n  .product-section h2{font-size:1.6em;margin-top:1.2em;margin-bottom:0.6em;color:#0f172a}<br \/>\n  .product-section p{font-size:1.1em;line-height:1.7em;color:#1e293b}<br \/>\n  .product-section table{width:100%;border-collapse:collapse;margin:1em 0;font-size:1.05em}<br \/>\n  .product-section table th,.product-section table td{border:1px solid #cfcfcf;padding:10px 14px;text-align:left}<br \/>\n  .product-section table th{background:#f8fafc;font-weight:bold}<br \/>\n  .product-section details{margin:.5em 0;font-size:1.05em}<br \/>\n<\/style>\n<div class=\"product-section\">\n<h2>Visi\u00f3n general<\/h2>\n<p>En <strong>Caja de distribuci\u00f3n estanca AT-9<\/strong> proporciona <strong>9 circuitos<\/strong> en una caja de una fila.<br \/>\nCon un <strong>abertura inferior<\/strong> dise\u00f1o, simplifica el cableado y el mantenimiento, mientras que el <strong>IP65<\/strong> sellado<br \/>\ngarantiza un rendimiento fiable en interiores y exteriores. Fabricado en <strong>PC\/ABS<\/strong> nuevo material, presenta<br \/>\nun marco de hebilla reforzado, posici\u00f3n de cierre antirrobo opcional, estructura deflectora del circuito y terminal de cobre de alta calidad<br \/>\n(prueba de hilo caliente a 960 \u00b0C). Para obtener una descripci\u00f3n completa de los modelos relacionados, visite la p\u00e1gina<br \/>\n<a href=\"\/es\/productos\/caja-de-distribucion-estanca\/\">Serie de cajas de distribuci\u00f3n estancas<\/a>.<\/p>\n<p>En <strong>Caja de distribuci\u00f3n estanca AT-9<\/strong> est\u00e1 muy extendido en los sectores residencial, comercial y de la industria ligera.<br \/>\nque ofrece una protecci\u00f3n IP65 fiable con una disposici\u00f3n de apertura inferior que agiliza la instalaci\u00f3n y la inspecci\u00f3n.<\/p>\n<h2 id=\"specification\">Especificaciones de la caja de distribuci\u00f3n estanca AT-9<\/h2>\n<table>\n<thead>\n<tr>\n<th>Par\u00e1metro<\/th>\n<th>Valor<\/th>\n<\/tr>\n<\/thead>\n<tbody>\n<tr>\n<td>Modelo<\/td>\n<td>AT-9<\/td>\n<\/tr>\n<tr>\n<td>N\u00famero de circuitos<\/td>\n<td>9 v\u00edas (fila \u00fanica)<\/td>\n<\/tr>\n<tr>\n<td>Dimensiones totales (L\u00d7A\u00d7H)<\/td>\n<td>218 \u00d7 200 \u00d7 100 mm<\/td>\n<\/tr>\n<tr>\n<td>Cero \/ Agujeros de la fila de tierra<\/td>\n<td>5 \/ 5<\/td>\n<\/tr>\n<tr>\n<td>Grado de protecci\u00f3n<\/td>\n<td>IP65 - ver <a href=\"https:\/\/en.wikipedia.org\/wiki\/IP_Code\" target=\"_blank\" rel=\"noopener\">C\u00f3digo IP<\/a> \/<br \/>\n<a href=\"https:\/\/www.iec.ch\/standards\" target=\"_blank\" rel=\"noopener\">IEC 60529<\/a><\/td>\n<\/tr>\n<tr>\n<td>Material<\/td>\n<td>PC\/ABS<\/td>\n<\/tr>\n<tr>\n<td>Tama\u00f1o exterior de la caja (L\u00d7A\u00d7H)<\/td>\n<td>545 \u00d7 425 \u00d7 465 mm<\/td>\n<\/tr>\n<tr>\n<td>Peso bruto (caja entera)<\/td>\n<td>16,2 kg<\/td>\n<\/tr>\n<tr>\n<td>Cantidad de envases<\/td>\n<td>20 unidades<\/td>\n<\/tr>\n<tr>\n<td>Tipo de apertura<\/td>\n<td>Apertura inferior<\/td>\n<\/tr>\n<tr>\n<td>Normas<\/td>\n<td>GB\/T 17466.1; GB\/T 17466.24; IEC 60529 (IP65)<\/td>\n<\/tr>\n<\/tbody>\n<\/table>\n<h2 id=\"diagram\">Diagrama<\/h2>\n<p>A continuaci\u00f3n se muestra el diagrama de instalaci\u00f3n del <strong>Caja de distribuci\u00f3n estanca AT-9<\/strong> (frontal \/ lateral \/ posterior).<br \/>\n<img loading=\"lazy\" decoding=\"async\" class=\"alignnone  wp-image-1375\" src=\"https:\/\/sinobreaker.com\/wp-content\/uploads\/2025\/08\/AT-9D-300x131.png\" alt=\"Esquema de la caja de distribuci\u00f3n estanca AT-9\" width=\"707\" height=\"309\" srcset=\"https:\/\/sinobreaker.com\/wp-content\/uploads\/2025\/08\/AT-9D-300x131.png 300w, https:\/\/sinobreaker.com\/wp-content\/uploads\/2025\/08\/AT-9D-768x336.png 768w, https:\/\/sinobreaker.com\/wp-content\/uploads\/2025\/08\/AT-9D-600x263.png 600w, https:\/\/sinobreaker.com\/wp-content\/uploads\/2025\/08\/AT-9D.png 824w\" sizes=\"auto, (max-width: 707px) 100vw, 707px\" \/><\/p>\n<h2 id=\"faq\">PREGUNTAS FRECUENTES<\/h2>\n<details>\n<summary>\u00bfCu\u00e1les son las dimensiones totales de la caja de distribuci\u00f3n estanca AT-9?<\/summary>\n<div>218 \u00d7 200 \u00d7 100 mm (L\u00d7A\u00d7H).<\/div>\n<\/details>\n<details>\n<summary>\u00bfCu\u00e1ntos circuitos admite el AT-9?<\/summary>\n<div>AT-9 admite 9 circuitos en una disposici\u00f3n de fila \u00fanica. Fila cero: 5 orificios; Fila de tierra: 5 orificios.<\/div>\n<\/details>\n<details>\n<summary>\u00bfEs el AT-9 adecuado para aplicaciones en exteriores?<\/summary>\n<div>S\u00ed. El <strong>Caja de distribuci\u00f3n estanca AT-9<\/strong> tiene un grado de protecci\u00f3n IP65 con tiras de sellado impermeables, aptas tanto para uso en interiores como en exteriores<br \/>\n(referencia: <a href=\"https:\/\/en.wikipedia.org\/wiki\/IP_Code\" target=\"_blank\" rel=\"noopener\">C\u00f3digo IP<\/a> \/<br \/>\n<a href=\"https:\/\/www.iec.ch\/standards\" target=\"_blank\" rel=\"noopener\">IEC 60529<\/a>).<\/div>\n<\/details>\n<details>\n<summary>\u00bfPuede configurarse el AT-9 como caja combinadora fotovoltaica?<\/summary>\n<div>S\u00ed. Cuando est\u00e1 equipado con <a href=\"\/es\/productos\/fusible-cc\/\">Fusible CC<\/a>,<br \/>\n<a href=\"\/es\/productos\/dc-spd\/\">Dispositivo de protecci\u00f3n contra sobretensiones (SPD)<\/a>,<br \/>\ny un <a href=\"\/es\/productos\/interruptor-seccionador-de-c-c\/\">Interruptor-seccionador CC<\/a> o<br \/>\n<a href=\"\/es\/productos\/dc-circuit-breaker\/\">Disyuntor de CC<\/a>El AT-9 puede funcionar como parte de una soluci\u00f3n de caja combinadora fotovoltaica.<br \/>\nPara conocer las opciones del sistema, consulte <a href=\"\/es\/solutions\/caja-combinadora-pv\/\">Soluciones de cajas combinadoras FV<\/a>.<\/div>\n<\/details>\n<\/div>","protected":false},"excerpt":{"rendered":"<ul>\n<li data-start=\"156\" data-end=\"218\">\n<p data-start=\"159\" data-end=\"218\"><strong data-start=\"159\" data-end=\"196\">Caja de distribuci\u00f3n estanca de 9 v\u00edas<\/strong>dise\u00f1o de una sola fila.<\/p>\n<\/li>\n<li data-start=\"219\" data-end=\"290\">\n<p data-start=\"222\" data-end=\"290\">Protecci\u00f3n IP65, resistente al polvo, al agua y a la intemperie.<\/p>\n<\/li>\n<li data-start=\"291\" data-end=\"362\">\n<p data-start=\"294\" data-end=\"362\">Estructura de apertura inferior compacta para facilitar el cableado y la instalaci\u00f3n.<\/p>\n<\/li>\n<\/ul>","protected":false},"featured_media":1376,"comment_status":"open","ping_status":"closed","template":"","meta":[],"product_brand":[],"product_cat":[29],"product_tag":[],"class_list":{"0":"post-1374","1":"product","2":"type-product","3":"status-publish","4":"has-post-thumbnail","6":"product_cat-waterproof-distribution-box","8":"first","9":"instock","10":"shipping-taxable","11":"product-type-simple"},"_links":{"self":[{"href":"https:\/\/sinobreaker.com\/es\/wp-json\/wp\/v2\/product\/1374","targetHints":{"allow":["GET"]}}],"collection":[{"href":"https:\/\/sinobreaker.com\/es\/wp-json\/wp\/v2\/product"}],"about":[{"href":"https:\/\/sinobreaker.com\/es\/wp-json\/wp\/v2\/types\/product"}],"replies":[{"embeddable":true,"href":"https:\/\/sinobreaker.com\/es\/wp-json\/wp\/v2\/comments?post=1374"}],"wp:featuredmedia":[{"embeddable":true,"href":"https:\/\/sinobreaker.com\/es\/wp-json\/wp\/v2\/media\/1376"}],"wp:attachment":[{"href":"https:\/\/sinobreaker.com\/es\/wp-json\/wp\/v2\/media?parent=1374"}],"wp:term":[{"taxonomy":"product_brand","embeddable":true,"href":"https:\/\/sinobreaker.com\/es\/wp-json\/wp\/v2\/product_brand?post=1374"},{"taxonomy":"product_cat","embeddable":true,"href":"https:\/\/sinobreaker.com\/es\/wp-json\/wp\/v2\/product_cat?post=1374"},{"taxonomy":"product_tag","embeddable":true,"href":"https:\/\/sinobreaker.com\/es\/wp-json\/wp\/v2\/product_tag?post=1374"}],"curies":[{"name":"wp","href":"https:\/\/api.w.org\/{rel}","templated":true}]}}