{"id":1395,"date":"2025-08-23T06:53:50","date_gmt":"2025-08-23T06:53:50","guid":{"rendered":"https:\/\/sinobreaker.com\/?post_type=product&#038;p=1395"},"modified":"2026-02-09T18:24:15","modified_gmt":"2026-02-09T18:24:15","slug":"ht-2-caja-de-distribucion-estanca","status":"publish","type":"product","link":"https:\/\/sinobreaker.com\/es\/products\/ht-2-waterproof-distribution-box\/","title":{"rendered":"Caja de distribuci\u00f3n estanca HT-2"},"content":{"rendered":"<style>\n  .product-section h2{font-size:1.6em;margin-top:1.2em;margin-bottom:0.6em;color:#0f172a}<br \/>\n  .product-section p{font-size:1.1em;line-height:1.7em;color:#1e293b}<br \/>\n  .product-section table{width:100%;border-collapse:collapse;margin:1em 0;font-size:1.05em}<br \/>\n  .product-section table th,.product-section table td{border:1px solid #cfcfcf;padding:10px 14px;text-align:left}<br \/>\n  .product-section table th{background:#f8fafc;font-weight:bold}<br \/>\n  .product-section details{margin:.5em 0;font-size:1.05em}<br \/>\n<\/style>\n<div class=\"product-section\">\n<h2>Visi\u00f3n general<\/h2>\n<p>En <strong>Caja de distribuci\u00f3n estanca HT-2<\/strong> ofrece un <strong>2 circuitos<\/strong> soluci\u00f3n con un<br \/>\n<strong>tapa abatible de apertura lateral<\/strong> que mejora la accesibilidad durante el cableado y el mantenimiento. Dispone de<br \/>\nun <strong>ABS<\/strong> carcasa inferior y marco de superficie con <strong>PC<\/strong> cubierta transparente, que combina bien<br \/>\ntenacidad y alta resistencia al impacto para una larga vida \u00fatil. Con <strong>IP65<\/strong> estanqueidad y un cierre reforzado<br \/>\nestructura de hebilla, la caja es apta para uso en interiores y exteriores. La bisagra de la cubierta se abre &gt;115\u00b0 y se puede<br \/>\nfijado en el \u00e1ngulo m\u00e1ximo, y se suministra un paquete de accesorios de montaje para facilitar la instalaci\u00f3n. Para ver m\u00e1s modelos, visite la p\u00e1gina<br \/>\n<a href=\"\/es\/productos\/caja-de-distribucion-estanca\/\">Serie de cajas de distribuci\u00f3n estancas<\/a>.<\/p>\n<p>En <strong>Caja de distribuci\u00f3n estanca HT-2<\/strong> puede equiparse con<br \/>\n<a href=\"\/es\/productos\/fusible-cc\/\">Fusible CC<\/a>, <a href=\"\/es\/productos\/dc-spd\/\">SPD<\/a>,<br \/>\n<a href=\"\/es\/productos\/interruptor-seccionador-de-c-c\/\">Interruptor Desconectador<\/a>o<br \/>\n<a href=\"\/es\/productos\/dc-circuit-breaker\/\">Disyuntor de CC<\/a> para la protecci\u00f3n b\u00e1sica o el uso de combinadores fotovoltaicos compactos.<\/p>\n<h2 id=\"specification\">Especificaciones de la caja de distribuci\u00f3n estanca HT-2<\/h2>\n<table>\n<thead>\n<tr>\n<th>Par\u00e1metro<\/th>\n<th>Valor<\/th>\n<\/tr>\n<\/thead>\n<tbody>\n<tr>\n<td>Modelo<\/td>\n<td>HT-2<\/td>\n<\/tr>\n<tr>\n<td>N\u00famero de circuitos<\/td>\n<td>2 v\u00edas (fila \u00fanica)<\/td>\n<\/tr>\n<tr>\n<td>Dimensiones totales (L\u00d7A\u00d7H)<\/td>\n<td>56 \u00d7 125 \u00d7 88 mm<\/td>\n<\/tr>\n<tr>\n<td>Zero \/ Ground row<\/td>\n<td>- (no equipado)<\/td>\n<\/tr>\n<tr>\n<td>Grado de protecci\u00f3n<\/td>\n<td>IP65 - ver <a href=\"https:\/\/en.wikipedia.org\/wiki\/IP_Code\" target=\"_blank\" rel=\"noopener\">C\u00f3digo IP<\/a> \/<br \/>\n<a href=\"https:\/\/www.iec.ch\/standards\" target=\"_blank\" rel=\"noopener\">IEC 60529<\/a><\/td>\n<\/tr>\n<tr>\n<td>Material<\/td>\n<td>Base y marco de ABS; cubierta transparente de PC<\/td>\n<\/tr>\n<tr>\n<td>Tama\u00f1o exterior de la caja (L\u00d7A\u00d7H)<\/td>\n<td>540 \u00d7 320 \u00d7 480 mm<\/td>\n<\/tr>\n<tr>\n<td>Peso bruto (caja entera)<\/td>\n<td>11,8 kg<\/td>\n<\/tr>\n<tr>\n<td>Cantidad de envases<\/td>\n<td>100 unidades<\/td>\n<\/tr>\n<tr>\n<td>Tipo de apertura<\/td>\n<td>Apertura lateral (tapa abatible &gt;115\u00b0)<\/td>\n<\/tr>\n<tr>\n<td>Caracter\u00edsticas estructurales<\/td>\n<td>Estructura de hebilla de bloqueo; orificios ciegos de varios anillos; deflector de circuitos; tornillo de marco suelto (no se afloja); conjunto de terminales de cobre (prueba de hilo caliente a 960 \u00b0C)<\/td>\n<\/tr>\n<tr>\n<td>Normas<\/td>\n<td>GB\/T 17466.1; GB\/T 17466.24; IEC 60529 (IP65)<\/td>\n<\/tr>\n<\/tbody>\n<\/table>\n<h2 id=\"diagram\">Diagrama<\/h2>\n<p>Coloque el esquema de instalaci\u00f3n del <strong>Caja de distribuci\u00f3n estanca HT-2<\/strong> (anverso\/lateral\/reverso) directamente debajo de esta secci\u00f3n<br \/>\n<img loading=\"lazy\" decoding=\"async\" class=\"alignnone  wp-image-1396\" src=\"https:\/\/sinobreaker.com\/wp-content\/uploads\/2025\/08\/HT-2D-300x186.png\" alt=\"Diagrama de la caja de distribuci\u00f3n estanca HT-2\" width=\"839\" height=\"520\" srcset=\"https:\/\/sinobreaker.com\/wp-content\/uploads\/2025\/08\/HT-2D-300x186.png 300w, https:\/\/sinobreaker.com\/wp-content\/uploads\/2025\/08\/HT-2D-600x372.png 600w, https:\/\/sinobreaker.com\/wp-content\/uploads\/2025\/08\/HT-2D.png 641w\" sizes=\"auto, (max-width: 839px) 100vw, 839px\" \/><\/p>\n<h2 id=\"faq\">PREGUNTAS FRECUENTES<\/h2>\n<details>\n<summary>\u00bfCu\u00e1les son las dimensiones totales de la caja de distribuci\u00f3n estanca HT-2?<\/summary>\n<div>56 \u00d7 125 \u00d7 88 mm (L\u00d7A\u00d7H).<\/div>\n<\/details>\n<details>\n<summary>\u00bfCu\u00e1ntos circuitos admite el HT-2?<\/summary>\n<div>HT-2 admite 2 circuitos (fila \u00fanica). Las barras colectoras cero\/tierra no est\u00e1n equipadas en este modelo.<\/div>\n<\/details>\n<details>\n<summary>\u00bfEs el HT-2 adecuado para aplicaciones en exteriores?<\/summary>\n<div>S\u00ed. El <strong>Caja de distribuci\u00f3n estanca HT-2<\/strong> tiene una clasificaci\u00f3n IP65 con bandas de sellado y materiales ABS\/PC resistentes,<br \/>\nadecuado tanto para interiores como para exteriores (referencia:<br \/>\n<a href=\"https:\/\/en.wikipedia.org\/wiki\/IP_Code\" target=\"_blank\" rel=\"noopener\">C\u00f3digo IP<\/a> \/<br \/>\n<a href=\"https:\/\/www.iec.ch\/standards\" target=\"_blank\" rel=\"noopener\">IEC 60529<\/a>).<\/div>\n<\/details>\n<details>\n<summary>\u00bfSe puede configurar HT-2 como caja combinadora fotovoltaica?<\/summary>\n<div>S\u00ed. Cuando est\u00e1 equipado con <a href=\"\/es\/productos\/fusible-cc\/\">Fusible CC<\/a>,<br \/>\n<a href=\"\/es\/productos\/dc-spd\/\">Dispositivo de protecci\u00f3n contra sobretensiones (SPD)<\/a>y un<br \/>\n<a href=\"\/es\/productos\/interruptor-seccionador-de-c-c\/\">Interruptor-seccionador CC<\/a> o<br \/>\n<a href=\"\/es\/productos\/dc-circuit-breaker\/\">Disyuntor de CC<\/a>HT-2 puede servir como soluci\u00f3n compacta de combinador fotovoltaico.<br \/>\nV\u00e9ase <a href=\"\/es\/solutions\/caja-combinadora-pv\/\">Soluciones de cajas combinadoras FV<\/a> para ver ejemplos de sistemas.<\/div>\n<\/details>\n<\/div>","protected":false},"excerpt":{"rendered":"<ul data-start=\"209\" data-end=\"494\">\n<li data-start=\"209\" data-end=\"305\">\n<p data-start=\"211\" data-end=\"305\"><strong data-start=\"211\" data-end=\"248\">Caja de distribuci\u00f3n estanca de 2 v\u00edas<\/strong> con <strong data-start=\"254\" data-end=\"285\">tapa de apertura lateral (con bisagras)<\/strong> para un acceso r\u00e1pido.<\/p>\n<\/li>\n<li data-start=\"306\" data-end=\"395\">\n<p data-start=\"308\" data-end=\"395\"><strong data-start=\"308\" data-end=\"316\">IP65<\/strong> estanqueidad, base de ABS + cubierta de PC transparente, resistente a los golpes y a la intemperie.<\/p>\n<\/li>\n<li data-start=\"396\" data-end=\"494\">\n<p data-start=\"398\" data-end=\"494\">Admite distribuci\u00f3n b\u00e1sica o compacta <strong data-start=\"437\" data-end=\"452\">Combinador FV<\/strong> configuraci\u00f3n con fusible\/SPD\/disyuntor\/interruptor.<\/p>\n<\/li>\n<\/ul>","protected":false},"featured_media":1397,"comment_status":"open","ping_status":"closed","template":"","meta":[],"product_brand":[],"product_cat":[29],"product_tag":[],"class_list":{"0":"post-1395","1":"product","2":"type-product","3":"status-publish","4":"has-post-thumbnail","6":"product_cat-waterproof-distribution-box","8":"first","9":"instock","10":"shipping-taxable","11":"product-type-simple"},"_links":{"self":[{"href":"https:\/\/sinobreaker.com\/es\/wp-json\/wp\/v2\/product\/1395","targetHints":{"allow":["GET"]}}],"collection":[{"href":"https:\/\/sinobreaker.com\/es\/wp-json\/wp\/v2\/product"}],"about":[{"href":"https:\/\/sinobreaker.com\/es\/wp-json\/wp\/v2\/types\/product"}],"replies":[{"embeddable":true,"href":"https:\/\/sinobreaker.com\/es\/wp-json\/wp\/v2\/comments?post=1395"}],"wp:featuredmedia":[{"embeddable":true,"href":"https:\/\/sinobreaker.com\/es\/wp-json\/wp\/v2\/media\/1397"}],"wp:attachment":[{"href":"https:\/\/sinobreaker.com\/es\/wp-json\/wp\/v2\/media?parent=1395"}],"wp:term":[{"taxonomy":"product_brand","embeddable":true,"href":"https:\/\/sinobreaker.com\/es\/wp-json\/wp\/v2\/product_brand?post=1395"},{"taxonomy":"product_cat","embeddable":true,"href":"https:\/\/sinobreaker.com\/es\/wp-json\/wp\/v2\/product_cat?post=1395"},{"taxonomy":"product_tag","embeddable":true,"href":"https:\/\/sinobreaker.com\/es\/wp-json\/wp\/v2\/product_tag?post=1395"}],"curies":[{"name":"wp","href":"https:\/\/api.w.org\/{rel}","templated":true}]}}