{"id":1398,"date":"2025-08-23T06:58:03","date_gmt":"2025-08-23T06:58:03","guid":{"rendered":"https:\/\/sinobreaker.com\/?post_type=product&#038;p=1398"},"modified":"2025-08-23T06:58:33","modified_gmt":"2025-08-23T06:58:33","slug":"caja-de-distribucion-estanca-ht-5","status":"publish","type":"product","link":"https:\/\/sinobreaker.com\/es\/products\/ht-5-waterproof-distribution-box\/","title":{"rendered":"Caja de distribuci\u00f3n estanca HT-5"},"content":{"rendered":"<style>\n  .product-section h2{font-size:1.6em;margin-top:1.2em;margin-bottom:0.6em;color:#0f172a}<br \/>  .product-section p{font-size:1.1em;line-height:1.7em;color:#1e293b}<br \/>  .product-section table{width:100%;border-collapse:collapse;margin:1em 0;font-size:1.05em}<br \/>  .product-section table th,.product-section table td{border:1px solid #cfcfcf;padding:10px 14px;text-align:left}<br \/>  .product-section table th{background:#f8fafc;font-weight:bold}<br \/>  .product-section details{margin:.5em 0;font-size:1.05em}<br \/><\/style>\n<div class=\"product-section\">\n<h2>Visi\u00f3n general<\/h2>\n<p>En <strong>Caja de distribuci\u00f3n estanca HT-5<\/strong> proporciona <strong>5 circuitos<\/strong> en una caja compacta<br \/>\ncon un <strong>tapa abatible de apertura lateral<\/strong>. Dise\u00f1ado con un <strong>ABS<\/strong> base y<br \/>\n<strong>Tapa transparente de PC<\/strong>La carcasa ofrece una gran dureza, resistencia a los impactos y durabilidad.<br \/>\nfiabilidad. Con <strong>Protecci\u00f3n IP65<\/strong> y el dise\u00f1o reforzado de la hebilla de cierre, el HT-5 es adecuado tanto para interiores<br \/>\ny aplicaciones exteriores. Deflectores de circuito, conjunto de terminales de cobre (probados a 960 \u00b0C) y kit de montaje de accesorios.<br \/>\nhacen que la instalaci\u00f3n sea segura y c\u00f3moda. Para m\u00e1s modelos, consulte la<br \/>\n<a href=\"\/es\/productos\/caja-de-distribucion-estanca\/\">Serie de cajas de distribuci\u00f3n estancas<\/a>.<\/p>\n<p>En <strong>Caja de distribuci\u00f3n estanca HT-5<\/strong> puede integrarse con<br \/>\n<a href=\"\/es\/productos\/fusible-cc\/\">Fusible CC<\/a>, <a href=\"\/es\/productos\/dc-spd\/\">SPD<\/a>,<br \/>\n<a href=\"\/es\/productos\/interruptor-seccionador-de-c-c\/\">Interruptor Desconectador<\/a>o<br \/>\n<a href=\"\/es\/productos\/dc-circuit-breaker\/\">Disyuntor de CC<\/a>que permite su uso en peque\u00f1os sistemas combinadores fotovoltaicos<br \/>\ne instalaciones de distribuci\u00f3n residencial\/comercial.<\/p>\n<h2 id=\"specification\">Especificaciones de la caja de distribuci\u00f3n estanca HT-5<\/h2>\n<table>\n<thead>\n<tr>\n<th>Par\u00e1metro<\/th>\n<th>Valor<\/th>\n<\/tr>\n<\/thead>\n<tbody>\n<tr>\n<td>Modelo<\/td>\n<td>HT-5<\/td>\n<\/tr>\n<tr>\n<td>N\u00famero de circuitos<\/td>\n<td>5 v\u00edas (fila \u00fanica)<\/td>\n<\/tr>\n<tr>\n<td>Dimensiones totales (L\u00d7A\u00d7H)<\/td>\n<td>129 \u00d7 170 \u00d7 95 mm<\/td>\n<\/tr>\n<tr>\n<td>Cero \/ Agujeros de la fila de tierra<\/td>\n<td>Fila cero: 3 agujeros \/ Fila de tierra: 3 agujeros<\/td>\n<\/tr>\n<tr>\n<td>Grado de protecci\u00f3n<\/td>\n<td>IP65 - ver <a href=\"https:\/\/en.wikipedia.org\/wiki\/IP_Code\" target=\"_blank\" rel=\"noopener\">C\u00f3digo IP<\/a> \/<br \/>\n<a href=\"https:\/\/www.iec.ch\/standards\" target=\"_blank\" rel=\"noopener\">IEC 60529<\/a><\/td>\n<\/tr>\n<tr>\n<td>Material<\/td>\n<td>Base y marco de ABS; cubierta transparente de PC<\/td>\n<\/tr>\n<tr>\n<td>Tama\u00f1o exterior de la caja (L\u00d7A\u00d7H)<\/td>\n<td>555 \u00d7 365 \u00d7 520 mm<\/td>\n<\/tr>\n<tr>\n<td>Peso bruto (caja entera)<\/td>\n<td>18,2 kg<\/td>\n<\/tr>\n<tr>\n<td>Cantidad de envases<\/td>\n<td>40 unidades<\/td>\n<\/tr>\n<tr>\n<td>Tipo de apertura<\/td>\n<td>Apertura lateral (tapa abatible &gt;115\u00b0)<\/td>\n<\/tr>\n<tr>\n<td>Caracter\u00edsticas estructurales<\/td>\n<td>Estructura de hebilla de cierre; cubierta de bisagra; deflector de circuito; conjunto de terminales de cobre; orificios ciegos de varios anillos<\/td>\n<\/tr>\n<tr>\n<td>Normas<\/td>\n<td>GB\/T 17466.1; GB\/T 17466.24; IEC 60529 (IP65)<\/td>\n<\/tr>\n<\/tbody>\n<\/table>\n<h2 id=\"diagram\">Diagrama<\/h2>\n<p>A continuaci\u00f3n se muestra el diagrama de instalaci\u00f3n del <strong>Caja de distribuci\u00f3n estanca HT-5<\/strong> (frontal \/ lateral \/ posterior).<br \/>\n<img loading=\"lazy\" decoding=\"async\" class=\"alignnone wp-image-1400\" src=\"https:\/\/sinobreaker.com\/wp-content\/uploads\/2025\/08\/HT-5D-300x186.png\" alt=\"diagrama de la caja de distribuci\u00f3n estanca\" width=\"685\" height=\"425\" srcset=\"https:\/\/sinobreaker.com\/wp-content\/uploads\/2025\/08\/HT-5D-300x186.png 300w, https:\/\/sinobreaker.com\/wp-content\/uploads\/2025\/08\/HT-5D-600x371.png 600w, https:\/\/sinobreaker.com\/wp-content\/uploads\/2025\/08\/HT-5D.png 659w\" sizes=\"auto, (max-width: 685px) 100vw, 685px\" \/><\/p>\n<h2 id=\"faq\">PREGUNTAS FRECUENTES<\/h2>\n<details>\n<summary>\u00bfCu\u00e1les son las dimensiones totales de la caja de distribuci\u00f3n estanca HT-5?<\/summary>\n<div>129 \u00d7 170 \u00d7 95 mm (L\u00d7A\u00d7H).<\/div>\n<\/details>\n<details>\n<summary>\u00bfCu\u00e1ntos circuitos admite el HT-5?<\/summary>\n<div>HT-5 admite 5 circuitos en disposici\u00f3n de fila \u00fanica. Fila cero: 3 orificios; Fila de tierra: 3 agujeros.<\/div>\n<\/details>\n<details>\n<summary>\u00bfEs el HT-5 adecuado para aplicaciones en exteriores?<\/summary>\n<div>S\u00ed. El <strong>Caja de distribuci\u00f3n estanca HT-5<\/strong> tiene un grado de protecci\u00f3n IP65 con tiras de sellado, apto para uso en interiores y exteriores<br \/>\n(referencia: <a href=\"https:\/\/en.wikipedia.org\/wiki\/IP_Code\" target=\"_blank\" rel=\"noopener\">C\u00f3digo IP<\/a> \/<br \/>\n<a href=\"https:\/\/www.iec.ch\/standards\" target=\"_blank\" rel=\"noopener\">IEC 60529<\/a>).<\/div>\n<\/details>\n<details>\n<summary>\u00bfSe puede configurar HT-5 como caja combinadora fotovoltaica?<\/summary>\n<div>S\u00ed. Cuando est\u00e1 equipado con <a href=\"\/es\/productos\/fusible-cc\/\">Fusible CC<\/a>,<br \/>\n<a href=\"\/es\/productos\/dc-spd\/\">Dispositivo de protecci\u00f3n contra sobretensiones (SPD)<\/a>y un<br \/>\n<a href=\"\/es\/productos\/interruptor-seccionador-de-c-c\/\">Interruptor-seccionador CC<\/a> o<br \/>\n<a href=\"\/es\/productos\/dc-circuit-breaker\/\">Disyuntor de CC<\/a>HT-5 puede servir como soluci\u00f3n de combinador fotovoltaico peque\u00f1o.<\/div>\n<\/details>\n<\/div>","protected":false},"excerpt":{"rendered":"<ul>\n<li data-start=\"173\" data-end=\"281\">\n<p data-start=\"175\" data-end=\"281\"><strong data-start=\"175\" data-end=\"212\">Caja de distribuci\u00f3n estanca de 5 v\u00edas<\/strong> con <strong data-start=\"218\" data-end=\"247\">tapa abatible de apertura lateral<\/strong> para facilitar el cableado y la inspecci\u00f3n.<\/p>\n<\/li>\n<li data-start=\"282\" data-end=\"390\">\n<p data-start=\"284\" data-end=\"390\"><strong data-start=\"284\" data-end=\"307\">Carcasa de ABS\/PC IP65<\/strong> garantiza la estanqueidad al agua y al polvo y una gran resistencia a los impactos para una larga vida \u00fatil.<\/p>\n<\/li>\n<li data-start=\"391\" data-end=\"509\">\n<p data-start=\"393\" data-end=\"509\">Adecuado para la integraci\u00f3n con <strong data-start=\"423\" data-end=\"462\">fusible, SPD, seccionador o disyuntor<\/strong> en aplicaciones de distribuci\u00f3n o combinadores fotovoltaicos.<\/p>\n<\/li>\n<\/ul>","protected":false},"featured_media":1399,"comment_status":"open","ping_status":"closed","template":"","meta":[],"product_brand":[],"product_cat":[29],"product_tag":[],"class_list":{"0":"post-1398","1":"product","2":"type-product","3":"status-publish","4":"has-post-thumbnail","6":"product_cat-waterproof-distribution-box","8":"first","9":"instock","10":"shipping-taxable","11":"product-type-simple"},"_links":{"self":[{"href":"https:\/\/sinobreaker.com\/es\/wp-json\/wp\/v2\/product\/1398","targetHints":{"allow":["GET"]}}],"collection":[{"href":"https:\/\/sinobreaker.com\/es\/wp-json\/wp\/v2\/product"}],"about":[{"href":"https:\/\/sinobreaker.com\/es\/wp-json\/wp\/v2\/types\/product"}],"replies":[{"embeddable":true,"href":"https:\/\/sinobreaker.com\/es\/wp-json\/wp\/v2\/comments?post=1398"}],"wp:featuredmedia":[{"embeddable":true,"href":"https:\/\/sinobreaker.com\/es\/wp-json\/wp\/v2\/media\/1399"}],"wp:attachment":[{"href":"https:\/\/sinobreaker.com\/es\/wp-json\/wp\/v2\/media?parent=1398"}],"wp:term":[{"taxonomy":"product_brand","embeddable":true,"href":"https:\/\/sinobreaker.com\/es\/wp-json\/wp\/v2\/product_brand?post=1398"},{"taxonomy":"product_cat","embeddable":true,"href":"https:\/\/sinobreaker.com\/es\/wp-json\/wp\/v2\/product_cat?post=1398"},{"taxonomy":"product_tag","embeddable":true,"href":"https:\/\/sinobreaker.com\/es\/wp-json\/wp\/v2\/product_tag?post=1398"}],"curies":[{"name":"wp","href":"https:\/\/api.w.org\/{rel}","templated":true}]}}