{"id":1401,"date":"2025-08-23T07:01:34","date_gmt":"2025-08-23T07:01:34","guid":{"rendered":"https:\/\/sinobreaker.com\/?post_type=product&#038;p=1401"},"modified":"2026-02-10T16:58:08","modified_gmt":"2026-02-10T16:58:08","slug":"caja-de-distribucion-estanca-ht-8","status":"publish","type":"product","link":"https:\/\/sinobreaker.com\/es\/products\/ht-8-waterproof-distribution-box\/","title":{"rendered":"Caja de distribuci\u00f3n estanca HT-8"},"content":{"rendered":"<style>\n  .product-section h2{font-size:1.6em;margin-top:1.2em;margin-bottom:0.6em;color:#0f172a}<br \/>\n  .product-section p{font-size:1.1em;line-height:1.7em;color:#1e293b}<br \/>\n  .product-section table{width:100%;border-collapse:collapse;margin:1em 0;font-size:1.05em}<br \/>\n  .product-section table th,.product-section table td{border:1px solid #cfcfcf;padding:10px 14px;text-align:left}<br \/>\n  .product-section table th{background:#f8fafc;font-weight:bold}<br \/>\n  .product-section details{margin:.5em 0;font-size:1.05em}<br \/>\n<\/style>\n<div class=\"product-section\">\n<h2>Visi\u00f3n general<\/h2>\n<p>En <strong>Caja de distribuci\u00f3n estanca HT-8<\/strong> proporciona <strong>8 circuitos<\/strong> en una caja compacta de una fila<br \/>\ncon un <strong>tapa abatible de apertura lateral<\/strong>. Su <strong>Base de ABS<\/strong> y <strong>Tapa transparente de PC<\/strong><br \/>\nofrecen una gran tenacidad y resistencia a los impactos, mientras que el <strong>Grado de protecci\u00f3n IP65<\/strong> garantiza un rendimiento fiable frente a<br \/>\npolvo y agua en entornos dif\u00edciles. Equipado con dise\u00f1o de hebilla de bloqueo, conjunto de terminales de cobre (prueba de hilo caliente a 960 \u00b0C),<br \/>\ny m\u00faltiples orificios ciegos para la entrada de cables, el HT-8 es una opci\u00f3n duradera y vers\u00e1til para la distribuci\u00f3n el\u00e9ctrica en interiores y exteriores.<br \/>\nPara ver la serie completa, consulte <a href=\"\/es\/productos\/caja-de-distribucion-estanca\/\">Serie de cajas de distribuci\u00f3n estancas<\/a>.<\/p>\n<p>En <strong>Caja de distribuci\u00f3n estanca HT-8<\/strong> puede configurarse con<br \/>\n<a href=\"\/es\/productos\/fusible-cc\/\">Fusible CC<\/a>, <a href=\"\/es\/productos\/dc-spd\/\">SPD<\/a>,<br \/>\n<a href=\"\/es\/productos\/interruptor-seccionador-de-c-c\/\">Interruptor Desconectador<\/a>o<br \/>\n<a href=\"\/es\/productos\/dc-circuit-breaker\/\">Disyuntor de CC<\/a>por lo que es adecuado tanto para la distribuci\u00f3n general como para<br \/>\n<a href=\"\/es\/solutions\/caja-combinadora-pv\/\">Aplicaciones de la caja combinadora fotovoltaica<\/a>.<\/p>\n<h2 id=\"specification\">Especificaciones de la caja de distribuci\u00f3n estanca HT-8<\/h2>\n<table>\n<thead>\n<tr>\n<th>Par\u00e1metro<\/th>\n<th>Valor<\/th>\n<\/tr>\n<\/thead>\n<tbody>\n<tr>\n<td>Modelo<\/td>\n<td>HT-8<\/td>\n<\/tr>\n<tr>\n<td>N\u00famero de circuitos<\/td>\n<td>8 v\u00edas (fila \u00fanica)<\/td>\n<\/tr>\n<tr>\n<td>Dimensiones totales (L\u00d7A\u00d7H)<\/td>\n<td>183 \u00d7 170 \u00d7 95 mm<\/td>\n<\/tr>\n<tr>\n<td>Cero \/ Agujeros de la fila de tierra<\/td>\n<td>Fila cero: 5 agujeros \/ Fila de tierra: 5 agujeros<\/td>\n<\/tr>\n<tr>\n<td>Grado de protecci\u00f3n<\/td>\n<td>IP65 - ver <a href=\"https:\/\/en.wikipedia.org\/wiki\/IP_Code\" target=\"_blank\" rel=\"noopener\">C\u00f3digo IP<\/a> \/<br \/>\n<a href=\"https:\/\/www.iec.ch\/standards\" target=\"_blank\" rel=\"noopener\">IEC 60529<\/a><\/td>\n<\/tr>\n<tr>\n<td>Material<\/td>\n<td>Base y marco de ABS; cubierta transparente de PC<\/td>\n<\/tr>\n<tr>\n<td>Tama\u00f1o exterior de la caja (L\u00d7A\u00d7H)<\/td>\n<td>520 \u00d7 390 \u00d7 545 mm<\/td>\n<\/tr>\n<tr>\n<td>Peso bruto (caja entera)<\/td>\n<td>17,8 kg<\/td>\n<\/tr>\n<tr>\n<td>Cantidad de envases<\/td>\n<td>30 unidades<\/td>\n<\/tr>\n<tr>\n<td>Tipo de apertura<\/td>\n<td>Apertura lateral (tapa abatible &gt;115\u00b0)<\/td>\n<\/tr>\n<tr>\n<td>Caracter\u00edsticas estructurales<\/td>\n<td>Estructura de hebilla de cierre; cubierta de bisagra; deflector de circuito; conjunto de terminales de cobre; orificios ciegos de varios anillos<\/td>\n<\/tr>\n<tr>\n<td>Normas<\/td>\n<td>GB\/T 17466.1; GB\/T 17466.24; IEC 60529 (IP65)<\/td>\n<\/tr>\n<\/tbody>\n<\/table>\n<h2 id=\"diagram\">Diagrama<\/h2>\n<p>A continuaci\u00f3n se muestra el diagrama de instalaci\u00f3n del <strong>Caja de distribuci\u00f3n estanca HT-8<\/strong> (frontal \/ lateral \/ posterior).<br \/>\n<img loading=\"lazy\" decoding=\"async\" class=\"alignnone  wp-image-1402\" src=\"https:\/\/sinobreaker.com\/wp-content\/uploads\/2025\/08\/HT-8D-300x208.png\" alt=\"Diagrama de la caja de distribuci\u00f3n estanca HT-8\" width=\"695\" height=\"482\" srcset=\"https:\/\/sinobreaker.com\/wp-content\/uploads\/2025\/08\/HT-8D-300x208.png 300w, https:\/\/sinobreaker.com\/wp-content\/uploads\/2025\/08\/HT-8D.png 587w\" sizes=\"auto, (max-width: 695px) 100vw, 695px\" \/><\/p>\n<h2 id=\"faq\">PREGUNTAS FRECUENTES<\/h2>\n<details>\n<summary>\u00bfCu\u00e1les son las dimensiones totales de la caja de distribuci\u00f3n estanca HT-8?<\/summary>\n<div>183 \u00d7 170 \u00d7 95 mm (L\u00d7A\u00d7H).<\/div>\n<\/details>\n<details>\n<summary>\u00bfCu\u00e1ntos circuitos admite el HT-8?<\/summary>\n<div>HT-8 admite 8 circuitos en una disposici\u00f3n de fila \u00fanica. Fila cero: 5 orificios; Fila de tierra: 5 orificios.<\/div>\n<\/details>\n<details>\n<summary>\u00bfEs el HT-8 adecuado para aplicaciones en exteriores?<\/summary>\n<div>S\u00ed. El <strong>Caja de distribuci\u00f3n estanca HT-8<\/strong> tiene un grado de protecci\u00f3n IP65 y est\u00e1 fabricado con material ABS\/PC, apto tanto para instalaciones interiores como exteriores<br \/>\n(referencia: <a href=\"https:\/\/en.wikipedia.org\/wiki\/IP_Code\" target=\"_blank\" rel=\"noopener\">C\u00f3digo IP<\/a> \/<br \/>\n<a href=\"https:\/\/www.iec.ch\/standards\" target=\"_blank\" rel=\"noopener\">IEC 60529<\/a>).<\/div>\n<\/details>\n<details>\n<summary>\u00bfSe puede configurar HT-8 como caja combinadora fotovoltaica?<\/summary>\n<div>S\u00ed. Cuando se integra con <a href=\"\/es\/productos\/fusible-cc\/\">Fusible CC<\/a>,<br \/>\n<a href=\"\/es\/productos\/dc-spd\/\">Dispositivo de protecci\u00f3n contra sobretensiones (SPD)<\/a>y un<br \/>\n<a href=\"\/es\/productos\/interruptor-seccionador-de-c-c\/\">Interruptor-seccionador CC<\/a> o<br \/>\n<a href=\"\/es\/productos\/dc-circuit-breaker\/\">Disyuntor de CC<\/a>HT-8 puede aplicarse como soluci\u00f3n de caja combinadora fotovoltaica.<\/div>\n<\/details>\n<\/div>","protected":false},"excerpt":{"rendered":"<ul data-start=\"120\" data-end=\"466\">\n<li data-start=\"120\" data-end=\"231\">\n<p data-start=\"122\" data-end=\"231\"><strong data-start=\"122\" data-end=\"159\">Caja de distribuci\u00f3n estanca de 8 v\u00edas<\/strong> con <strong data-start=\"165\" data-end=\"194\">tapa abatible de apertura lateral<\/strong> para facilitar el manejo y la inspecci\u00f3n.<\/p>\n<\/li>\n<li data-start=\"232\" data-end=\"346\">\n<p data-start=\"234\" data-end=\"346\">Construido con <strong data-start=\"245\" data-end=\"268\">Carcasa de ABS\/PC IP65<\/strong>estructura de hebilla de cierre y orificios ciegos de varios anillos para una instalaci\u00f3n flexible.<\/p>\n<\/li>\n<li data-start=\"347\" data-end=\"466\">\n<p data-start=\"349\" data-end=\"466\">Admite la integraci\u00f3n con <strong data-start=\"375\" data-end=\"414\">fusible, SPD, seccionador o disyuntor<\/strong> para uso residencial, comercial y en combinadores fotovoltaicos.<\/p>\n<\/li>\n<\/ul>","protected":false},"featured_media":1403,"comment_status":"open","ping_status":"closed","template":"","meta":[],"product_brand":[],"product_cat":[29],"product_tag":[],"class_list":{"0":"post-1401","1":"product","2":"type-product","3":"status-publish","4":"has-post-thumbnail","6":"product_cat-waterproof-distribution-box","8":"first","9":"instock","10":"shipping-taxable","11":"product-type-simple"},"_links":{"self":[{"href":"https:\/\/sinobreaker.com\/es\/wp-json\/wp\/v2\/product\/1401","targetHints":{"allow":["GET"]}}],"collection":[{"href":"https:\/\/sinobreaker.com\/es\/wp-json\/wp\/v2\/product"}],"about":[{"href":"https:\/\/sinobreaker.com\/es\/wp-json\/wp\/v2\/types\/product"}],"replies":[{"embeddable":true,"href":"https:\/\/sinobreaker.com\/es\/wp-json\/wp\/v2\/comments?post=1401"}],"wp:featuredmedia":[{"embeddable":true,"href":"https:\/\/sinobreaker.com\/es\/wp-json\/wp\/v2\/media\/1403"}],"wp:attachment":[{"href":"https:\/\/sinobreaker.com\/es\/wp-json\/wp\/v2\/media?parent=1401"}],"wp:term":[{"taxonomy":"product_brand","embeddable":true,"href":"https:\/\/sinobreaker.com\/es\/wp-json\/wp\/v2\/product_brand?post=1401"},{"taxonomy":"product_cat","embeddable":true,"href":"https:\/\/sinobreaker.com\/es\/wp-json\/wp\/v2\/product_cat?post=1401"},{"taxonomy":"product_tag","embeddable":true,"href":"https:\/\/sinobreaker.com\/es\/wp-json\/wp\/v2\/product_tag?post=1401"}],"curies":[{"name":"wp","href":"https:\/\/api.w.org\/{rel}","templated":true}]}}