{"id":1442,"date":"2025-08-25T07:31:37","date_gmt":"2025-08-25T07:31:37","guid":{"rendered":"https:\/\/sinobreaker.com\/?post_type=product&#038;p=1442"},"modified":"2025-08-25T07:42:02","modified_gmt":"2025-08-25T07:42:02","slug":"caja-combinadora-pv-1-entrada-1-salida-1000vdc","status":"publish","type":"product","link":"https:\/\/sinobreaker.com\/es\/products\/pv-combiner-box-1-in-1-out-1000vdc\/","title":{"rendered":"Caja combinadora FV 1 entrada 1 salida 1000VDC | Serie HS con fusible, SPD e interruptor"},"content":{"rendered":"<section id=\"overview\">\n<h2>Serie HS - Caja combinadora FV 1 entrada 1 salida 1000 VCC<\/h2>\n<p>En <strong>Serie HS<\/strong> <strong>caja combinadora pv 1 entrada 1 salida<\/strong> est\u00e1 dise\u00f1ado para circuitos fotovoltaicos de una sola cadena que requieren una protecci\u00f3n fiable contra sobreintensidades y sobretensiones y un aislamiento seguro. Integra un<br \/>\n<a href=\"\/es\/fusible-cc\/\">Fusible CC<\/a>, a <a href=\"\/es\/dc-spd\/\">DOCUP de tipo 2<\/a>y un <a href=\"\/es\/dc-disconnector\/\">Interruptor-seccionador CC<\/a>.<br \/>\nLa robusta caja para PC est\u00e1 clasificada <strong>IP65<\/strong> y <strong>IK09<\/strong> para uso en exteriores.<\/p>\n<p>Explore m\u00e1s modelos en el <a href=\"\/es\/caja-combinadora-pv\/\">P\u00e1gina de inicio de la caja combinadora fotovoltaica<\/a>e inf\u00f3rmese sobre producci\u00f3n y OEM en el<br \/>\n<a href=\"\/es\/pv-combiner-manufacturer\/\">PV Combiner Box manufacturer page<\/a>. Para las variantes basadas en disyuntores, v\u00e9ase <a href=\"\/es\/dc-breaker\/\">Disyuntores de CC (MCB)<\/a>. \u00bfNecesita un presupuesto? <a href=\"\/es\/contacto\/\">P\u00f3ngase en contacto con nosotros<\/a>.<\/p>\n<\/section>\n<section id=\"key-features\">\n<h3>Caracter\u00edsticas principales<\/h3>\n<ul>\n<li><strong>Topolog\u00eda:<\/strong> caja combinadora fotovoltaica 1 entrada 1 salida (cadena fotovoltaica \u00fanica)<\/li>\n<li><strong>Tensi\u00f3n del sistema:<\/strong> 1000 V CC<\/li>\n<li><strong>Conjunto de protecci\u00f3n:<\/strong> <a href=\"\/es\/fusible-cc\/\">10\u00d738 mm Fusible CC<\/a> (t\u00edp. 16 A), <a href=\"\/es\/dc-spd\/\">DOCUP de tipo 2<\/a> (40 kA), <a href=\"\/es\/dc-disconnector\/\">Interruptor-seccionador CC<\/a> (32 A)<\/li>\n<li><strong>Recinto:<\/strong> PC, <strong>IP65<\/strong> entrada y <strong>IK09<\/strong> \u00edndice de impacto<\/li>\n<li><strong>Cableado:<\/strong> PG09 entrada y PG21 salida prensaestopas; conductor 2,5-16 mm\u00b2.<\/li>\n<li><strong>Normas:<\/strong> DOCUP alineado con<br \/>\n<a href=\"https:\/\/www.iec.ch\/\" target=\"_blank\" rel=\"nofollow noopener\">CEI\/EN 61643-31<\/a>;<br \/>\ncumplimiento del mercado mediante <a href=\"https:\/\/single-market-economy.ec.europa.eu\/single-market\/european-standards\/harmonised-standards_en\" target=\"_blank\" rel=\"nofollow noopener\">Normas armonizadas CE<\/a><br \/>\ny <a href=\"https:\/\/www.ul.com\/\" target=\"_blank\" rel=\"nofollow noopener\">UL<\/a> consideraciones (si procede).<\/li>\n<\/ul>\n<\/section>\n<section id=\"specifications\">\n<h3>Especificaciones t\u00e9cnicas<\/h3>\n<table>\n<thead>\n<tr>\n<th>Especificaci\u00f3n<\/th>\n<th>Valor<\/th>\n<\/tr>\n<\/thead>\n<tbody>\n<tr>\n<td>Serie<\/td>\n<td>HS<\/td>\n<\/tr>\n<tr>\n<td>Entrada \/ Salida<\/td>\n<td>1 entrada \/ 1 salida (cadena \u00fanica)<\/td>\n<\/tr>\n<tr>\n<td>Tensi\u00f3n m\u00e1xima del sistema<\/td>\n<td>1000 V CC<\/td>\n<\/tr>\n<tr>\n<td>Corriente m\u00e1xima de cortocircuito de CC (por entrada)<\/td>\n<td>16 A (cambiable)<\/td>\n<\/tr>\n<tr>\n<td>Corriente m\u00e1xima de salida<\/td>\n<td>32 A<\/td>\n<\/tr>\n<tr>\n<td>Dispositivo de protecci\u00f3n contra sobretensiones<\/td>\n<td>Tipo 2, 40 kA, IEC\/EN 61643-31<\/td>\n<\/tr>\n<tr>\n<td>Fusible<\/td>\n<td>10\u00d738 mm Fusible CC, t\u00edp. 16 A, indicador LED opcional<\/td>\n<\/tr>\n<tr>\n<td>Interruptor Desconectador<\/td>\n<td>Interruptor-seccionador CC, 32 A, aislamiento 1200V<\/td>\n<\/tr>\n<tr>\n<td>Recinto<\/td>\n<td>PC<\/td>\n<\/tr>\n<tr>\n<td>Grado de protecci\u00f3n<\/td>\n<td>IP65<\/td>\n<\/tr>\n<tr>\n<td>Resistencia a los impactos<\/td>\n<td>IK09<\/td>\n<\/tr>\n<tr>\n<td>Dimensiones (An\u00d7Al\u00d7F)<\/td>\n<td>218 \u00d7 200 \u00d7 100 mm<\/td>\n<\/tr>\n<tr>\n<td>Entradas de cables<\/td>\n<td>PG09 (entrada), PG21 (salida)<\/td>\n<\/tr>\n<tr>\n<td>Tama\u00f1o del conductor<\/td>\n<td>2,5-16 mm\u00b2<\/td>\n<\/tr>\n<tr>\n<td>Temperatura de funcionamiento<\/td>\n<td>-20 \u2103 ~ +60 \u2103<\/td>\n<\/tr>\n<tr>\n<td>Humedad<\/td>\n<td>\u2264 99%<\/td>\n<\/tr>\n<tr>\n<td>Altitud<\/td>\n<td>\u2264 2000 m<\/td>\n<\/tr>\n<tr>\n<td>Instalaci\u00f3n<\/td>\n<td>Montaje en pared<\/td>\n<\/tr>\n<\/tbody>\n<\/table>\n<\/section>\n<section id=\"wiring-diagram\">\n<h3>Esquema el\u00e9ctrico<\/h3>\n<figure><!-- Replace with actual diagram asset --><img loading=\"lazy\" decoding=\"async\" class=\"alignnone wp-image-1443\" src=\"https:\/\/sinobreaker.com\/wp-content\/uploads\/2025\/08\/DHS1-1D-300x122.png\" alt=\"Diagrama HS1-1\" width=\"689\" height=\"280\" srcset=\"https:\/\/sinobreaker.com\/wp-content\/uploads\/2025\/08\/DHS1-1D-300x122.png 300w, https:\/\/sinobreaker.com\/wp-content\/uploads\/2025\/08\/DHS1-1D-600x244.png 600w, https:\/\/sinobreaker.com\/wp-content\/uploads\/2025\/08\/DHS1-1D.png 615w\" sizes=\"auto, (max-width: 689px) 100vw, 689px\" \/><figcaption>Cadena fotovoltaica \u2192 Fusible \u2192 SPD \u2192 Interruptor-seccionador de CC \u2192 MPPT\/Inversor.<\/figcaption><\/figure>\n<\/section>\n<section id=\"applications\">\n<h3>Aplicaciones<\/h3>\n<ul>\n<li>Fotovoltaica residencial sobre tejado (monocadena)<\/li>\n<li>Peque\u00f1os generadores fotovoltaicos C&amp;I que requieren protecci\u00f3n contra sobretensiones y aislamiento<\/li>\n<li>Instalaciones exteriores que requieren IP65 e IK09<\/li>\n<\/ul>\n<p>Componentes relacionados: <a href=\"\/es\/fusible-cc\/\">Fusible CC<\/a>, <a href=\"\/es\/dc-spd\/\">DC SPD<\/a>, <a href=\"\/es\/dc-disconnector\/\">Interruptor-seccionador CC<\/a>, <a href=\"\/es\/dc-breaker\/\">Interruptor de CC<\/a>.<\/p>\n<\/section>\n<section id=\"faq\">\n<h3>PREGUNTAS FRECUENTES<\/h3>\n<div class=\"faq-item\">\n<h4>\u00bfQu\u00e9 es una caja combinadora pv 1 in 1 out?<\/h4>\n<p>Una caja combinadora para una \u00fanica cadena fotovoltaica, que integra un fusible de CC, un SPD de tipo 2 y un seccionador interruptor de CC para el aislamiento y la seguridad del mantenimiento. Consulte el <a href=\"\/es\/caja-combinadora-pv\/\">P\u00e1gina de inicio de la caja combinadora fotovoltaica<\/a> para ver m\u00e1s modelos.<\/p>\n<\/div>\n<div class=\"faq-item\">\n<h4>\u00bfCumple las normas de protecci\u00f3n contra sobretensiones?<\/h4>\n<p>S\u00ed. El DOCUP se ajusta a <a href=\"https:\/\/www.iec.ch\/\" target=\"_blank\" rel=\"nofollow noopener\">CEI\/EN 61643-31<\/a>. El acceso al mercado puede requerir <a href=\"https:\/\/single-market-economy.ec.europa.eu\/single-market\/european-standards\/harmonised-standards_en\" target=\"_blank\" rel=\"nofollow noopener\">Normas armonizadas CE<\/a> y <a href=\"https:\/\/www.ul.com\/\" target=\"_blank\" rel=\"nofollow noopener\">UL<\/a> el cumplimiento, en su caso.<\/p>\n<\/div>\n<div class=\"faq-item\">\n<h4>\u00bfQu\u00e9 cables se pueden conectar?<\/h4>\n<p>Los prensaestopas de entrada PG09 y de salida PG21 admiten conductores de 2,5-16 mm\u00b2.<\/p>\n<\/div>\n<div class=\"faq-item\">\n<h4>\u00bfD\u00f3nde puedo obtener precios o informaci\u00f3n sobre OEM?<\/h4>\n<p><a href=\"\/es\/contacto\/\">P\u00f3ngase en contacto con nosotros<\/a> para obtener un presupuesto y visite nuestra <a href=\"\/es\/pv-combiner-manufacturer\/\">p\u00e1gina del fabricante<\/a> para conocer los detalles de producci\u00f3n y OEM.<\/p>\n<\/div>\n<\/section>\n<section id=\"cta\">\n<h3>Solicitar presupuesto<\/h3>\n<p>Indique la corriente de su cadena fotovoltaica y el tama\u00f1o del cable; configuraremos los fusibles y prensaestopas en consecuencia. <a href=\"\/es\/contacto\/\">Obt\u00e9n un presupuesto \u2192<\/a><\/p>\n<\/section>","protected":false},"excerpt":{"rendered":"<p>(1) <strong data-start=\"441\" data-end=\"471\">Caja combinadora FV 1 entrada 1 salida<\/strong> para <strong data-start=\"476\" data-end=\"487\">1000VDC<\/strong> sistemas.<br data-start=\"496\" data-end=\"499\" \/>(2) Integrado <strong data-start=\"514\" data-end=\"563\">Fusible CC + SPD tipo 2 + seccionador interruptor CC<\/strong> para sobrecorriente, sobretensi\u00f3n y aislamiento seguro.<br data-start=\"606\" data-end=\"609\" \/>(3) Exterior <strong data-start=\"621\" data-end=\"636\">IP65 \/ IK09<\/strong> Caja PC, montaje mural, prensaestopas PG 2,5-16 mm\u00b2.<\/p>","protected":false},"featured_media":1444,"comment_status":"open","ping_status":"closed","template":"","meta":[],"product_brand":[],"product_cat":[30],"product_tag":[],"class_list":{"0":"post-1442","1":"product","2":"type-product","3":"status-publish","4":"has-post-thumbnail","6":"product_cat-pv-combiner-box","8":"first","9":"instock","10":"shipping-taxable","11":"product-type-simple"},"_links":{"self":[{"href":"https:\/\/sinobreaker.com\/es\/wp-json\/wp\/v2\/product\/1442","targetHints":{"allow":["GET"]}}],"collection":[{"href":"https:\/\/sinobreaker.com\/es\/wp-json\/wp\/v2\/product"}],"about":[{"href":"https:\/\/sinobreaker.com\/es\/wp-json\/wp\/v2\/types\/product"}],"replies":[{"embeddable":true,"href":"https:\/\/sinobreaker.com\/es\/wp-json\/wp\/v2\/comments?post=1442"}],"wp:featuredmedia":[{"embeddable":true,"href":"https:\/\/sinobreaker.com\/es\/wp-json\/wp\/v2\/media\/1444"}],"wp:attachment":[{"href":"https:\/\/sinobreaker.com\/es\/wp-json\/wp\/v2\/media?parent=1442"}],"wp:term":[{"taxonomy":"product_brand","embeddable":true,"href":"https:\/\/sinobreaker.com\/es\/wp-json\/wp\/v2\/product_brand?post=1442"},{"taxonomy":"product_cat","embeddable":true,"href":"https:\/\/sinobreaker.com\/es\/wp-json\/wp\/v2\/product_cat?post=1442"},{"taxonomy":"product_tag","embeddable":true,"href":"https:\/\/sinobreaker.com\/es\/wp-json\/wp\/v2\/product_tag?post=1442"}],"curies":[{"name":"wp","href":"https:\/\/api.w.org\/{rel}","templated":true}]}}