{"id":1446,"date":"2025-08-25T09:03:43","date_gmt":"2025-08-25T09:03:43","guid":{"rendered":"https:\/\/sinobreaker.com\/?post_type=product&#038;p=1446"},"modified":"2025-08-25T09:04:10","modified_gmt":"2025-08-25T09:04:10","slug":"caja-combinadora-pv-2-entradas-1-salida-1000vdc","status":"publish","type":"product","link":"https:\/\/sinobreaker.com\/es\/products\/pv-combiner-box-2-in-1-out-1000vdc\/","title":{"rendered":"Caja combinadora FV 2 entradas 1 salida 1000VDC | Serie HS con fusible, SPD e interruptor"},"content":{"rendered":"<section id=\"overview\">\n<h2>Serie HS - Caja combinadora FV 2 entradas 1 salida 1000 VCC<\/h2>\n<p>En <strong>Serie HS<\/strong> <strong>caja combinadora pv 2 en 1 salida<\/strong> est\u00e1 dise\u00f1ado para peque\u00f1os sistemas fotovoltaicos que requieren protecci\u00f3n de entrada de doble cadena con supresi\u00f3n de sobretensiones y aislamiento seguro. Integra un<br \/>\n<a href=\"\/es\/fusible-cc\/\">Fusible CC<\/a>, a <a href=\"\/es\/dc-spd\/\">DOCUP de tipo 2<\/a>y un <a href=\"\/es\/dc-disconnector\/\">Interruptor-seccionador CC<\/a>.<br \/>\nSu carcasa para PC preparada para exteriores (<strong>IP65<\/strong>, <strong>IK09<\/strong>) garantiza un funcionamiento fiable en entornos dif\u00edciles.<\/p>\n<p>Consulte la gama completa en <a href=\"\/es\/caja-combinadora-pv\/\">P\u00e1gina de inicio de la caja combinadora fotovoltaica<\/a>u obtenga m\u00e1s informaci\u00f3n sobre nuestra producci\u00f3n en<br \/>\n<a href=\"\/es\/pv-combiner-manufacturer\/\">p\u00e1gina del fabricante<\/a>. Para alternativas equipadas con disyuntores, consulte <a href=\"\/es\/dc-breaker\/\">Interruptores de CC<\/a>. Para consultas OEM, <a href=\"\/es\/contacto\/\">Contacto<\/a>.<\/p>\n<\/section>\n<section id=\"key-features\">\n<h3>Caracter\u00edsticas principales<\/h3>\n<ul>\n<li><strong>Topolog\u00eda:<\/strong> 2 entradas 1 salida (dos cadenas fotovoltaicas combinadas en 1 salida)<\/li>\n<li><strong>Tensi\u00f3n del sistema:<\/strong> 1000 V CC<\/li>\n<li><strong>Conjunto de protecci\u00f3n:<\/strong> <a href=\"\/es\/fusible-cc\/\">Fusibles CC 10\u00d738 mm<\/a> (t\u00edp. 16 A cada uno), <a href=\"\/es\/dc-spd\/\">DOCUP de tipo 2<\/a> (40 kA), <a href=\"\/es\/dc-disconnector\/\">Interruptor-seccionador CC<\/a> (32 A)<\/li>\n<li><strong>Recinto:<\/strong> Policarbonato, <strong>IP65<\/strong> entrada y <strong>IK09<\/strong> protecci\u00f3n contra impactos<\/li>\n<li><strong>Cableado:<\/strong> Prensaestopas de entrada PG09 y salida PG21; conductores de 2,5-16 mm\u00b2.<\/li>\n<li><strong>Normas:<\/strong> SPD probado para<br \/>\n<a href=\"https:\/\/www.iec.ch\/\" target=\"_blank\" rel=\"nofollow noopener\">CEI\/EN 61643-31<\/a>;<br \/>\ncumple con <a href=\"https:\/\/single-market-economy.ec.europa.eu\/single-market\/european-standards\/harmonised-standards_en\" target=\"_blank\" rel=\"nofollow noopener\">Normas armonizadas CE<\/a><br \/>\ny <a href=\"https:\/\/www.ul.com\/\" target=\"_blank\" rel=\"nofollow noopener\">UL<\/a> requisitos (si procede).<\/li>\n<\/ul>\n<\/section>\n<section id=\"specifications\">\n<h3>Especificaciones t\u00e9cnicas<\/h3>\n<table>\n<thead>\n<tr>\n<th>Especificaci\u00f3n<\/th>\n<th>Valor<\/th>\n<\/tr>\n<\/thead>\n<tbody>\n<tr>\n<td>Serie<\/td>\n<td>HS<\/td>\n<\/tr>\n<tr>\n<td>Entrada \/ Salida<\/td>\n<td>2 in \/ 1 out (2 cuerdas combinadas)<\/td>\n<\/tr>\n<tr>\n<td>Tensi\u00f3n m\u00e1xima del sistema<\/td>\n<td>1000 V CC<\/td>\n<\/tr>\n<tr>\n<td>Corriente m\u00e1xima de cortocircuito de CC (por entrada)<\/td>\n<td>16 A (configurable)<\/td>\n<\/tr>\n<tr>\n<td>Corriente m\u00e1xima de salida<\/td>\n<td>32 A<\/td>\n<\/tr>\n<tr>\n<td>Dispositivo de protecci\u00f3n contra sobretensiones<\/td>\n<td>SPD tipo 2, 40 kA, IEC\/EN 61643-31<\/td>\n<\/tr>\n<tr>\n<td>Fusible<\/td>\n<td>2 \u00d7 10\u00d738 mm Fusibles CC, t\u00edp. 16 A, indicador LED opcional<\/td>\n<\/tr>\n<tr>\n<td>Interruptor Desconectador<\/td>\n<td>Interruptor-seccionador CC, 32 A, aislamiento 1200V<\/td>\n<\/tr>\n<tr>\n<td>Recinto<\/td>\n<td>PC<\/td>\n<\/tr>\n<tr>\n<td>Grado de protecci\u00f3n<\/td>\n<td>IP65<\/td>\n<\/tr>\n<tr>\n<td>Resistencia a los impactos<\/td>\n<td>IK09<\/td>\n<\/tr>\n<tr>\n<td>Dimensiones (An\u00d7Al\u00d7F)<\/td>\n<td>aprox. 240 \u00d7 220 \u00d7 110 mm<\/td>\n<\/tr>\n<tr>\n<td>Entradas de cables<\/td>\n<td>PG09 (entradas), PG21 (salida)<\/td>\n<\/tr>\n<tr>\n<td>Tama\u00f1o del conductor<\/td>\n<td>2,5-16 mm\u00b2<\/td>\n<\/tr>\n<tr>\n<td>Temperatura de funcionamiento<\/td>\n<td>-20 \u2103 ~ +60 \u2103<\/td>\n<\/tr>\n<tr>\n<td>Humedad<\/td>\n<td>\u2264 99%<\/td>\n<\/tr>\n<tr>\n<td>Altitud<\/td>\n<td>\u2264 2000 m<\/td>\n<\/tr>\n<tr>\n<td>Instalaci\u00f3n<\/td>\n<td>Montaje en pared<\/td>\n<\/tr>\n<\/tbody>\n<\/table>\n<\/section>\n<section id=\"wiring-diagram\">\n<h3>Esquema el\u00e9ctrico<\/h3>\n<figure><img loading=\"lazy\" decoding=\"async\" class=\"alignnone  wp-image-1447\" src=\"https:\/\/sinobreaker.com\/wp-content\/uploads\/2025\/08\/HS2-1D-300x111.png\" alt=\"Diagrama de la caja combinadora FV de 2 entradas y 1 salida de 1000 VCC\" width=\"630\" height=\"233\" srcset=\"https:\/\/sinobreaker.com\/wp-content\/uploads\/2025\/08\/HS2-1D-300x111.png 300w, https:\/\/sinobreaker.com\/wp-content\/uploads\/2025\/08\/HS2-1D-18x7.png 18w, https:\/\/sinobreaker.com\/wp-content\/uploads\/2025\/08\/HS2-1D-600x222.png 600w, https:\/\/sinobreaker.com\/wp-content\/uploads\/2025\/08\/HS2-1D.png 680w\" sizes=\"auto, (max-width: 630px) 100vw, 630px\" \/><figcaption>Dos cadenas fotovoltaicas \u2192 Fusibles de CC \u2192 SPD \u2192 Interruptor-seccionador de CC \u2192 MPPT\/Inversor.<\/figcaption><\/figure>\n<\/section>\n<section id=\"applications\">\n<h3>Aplicaciones<\/h3>\n<ul>\n<li>Matrices fotovoltaicas residenciales con cadenas dobles<\/li>\n<li>Peque\u00f1os sistemas fotovoltaicos comerciales que requieren protecci\u00f3n de 2 entradas<\/li>\n<li>Instalaciones fotovoltaicas en el exterior que necesitan cubiertas IP65 \/ IK09<\/li>\n<\/ul>\n<p>Componentes relacionados: <a href=\"\/es\/fusible-cc\/\">Fusible CC<\/a>, <a href=\"\/es\/dc-spd\/\">DC SPD<\/a>, <a href=\"\/es\/dc-disconnector\/\">Interruptor-seccionador CC<\/a>, <a href=\"\/es\/dc-breaker\/\">Interruptor de CC<\/a>.<\/p>\n<\/section>\n<section id=\"faq\">\n<h3>PREGUNTAS FRECUENTES<\/h3>\n<div class=\"faq-item\">\n<h4>\u00bfQu\u00e9 es una caja combinadora 2 en 1?<\/h4>\n<p>Se trata de una caja combinadora para dos cadenas fotovoltaicas combinadas en una \u00fanica salida, que integra fusibles, SPD de tipo 2 y un seccionador interruptor de CC. Consulte el <a href=\"\/es\/caja-combinadora-pv\/\">P\u00e1gina de inicio de la caja combinadora fotovoltaica<\/a> para ver m\u00e1s modelos.<\/p>\n<\/div>\n<div class=\"faq-item\">\n<h4>\u00bfC\u00f3mo protege las cadenas fotovoltaicas dobles?<\/h4>\n<p>Cada cadena tiene su propio fusible de CC, adem\u00e1s de un SPD compartido y un interruptor seccionador para aislamiento y protecci\u00f3n contra sobretensiones.<\/p>\n<\/div>\n<div class=\"faq-item\">\n<h4>\u00bfQu\u00e9 tama\u00f1os de cable son compatibles?<\/h4>\n<p>Los prensaestopas de entrada PG09 y de salida PG21 admiten conductores de 2,5-16 mm\u00b2.<\/p>\n<\/div>\n<div class=\"faq-item\">\n<h4>\u00bfD\u00f3nde puedo obtener informaci\u00f3n sobre precios y OEM?<\/h4>\n<p><a href=\"\/es\/contacto\/\">P\u00f3ngase en contacto con nosotros<\/a> para solicitar presupuestos y visite nuestra <a href=\"\/es\/pv-combiner-manufacturer\/\">p\u00e1gina del fabricante<\/a> para obtener informaci\u00f3n sobre OEM.<\/p>\n<\/div>\n<\/section>\n<section id=\"cta\">\n<h3>Solicitar presupuesto<\/h3>\n<p>Indique los valores nominales de su cadena fotovoltaica y configuraremos los fusibles y prensaestopas en consecuencia. <a href=\"\/es\/contacto\/\">Obt\u00e9n un presupuesto \u2192<\/a><\/p>\n<\/section>","protected":false},"excerpt":{"rendered":"<p data-start=\"232\" data-end=\"336\">(1) <strong data-start=\"410\" data-end=\"440\">Caja combinadora FV 2 entradas 1 salida<\/strong> para <strong data-start=\"445\" data-end=\"456\">1000VDC<\/strong> Matrices fotovoltaicas.<br data-start=\"467\" data-end=\"470\" \/>(2) Integrado <strong data-start=\"485\" data-end=\"534\">Fusible CC + SPD tipo 2 + seccionador interruptor CC<\/strong> para protecci\u00f3n y aislamiento de entrada de doble cadena.<br data-start=\"582\" data-end=\"585\" \/>(3) Resistente <strong data-start=\"596\" data-end=\"611\">IP65 \/ IK09<\/strong> Caja para PC, para montaje en pared, con prensaestopas PG 2,5-16 mm\u00b2.<\/p>","protected":false},"featured_media":1448,"comment_status":"open","ping_status":"closed","template":"","meta":[],"product_brand":[],"product_cat":[30],"product_tag":[],"class_list":{"0":"post-1446","1":"product","2":"type-product","3":"status-publish","4":"has-post-thumbnail","6":"product_cat-pv-combiner-box","8":"first","9":"instock","10":"shipping-taxable","11":"product-type-simple"},"_links":{"self":[{"href":"https:\/\/sinobreaker.com\/es\/wp-json\/wp\/v2\/product\/1446","targetHints":{"allow":["GET"]}}],"collection":[{"href":"https:\/\/sinobreaker.com\/es\/wp-json\/wp\/v2\/product"}],"about":[{"href":"https:\/\/sinobreaker.com\/es\/wp-json\/wp\/v2\/types\/product"}],"replies":[{"embeddable":true,"href":"https:\/\/sinobreaker.com\/es\/wp-json\/wp\/v2\/comments?post=1446"}],"wp:featuredmedia":[{"embeddable":true,"href":"https:\/\/sinobreaker.com\/es\/wp-json\/wp\/v2\/media\/1448"}],"wp:attachment":[{"href":"https:\/\/sinobreaker.com\/es\/wp-json\/wp\/v2\/media?parent=1446"}],"wp:term":[{"taxonomy":"product_brand","embeddable":true,"href":"https:\/\/sinobreaker.com\/es\/wp-json\/wp\/v2\/product_brand?post=1446"},{"taxonomy":"product_cat","embeddable":true,"href":"https:\/\/sinobreaker.com\/es\/wp-json\/wp\/v2\/product_cat?post=1446"},{"taxonomy":"product_tag","embeddable":true,"href":"https:\/\/sinobreaker.com\/es\/wp-json\/wp\/v2\/product_tag?post=1446"}],"curies":[{"name":"wp","href":"https:\/\/api.w.org\/{rel}","templated":true}]}}