{"id":1453,"date":"2025-08-25T09:18:38","date_gmt":"2025-08-25T09:18:38","guid":{"rendered":"https:\/\/sinobreaker.com\/?post_type=product&#038;p=1453"},"modified":"2025-08-25T09:19:21","modified_gmt":"2025-08-25T09:19:21","slug":"caja-combinadora-pv-2-entradas-2-salidas","status":"publish","type":"product","link":"https:\/\/sinobreaker.com\/es\/products\/pv-combiner-box-2-in-2-out\/","title":{"rendered":"Caja combinadora FV 2 entradas 2 salidas 1000VDC | Serie HS con fusible, SPD e interruptor"},"content":{"rendered":"<section id=\"overview\">\n<h2>Serie HS - Caja combinadora FV 2 entradas 2 salidas 1000 VCC<\/h2>\n<p>En <strong>Serie HS<\/strong> <strong>caja combinadora pv 2 entradas 2 salidas<\/strong> est\u00e1 dise\u00f1ado para entradas de doble cadena fotovoltaica con salidas independientes. Cada cadena est\u00e1 protegida por un <a href=\"\/es\/fusible-cc\/\">Fusible CC<\/a>con el a\u00f1adido <a href=\"\/es\/dc-spd\/\">Protecci\u00f3n contra sobretensiones de tipo 2<\/a> y un <a href=\"\/es\/dc-disconnector\/\">Interruptor-seccionador CC<\/a> para un funcionamiento y mantenimiento seguros.<\/p>\n<p>Encontrar\u00e1 toda la gama en <a href=\"\/es\/caja-combinadora-pv\/\">P\u00e1gina de inicio de la caja combinadora fotovoltaica<\/a>y visite la p\u00e1gina <a href=\"\/es\/pv-combiner-manufacturer\/\">p\u00e1gina del fabricante<\/a> para obtener informaci\u00f3n sobre OEM. Para alternativas basadas en disyuntores, consulte <a href=\"\/es\/dc-breaker\/\">Modelos de disyuntores de CC<\/a>. Para consultas sobre OEM\/precios, <a href=\"\/es\/contacto\/\">Contacto<\/a>.<\/p>\n<\/section>\n<section id=\"key-features\">\n<h3>Caracter\u00edsticas principales<\/h3>\n<ul>\n<li><strong>Topolog\u00eda:<\/strong> 2 entradas 2 salidas (entradas FV dobles con salidas protegidas independientes)<\/li>\n<li><strong>Tensi\u00f3n del sistema:<\/strong> 1000 V CC<\/li>\n<li><strong>Dispositivos de protecci\u00f3n:<\/strong> 2 \u00d7 <a href=\"\/es\/fusible-cc\/\">Fusibles CC 10\u00d738 mm<\/a> (16 A), <a href=\"\/es\/dc-spd\/\">DOCUP de tipo 2<\/a> (40 kA), <a href=\"\/es\/dc-disconnector\/\">Interruptor-seccionador CC<\/a><\/li>\n<li><strong>Recinto:<\/strong> Policarbonato, <strong>IP65<\/strong> entrada y <strong>IK09<\/strong> protecci\u00f3n contra impactos<\/li>\n<li><strong>Cableado:<\/strong> Entradas PG09 y salidas PG21, rango de conductores 2,5-16 mm\u00b2.<\/li>\n<li><strong>Normas:<\/strong> SPD probado para<br \/>\n<a href=\"https:\/\/www.iec.ch\/\" target=\"_blank\" rel=\"nofollow noopener\">CEI\/EN 61643-31<\/a>; conforme con<br \/>\n<a href=\"https:\/\/single-market-economy.ec.europa.eu\/single-market\/european-standards\/harmonised-standards_en\" target=\"_blank\" rel=\"nofollow noopener\">CE<\/a> y<br \/>\n<a href=\"https:\/\/www.ul.com\/\" target=\"_blank\" rel=\"nofollow noopener\">UL<\/a> en su caso.<\/li>\n<\/ul>\n<\/section>\n<section id=\"specifications\">\n<h3>Especificaciones t\u00e9cnicas<\/h3>\n<table>\n<thead>\n<tr>\n<th>Especificaci\u00f3n<\/th>\n<th>Valor<\/th>\n<\/tr>\n<\/thead>\n<tbody>\n<tr>\n<td>Serie<\/td>\n<td>HS<\/td>\n<\/tr>\n<tr>\n<td>Entrada \/ Salida<\/td>\n<td>2 entradas \/ 2 salidas (independientes)<\/td>\n<\/tr>\n<tr>\n<td>Tensi\u00f3n m\u00e1xima del sistema<\/td>\n<td>1000 V CC<\/td>\n<\/tr>\n<tr>\n<td>Corriente de entrada m\u00e1x.<\/td>\n<td>16 A por cadena<\/td>\n<\/tr>\n<tr>\n<td>Corriente m\u00e1xima de salida<\/td>\n<td>32 A total<\/td>\n<\/tr>\n<tr>\n<td>Dispositivo de protecci\u00f3n contra sobretensiones<\/td>\n<td>SPD tipo 2, 40 kA<\/td>\n<\/tr>\n<tr>\n<td>Fusible<\/td>\n<td>2 \u00d7 10\u00d738 mm Fusibles CC, t\u00edp. 16 A<\/td>\n<\/tr>\n<tr>\n<td>Interruptor Desconectador<\/td>\n<td>Interruptor-seccionador CC, 32 A<\/td>\n<\/tr>\n<tr>\n<td>Recinto<\/td>\n<td>PC, IP65<\/td>\n<\/tr>\n<tr>\n<td>Resistencia a los impactos<\/td>\n<td>IK09<\/td>\n<\/tr>\n<tr>\n<td>Dimensiones<\/td>\n<td>~240 \u00d7 220 \u00d7 110 mm<\/td>\n<\/tr>\n<tr>\n<td>Entradas de cables<\/td>\n<td>Entradas PG09, salidas PG21<\/td>\n<\/tr>\n<tr>\n<td>Tama\u00f1o del conductor<\/td>\n<td>2,5-16 mm\u00b2<\/td>\n<\/tr>\n<tr>\n<td>Temperatura de funcionamiento<\/td>\n<td>-20 \u2103 ~ +60 \u2103<\/td>\n<\/tr>\n<tr>\n<td>Humedad<\/td>\n<td>\u2264 99%<\/td>\n<\/tr>\n<tr>\n<td>Altitud<\/td>\n<td>\u2264 2000 m<\/td>\n<\/tr>\n<tr>\n<td>Instalaci\u00f3n<\/td>\n<td>Montaje en pared<\/td>\n<\/tr>\n<\/tbody>\n<\/table>\n<\/section>\n<section id=\"wiring-diagram\">\n<h3>Esquema el\u00e9ctrico<\/h3>\n<figure><img loading=\"lazy\" decoding=\"async\" class=\"alignnone wp-image-1455\" src=\"https:\/\/sinobreaker.com\/wp-content\/uploads\/2025\/08\/HS2-2D-300x250.png\" alt=\"Diagrama de la caja combinadora FV de 2 entradas y 2 salidas\" width=\"461\" height=\"384\" srcset=\"https:\/\/sinobreaker.com\/wp-content\/uploads\/2025\/08\/HS2-2D-300x250.png 300w, https:\/\/sinobreaker.com\/wp-content\/uploads\/2025\/08\/HS2-2D-14x12.png 14w, https:\/\/sinobreaker.com\/wp-content\/uploads\/2025\/08\/HS2-2D-600x499.png 600w, https:\/\/sinobreaker.com\/wp-content\/uploads\/2025\/08\/HS2-2D.png 679w\" sizes=\"auto, (max-width: 461px) 100vw, 461px\" \/><figcaption>Dos cadenas fotovoltaicas \u2192 Fusibles \u2192 SPD \u2192 Seccionador de CC \u2192 Salidas independientes al inversor<\/figcaption><\/figure>\n<\/section>\n<section id=\"applications\">\n<h3>Aplicaciones<\/h3>\n<ul>\n<li>Sistemas fotovoltaicos residenciales de doble cadena<\/li>\n<li>Sistemas rooftop comerciales que requieren 2 salidas<\/li>\n<li>Aplicaciones solares exteriores que requieren protecci\u00f3n IP65\/IK09<\/li>\n<\/ul>\n<p>Ver componentes relacionados:<\/p>\n<\/section>","protected":false},"excerpt":{"rendered":"<p>(1) <strong data-start=\"372\" data-end=\"402\">Caja combinadora FV 2 entradas 2 salidas<\/strong> para <strong data-start=\"407\" data-end=\"418\">1000VDC<\/strong> paneles solares fotovoltaicos.<br data-start=\"435\" data-end=\"438\" \/>(2) Integrado <strong data-start=\"453\" data-end=\"508\">fusibles dobles CC + SPD tipo 2 + seccionador interruptor CC<\/strong> para la protecci\u00f3n y el aislamiento de las cadenas.<br data-start=\"545\" data-end=\"548\" \/>(3) Caja PC IP65 \/ IK09, para intemperie, prensaestopas PG para conductores de 2,5-16 mm\u00b2.<\/p>","protected":false},"featured_media":1454,"comment_status":"open","ping_status":"closed","template":"","meta":[],"product_brand":[],"product_cat":[30],"product_tag":[],"class_list":{"0":"post-1453","1":"product","2":"type-product","3":"status-publish","4":"has-post-thumbnail","6":"product_cat-pv-combiner-box","8":"first","9":"instock","10":"shipping-taxable","11":"product-type-simple"},"_links":{"self":[{"href":"https:\/\/sinobreaker.com\/es\/wp-json\/wp\/v2\/product\/1453","targetHints":{"allow":["GET"]}}],"collection":[{"href":"https:\/\/sinobreaker.com\/es\/wp-json\/wp\/v2\/product"}],"about":[{"href":"https:\/\/sinobreaker.com\/es\/wp-json\/wp\/v2\/types\/product"}],"replies":[{"embeddable":true,"href":"https:\/\/sinobreaker.com\/es\/wp-json\/wp\/v2\/comments?post=1453"}],"wp:featuredmedia":[{"embeddable":true,"href":"https:\/\/sinobreaker.com\/es\/wp-json\/wp\/v2\/media\/1454"}],"wp:attachment":[{"href":"https:\/\/sinobreaker.com\/es\/wp-json\/wp\/v2\/media?parent=1453"}],"wp:term":[{"taxonomy":"product_brand","embeddable":true,"href":"https:\/\/sinobreaker.com\/es\/wp-json\/wp\/v2\/product_brand?post=1453"},{"taxonomy":"product_cat","embeddable":true,"href":"https:\/\/sinobreaker.com\/es\/wp-json\/wp\/v2\/product_cat?post=1453"},{"taxonomy":"product_tag","embeddable":true,"href":"https:\/\/sinobreaker.com\/es\/wp-json\/wp\/v2\/product_tag?post=1453"}],"curies":[{"name":"wp","href":"https:\/\/api.w.org\/{rel}","templated":true}]}}