{"id":1462,"date":"2025-08-25T09:34:19","date_gmt":"2025-08-25T09:34:19","guid":{"rendered":"https:\/\/sinobreaker.com\/?post_type=product&#038;p=1462"},"modified":"2026-02-19T23:14:33","modified_gmt":"2026-02-19T23:14:33","slug":"caja-combinadora-pv-de-1-cadena","status":"publish","type":"product","link":"https:\/\/sinobreaker.com\/es\/products\/1-string-pv-combiner-box\/","title":{"rendered":"1 String PV Combiner Box 1000VDC | Serie HD con fusible, SPD y disyuntor"},"content":{"rendered":"<section id=\"overview\">\n<h2>Serie HD - 1 String PV Combiner Box 1000VDC<\/h2>\n<p>En <strong>Serie HD<\/strong> <strong>caja combinadora pv de 1 cadena<\/strong> est\u00e1 dise\u00f1ado para la protecci\u00f3n de cadenas fotovoltaicas individuales en sistemas de CC de hasta 1000 V. Integra un <a href=\"\/es\/fusible-cc\/\">Fusible CC<\/a>, a <a href=\"\/es\/dc-spd\/\">DOCUP de tipo 2<\/a>y un <a href=\"\/es\/dc-breaker\/\">Interruptor de CC (MCB)<\/a>, proporcionando sobrecorriente, supresi\u00f3n de sobretensiones y aislamiento de circuitos.<\/p>\n<p>Ver m\u00e1s modelos en la <a href=\"\/es\/caja-combinadora-pv\/\">P\u00e1gina de inicio de la caja combinadora fotovoltaica<\/a>y explore nuestras capacidades OEM en la <a href=\"\/es\/pv-combiner-manufacturer\/\">p\u00e1gina del fabricante<\/a>. Para conocer las alternativas basadas en conmutadores, consulte <a href=\"\/es\/dc-disconnector\/\">Seccionador CC<\/a>. Para las citas, <a href=\"\/es\/contacto\/\">Contacto<\/a>.<\/p>\n<\/section>\n<section id=\"key-features\">\n<h3>Caracter\u00edsticas principales<\/h3>\n<ul>\n<li><strong>Topolog\u00eda:<\/strong> 1 cadena (1 entrada \/ 1 salida)<\/li>\n<li><strong>Tensi\u00f3n del sistema:<\/strong> 1000 V CC<\/li>\n<li><strong>Dispositivos de protecci\u00f3n:<\/strong> <a href=\"\/es\/fusible-cc\/\">Fusible CC<\/a>, <a href=\"\/es\/dc-spd\/\">DOCUP de tipo 2<\/a> (40 kA), <a href=\"\/es\/dc-breaker\/\">Interruptor de CC (MCB)<\/a><\/li>\n<li><strong>Recinto:<\/strong> Policarbonato, <strong>IP65<\/strong> entrada, <strong>IK09<\/strong> resistencia al impacto<\/li>\n<li><strong>Cableado:<\/strong> Entrada PG09 y salida PG21, conductores de 2,5-16 mm\u00b2.<\/li>\n<li><strong>Normas:<\/strong> SPD probado para<br \/>\n<a href=\"https:\/\/www.iec.ch\/\" target=\"_blank\" rel=\"nofollow noopener\">CEI\/EN 61643-31<\/a>El producto se ajusta a<br \/>\n<a href=\"https:\/\/single-market-economy.ec.europa.eu\/single-market\/european-standards\/harmonised-standards_en\" target=\"_blank\" rel=\"nofollow noopener\">CE<\/a> y<br \/>\n<a href=\"https:\/\/www.ul.com\/\" target=\"_blank\" rel=\"nofollow noopener\">UL<\/a>.<\/li>\n<\/ul>\n<\/section>\n<section id=\"specifications\">\n<h3>Especificaciones t\u00e9cnicas<\/h3>\n<table>\n<thead>\n<tr>\n<th>Especificaci\u00f3n<\/th>\n<th>Valor<\/th>\n<\/tr>\n<\/thead>\n<tbody>\n<tr>\n<td>Serie<\/td>\n<td>HD<\/td>\n<\/tr>\n<tr>\n<td>Entrada \/ Salida<\/td>\n<td>1 cadena (1 entrada \/ 1 salida)<\/td>\n<\/tr>\n<tr>\n<td>Tensi\u00f3n m\u00e1xima del sistema<\/td>\n<td>1000 V CC<\/td>\n<\/tr>\n<tr>\n<td>Corriente m\u00e1xima<\/td>\n<td>32 A<\/td>\n<\/tr>\n<tr>\n<td>Dispositivo de protecci\u00f3n contra sobretensiones<\/td>\n<td>SPD tipo 2, 40 kA<\/td>\n<\/tr>\n<tr>\n<td>Fusible<\/td>\n<td>10\u00d738 mm Fusible CC, tipo 16 A<\/td>\n<\/tr>\n<tr>\n<td>Interruptor<\/td>\n<td>Interruptor de CC (MCB), 32 A<\/td>\n<\/tr>\n<tr>\n<td>Recinto<\/td>\n<td>PC, IP65<\/td>\n<\/tr>\n<tr>\n<td>Resistencia a los impactos<\/td>\n<td>IK09<\/td>\n<\/tr>\n<tr>\n<td>Dimensiones<\/td>\n<td>~218 \u00d7 200 \u00d7 100 mm<\/td>\n<\/tr>\n<tr>\n<td>Entradas de cables<\/td>\n<td>Entrada PG09, salida PG21<\/td>\n<\/tr>\n<tr>\n<td>Tama\u00f1o del conductor<\/td>\n<td>2,5-16 mm\u00b2<\/td>\n<\/tr>\n<tr>\n<td>Temperatura de funcionamiento<\/td>\n<td>-20 \u2103 ~ +60 \u2103<\/td>\n<\/tr>\n<tr>\n<td>Humedad<\/td>\n<td>\u2264 99%<\/td>\n<\/tr>\n<tr>\n<td>Altitud<\/td>\n<td>\u2264 2000 m<\/td>\n<\/tr>\n<tr>\n<td>Instalaci\u00f3n<\/td>\n<td>Montaje en pared<\/td>\n<\/tr>\n<\/tbody>\n<\/table>\n<\/section>\n<section id=\"wiring-diagram\">\n<h3>Esquema el\u00e9ctrico<\/h3>\n<figure><img loading=\"lazy\" decoding=\"async\" class=\"alignnone  wp-image-1463\" src=\"https:\/\/sinobreaker.com\/wp-content\/uploads\/2025\/08\/HD1-1D-300x134.png\" alt=\"Diagrama de la caja combinadora fotovoltaica de 1 cadena\" width=\"472\" height=\"211\" srcset=\"https:\/\/sinobreaker.com\/wp-content\/uploads\/2025\/08\/HD1-1D-300x134.png 300w, https:\/\/sinobreaker.com\/wp-content\/uploads\/2025\/08\/HD1-1D-18x8.png 18w, https:\/\/sinobreaker.com\/wp-content\/uploads\/2025\/08\/HD1-1D-600x268.png 600w, https:\/\/sinobreaker.com\/wp-content\/uploads\/2025\/08\/HD1-1D.png 671w\" sizes=\"auto, (max-width: 472px) 100vw, 472px\" \/><figcaption>Cadena fotovoltaica \u00fanica \u2192 Fusible \u2192 SPD \u2192 Interruptor de CC \u2192 Inversor.<\/figcaption><\/figure>\n<\/section>\n<section id=\"applications\">\n<h3>Aplicaciones<\/h3>\n<ul>\n<li>Sistemas fotovoltaicos residenciales de una sola cadena<\/li>\n<li>Parques fotovoltaicos peque\u00f1os o aislados de la red mediante disyuntores<\/li>\n<li>Instalaciones fotovoltaicas al aire libre que necesitan cubiertas IP65\/IK09<\/li>\n<\/ul>\n<p>P\u00e1ginas relacionadas: <a href=\"\/es\/fusible-cc\/\">Fusibles CC<\/a>, <a href=\"\/es\/dc-spd\/\">Dispositivos de protecci\u00f3n contra sobretensiones<\/a>, <a href=\"\/es\/dc-disconnector\/\">Interruptores-seccionadores de CC<\/a>, <a href=\"\/es\/dc-breaker\/\">Interruptores de CC<\/a>.<\/p>\n<\/section>\n<section id=\"faq\">\n<h3>PREGUNTAS FRECUENTES<\/h3>\n<div class=\"faq-item\">\n<h4>\u00bfQu\u00e9 es un combinador fotovoltaico de 1 cadena?<\/h4>\n<p>Una caja compacta para una \u00fanica cadena fotovoltaica, con protecci\u00f3n por fusible, SPD y disyuntor de hasta 1000 VCC.<\/p>\n<\/div>\n<div class=\"faq-item\">\n<h4>\u00bfIncluye un disyuntor?<\/h4>\n<p>S\u00ed, a diferencia de los modelos HS, la serie HD integra un disyuntor de CC (MCB) para el aislamiento y la conmutaci\u00f3n.<\/p>\n<\/div>\n<div class=\"faq-item\">\n<h4>\u00bfEst\u00e1 homologado para exteriores?<\/h4>\n<p>S\u00ed, la carcasa del PC tiene clasificaci\u00f3n IP65 e IK09, apta para instalaciones en exteriores.<\/p>\n<\/div>\n<div class=\"faq-item\">\n<h4>\u00bfD\u00f3nde puedo obtener informaci\u00f3n sobre precios y OEM?<\/h4>\n<p>Visite el <a href=\"\/es\/pv-combiner-manufacturer\/\">p\u00e1gina del fabricante<\/a> o <a href=\"\/es\/contacto\/\">Contacto<\/a> directamente.<\/p>\n<\/div>\n<\/section>\n<section id=\"cta\">\n<h3>Solicitar presupuesto<\/h3>\n<p>Facil\u00edtenos sus especificaciones fotovoltaicas y nosotros configuraremos los fusibles y los disyuntores seg\u00fan corresponda. <a href=\"\/es\/contacto\/\">Solicitar presupuesto \u2192<\/a><\/p>\n<\/section>","protected":false},"excerpt":{"rendered":"<p>(1) <strong data-start=\"435\" data-end=\"463\">caja combinadora pv de 1 cadena<\/strong> para <strong data-start=\"468\" data-end=\"479\">1000VDC<\/strong> Matrices fotovoltaicas.<br data-start=\"490\" data-end=\"493\" \/>(2) Integrado <strong data-start=\"508\" data-end=\"551\">Fusible de CC + SPD de tipo 2 + disyuntor de CC (MCB)<\/strong> para una protecci\u00f3n completa.<br data-start=\"576\" data-end=\"579\" \/>(3) Exterior <strong data-start=\"591\" data-end=\"606\">IP65 \/ IK09<\/strong> Carcasa de PC, montaje en pared, prensaestopas PG para cables de 2,5-16 mm\u00b2.<\/p>","protected":false},"featured_media":1464,"comment_status":"open","ping_status":"closed","template":"","meta":[],"product_brand":[],"product_cat":[30],"product_tag":[],"class_list":{"0":"post-1462","1":"product","2":"type-product","3":"status-publish","4":"has-post-thumbnail","6":"product_cat-pv-combiner-box","8":"first","9":"instock","10":"shipping-taxable","11":"product-type-simple"},"_links":{"self":[{"href":"https:\/\/sinobreaker.com\/es\/wp-json\/wp\/v2\/product\/1462","targetHints":{"allow":["GET"]}}],"collection":[{"href":"https:\/\/sinobreaker.com\/es\/wp-json\/wp\/v2\/product"}],"about":[{"href":"https:\/\/sinobreaker.com\/es\/wp-json\/wp\/v2\/types\/product"}],"replies":[{"embeddable":true,"href":"https:\/\/sinobreaker.com\/es\/wp-json\/wp\/v2\/comments?post=1462"}],"wp:featuredmedia":[{"embeddable":true,"href":"https:\/\/sinobreaker.com\/es\/wp-json\/wp\/v2\/media\/1464"}],"wp:attachment":[{"href":"https:\/\/sinobreaker.com\/es\/wp-json\/wp\/v2\/media?parent=1462"}],"wp:term":[{"taxonomy":"product_brand","embeddable":true,"href":"https:\/\/sinobreaker.com\/es\/wp-json\/wp\/v2\/product_brand?post=1462"},{"taxonomy":"product_cat","embeddable":true,"href":"https:\/\/sinobreaker.com\/es\/wp-json\/wp\/v2\/product_cat?post=1462"},{"taxonomy":"product_tag","embeddable":true,"href":"https:\/\/sinobreaker.com\/es\/wp-json\/wp\/v2\/product_tag?post=1462"}],"curies":[{"name":"wp","href":"https:\/\/api.w.org\/{rel}","templated":true}]}}