{"id":1465,"date":"2025-08-25T09:38:37","date_gmt":"2025-08-25T09:38:37","guid":{"rendered":"https:\/\/sinobreaker.com\/?post_type=product&#038;p=1465"},"modified":"2025-08-25T09:39:22","modified_gmt":"2025-08-25T09:39:22","slug":"caja-combinadora-fotovoltaica-de-2-cadenas","status":"publish","type":"product","link":"https:\/\/sinobreaker.com\/es\/products\/2-string-pv-combiner-box\/","title":{"rendered":"Caja combinadora FV de 2 cadenas 1000 VCC | Serie HD con fusible, SPD y disyuntor"},"content":{"rendered":"<section id=\"overview\">\n<h2>Serie HD - Caja combinadora FV de 2 cadenas 1000 VCC<\/h2>\n<p>En <strong>Serie HD<\/strong> <strong>caja combinadora fotovoltaica de 2 cadenas<\/strong> est\u00e1 dise\u00f1ado para entradas de doble cadena fotovoltaica en paneles solares de 1000 VCC. Cada cadena est\u00e1 protegida por un <a href=\"\/es\/fusible-cc\/\">Fusible CC<\/a>con una <a href=\"\/es\/dc-spd\/\">DOCUP de tipo 2<\/a> y un <a href=\"\/es\/dc-breaker\/\">Interruptor de CC (MCB)<\/a> para un aislamiento seguro y protecci\u00f3n contra sobretensiones.<\/p>\n<p>Ver todas las opciones disponibles en <a href=\"\/es\/caja-combinadora-pv\/\">P\u00e1gina de inicio de la caja combinadora fotovoltaica<\/a>y visite nuestra <a href=\"\/es\/pv-combiner-manufacturer\/\">p\u00e1gina del fabricante<\/a> para capacidades OEM. Para los modelos basados en conmutadores, explore la <a href=\"\/es\/dc-disconnector\/\">Interruptor-seccionador CC<\/a> alcance. Para presupuestos, <a href=\"\/es\/contacto\/\">Contacto<\/a>.<\/p>\n<\/section>\n<section id=\"key-features\">\n<h3>Caracter\u00edsticas principales<\/h3>\n<ul>\n<li><strong>Topolog\u00eda:<\/strong> 2 cadenas (2 de entrada \/ 1 de salida)<\/li>\n<li><strong>Tensi\u00f3n del sistema:<\/strong> 1000 V CC<\/li>\n<li><strong>Dispositivos de protecci\u00f3n:<\/strong> 2 \u00d7 <a href=\"\/es\/fusible-cc\/\">Fusibles CC<\/a> (t\u00edp. 16 A), <a href=\"\/es\/dc-spd\/\">DOCUP de tipo 2<\/a> (40 kA), <a href=\"\/es\/dc-breaker\/\">Interruptor de CC (MCB)<\/a> (32 A)<\/li>\n<li><strong>Recinto:<\/strong> Policarbonato, <strong>IP65<\/strong> entrada y <strong>IK09<\/strong> \u00edndice de impacto<\/li>\n<li><strong>Cableado:<\/strong> Entradas PG09, salida PG21; conductores 2,5-16 mm\u00b2.<\/li>\n<li><strong>Normas:<\/strong> SPD probado para<br \/>\n<a href=\"https:\/\/www.iec.ch\/\" target=\"_blank\" rel=\"nofollow noopener\">CEI\/EN 61643-31<\/a>CE y<br \/>\n<a href=\"https:\/\/www.ul.com\/\" target=\"_blank\" rel=\"nofollow noopener\">UL<\/a> (si procede).<\/li>\n<\/ul>\n<\/section>\n<section id=\"specifications\">\n<h3>Especificaciones t\u00e9cnicas<\/h3>\n<table>\n<thead>\n<tr>\n<th>Especificaci\u00f3n<\/th>\n<th>Valor<\/th>\n<\/tr>\n<\/thead>\n<tbody>\n<tr>\n<td>Serie<\/td>\n<td>HD<\/td>\n<\/tr>\n<tr>\n<td>Entrada \/ Salida<\/td>\n<td>2 cadenas (2 de entrada \/ 1 de salida)<\/td>\n<\/tr>\n<tr>\n<td>Tensi\u00f3n m\u00e1xima del sistema<\/td>\n<td>1000 V CC<\/td>\n<\/tr>\n<tr>\n<td>Corriente de entrada m\u00e1x.<\/td>\n<td>16 A por cadena<\/td>\n<\/tr>\n<tr>\n<td>Corriente m\u00e1xima de salida<\/td>\n<td>32 A<\/td>\n<\/tr>\n<tr>\n<td>Dispositivo de protecci\u00f3n contra sobretensiones<\/td>\n<td>SPD tipo 2, 40 kA<\/td>\n<\/tr>\n<tr>\n<td>Fusible<\/td>\n<td>2 \u00d7 10\u00d738 mm Fusibles CC, t\u00edp. 16 A<\/td>\n<\/tr>\n<tr>\n<td>Interruptor<\/td>\n<td>Interruptor de CC (MCB), 32 A<\/td>\n<\/tr>\n<tr>\n<td>Recinto<\/td>\n<td>PC, IP65<\/td>\n<\/tr>\n<tr>\n<td>Resistencia a los impactos<\/td>\n<td>IK09<\/td>\n<\/tr>\n<tr>\n<td>Dimensiones<\/td>\n<td>~240 \u00d7 220 \u00d7 110 mm<\/td>\n<\/tr>\n<tr>\n<td>Entradas de cables<\/td>\n<td>Entradas PG09; salida PG21<\/td>\n<\/tr>\n<tr>\n<td>Tama\u00f1o del conductor<\/td>\n<td>2,5-16 mm\u00b2<\/td>\n<\/tr>\n<tr>\n<td>Temperatura de funcionamiento<\/td>\n<td>-20 \u2103 ~ +60 \u2103<\/td>\n<\/tr>\n<tr>\n<td>Humedad<\/td>\n<td>\u2264 99%<\/td>\n<\/tr>\n<tr>\n<td>Altitud<\/td>\n<td>\u2264 2000 m<\/td>\n<\/tr>\n<tr>\n<td>Instalaci\u00f3n<\/td>\n<td>Montaje en pared<\/td>\n<\/tr>\n<\/tbody>\n<\/table>\n<\/section>\n<section id=\"wiring-diagram\">\n<h3>Esquema el\u00e9ctrico<\/h3>\n<figure><img loading=\"lazy\" decoding=\"async\" class=\"alignnone wp-image-1466\" src=\"https:\/\/sinobreaker.com\/wp-content\/uploads\/2025\/08\/HD2-1D-300x131.png\" alt=\"Diagrama de la caja combinadora fotovoltaica de 2 cadenas\" width=\"433\" height=\"189\" srcset=\"https:\/\/sinobreaker.com\/wp-content\/uploads\/2025\/08\/HD2-1D-300x131.png 300w, https:\/\/sinobreaker.com\/wp-content\/uploads\/2025\/08\/HD2-1D-18x8.png 18w, https:\/\/sinobreaker.com\/wp-content\/uploads\/2025\/08\/HD2-1D-600x263.png 600w, https:\/\/sinobreaker.com\/wp-content\/uploads\/2025\/08\/HD2-1D.png 690w\" sizes=\"auto, (max-width: 433px) 100vw, 433px\" \/><figcaption>Dos cadenas fotovoltaicas \u2192 Fusibles \u2192 SPD \u2192 Interruptor de CC \u2192 Inversor<\/figcaption><\/figure>\n<\/section>\n<section id=\"applications\">\n<h3>Aplicaciones<\/h3>\n<ul>\n<li>Peque\u00f1os parques fotovoltaicos residenciales de dos cadenas<\/li>\n<li>Cubiertas fotovoltaicas comerciales con aislamiento basado en disyuntores<\/li>\n<li>Instalaciones fotovoltaicas exteriores con requisitos IP65\/IK09<\/li>\n<\/ul>\n<p>V\u00e9ase tambi\u00e9n: <a href=\"\/es\/fusible-cc\/\">Fusibles CC<\/a>, <a href=\"\/es\/dc-spd\/\">Dispositivos de protecci\u00f3n contra sobretensiones<\/a>, <a href=\"\/es\/dc-disconnector\/\">Interruptores-seccionadores de CC<\/a>, <a href=\"\/es\/dc-breaker\/\">Interruptores de CC<\/a>.<\/p>\n<\/section>\n<section id=\"faq\">\n<h3>PREGUNTAS FRECUENTES<\/h3>\n<div class=\"faq-item\">\n<h4>\u00bfQu\u00e9 es un combinador fotovoltaico de 2 cadenas?<\/h4>\n<p>Una caja combinadora dise\u00f1ada para dos cadenas fotovoltaicas, que integra fusibles, SPD y un disyuntor de CC para protecci\u00f3n y aislamiento.<\/p>\n<\/div>\n<div class=\"faq-item\">\n<h4>\u00bfIncluye un disyuntor?<\/h4>\n<p>S\u00ed, los modelos de la serie HD utilizan un disyuntor de CC (MCB) en lugar de un seccionador interruptor.<\/p>\n<\/div>\n<div class=\"faq-item\">\n<h4>\u00bfEs adecuado para su uso en exteriores?<\/h4>\n<p>S\u00ed, con un grado de protecci\u00f3n IP65 y de resistencia a impactos IK09, la carcasa est\u00e1 dise\u00f1ada para entornos exteriores.<\/p>\n<\/div>\n<div class=\"faq-item\">\n<h4>\u00bfD\u00f3nde puedo encontrar OEM\/precios?<\/h4>\n<p>Visite nuestro <a href=\"\/es\/pv-combiner-manufacturer\/\">p\u00e1gina del fabricante<\/a> o <a href=\"\/es\/contacto\/\">Contacto<\/a> para las citas.<\/p>\n<\/div>\n<\/section>\n<section id=\"cta\">\n<h3>Solicitar presupuesto<\/h3>\n<p>Facil\u00edtenos las especificaciones de su sistema fotovoltaico y configuraremos la caja combinadora HD-2\/1 en consecuencia. <a href=\"\/es\/contacto\/\">Solicitar presupuesto \u2192<\/a><\/p>\n<\/section>","protected":false},"excerpt":{"rendered":"<p>(1) <strong data-start=\"359\" data-end=\"387\">caja combinadora fotovoltaica de 2 cadenas<\/strong> para <strong data-start=\"392\" data-end=\"403\">1000VDC<\/strong> Sistemas fotovoltaicos.<br data-start=\"415\" data-end=\"418\" \/>(2) Integrado <strong data-start=\"431\" data-end=\"480\">fusibles dobles de CC + SPD de tipo 2 + disyuntor de CC (MCB)<\/strong> para protecci\u00f3n contra sobretensiones y sobrecorriente.<br data-start=\"518\" data-end=\"521\" \/>(3) Exterior <strong data-start=\"533\" data-end=\"548\">IP65 \/ IK09<\/strong> caja con prensaestopas PG, capacidad para conductores de 2,5-16 mm\u00b2.<\/p>","protected":false},"featured_media":1467,"comment_status":"open","ping_status":"closed","template":"","meta":[],"product_brand":[],"product_cat":[30],"product_tag":[],"class_list":{"0":"post-1465","1":"product","2":"type-product","3":"status-publish","4":"has-post-thumbnail","6":"product_cat-pv-combiner-box","8":"first","9":"instock","10":"shipping-taxable","11":"product-type-simple"},"_links":{"self":[{"href":"https:\/\/sinobreaker.com\/es\/wp-json\/wp\/v2\/product\/1465","targetHints":{"allow":["GET"]}}],"collection":[{"href":"https:\/\/sinobreaker.com\/es\/wp-json\/wp\/v2\/product"}],"about":[{"href":"https:\/\/sinobreaker.com\/es\/wp-json\/wp\/v2\/types\/product"}],"replies":[{"embeddable":true,"href":"https:\/\/sinobreaker.com\/es\/wp-json\/wp\/v2\/comments?post=1465"}],"wp:featuredmedia":[{"embeddable":true,"href":"https:\/\/sinobreaker.com\/es\/wp-json\/wp\/v2\/media\/1467"}],"wp:attachment":[{"href":"https:\/\/sinobreaker.com\/es\/wp-json\/wp\/v2\/media?parent=1465"}],"wp:term":[{"taxonomy":"product_brand","embeddable":true,"href":"https:\/\/sinobreaker.com\/es\/wp-json\/wp\/v2\/product_brand?post=1465"},{"taxonomy":"product_cat","embeddable":true,"href":"https:\/\/sinobreaker.com\/es\/wp-json\/wp\/v2\/product_cat?post=1465"},{"taxonomy":"product_tag","embeddable":true,"href":"https:\/\/sinobreaker.com\/es\/wp-json\/wp\/v2\/product_tag?post=1465"}],"curies":[{"name":"wp","href":"https:\/\/api.w.org\/{rel}","templated":true}]}}