{"id":1468,"date":"2025-08-25T09:43:37","date_gmt":"2025-08-25T09:43:37","guid":{"rendered":"https:\/\/sinobreaker.com\/?post_type=product&#038;p=1468"},"modified":"2025-08-25T09:43:37","modified_gmt":"2025-08-25T09:43:37","slug":"caja-combinadora-pv-de-doble-cadena","status":"publish","type":"product","link":"https:\/\/sinobreaker.com\/es\/products\/dual-string-pv-combiner-box\/","title":{"rendered":"Caja combinadora fotovoltaica de doble cadena 1000VDC | Serie HD con fusible, SPD y disyuntor"},"content":{"rendered":"<section id=\"overview\">\n<h2>Serie HD - Caja combinadora fotovoltaica de doble cadena 1000 VCC<\/h2>\n<p>En <strong>Serie HD<\/strong> <strong>caja combinadora pv de doble cadena<\/strong> est\u00e1 dise\u00f1ado para entradas de cadenas fotovoltaicas dobles con salidas duales independientes en sistemas de 1000 VCC. Cada cadena tiene un fusible individual, mientras que un fusible compartido <a href=\"\/es\/dc-spd\/\">DOCUP de tipo 2<\/a> y <a href=\"\/es\/dc-breaker\/\">Interruptor de CC (MCB)<\/a> garantizan la supresi\u00f3n segura de sobretensiones y el aislamiento de circuitos.<\/p>\n<p>Vea la l\u00ednea completa de productos en nuestra <a href=\"\/es\/caja-combinadora-pv\/\">P\u00e1gina de inicio de la caja combinadora fotovoltaica<\/a>y explore la informaci\u00f3n sobre OEM en <a href=\"\/es\/pv-combiner-manufacturer\/\">p\u00e1gina del fabricante<\/a>. Para conocer las alternativas del interruptor-seccionador, compruebe el <a href=\"\/es\/dc-disconnector\/\">Interruptor-seccionador CC<\/a>. Para solicitar presupuestos <a href=\"\/es\/contacto\/\">Contacto<\/a>.<\/p>\n<\/section>\n<section id=\"key-features\">\n<h3>Caracter\u00edsticas principales<\/h3>\n<ul>\n<li><strong>Topolog\u00eda:<\/strong> Doble cadena (2 entradas \/ 2 salidas)<\/li>\n<li><strong>Tensi\u00f3n del sistema:<\/strong> 1000 V CC<\/li>\n<li><strong>Dispositivos de protecci\u00f3n:<\/strong> 2 \u00d7 <a href=\"\/es\/fusible-cc\/\">Fusibles CC 10\u00d738 mm<\/a>, <a href=\"\/es\/dc-spd\/\">DOCUP de tipo 2<\/a> (40 kA), <a href=\"\/es\/dc-breaker\/\">Interruptor de CC (MCB)<\/a><\/li>\n<li><strong>Recinto:<\/strong> Policarbonato, <strong>IP65<\/strong> entrada y <strong>IK09<\/strong> resistencia al impacto<\/li>\n<li><strong>Cableado:<\/strong> Entradas PG09 y salidas PG21, cables de 2,5-16 mm\u00b2.<\/li>\n<li><strong>Normas:<\/strong> SPD probado para<br \/>\n<a href=\"https:\/\/www.iec.ch\/\" target=\"_blank\" rel=\"nofollow noopener\">CEI\/EN 61643-31<\/a>conforme con<br \/>\n<a href=\"https:\/\/single-market-economy.ec.europa.eu\/single-market\/european-standards\/harmonised-standards_en\" target=\"_blank\" rel=\"nofollow noopener\">CE<\/a> y<br \/>\n<a href=\"https:\/\/www.ul.com\/\" target=\"_blank\" rel=\"nofollow noopener\">UL<\/a>.<\/li>\n<\/ul>\n<\/section>\n<section id=\"specifications\">\n<h3>Especificaciones t\u00e9cnicas<\/h3>\n<table>\n<thead>\n<tr>\n<th>Especificaci\u00f3n<\/th>\n<th>Valor<\/th>\n<\/tr>\n<\/thead>\n<tbody>\n<tr>\n<td>Serie<\/td>\n<td>HD<\/td>\n<\/tr>\n<tr>\n<td>Entrada \/ Salida<\/td>\n<td>2 cadenas (2 de entrada \/ 2 de salida)<\/td>\n<\/tr>\n<tr>\n<td>Tensi\u00f3n m\u00e1xima del sistema<\/td>\n<td>1000 V CC<\/td>\n<\/tr>\n<tr>\n<td>Corriente de entrada m\u00e1x.<\/td>\n<td>16 A por cadena<\/td>\n<\/tr>\n<tr>\n<td>Corriente m\u00e1xima de salida<\/td>\n<td>2 \u00d7 16 A<\/td>\n<\/tr>\n<tr>\n<td>Dispositivo de protecci\u00f3n contra sobretensiones<\/td>\n<td>SPD tipo 2, 40 kA<\/td>\n<\/tr>\n<tr>\n<td>Fusible<\/td>\n<td>2 \u00d7 10\u00d738 mm Fusibles CC, t\u00edp. 16 A<\/td>\n<\/tr>\n<tr>\n<td>Interruptor<\/td>\n<td>Interruptor de CC (MCB), 32 A<\/td>\n<\/tr>\n<tr>\n<td>Recinto<\/td>\n<td>PC, IP65<\/td>\n<\/tr>\n<tr>\n<td>Resistencia a los impactos<\/td>\n<td>IK09<\/td>\n<\/tr>\n<tr>\n<td>Dimensiones<\/td>\n<td>~240 \u00d7 220 \u00d7 110 mm<\/td>\n<\/tr>\n<tr>\n<td>Entradas de cables<\/td>\n<td>Entradas PG09; salidas PG21<\/td>\n<\/tr>\n<tr>\n<td>Tama\u00f1o del conductor<\/td>\n<td>2,5-16 mm\u00b2<\/td>\n<\/tr>\n<tr>\n<td>Temperatura de funcionamiento<\/td>\n<td>-20 \u2103 ~ +60 \u2103<\/td>\n<\/tr>\n<tr>\n<td>Humedad<\/td>\n<td>\u2264 99%<\/td>\n<\/tr>\n<tr>\n<td>Altitud<\/td>\n<td>\u2264 2000 m<\/td>\n<\/tr>\n<tr>\n<td>Instalaci\u00f3n<\/td>\n<td>Montaje en pared<\/td>\n<\/tr>\n<\/tbody>\n<\/table>\n<\/section>\n<section id=\"wiring-diagram\">\n<h3>Esquema el\u00e9ctrico<\/h3>\n<figure><img loading=\"lazy\" decoding=\"async\" class=\"alignnone size-medium wp-image-1469\" src=\"https:\/\/sinobreaker.com\/wp-content\/uploads\/2025\/08\/HD2-2D-300x250.png\" alt=\"Diagrama de la caja combinadora fotovoltaica de doble cadena\" width=\"300\" height=\"250\" srcset=\"https:\/\/sinobreaker.com\/wp-content\/uploads\/2025\/08\/HD2-2D-300x250.png 300w, https:\/\/sinobreaker.com\/wp-content\/uploads\/2025\/08\/HD2-2D-14x12.png 14w, https:\/\/sinobreaker.com\/wp-content\/uploads\/2025\/08\/HD2-2D-600x500.png 600w, https:\/\/sinobreaker.com\/wp-content\/uploads\/2025\/08\/HD2-2D.png 687w\" sizes=\"auto, (max-width: 300px) 100vw, 300px\" \/><figcaption>Dos cadenas fotovoltaicas \u2192 Fusibles \u2192 SPD \u2192 Interruptor de CC \u2192 Salidas dobles<\/figcaption><\/figure>\n<\/section>\n<section id=\"applications\">\n<h3>Aplicaciones<\/h3>\n<ul>\n<li>Matrices fotovoltaicas residenciales de doble cadena con dos salidas<\/li>\n<li>Tejados comerciales con protecci\u00f3n basada en disyuntores<\/li>\n<li>Instalaciones solares exteriores que requieren carcasa IP65\/IK09<\/li>\n<\/ul>\n<p>V\u00e9ase tambi\u00e9n: <a href=\"\/es\/fusible-cc\/\">Fusibles CC<\/a>, <a href=\"\/es\/dc-spd\/\">Dispositivos de protecci\u00f3n contra sobretensiones<\/a>, <a href=\"\/es\/dc-disconnector\/\">Interruptores-seccionadores de CC<\/a>, <a href=\"\/es\/dc-breaker\/\">Interruptores de CC<\/a>.<\/p>\n<\/section>\n<section id=\"faq\">\n<h3>PREGUNTAS FRECUENTES<\/h3>\n<div class=\"faq-item\">\n<h4>\u00bfQu\u00e9 es un combinador fotovoltaico de doble cadena?<\/h4>\n<p>Una caja combinadora con dos entradas FV y dos salidas protegidas, equipada con fusibles, SPD y un disyuntor de CC.<\/p>\n<\/div>\n<div class=\"faq-item\">\n<h4>\u00bfUtiliza un disyuntor?<\/h4>\n<p>S\u00ed, los modelos de la serie HD integran un disyuntor de CC (MCB), a diferencia de los modelos HS que utilizan interruptores seccionadores.<\/p>\n<\/div>\n<div class=\"faq-item\">\n<h4>\u00bfEst\u00e1 homologado para exteriores?<\/h4>\n<p>S\u00ed, la carcasa tiene clasificaci\u00f3n IP65 e IK09 para aplicaciones solares en exteriores.<\/p>\n<\/div>\n<div class=\"faq-item\">\n<h4>\u00bfEn qu\u00e9 se diferencia de un modelo 2 en 1 fuera?<\/h4>\n<p>La doble cadena (2 in 2 out) proporciona dos salidas independientes, mientras que la 2 in 1 out combina dos entradas en una salida.<\/p>\n<\/div>\n<\/section>\n<section id=\"cta\">\n<h3>Solicitar presupuesto<\/h3>\n<p>P\u00f3ngase en contacto con nosotros con los detalles de su sistema fotovoltaico y configuraremos la caja combinadora HD de doble cadena en consecuencia. <a href=\"\/es\/contacto\/\">Solicitar presupuesto \u2192<\/a><\/p>\n<\/section>","protected":false},"excerpt":{"rendered":"<p>(1) <strong data-start=\"409\" data-end=\"440\">Caja combinadora fotovoltaica de doble cadena<\/strong> para <strong data-start=\"445\" data-end=\"456\">1000VDC<\/strong> sistemas solares fotovoltaicos.<br data-start=\"474\" data-end=\"477\" \/>(2) Equipado con <strong data-start=\"495\" data-end=\"542\">2\u00d7 fusibles de CC + SPD de tipo 2 + disyuntor de CC (MCB)<\/strong> para protecci\u00f3n de doble salida.<br data-start=\"570\" data-end=\"573\" \/>(3) Exterior <strong data-start=\"585\" data-end=\"600\">IP65 \/ IK09<\/strong> Caja de PC, prensaestopas PG para conexi\u00f3n de cables de 2,5-16 mm\u00b2.<\/p>","protected":false},"featured_media":1470,"comment_status":"open","ping_status":"closed","template":"","meta":[],"product_brand":[],"product_cat":[30],"product_tag":[],"class_list":{"0":"post-1468","1":"product","2":"type-product","3":"status-publish","4":"has-post-thumbnail","6":"product_cat-pv-combiner-box","8":"first","9":"instock","10":"shipping-taxable","11":"product-type-simple"},"_links":{"self":[{"href":"https:\/\/sinobreaker.com\/es\/wp-json\/wp\/v2\/product\/1468","targetHints":{"allow":["GET"]}}],"collection":[{"href":"https:\/\/sinobreaker.com\/es\/wp-json\/wp\/v2\/product"}],"about":[{"href":"https:\/\/sinobreaker.com\/es\/wp-json\/wp\/v2\/types\/product"}],"replies":[{"embeddable":true,"href":"https:\/\/sinobreaker.com\/es\/wp-json\/wp\/v2\/comments?post=1468"}],"wp:featuredmedia":[{"embeddable":true,"href":"https:\/\/sinobreaker.com\/es\/wp-json\/wp\/v2\/media\/1470"}],"wp:attachment":[{"href":"https:\/\/sinobreaker.com\/es\/wp-json\/wp\/v2\/media?parent=1468"}],"wp:term":[{"taxonomy":"product_brand","embeddable":true,"href":"https:\/\/sinobreaker.com\/es\/wp-json\/wp\/v2\/product_brand?post=1468"},{"taxonomy":"product_cat","embeddable":true,"href":"https:\/\/sinobreaker.com\/es\/wp-json\/wp\/v2\/product_cat?post=1468"},{"taxonomy":"product_tag","embeddable":true,"href":"https:\/\/sinobreaker.com\/es\/wp-json\/wp\/v2\/product_tag?post=1468"}],"curies":[{"name":"wp","href":"https:\/\/api.w.org\/{rel}","templated":true}]}}