{"id":1475,"date":"2025-08-25T09:55:54","date_gmt":"2025-08-25T09:55:54","guid":{"rendered":"https:\/\/sinobreaker.com\/?post_type=product&#038;p=1475"},"modified":"2025-08-25T09:55:54","modified_gmt":"2025-08-25T09:55:54","slug":"caja-combinadora-pv-de-4-cadenas-salidas-duales","status":"publish","type":"product","link":"https:\/\/sinobreaker.com\/es\/products\/4-string-pv-combiner-box-dual-outputs\/","title":{"rendered":"Caja combinadora fotovoltaica de 4 cadenas con salidas dobles de 1000 VCC | Serie HD con fusible, SPD y disyuntor"},"content":{"rendered":"<section id=\"overview\">\n<h2>Serie HD - Caja combinadora fotovoltaica de 4 cadenas con salidas dobles de 1000 VCC<\/h2>\n<p>En <strong>Serie HD<\/strong> <strong>combinador fotovoltaico de 4 cadenas con doble salida<\/strong> est\u00e1 dise\u00f1ado para instalaciones fotovoltaicas de tama\u00f1o medio. Acepta cuatro entradas de cadenas y proporciona dos salidas independientes. Cada cadena est\u00e1 protegida individualmente por un <a href=\"\/es\/fusible-cc\/\">Fusible CC<\/a>y el sistema integra un <a href=\"\/es\/dc-spd\/\">DOCUP de tipo 2<\/a> y un <a href=\"\/es\/dc-breaker\/\">Interruptor de CC<\/a> para la supresi\u00f3n de sobretensiones y el aislamiento de circuitos.<\/p>\n<p>Explore toda la l\u00ednea de productos en nuestra <a href=\"\/es\/caja-combinadora-pv\/\">P\u00e1gina de inicio de la caja combinadora fotovoltaica<\/a>e inf\u00f3rmese sobre los servicios OEM en <a href=\"\/es\/pv-combiner-manufacturer\/\">p\u00e1gina del fabricante<\/a>. Para conocer las alternativas basadas en conmutadores, consulte <a href=\"\/es\/dc-disconnector\/\">Interruptor-seccionador CC<\/a>. Para precios, <a href=\"\/es\/contacto\/\">Contacto<\/a>.<\/p>\n<\/section>\n<section id=\"key-features\">\n<h3>Caracter\u00edsticas principales<\/h3>\n<ul>\n<li><strong>Topolog\u00eda:<\/strong> 4 cuerdas (4 de entrada \/ 2 de salida)<\/li>\n<li><strong>Tensi\u00f3n del sistema:<\/strong> 1000 V CC<\/li>\n<li><strong>Dispositivos de protecci\u00f3n:<\/strong> 4 \u00d7 <a href=\"\/es\/fusible-cc\/\">Fusibles CC 10\u00d738 mm<\/a>, <a href=\"\/es\/dc-spd\/\">DOCUP de tipo 2<\/a> (40 kA), <a href=\"\/es\/dc-breaker\/\">Interruptor de CC (MCB)<\/a><\/li>\n<li><strong>Recinto:<\/strong> PC, <strong>IP65<\/strong> entrada, <strong>IK09<\/strong> resistencia al impacto<\/li>\n<li><strong>Cableado:<\/strong> Entradas PG09, salidas dobles PG21; rango de conductores 2,5-16 mm\u00b2.<\/li>\n<li><strong>Normas:<\/strong> SPD probado para<br \/>\n<a href=\"https:\/\/www.iec.ch\/\" target=\"_blank\" rel=\"nofollow noopener\">CEI\/EN 61643-31<\/a>conforme con<br \/>\n<a href=\"https:\/\/single-market-economy.ec.europa.eu\/single-market\/european-standards\/harmonised-standards_en\" target=\"_blank\" rel=\"nofollow noopener\">CE<\/a> y<br \/>\n<a href=\"https:\/\/www.ul.com\/\" target=\"_blank\" rel=\"nofollow noopener\">UL<\/a>.<\/li>\n<\/ul>\n<\/section>\n<section id=\"specifications\">\n<h3>Especificaciones t\u00e9cnicas<\/h3>\n<table>\n<thead>\n<tr>\n<th>Especificaci\u00f3n<\/th>\n<th>Valor<\/th>\n<\/tr>\n<\/thead>\n<tbody>\n<tr>\n<td>Serie<\/td>\n<td>HD<\/td>\n<\/tr>\n<tr>\n<td>Entrada \/ Salida<\/td>\n<td>4 cuerdas (4 de entrada \/ 2 de salida)<\/td>\n<\/tr>\n<tr>\n<td>Tensi\u00f3n m\u00e1xima del sistema<\/td>\n<td>1000 V CC<\/td>\n<\/tr>\n<tr>\n<td>Corriente de entrada m\u00e1x.<\/td>\n<td>16 A por cadena<\/td>\n<\/tr>\n<tr>\n<td>Corriente m\u00e1xima de salida<\/td>\n<td>2 \u00d7 32 A<\/td>\n<\/tr>\n<tr>\n<td>Dispositivo de protecci\u00f3n contra sobretensiones<\/td>\n<td>SPD tipo 2, 40 kA<\/td>\n<\/tr>\n<tr>\n<td>Fusible<\/td>\n<td>4 \u00d7 10\u00d738 mm Fusibles CC, t\u00edp. 16 A<\/td>\n<\/tr>\n<tr>\n<td>Interruptor<\/td>\n<td>Interruptor de CC (MCB), 32-63 A<\/td>\n<\/tr>\n<tr>\n<td>Recinto<\/td>\n<td>PC, IP65<\/td>\n<\/tr>\n<tr>\n<td>Resistencia a los impactos<\/td>\n<td>IK09<\/td>\n<\/tr>\n<tr>\n<td>Dimensiones<\/td>\n<td>~300 \u00d7 260 \u00d7 120 mm<\/td>\n<\/tr>\n<tr>\n<td>Entradas de cables<\/td>\n<td>Entradas PG09; salidas PG21<\/td>\n<\/tr>\n<tr>\n<td>Tama\u00f1o del conductor<\/td>\n<td>2,5-16 mm\u00b2<\/td>\n<\/tr>\n<tr>\n<td>Temperatura de funcionamiento<\/td>\n<td>-20 \u2103 ~ +60 \u2103<\/td>\n<\/tr>\n<tr>\n<td>Humedad<\/td>\n<td>\u2264 99%<\/td>\n<\/tr>\n<tr>\n<td>Altitud<\/td>\n<td>\u2264 2000 m<\/td>\n<\/tr>\n<tr>\n<td>Instalaci\u00f3n<\/td>\n<td>Montaje en pared<\/td>\n<\/tr>\n<\/tbody>\n<\/table>\n<\/section>\n<section id=\"wiring-diagram\">\n<h3>Esquema el\u00e9ctrico<\/h3>\n<figure><img loading=\"lazy\" decoding=\"async\" class=\"alignnone  wp-image-1476\" src=\"https:\/\/sinobreaker.com\/wp-content\/uploads\/2025\/08\/HD4-2D-300x253.png\" alt=\"Diagrama de la caja combinadora fotovoltaica de 4 cadenas\" width=\"458\" height=\"386\" srcset=\"https:\/\/sinobreaker.com\/wp-content\/uploads\/2025\/08\/HD4-2D-300x253.png 300w, https:\/\/sinobreaker.com\/wp-content\/uploads\/2025\/08\/HD4-2D-14x12.png 14w, https:\/\/sinobreaker.com\/wp-content\/uploads\/2025\/08\/HD4-2D-600x506.png 600w, https:\/\/sinobreaker.com\/wp-content\/uploads\/2025\/08\/HD4-2D.png 673w\" sizes=\"auto, (max-width: 458px) 100vw, 458px\" \/><figcaption>Cuatro cadenas fotovoltaicas \u2192 Fusibles \u2192 SPD \u2192 Interruptor de CC \u2192 Dos salidas<\/figcaption><\/figure>\n<\/section>\n<section id=\"applications\">\n<h3>Aplicaciones<\/h3>\n<ul>\n<li>Cubiertas fotovoltaicas comerciales con 4 cadenas<\/li>\n<li>Matrices solares que requieren salidas dobles para mayor flexibilidad<\/li>\n<li>Proyectos fotovoltaicos en exteriores con necesidades de protecci\u00f3n IP65\/IK09<\/li>\n<\/ul>\n<p>Relacionado: <a href=\"\/es\/fusible-cc\/\">Fusibles CC<\/a>, <a href=\"\/es\/dc-spd\/\">Dispositivos de protecci\u00f3n contra sobretensiones<\/a>, <a href=\"\/es\/dc-disconnector\/\">Interruptores-seccionadores de CC<\/a>, <a href=\"\/es\/dc-breaker\/\">Interruptores de CC<\/a>.<\/p>\n<\/section>\n<section id=\"faq\">\n<h3>PREGUNTAS FRECUENTES<\/h3>\n<div class=\"faq-item\">\n<h4>\u00bfQu\u00e9 es un combinador fotovoltaico de 4 cadenas con dos salidas?<\/h4>\n<p>Una caja combinadora que acepta cuatro entradas de cadenas fotovoltaicas y proporciona dos salidas protegidas, integrando fusibles, SPD y un disyuntor.<\/p>\n<\/div>\n<div class=\"faq-item\">\n<h4>\u00bfIncluye protecci\u00f3n contra sobretensiones?<\/h4>\n<p>S\u00ed, incluye un SPD de tipo 2 de 40 kA.<\/p>\n<\/div>\n<div class=\"faq-item\">\n<h4>\u00bfEst\u00e1 homologado para exteriores?<\/h4>\n<p>S\u00ed, la carcasa de policarbonato tiene clasificaci\u00f3n IP65 e IK09 para entornos exteriores.<\/p>\n<\/div>\n<div class=\"faq-item\">\n<h4>\u00bfEn qu\u00e9 se diferencia de los modelos 4 in 1 out?<\/h4>\n<p>Este modelo proporciona dos salidas, mientras que las versiones 4 in 1 out combinan todas las cadenas en una sola salida.<\/p>\n<\/div>\n<\/section>\n<section id=\"cta\">\n<h3>Solicitar presupuesto<\/h3>\n<p>P\u00f3ngase en contacto con nosotros con las especificaciones de su sistema fotovoltaico y configuraremos la caja combinadora de doble salida para 4 cadenas HD en consecuencia. <a href=\"\/es\/contacto\/\">Solicitar presupuesto \u2192<\/a><\/p>\n<\/section>","protected":false},"excerpt":{"rendered":"<p>(1) <strong data-start=\"415\" data-end=\"461\">combinador fotovoltaico de 4 cadenas con doble salida<\/strong> para <strong data-start=\"466\" data-end=\"477\">1000VDC<\/strong> Sistemas fotovoltaicos.<br data-start=\"489\" data-end=\"492\" \/>(2) Integrado <strong data-start=\"507\" data-end=\"554\">4\u00d7 fusibles de CC + SPD de tipo 2 + disyuntor de CC (MCB)<\/strong> para protecci\u00f3n contra sobretensiones y sobrecorriente.<br data-start=\"592\" data-end=\"595\" \/>(3) Exterior <strong data-start=\"607\" data-end=\"622\">IP65 \/ IK09<\/strong> Caja para PC, salidas dobles, prensaestopas PG para conductores de 2,5-16 mm\u00b2.<\/p>","protected":false},"featured_media":1477,"comment_status":"open","ping_status":"closed","template":"","meta":[],"product_brand":[],"product_cat":[30],"product_tag":[],"class_list":{"0":"post-1475","1":"product","2":"type-product","3":"status-publish","4":"has-post-thumbnail","6":"product_cat-pv-combiner-box","8":"first","9":"instock","10":"shipping-taxable","11":"product-type-simple"},"_links":{"self":[{"href":"https:\/\/sinobreaker.com\/es\/wp-json\/wp\/v2\/product\/1475","targetHints":{"allow":["GET"]}}],"collection":[{"href":"https:\/\/sinobreaker.com\/es\/wp-json\/wp\/v2\/product"}],"about":[{"href":"https:\/\/sinobreaker.com\/es\/wp-json\/wp\/v2\/types\/product"}],"replies":[{"embeddable":true,"href":"https:\/\/sinobreaker.com\/es\/wp-json\/wp\/v2\/comments?post=1475"}],"wp:featuredmedia":[{"embeddable":true,"href":"https:\/\/sinobreaker.com\/es\/wp-json\/wp\/v2\/media\/1477"}],"wp:attachment":[{"href":"https:\/\/sinobreaker.com\/es\/wp-json\/wp\/v2\/media?parent=1475"}],"wp:term":[{"taxonomy":"product_brand","embeddable":true,"href":"https:\/\/sinobreaker.com\/es\/wp-json\/wp\/v2\/product_brand?post=1475"},{"taxonomy":"product_cat","embeddable":true,"href":"https:\/\/sinobreaker.com\/es\/wp-json\/wp\/v2\/product_cat?post=1475"},{"taxonomy":"product_tag","embeddable":true,"href":"https:\/\/sinobreaker.com\/es\/wp-json\/wp\/v2\/product_tag?post=1475"}],"curies":[{"name":"wp","href":"https:\/\/api.w.org\/{rel}","templated":true}]}}