{"id":1478,"date":"2025-08-25T10:01:10","date_gmt":"2025-08-25T10:01:10","guid":{"rendered":"https:\/\/sinobreaker.com\/?post_type=product&#038;p=1478"},"modified":"2025-08-25T10:01:11","modified_gmt":"2025-08-25T10:01:11","slug":"caja-combinadora-fotovoltaica-de-6-cadenas","status":"publish","type":"product","link":"https:\/\/sinobreaker.com\/es\/products\/6-string-pv-combiner-box\/","title":{"rendered":"Caja combinadora fotovoltaica de 6 cadenas con salidas dobles de 1000 VCC | Serie HD con fusible, SPD y disyuntor"},"content":{"rendered":"<section id=\"overview\">\n<h2>Serie HD - Caja combinadora fotovoltaica de 6 cadenas con salidas dobles de 1000 VCC<\/h2>\n<p>En <strong>Serie HD<\/strong> <strong>caja combinadora fotovoltaica de 6 cadenas con doble salida<\/strong> est\u00e1 dise\u00f1ado para grandes instalaciones fotovoltaicas residenciales y comerciales. Admite seis entradas de cadenas de CC y proporciona dos salidas independientes. Cada entrada tiene un fusible individual, con un <a href=\"\/es\/dc-spd\/\">DOCUP de tipo 2<\/a> y un <a href=\"\/es\/dc-breaker\/\">Interruptor de CC (MCB)<\/a> garantizando un funcionamiento seguro, la supresi\u00f3n de sobretensiones y un aislamiento fiable.<\/p>\n<p>Explore nuestra l\u00ednea completa de productos en <a href=\"\/es\/caja-combinadora-pv\/\">P\u00e1gina de inicio de la caja combinadora fotovoltaica<\/a>y visite nuestra <a href=\"\/es\/pv-combiner-manufacturer\/\">p\u00e1gina del fabricante<\/a> para m\u00e1s informaci\u00f3n sobre OEM. Para alternativas de interruptores-seccionadores, consulte la p\u00e1gina <a href=\"\/es\/dc-disconnector\/\">Seccionador CC<\/a>. Para solicitar precios, <a href=\"\/es\/contacto\/\">Contacto<\/a>.<\/p>\n<\/section>\n<section id=\"key-features\">\n<h3>Caracter\u00edsticas principales<\/h3>\n<ul>\n<li><strong>Topolog\u00eda:<\/strong> 6 cuerdas (6 de entrada \/ 2 de salida)<\/li>\n<li><strong>Tensi\u00f3n del sistema:<\/strong> 1000 V CC<\/li>\n<li><strong>Dispositivos de protecci\u00f3n:<\/strong> 6 \u00d7 <a href=\"\/es\/fusible-cc\/\">Fusibles CC 10\u00d738 mm<\/a>, <a href=\"\/es\/dc-spd\/\">DOCUP de tipo 2<\/a> (40 kA), <a href=\"\/es\/dc-breaker\/\">Interruptor de CC (MCB)<\/a> (63 A)<\/li>\n<li><strong>Recinto:<\/strong> Policarbonato, <strong>IP65<\/strong> entrada y <strong>IK09<\/strong> protecci\u00f3n contra impactos<\/li>\n<li><strong>Cableado:<\/strong> Entradas PG09, salidas dobles PG21, conductores 2,5-16 mm\u00b2.<\/li>\n<li><strong>Normas:<\/strong> SPD probado para<br \/>\n<a href=\"https:\/\/www.iec.ch\/\" target=\"_blank\" rel=\"nofollow noopener\">CEI\/EN 61643-31<\/a>; conforme con<br \/>\n<a href=\"https:\/\/single-market-economy.ec.europa.eu\/single-market\/european-standards\/harmonised-standards_en\" target=\"_blank\" rel=\"nofollow noopener\">CE<\/a> y<br \/>\n<a href=\"https:\/\/www.ul.com\/\" target=\"_blank\" rel=\"nofollow noopener\">UL<\/a>.<\/li>\n<\/ul>\n<\/section>\n<section id=\"specifications\">\n<h3>Especificaciones t\u00e9cnicas<\/h3>\n<table>\n<thead>\n<tr>\n<th>Especificaci\u00f3n<\/th>\n<th>Valor<\/th>\n<\/tr>\n<\/thead>\n<tbody>\n<tr>\n<td>Serie<\/td>\n<td>HD<\/td>\n<\/tr>\n<tr>\n<td>Entrada \/ Salida<\/td>\n<td>6 cuerdas (6 de entrada \/ 2 de salida)<\/td>\n<\/tr>\n<tr>\n<td>Tensi\u00f3n m\u00e1xima del sistema<\/td>\n<td>1000 V CC<\/td>\n<\/tr>\n<tr>\n<td>Corriente de entrada m\u00e1x.<\/td>\n<td>16 A por cadena<\/td>\n<\/tr>\n<tr>\n<td>Corriente m\u00e1xima de salida<\/td>\n<td>2 \u00d7 48 A<\/td>\n<\/tr>\n<tr>\n<td>Dispositivo de protecci\u00f3n contra sobretensiones<\/td>\n<td>SPD tipo 2, 40 kA<\/td>\n<\/tr>\n<tr>\n<td>Fusible<\/td>\n<td>6 \u00d7 10\u00d738 mm Fusibles CC, t\u00edp. 16 A<\/td>\n<\/tr>\n<tr>\n<td>Interruptor<\/td>\n<td>Interruptor de CC (MCB), 63 A<\/td>\n<\/tr>\n<tr>\n<td>Recinto<\/td>\n<td>PC, IP65<\/td>\n<\/tr>\n<tr>\n<td>Resistencia a los impactos<\/td>\n<td>IK09<\/td>\n<\/tr>\n<tr>\n<td>Dimensiones<\/td>\n<td>~340 \u00d7 280 \u00d7 130 mm<\/td>\n<\/tr>\n<tr>\n<td>Entradas de cables<\/td>\n<td>Entradas PG09; salidas dobles PG21<\/td>\n<\/tr>\n<tr>\n<td>Tama\u00f1o del conductor<\/td>\n<td>2,5-16 mm\u00b2<\/td>\n<\/tr>\n<tr>\n<td>Temperatura de funcionamiento<\/td>\n<td>-20 \u2103 ~ +60 \u2103<\/td>\n<\/tr>\n<tr>\n<td>Humedad<\/td>\n<td>\u2264 99%<\/td>\n<\/tr>\n<tr>\n<td>Altitud<\/td>\n<td>\u2264 2000 m<\/td>\n<\/tr>\n<tr>\n<td>Instalaci\u00f3n<\/td>\n<td>Montaje en pared<\/td>\n<\/tr>\n<\/tbody>\n<\/table>\n<\/section>\n<section id=\"wiring-diagram\">\n<h3>Esquema el\u00e9ctrico<\/h3>\n<figure>caja combinadora fotovoltaica de 6 cadenas<figcaption>Seis cadenas fotovoltaicas \u2192 Fusibles \u2192 SPD \u2192 Interruptor de CC \u2192 Salidas dobles<\/figcaption><\/figure>\n<\/section>\n<section id=\"applications\">\n<h3>Aplicaciones<\/h3>\n<ul>\n<li>Matrices fotovoltaicas residenciales medianas y grandes de 6 cadenas<\/li>\n<li>Sistemas fotovoltaicos comerciales sobre tejado y en suelo<\/li>\n<li>Proyectos de exterior que requieren cajas IP65 \/ IK09<\/li>\n<\/ul>\n<p>Relacionado: <a href=\"\/es\/fusible-cc\/\">Fusibles CC<\/a>, <a href=\"\/es\/dc-spd\/\">Dispositivos de protecci\u00f3n contra sobretensiones<\/a>, <a href=\"\/es\/dc-disconnector\/\">Interruptores-seccionadores de CC<\/a>, <a href=\"\/es\/dc-breaker\/\">Interruptores de CC<\/a>.<\/p>\n<\/section>\n<section id=\"faq\">\n<h3>PREGUNTAS FRECUENTES<\/h3>\n<div class=\"faq-item\">\n<h4>\u00bfQu\u00e9 es un combinador fotovoltaico de 6 cadenas con doble salida?<\/h4>\n<p>Una caja combinadora que admite seis entradas FV y proporciona dos salidas, con fusibles, SPD y disyuntor integrados.<\/p>\n<\/div>\n<div class=\"faq-item\">\n<h4>\u00bfProporciona protecci\u00f3n contra sobretensiones?<\/h4>\n<p>S\u00ed, integra un SPD de tipo 2 de 40 kA.<\/p>\n<\/div>\n<div class=\"faq-item\">\n<h4>\u00bfEst\u00e1 homologado para exteriores?<\/h4>\n<p>S\u00ed, la caja del PC tiene clasificaci\u00f3n IP65 e IK09 para aplicaciones solares en exteriores.<\/p>\n<\/div>\n<div class=\"faq-item\">\n<h4>\u00bfEn qu\u00e9 se diferencia de los modelos m\u00e1s peque\u00f1os?<\/h4>\n<p>El HD-6\/2 admite el mayor n\u00famero de cadenas de la serie, ideal para grandes instalaciones fotovoltaicas que necesitan salidas dobles.<\/p>\n<\/div>\n<\/section>\n<section id=\"cta\">\n<h3>Solicitar presupuesto<\/h3>\n<p>Comparta los detalles de su campo fotovoltaico y configuraremos la caja combinadora HD-6\/2 a su medida. <a href=\"\/es\/contacto\/\">Solicitar presupuesto \u2192<\/a><\/p>\n<\/section>","protected":false},"excerpt":{"rendered":"<p>(1) <strong data-start=\"441\" data-end=\"487\">caja combinadora fotovoltaica de 6 cadenas con doble salida<\/strong> para <strong data-start=\"492\" data-end=\"503\">1000VDC<\/strong> sistemas solares fotovoltaicos.<br data-start=\"521\" data-end=\"524\" \/>(2) Integrado <strong data-start=\"539\" data-end=\"586\">6\u00d7 fusibles de CC + SPD de tipo 2 + disyuntor de CC (MCB)<\/strong> para una fiabilidad m\u00e1xima.<br data-start=\"611\" data-end=\"614\" \/>(3) Carga pesada <strong data-start=\"629\" data-end=\"644\">IP65 \/ IK09<\/strong> Carcasa de PC, montaje en pared, salidas dobles con prensaestopas PG 2,5-16 mm\u00b2.<\/p>","protected":false},"featured_media":1480,"comment_status":"open","ping_status":"closed","template":"","meta":[],"product_brand":[],"product_cat":[30],"product_tag":[],"class_list":{"0":"post-1478","1":"product","2":"type-product","3":"status-publish","4":"has-post-thumbnail","6":"product_cat-pv-combiner-box","8":"first","9":"instock","10":"shipping-taxable","11":"product-type-simple"},"_links":{"self":[{"href":"https:\/\/sinobreaker.com\/es\/wp-json\/wp\/v2\/product\/1478","targetHints":{"allow":["GET"]}}],"collection":[{"href":"https:\/\/sinobreaker.com\/es\/wp-json\/wp\/v2\/product"}],"about":[{"href":"https:\/\/sinobreaker.com\/es\/wp-json\/wp\/v2\/types\/product"}],"replies":[{"embeddable":true,"href":"https:\/\/sinobreaker.com\/es\/wp-json\/wp\/v2\/comments?post=1478"}],"wp:featuredmedia":[{"embeddable":true,"href":"https:\/\/sinobreaker.com\/es\/wp-json\/wp\/v2\/media\/1480"}],"wp:attachment":[{"href":"https:\/\/sinobreaker.com\/es\/wp-json\/wp\/v2\/media?parent=1478"}],"wp:term":[{"taxonomy":"product_brand","embeddable":true,"href":"https:\/\/sinobreaker.com\/es\/wp-json\/wp\/v2\/product_brand?post=1478"},{"taxonomy":"product_cat","embeddable":true,"href":"https:\/\/sinobreaker.com\/es\/wp-json\/wp\/v2\/product_cat?post=1478"},{"taxonomy":"product_tag","embeddable":true,"href":"https:\/\/sinobreaker.com\/es\/wp-json\/wp\/v2\/product_tag?post=1478"}],"curies":[{"name":"wp","href":"https:\/\/api.w.org\/{rel}","templated":true}]}}