{"id":992,"date":"2025-08-17T09:48:57","date_gmt":"2025-08-17T09:48:57","guid":{"rendered":"https:\/\/sinobreaker.com\/?post_type=product&#038;p=992"},"modified":"2025-08-18T08:47:00","modified_gmt":"2025-08-18T08:47:00","slug":"14x85mm-3050a-1500vdc-50ka-gpv-pv-fusibles-solares","status":"publish","type":"product","link":"https:\/\/sinobreaker.com\/es\/products\/14x85mm-3050a-1500vdc-50ka-gpv-pv-solar-fuses\/","title":{"rendered":"14x85mm 30~50A 1500VDC 50kA Fusibles Solares CFPV PV"},"content":{"rendered":"<p>La serie de fusibles fotovoltaicos de 14x85 mm est\u00e1 dise\u00f1ada espec\u00edficamente para sistemas de generaci\u00f3n de energ\u00eda solar fotovoltaica (FV), proporcionando una protecci\u00f3n fiable con una tensi\u00f3n nominal elevada de hasta 1500 V CC y una intensidad nominal de hasta 50 A. Estos fusibles son ideales para conectar con paneles fotovoltaicos y bater\u00edas para salvaguardar los sistemas de flujo variable ofreciendo protecci\u00f3n contra cortocircuitos en estaciones fotovoltaicas y sistemas de generaci\u00f3n de energ\u00eda. Con una impresionante capacidad de corte de 50 kA, esta serie de fusibles es un componente esencial para garantizar la seguridad y la eficiencia de las aplicaciones de energ\u00eda solar.<\/p>\n<p><strong>Caracter\u00edsticas principales<\/strong><\/p>\n<ul>\n<li><strong>Compatibilidad con alta tensi\u00f3n<\/strong>: Soporta hasta 1500V DC, cumpliendo los requisitos de los sistemas solares de alto voltaje.<\/li>\n<li><strong>Amplia gama de corrientes<\/strong>: Corriente nominal de 30 A a 50 A, con opciones de hasta 50 A, para adaptarse a diversas aplicaciones fotovoltaicas.<\/li>\n<li><strong>Excepcional capacidad de rotura<\/strong>: Con un poder de corte nominal de 50 kA, proporciona una protecci\u00f3n fiable contra cortocircuitos.<\/li>\n<li><strong>Cumplimiento de la clase GPV<\/strong>: Certificado como Clase GPV (Fusible Fotovoltaico), conforme a las normas IEC 60269-6, espec\u00edfico para la protecci\u00f3n fotovoltaica.<\/li>\n<li><strong>Tiempo de respuesta r\u00e1pido<\/strong>: Una constante de tiempo de 1-3 ms garantiza una protecci\u00f3n r\u00e1pida y eficaz del circuito.<\/li>\n<\/ul>\n<p>&nbsp;<\/p>\n<p><strong>Caracter\u00edsticas el\u00e9ctricas<\/strong><\/p>\n<div class=\"horizontal-scroll-wrapper\">\n<div class=\"table-block-component\">\n<div class=\"table-block\">\n<div class=\"table-content not-end-of-paragraph\">\n<table width=\"1046\" data-sourcepos=\"3:1-9:106\">\n<tbody>\n<tr data-sourcepos=\"3:1-3:81\">\n<th data-sourcepos=\"3:1-3:15\">N\u00famero de serie<\/th>\n<th data-sourcepos=\"3:17-3:23\">Modelo<\/th>\n<th data-sourcepos=\"3:25-3:43\">Corriente nominal (A)<\/th>\n<th data-sourcepos=\"3:45-3:60\">P\u00e9rdida de vatios (W)<\/th>\n<th data-sourcepos=\"3:62-3:79\">Integrales de energ\u00eda<\/th>\n<\/tr>\n<tr data-sourcepos=\"5:1-5:103\">\n<td data-sourcepos=\"5:1-5:3\">1<\/td>\n<td data-sourcepos=\"5:5-5:23\">1500VDC\/14X85\/30A<\/td>\n<td data-sourcepos=\"5:25-5:28\">30<\/td>\n<td data-sourcepos=\"5:30-5:54\">0,8ln: 4,57, 1,0ln: 8,6<\/td>\n<td data-sourcepos=\"5:56-5:101\">Pre-arcing 12t(A25): 90, Total 12t(A2s): 720<\/td>\n<\/tr>\n<tr data-sourcepos=\"6:1-6:104\">\n<td data-sourcepos=\"6:1-6:3\">2<\/td>\n<td data-sourcepos=\"6:5-6:23\">1500VDC\/14X85\/32A<\/td>\n<td data-sourcepos=\"6:25-6:28\">32<\/td>\n<td data-sourcepos=\"6:30-6:55\">0,8ln: 4,72, 1,0ln: 8,85<\/td>\n<td data-sourcepos=\"6:57-6:102\">Pre-arcing 12t(A25): 95, Total 12t(A2s): 730<\/td>\n<\/tr>\n<tr data-sourcepos=\"7:1-7:104\">\n<td data-sourcepos=\"7:1-7:3\">3<\/td>\n<td data-sourcepos=\"7:5-7:23\">1500VDC\/14X85\/35A<\/td>\n<td data-sourcepos=\"7:25-7:28\">35<\/td>\n<td data-sourcepos=\"7:30-7:55\">0,8ln: 5,12, 1,0ln: 9,35<\/td>\n<td data-sourcepos=\"7:57-7:102\">Pre-arcing 12t(A25): 95, Total 12t(A2s): 750<\/td>\n<\/tr>\n<tr data-sourcepos=\"8:1-8:105\">\n<td data-sourcepos=\"8:1-8:3\">4<\/td>\n<td data-sourcepos=\"8:5-8:23\">1500VDC\/14X85\/40A<\/td>\n<td data-sourcepos=\"8:25-8:28\">40<\/td>\n<td data-sourcepos=\"8:30-8:55\">0,8ln: 6,63, 1,0ln: 12,5<\/td>\n<td data-sourcepos=\"8:57-8:103\">Pre-arcing 12t(A25): 125, Total 12t(A2s): 800<\/td>\n<\/tr>\n<tr data-sourcepos=\"9:1-9:106\">\n<td data-sourcepos=\"9:1-9:3\">5<\/td>\n<td data-sourcepos=\"9:5-9:23\">1500VDC\/14X85\/50A<\/td>\n<td data-sourcepos=\"9:25-9:28\">50<\/td>\n<td data-sourcepos=\"9:30-9:56\">0,8ln: 7,25, 1,0ln: 13,65<\/td>\n<td data-sourcepos=\"9:58-9:104\">Pre-arcing 12t(A25): 125, Total 12t(A2s): 920<\/td>\n<\/tr>\n<\/tbody>\n<\/table>\n<\/div>\n<\/div>\n<\/div>\n<\/div>\n<p><strong>Escenarios de aplicaci\u00f3n<\/strong><\/p>\n<p>Este fusible FV de 10x85 mm es ideal para su uso en:<\/p>\n<ul>\n<li><strong>Sistemas de generaci\u00f3n de energ\u00eda solar<\/strong>: Protege las instalaciones fotovoltaicas aislando los fallos y evitando da\u00f1os a los equipos conectados.<\/li>\n<li><strong>Paneles FV y conexiones de bater\u00edas<\/strong>: Ofrece protecci\u00f3n de corriente estable para sistemas de carga de bater\u00edas conectados a paneles fotovoltaicos.<\/li>\n<li><strong>Estaciones fotovoltaicas<\/strong>: Esencial para gestionar la seguridad y fiabilidad de las centrales fotovoltaicas con altas corrientes de fallo.<\/li>\n<\/ul>\n<p>Estos fusibles son una opci\u00f3n fiable para aplicaciones fotovoltaicas solares, ya que proporcionan una mayor protecci\u00f3n, durabilidad y seguridad para una generaci\u00f3n de energ\u00eda solar duradera.<\/p>","protected":false},"excerpt":{"rendered":"<ul>\n<li><strong>Corriente nominal:<\/strong>30~50A<\/li>\n<li><strong>Tensi\u00f3n nominal<\/strong>: 1500V CC<\/li>\n<li><strong>Capacidad de rotura<\/strong>: 50KA<\/li>\n<li><strong>Clase<\/strong>: GPV<\/li>\n<li><strong>Normas de cumplimiento<\/strong>: UL248-19 \/ IEC60269-6 \/ GB\/T13539-6<\/li>\n<\/ul>","protected":false},"featured_media":1020,"comment_status":"closed","ping_status":"closed","template":"","meta":[],"product_brand":[],"product_cat":[26],"product_tag":[],"class_list":{"0":"post-992","1":"product","2":"type-product","3":"status-publish","4":"has-post-thumbnail","6":"product_cat-dc-fuse","8":"first","9":"instock","10":"shipping-taxable","11":"product-type-simple"},"_links":{"self":[{"href":"https:\/\/sinobreaker.com\/es\/wp-json\/wp\/v2\/product\/992","targetHints":{"allow":["GET"]}}],"collection":[{"href":"https:\/\/sinobreaker.com\/es\/wp-json\/wp\/v2\/product"}],"about":[{"href":"https:\/\/sinobreaker.com\/es\/wp-json\/wp\/v2\/types\/product"}],"replies":[{"embeddable":true,"href":"https:\/\/sinobreaker.com\/es\/wp-json\/wp\/v2\/comments?post=992"}],"wp:featuredmedia":[{"embeddable":true,"href":"https:\/\/sinobreaker.com\/es\/wp-json\/wp\/v2\/media\/1020"}],"wp:attachment":[{"href":"https:\/\/sinobreaker.com\/es\/wp-json\/wp\/v2\/media?parent=992"}],"wp:term":[{"taxonomy":"product_brand","embeddable":true,"href":"https:\/\/sinobreaker.com\/es\/wp-json\/wp\/v2\/product_brand?post=992"},{"taxonomy":"product_cat","embeddable":true,"href":"https:\/\/sinobreaker.com\/es\/wp-json\/wp\/v2\/product_cat?post=992"},{"taxonomy":"product_tag","embeddable":true,"href":"https:\/\/sinobreaker.com\/es\/wp-json\/wp\/v2\/product_tag?post=992"}],"curies":[{"name":"wp","href":"https:\/\/api.w.org\/{rel}","templated":true}]}}