{"id":1016,"date":"2025-08-18T07:18:20","date_gmt":"2025-08-18T07:18:20","guid":{"rendered":"https:\/\/sinobreaker.com\/?post_type=product&#038;p=1016"},"modified":"2025-08-18T08:49:53","modified_gmt":"2025-08-18T08:49:53","slug":"cfpv-63t-1p-50a-1500v-50ka-14x85mm-dc-porte-fusible-avec-indicateur","status":"publish","type":"product","link":"https:\/\/sinobreaker.com\/fr\/products\/cfpv-63t-1p-50a-1500v-50ka-14x85mm-dc-fuse-holder-with-indicator\/","title":{"rendered":"CFPV-63t 1P 50A 1500V 50kA 14x85mm DC Porte-fusible avec indicateur"},"content":{"rendered":"<div class=\"benefits\">\n<p><strong>Application du produit<\/strong><\/p>\n<p>Cette s\u00e9rie de fusibles convient aux syst\u00e8mes de production d'\u00e9nergie solaire photovolta\u00efque, tension nominale jusqu'\u00e0 1500V, courant nominal jusqu'\u00e0 50A, connect\u00e9s aux panneaux photovolta\u00efques et aux batteries, pour charger le syst\u00e8me de flux variable pour la protection contre les courts-circuits dans les stations photovolta\u00efques et les syst\u00e8mes de production d'\u00e9nergie photovolta\u00efque. Le pouvoir de coupure nominal est de 50KA, les produits sont conformes \u00e0 la norme UL248-19 IEC 60269-6.<\/p>\n<p>&nbsp;<\/p>\n<p><strong>Avantages du produit<\/strong><\/p>\n<\/div>\n<ul>\n<li>Temp\u00e9rature ambiante : -40\u2103 + 90\u2103<\/li>\n<li>Hauteur d'installation de l'\u00e9quipement : moins de 2000 m (si vous souhaitez d\u00e9passer cette hauteur, veuillez nous en informer \u00e0 l'avance, nous pourrons concevoir des \u00e9quipements adapt\u00e9s \u00e0 vos besoins).<\/li>\n<li>Le fusible est compos\u00e9 d'argent pur, de soudure \u00e0 faible teneur en \u00e9tain et encapsul\u00e9 dans de la porcelaine tr\u00e8s r\u00e9sistante ; le tube du fusible est rempli de sable de quartz tr\u00e8s pur trait\u00e9 chimiquement comme milieu d'arc ; le corps du fusible est reli\u00e9 aux bornes de contact par soudage par points.<\/li>\n<\/ul>\n<p>&nbsp;<\/p>","protected":false},"excerpt":{"rendered":"<div class=\"benefits\">\n<ul>\n<li>Installation du rail Din35, facile \u00e0 installer<\/li>\n<li>Bornier ajustable, firme de c\u00e2blage<\/li>\n<li>Coque ignifuge, r\u00e9sistance aux hautes temp\u00e9ratures<\/li>\n<li>Installation flexible, remplacement facile<\/li>\n<li>1500V 50A<\/li>\n<li>1P 10*85mm fusible<\/li>\n<li>Toucher s\u00fbr<\/li>\n<\/ul>\n<\/div>","protected":false},"featured_media":1023,"comment_status":"open","ping_status":"closed","template":"","meta":[],"product_brand":[],"product_cat":[26],"product_tag":[],"class_list":{"0":"post-1016","1":"product","2":"type-product","3":"status-publish","4":"has-post-thumbnail","6":"product_cat-dc-fuse","8":"first","9":"instock","10":"shipping-taxable","11":"product-type-simple"},"_links":{"self":[{"href":"https:\/\/sinobreaker.com\/fr\/wp-json\/wp\/v2\/product\/1016","targetHints":{"allow":["GET"]}}],"collection":[{"href":"https:\/\/sinobreaker.com\/fr\/wp-json\/wp\/v2\/product"}],"about":[{"href":"https:\/\/sinobreaker.com\/fr\/wp-json\/wp\/v2\/types\/product"}],"replies":[{"embeddable":true,"href":"https:\/\/sinobreaker.com\/fr\/wp-json\/wp\/v2\/comments?post=1016"}],"wp:featuredmedia":[{"embeddable":true,"href":"https:\/\/sinobreaker.com\/fr\/wp-json\/wp\/v2\/media\/1023"}],"wp:attachment":[{"href":"https:\/\/sinobreaker.com\/fr\/wp-json\/wp\/v2\/media?parent=1016"}],"wp:term":[{"taxonomy":"product_brand","embeddable":true,"href":"https:\/\/sinobreaker.com\/fr\/wp-json\/wp\/v2\/product_brand?post=1016"},{"taxonomy":"product_cat","embeddable":true,"href":"https:\/\/sinobreaker.com\/fr\/wp-json\/wp\/v2\/product_cat?post=1016"},{"taxonomy":"product_tag","embeddable":true,"href":"https:\/\/sinobreaker.com\/fr\/wp-json\/wp\/v2\/product_tag?post=1016"}],"curies":[{"name":"wp","href":"https:\/\/api.w.org\/{rel}","templated":true}]}}