{"id":1032,"date":"2025-08-18T09:08:35","date_gmt":"2025-08-18T09:08:35","guid":{"rendered":"https:\/\/sinobreaker.com\/?post_type=product&#038;p=1032"},"modified":"2025-08-18T09:09:17","modified_gmt":"2025-08-18T09:09:17","slug":"10x38mm-1a32a-1000vdc-20ka-pv-solar-fuses","status":"publish","type":"product","link":"https:\/\/sinobreaker.com\/fr\/products\/10x38mm-1a32a-1000vdc-20ka-pv-solar-fuses\/","title":{"rendered":"10x38mm 1A~32A 1000VDC 20kA PV Solar Fuses"},"content":{"rendered":"<p>Le fusible photovolta\u00efque (PV) de 10x38 mm est une solution de protection extr\u00eamement fiable con\u00e7ue pour r\u00e9pondre aux exigences des syst\u00e8mes d'\u00e9nergie solaire. Con\u00e7u pour des performances sup\u00e9rieures en courant continu, ce fusible est id\u00e9al pour les applications dans les environnements de transit ferroviaire et les v\u00e9hicules automobiles en g\u00e9n\u00e9ral, gr\u00e2ce \u00e0 sa conception robuste qui r\u00e9siste aux vibrations et aux chocs importants (jusqu'\u00e0 20g). Avec sa taille compacte et sa faible perte de puissance optimis\u00e9e, le fusible garantit un fonctionnement efficace et s\u00fbr, m\u00eame dans des conditions extr\u00eames.<\/p>\n<p>&nbsp;<\/p>\n<p><strong>Caract\u00e9ristiques du produit :<\/strong><\/p>\n<ul>\n<li><strong>Courant et tension nominaux :<\/strong>\u00a01~32A, 1000V DC<\/li>\n<li><strong>Capacit\u00e9 de rupture :<\/strong>\u00a020kA @ 1000V DC, assurant une protection s\u00fbre dans les applications \u00e0 courant \u00e9lev\u00e9<\/li>\n<li><strong>Conception compacte :<\/strong>\u00a0Gain de place dans les installations tout en offrant une protection performante<\/li>\n<li><strong>Faible tension d'arc et passage d'\u00e9nergie (I\u00b2t) :<\/strong>\u00a0Minimise le risque d'endommagement des composants connect\u00e9s<\/li>\n<li><strong>Plage de temp\u00e9rature :<\/strong>\u00a0La temp\u00e9rature de stockage va de -40\u00b0C \u00e0 120\u00b0C, sans condensation, ce qui garantit la durabilit\u00e9 dans divers environnements.<\/li>\n<li><strong>Tol\u00e9rance \u00e0 l'altitude :<\/strong>\u00a0Pr\u00e9vu pour des altitudes comprises entre 2000 et 4500 m, avec des ajustements pour des consid\u00e9rations d'isolation et de dissipation de chaleur \u00e0 des altitudes plus \u00e9lev\u00e9es.<\/li>\n<li><strong>R\u00e9sistance aux vibrations et aux chocs :<\/strong>\u00a0Test\u00e9 pour des performances fiables dans des environnements soumis \u00e0 de fortes vibrations<\/li>\n<\/ul>\n<p><strong>Consid\u00e9rations environnementales :<\/strong><\/p>\n<ul>\n<li><strong>R\u00e9glages de l'altitude :<\/strong>\u00a0Con\u00e7ue pour maintenir ses performances jusqu'\u00e0 4500 m ; \u00e0 ces altitudes, l'augmentation de la temp\u00e9rature et les ajustements de l'isolation sont pris en compte pour une plus grande fiabilit\u00e9.<\/li>\n<li><strong>R\u00e9sistance \u00e0 l'humidit\u00e9 :<\/strong>\u00a0Fonctionne efficacement dans des environnements avec une humidit\u00e9 relative allant jusqu'\u00e0 90% \u00e0 20\u00b0C et tol\u00e8re des conditions de stockage entre -40\u00b0C et 80\u00b0C.<\/li>\n<\/ul>\n<p>&nbsp;<\/p>","protected":false},"excerpt":{"rendered":"<ul>\n<li>1~32A 1000VDC<\/li>\n<li>Pouvoir de coupure:20kA<\/li>\n<li>Conception compacte<\/li>\n<li>Faible perte de puissance<\/li>\n<li>Excellente performance en courant continu<\/li>\n<\/ul>","protected":false},"featured_media":1034,"comment_status":"open","ping_status":"closed","template":"","meta":[],"product_brand":[],"product_cat":[26],"product_tag":[],"class_list":{"0":"post-1032","1":"product","2":"type-product","3":"status-publish","4":"has-post-thumbnail","6":"product_cat-dc-fuse","8":"first","9":"instock","10":"shipping-taxable","11":"product-type-simple"},"_links":{"self":[{"href":"https:\/\/sinobreaker.com\/fr\/wp-json\/wp\/v2\/product\/1032","targetHints":{"allow":["GET"]}}],"collection":[{"href":"https:\/\/sinobreaker.com\/fr\/wp-json\/wp\/v2\/product"}],"about":[{"href":"https:\/\/sinobreaker.com\/fr\/wp-json\/wp\/v2\/types\/product"}],"replies":[{"embeddable":true,"href":"https:\/\/sinobreaker.com\/fr\/wp-json\/wp\/v2\/comments?post=1032"}],"wp:featuredmedia":[{"embeddable":true,"href":"https:\/\/sinobreaker.com\/fr\/wp-json\/wp\/v2\/media\/1034"}],"wp:attachment":[{"href":"https:\/\/sinobreaker.com\/fr\/wp-json\/wp\/v2\/media?parent=1032"}],"wp:term":[{"taxonomy":"product_brand","embeddable":true,"href":"https:\/\/sinobreaker.com\/fr\/wp-json\/wp\/v2\/product_brand?post=1032"},{"taxonomy":"product_cat","embeddable":true,"href":"https:\/\/sinobreaker.com\/fr\/wp-json\/wp\/v2\/product_cat?post=1032"},{"taxonomy":"product_tag","embeddable":true,"href":"https:\/\/sinobreaker.com\/fr\/wp-json\/wp\/v2\/product_tag?post=1032"}],"curies":[{"name":"wp","href":"https:\/\/api.w.org\/{rel}","templated":true}]}}