{"id":1035,"date":"2025-08-18T09:13:44","date_gmt":"2025-08-18T09:13:44","guid":{"rendered":"https:\/\/sinobreaker.com\/?post_type=product&#038;p=1035"},"modified":"2025-08-18T09:16:33","modified_gmt":"2025-08-18T09:16:33","slug":"cfpv-32-1000v-32a-10x38mm-1p-pv-fuse-holder-without-light","status":"publish","type":"product","link":"https:\/\/sinobreaker.com\/fr\/products\/cfpv-32-1000v-32a-10x38mm-1p-pv-fuse-holder-without-light\/","title":{"rendered":"CFPV-32 1000V 32A 10x38mm 1P Porte-fusible PV sans lumi\u00e8re"},"content":{"rendered":"<div class=\"benefits\">\n<p>S\u00e9rie CFPV Fusible et support pour panneau solaire PV protection DC 12A, 15A, 20A ,32A avec indicateur LED pour un diagnostic rapide lorsqu'un ensemble de panneaux ne fonctionne pas.<\/p>\n<p>Une paire de fusibles solaires PV prot\u00e8ge vos pr\u00e9cieux panneaux solaires contre les courts-circuits. D'une capacit\u00e9 de 12A, 15A ou 20A 32A, ils conviennent aux syst\u00e8mes photovolta\u00efques d'une tension maximale de 1000V. Il peut \u00eatre utilis\u00e9 \u00e0 partir d'un seul panneau ou d'une grande cha\u00eene de 20 panneaux en s\u00e9rie. Un indicateur LED est inclus, lorsque le fusible est d\u00e9fectueux et que le panneau solaire ne fonctionne pas, les lumi\u00e8res LED rouges s'allument.<\/p>\n<p>Le porte-fusible a \u00e9t\u00e9 con\u00e7u et fabriqu\u00e9 conform\u00e9ment \u00e0 la norme IEC60947-3.<\/p>\n<p>Le courant nominal peut atteindre 32A, la tension nominale peut atteindre 1000V DC.<\/p>\n<p>Il est appliqu\u00e9 \u00e0 la bo\u00eete de raccordement PV DC, \u00e0 l'onduleur, etc., avec pour fonction principale la protection contre les surintensit\u00e9s et la d\u00e9connexion efficace.<\/p>\n<p>Applications : syst\u00e8mes hors r\u00e9seau, raccord\u00e9s au r\u00e9seau, hybrides et parcs solaires.<\/p>\n<\/div>\n<div class=\"benefits\">\n<p><strong>Avantages du produit<\/strong><\/p>\n<\/div>\n<ul>\n<li>Installation du rail Din35, facile \u00e0 installer<\/li>\n<li>Bornier ajustable, firme de c\u00e2blage<\/li>\n<li>Coque ignifuge, r\u00e9sistance aux hautes temp\u00e9ratures<\/li>\n<li>Installation flexible, remplacement facile<\/li>\n<\/ul>","protected":false},"excerpt":{"rendered":"<ul>\n<li>Installation du rail Din35, facile \u00e0 installer<\/li>\n<li>Bornier ajustable, firme de c\u00e2blage<\/li>\n<li>Installation flexible, remplacement facile<\/li>\n<li>1000V 32A<\/li>\n<li>1P 10*38mm fusible<\/li>\n<li>Toucher s\u00fbr<\/li>\n<li><\/li>\n<\/ul>","protected":false},"featured_media":1036,"comment_status":"open","ping_status":"closed","template":"","meta":[],"product_brand":[],"product_cat":[26],"product_tag":[],"class_list":{"0":"post-1035","1":"product","2":"type-product","3":"status-publish","4":"has-post-thumbnail","6":"product_cat-dc-fuse","8":"first","9":"instock","10":"shipping-taxable","11":"product-type-simple"},"_links":{"self":[{"href":"https:\/\/sinobreaker.com\/fr\/wp-json\/wp\/v2\/product\/1035","targetHints":{"allow":["GET"]}}],"collection":[{"href":"https:\/\/sinobreaker.com\/fr\/wp-json\/wp\/v2\/product"}],"about":[{"href":"https:\/\/sinobreaker.com\/fr\/wp-json\/wp\/v2\/types\/product"}],"replies":[{"embeddable":true,"href":"https:\/\/sinobreaker.com\/fr\/wp-json\/wp\/v2\/comments?post=1035"}],"wp:featuredmedia":[{"embeddable":true,"href":"https:\/\/sinobreaker.com\/fr\/wp-json\/wp\/v2\/media\/1036"}],"wp:attachment":[{"href":"https:\/\/sinobreaker.com\/fr\/wp-json\/wp\/v2\/media?parent=1035"}],"wp:term":[{"taxonomy":"product_brand","embeddable":true,"href":"https:\/\/sinobreaker.com\/fr\/wp-json\/wp\/v2\/product_brand?post=1035"},{"taxonomy":"product_cat","embeddable":true,"href":"https:\/\/sinobreaker.com\/fr\/wp-json\/wp\/v2\/product_cat?post=1035"},{"taxonomy":"product_tag","embeddable":true,"href":"https:\/\/sinobreaker.com\/fr\/wp-json\/wp\/v2\/product_tag?post=1035"}],"curies":[{"name":"wp","href":"https:\/\/api.w.org\/{rel}","templated":true}]}}