{"id":1048,"date":"2025-08-18T09:36:24","date_gmt":"2025-08-18T09:36:24","guid":{"rendered":"https:\/\/sinobreaker.com\/?post_type=product&#038;p=1048"},"modified":"2025-08-18T09:59:43","modified_gmt":"2025-08-18T09:59:43","slug":"cfpv-h1-32-200a-1000v-dc-fusee","status":"publish","type":"product","link":"https:\/\/sinobreaker.com\/fr\/products\/cfpv-h1-32-200a-1000v-dc-fuse\/","title":{"rendered":"CFPV-H1 Fusible 32-200A 1000V DC"},"content":{"rendered":"<p class=\"ds-markdown-paragraph\">SYNODE\u00a0 <strong>Fusible photovolta\u00efque 1500V DC<\/strong>\u00a0est sp\u00e9cialement con\u00e7u pour\u00a0<strong>syst\u00e8mes de production d'\u00e9nergie solaire<\/strong>et de fournir des informations fiables sur les\u00a0<strong>protection contre les courts-circuits<\/strong>\u00a0pour les panneaux photovolta\u00efques, les batteries et les syst\u00e8mes de charge \u00e0 d\u00e9bit variable. Avec un\u00a0<strong>pouvoir de coupure \u00e9lev\u00e9 de 50 kA<\/strong>\u00a0et le respect des\u00a0<strong>IEC 60269-6 &amp; GB\/T 13539.6<\/strong>Ce fusible garantit la s\u00e9curit\u00e9 et la stabilit\u00e9 des applications photovolta\u00efques.<\/p>\n<h3><strong>Caract\u00e9ristiques principales<\/strong><\/h3>\n<p class=\"ds-markdown-paragraph\"><img decoding=\"async\" class=\"emoji\" role=\"img\" draggable=\"false\" src=\"https:\/\/s.w.org\/images\/core\/emoji\/16.0.1\/svg\/2714.svg\" alt=\"\u2714\" \/>\u00a0<strong>Large gamme de tension et de courant<\/strong>\u00a0- Jusqu'\u00e0\u00a0<strong>1500V DC<\/strong>\u00a0et\u00a0<strong>630A<\/strong>id\u00e9al pour les installations solaires de grande puissance.<br \/>\n<img decoding=\"async\" class=\"emoji\" role=\"img\" draggable=\"false\" src=\"https:\/\/s.w.org\/images\/core\/emoji\/16.0.1\/svg\/2714.svg\" alt=\"\u2714\" \/>\u00a0<strong>Capacit\u00e9 de rupture tr\u00e8s \u00e9lev\u00e9e<\/strong> - Assurer une interruption s\u00fbre de 5<strong>0kA courants de court-circuit<\/strong>et de prot\u00e9ger les \u00e9quipements critiques.<br \/>\n<img decoding=\"async\" class=\"emoji\" role=\"img\" draggable=\"false\" src=\"https:\/\/s.w.org\/images\/core\/emoji\/16.0.1\/svg\/2714.svg\" alt=\"\u2714\" \/>\u00a0<strong>Adaptabilit\u00e9 environnementale robuste<\/strong>\u00a0- Fonctionne \u00e0 des temp\u00e9ratures extr\u00eames de\u00a0<strong>De -40\u00b0C \u00e0 +90\u00b0C<\/strong>La technologie de l'eau de pluie est adapt\u00e9e aux conditions ext\u00e9rieures difficiles.<br \/>\n<img decoding=\"async\" class=\"emoji\" role=\"img\" draggable=\"false\" src=\"https:\/\/s.w.org\/images\/core\/emoji\/16.0.1\/svg\/2714.svg\" alt=\"\u2714\" \/>\u00a0<strong>Compatibilit\u00e9 \u00e0 haute altitude<\/strong>\u00a0- Utilisation standard jusqu'\u00e0\u00a0<strong>2000m<\/strong>\u00a0(personnalisable pour des altitudes plus \u00e9lev\u00e9es sur demande).<br \/>\n<img decoding=\"async\" class=\"emoji\" role=\"img\" draggable=\"false\" src=\"https:\/\/s.w.org\/images\/core\/emoji\/16.0.1\/svg\/2714.svg\" alt=\"\u2714\" \/>\u00a0<strong>Conformit\u00e9 fiable<\/strong>\u00a0- Conforme aux normes internationales (<strong>IEC &amp; GB\/T<\/strong>) pour l'assurance de la qualit\u00e9 et de la s\u00e9curit\u00e9.<\/p>\n<h3><strong>Applications<\/strong><\/h3>\n<ul>\n<li>\n<p class=\"ds-markdown-paragraph\"><strong>Panneaux solaires photovolta\u00efques et syst\u00e8mes de stockage par batterie<\/strong><\/p>\n<\/li>\n<li>\n<p class=\"ds-markdown-paragraph\"><strong>Centrales photovolta\u00efques et onduleurs<\/strong><\/p>\n<\/li>\n<li>\n<p class=\"ds-markdown-paragraph\"><strong>Bo\u00eetes de couplage DC et r\u00e9gulateurs de charge<\/strong><\/p>\n<\/li>\n<li>\n<p class=\"ds-markdown-paragraph\"><strong>Infrastructures pour les \u00e9nergies renouvelables<\/strong><\/p>\n<\/li>\n<\/ul>","protected":false},"excerpt":{"rendered":"<ul>\n<li>Tension nominale : 1500V DC<\/li>\n<li><strong data-start=\"575\" data-end=\"594\">Notations actuelles<\/strong>: 32-200A<\/li>\n<li>Altitude : Jusqu'\u00e0 2000m<\/li>\n<li>Classe d'exploitation : gPV<\/li>\n<li>Constante de temps :1-3ms<\/li>\n<li>Pouvoir de coupure :50KA<\/li>\n<\/ul>","protected":false},"featured_media":1044,"comment_status":"open","ping_status":"closed","template":"","meta":[],"product_brand":[],"product_cat":[26],"product_tag":[],"class_list":{"0":"post-1048","1":"product","2":"type-product","3":"status-publish","4":"has-post-thumbnail","6":"product_cat-dc-fuse","8":"first","9":"instock","10":"shipping-taxable","11":"product-type-simple"},"_links":{"self":[{"href":"https:\/\/sinobreaker.com\/fr\/wp-json\/wp\/v2\/product\/1048","targetHints":{"allow":["GET"]}}],"collection":[{"href":"https:\/\/sinobreaker.com\/fr\/wp-json\/wp\/v2\/product"}],"about":[{"href":"https:\/\/sinobreaker.com\/fr\/wp-json\/wp\/v2\/types\/product"}],"replies":[{"embeddable":true,"href":"https:\/\/sinobreaker.com\/fr\/wp-json\/wp\/v2\/comments?post=1048"}],"wp:featuredmedia":[{"embeddable":true,"href":"https:\/\/sinobreaker.com\/fr\/wp-json\/wp\/v2\/media\/1044"}],"wp:attachment":[{"href":"https:\/\/sinobreaker.com\/fr\/wp-json\/wp\/v2\/media?parent=1048"}],"wp:term":[{"taxonomy":"product_brand","embeddable":true,"href":"https:\/\/sinobreaker.com\/fr\/wp-json\/wp\/v2\/product_brand?post=1048"},{"taxonomy":"product_cat","embeddable":true,"href":"https:\/\/sinobreaker.com\/fr\/wp-json\/wp\/v2\/product_cat?post=1048"},{"taxonomy":"product_tag","embeddable":true,"href":"https:\/\/sinobreaker.com\/fr\/wp-json\/wp\/v2\/product_tag?post=1048"}],"curies":[{"name":"wp","href":"https:\/\/api.w.org\/{rel}","templated":true}]}}