{"id":1051,"date":"2025-08-18T09:53:35","date_gmt":"2025-08-18T09:53:35","guid":{"rendered":"https:\/\/sinobreaker.com\/?post_type=product&#038;p=1051"},"modified":"2025-08-18T09:59:15","modified_gmt":"2025-08-18T09:59:15","slug":"cfpv-h00b-16a-500a-1000v-dc-porte-fusible","status":"publish","type":"product","link":"https:\/\/sinobreaker.com\/fr\/products\/cfpv-h00b-16a-500a-1000v-dc-fuse-holder\/","title":{"rendered":"CFPV-H00B Porte-fusible 16A-500A 1000V DC"},"content":{"rendered":"<p>Application du produit<br \/>\nCette s\u00e9rie de fusibles est adapt\u00e9e aux syst\u00e8mes de production d'\u00e9nergie solaire photovolta\u00efque, tension nominale jusqu'\u00e0 1000V, courant maximum jusqu'\u00e0 630A, connect\u00e9s aux panneaux photovolta\u00efques et aux batteries, pour charger le syst\u00e8me de flux variable pour la protection contre les courts-circuits dans les stations photovolta\u00efques et les syst\u00e8mes de production d'\u00e9nergie photovolta\u00efque. Le pouvoir de coupure nominal est de 50KA, les produits sont conformes \u00e0 la norme LEC 60269-6 GB\/T13539.6.<\/p>\n<p>Avantages du produit<br \/>\nTemp\u00e9rature ambiante : -40C- + 90C<br \/>\nHauteur d'installation de l'\u00e9quipement : moins de 2000 m (si vous souhaitez d\u00e9passer cette hauteur, veuillez nous en informer \u00e0 l'avance, nous pourrons concevoir des \u00e9quipements en fonction de vos besoins).<\/p>\n<p>Caract\u00e9ristiques \u00e9lectriques<\/p>","protected":false},"excerpt":{"rendered":"<ul>\n<li>Temp\u00e9rature ambiante : -40C- + 90C<\/li>\n<li>Hauteur d'installation de l'\u00e9quipement : moins de 2000 m (si vous souhaitez d\u00e9passer cette hauteur, veuillez nous en informer \u00e0 l'avance, nous pourrons concevoir des \u00e9quipements en fonction de vos besoins).<\/li>\n<li>h00B pour CFPV-H00 16-125A 1000V DC FUSE<\/li>\n<li>H1B pour CFPV-H1 32-200A 1000V DC<\/li>\n<li>H2b pour CFPV-H2 160-250A 1000V DC FUSE<\/li>\n<li>H3b pour CFPV-h3 FUSIBLE 250-500A 1000V DC<\/li>\n<\/ul>","protected":false},"featured_media":1052,"comment_status":"open","ping_status":"closed","template":"","meta":[],"product_brand":[],"product_cat":[26],"product_tag":[],"class_list":{"0":"post-1051","1":"product","2":"type-product","3":"status-publish","4":"has-post-thumbnail","6":"product_cat-dc-fuse","8":"first","9":"instock","10":"shipping-taxable","11":"product-type-simple"},"_links":{"self":[{"href":"https:\/\/sinobreaker.com\/fr\/wp-json\/wp\/v2\/product\/1051","targetHints":{"allow":["GET"]}}],"collection":[{"href":"https:\/\/sinobreaker.com\/fr\/wp-json\/wp\/v2\/product"}],"about":[{"href":"https:\/\/sinobreaker.com\/fr\/wp-json\/wp\/v2\/types\/product"}],"replies":[{"embeddable":true,"href":"https:\/\/sinobreaker.com\/fr\/wp-json\/wp\/v2\/comments?post=1051"}],"wp:featuredmedia":[{"embeddable":true,"href":"https:\/\/sinobreaker.com\/fr\/wp-json\/wp\/v2\/media\/1052"}],"wp:attachment":[{"href":"https:\/\/sinobreaker.com\/fr\/wp-json\/wp\/v2\/media?parent=1051"}],"wp:term":[{"taxonomy":"product_brand","embeddable":true,"href":"https:\/\/sinobreaker.com\/fr\/wp-json\/wp\/v2\/product_brand?post=1051"},{"taxonomy":"product_cat","embeddable":true,"href":"https:\/\/sinobreaker.com\/fr\/wp-json\/wp\/v2\/product_cat?post=1051"},{"taxonomy":"product_tag","embeddable":true,"href":"https:\/\/sinobreaker.com\/fr\/wp-json\/wp\/v2\/product_tag?post=1051"}],"curies":[{"name":"wp","href":"https:\/\/api.w.org\/{rel}","templated":true}]}}