{"id":1367,"date":"2025-08-23T03:47:09","date_gmt":"2025-08-23T03:47:09","guid":{"rendered":"https:\/\/sinobreaker.com\/?post_type=product&#038;p=1367"},"modified":"2025-08-23T04:31:38","modified_gmt":"2025-08-23T04:31:38","slug":"at-4-boite-de-distribution-etanche","status":"publish","type":"product","link":"https:\/\/sinobreaker.com\/fr\/products\/at-4-waterproof-distribution-box\/","title":{"rendered":"AT-4 Bo\u00eete de distribution \u00e9tanche"},"content":{"rendered":"<h2>Vue d'ensemble<\/h2>\n<p>Le <strong>Bo\u00eete de distribution \u00e9tanche AT-4<\/strong> fournit <strong>4 circuits<\/strong> dans un bo\u00eetier compact \u00e0 une rang\u00e9e.<br \/>\nSon <strong>ouverture inf\u00e9rieure<\/strong> simplifie l'installation et l'entretien, tandis que la <strong>IP65<\/strong> le scellement assure<br \/>\nun fonctionnement fiable dans des environnements int\u00e9rieurs et ext\u00e9rieurs difficiles. Le bo\u00eetier utilise <strong>PC\/ABS<\/strong> nouveau mat\u00e9riel avec<br \/>\nstructure renforc\u00e9e de la boucle, emplacement r\u00e9serv\u00e9 \u00e0 l'antivol, conception de la chicane du circuit et terminal en cuivre de haute qualit\u00e9<br \/>\n(essai au fil chaud \u00e0 960 \u00b0C).<br \/>\nPour une vue d'ensemble de la s\u00e9rie compl\u00e8te, voir la page<br \/>\n<a href=\"\/fr\/produits\/boite-de-distribution-etanche\/\">S\u00e9rie AT (ouverture par le bas)<\/a>.<\/p>\n<h2 id=\"specification\">Sp\u00e9cification du bo\u00eetier de distribution \u00e9tanche AT-4<\/h2>\n<table>\n<thead>\n<tr>\n<th>Param\u00e8tres<\/th>\n<th>Valeur<\/th>\n<\/tr>\n<\/thead>\n<tbody>\n<tr>\n<td>Mod\u00e8le<\/td>\n<td>AT-4<\/td>\n<\/tr>\n<tr>\n<td>Nombre de circuits<\/td>\n<td>4 voies (rang\u00e9e unique)<\/td>\n<\/tr>\n<tr>\n<td>Dimensions globales (L\u00d7L\u00d7H)<\/td>\n<td>128 \u00d7 200 \u00d7 100 mm<\/td>\n<\/tr>\n<tr>\n<td>Z\u00e9ro \/ trous dans la rang\u00e9e du sol<\/td>\n<td>3 \/ 3<\/td>\n<\/tr>\n<tr>\n<td>Indice de protection<\/td>\n<td>IP65 - voir <a href=\"https:\/\/en.wikipedia.org\/wiki\/IP_Code\" target=\"_blank\" rel=\"noopener\">Code IP<\/a><br \/>\net <a href=\"https:\/\/www.iec.ch\/standards\" target=\"_blank\" rel=\"noopener\">IEC 60529<\/a><\/td>\n<\/tr>\n<tr>\n<td>Mat\u00e9riau<\/td>\n<td>PC\/ABS<\/td>\n<\/tr>\n<tr>\n<td>Taille de la bo\u00eete ext\u00e9rieure (L\u00d7L\u00d7H)<\/td>\n<td>545 \u00d7 425 \u00d7 555 mm<\/td>\n<\/tr>\n<tr>\n<td>Poids brut (bo\u00eete enti\u00e8re)<\/td>\n<td>21,5 kg<\/td>\n<\/tr>\n<tr>\n<td>Quantit\u00e9 d'emballage<\/td>\n<td>40 pi\u00e8ces<\/td>\n<\/tr>\n<tr>\n<td>Type d'ouverture<\/td>\n<td>Ouverture du fond<\/td>\n<\/tr>\n<tr>\n<td>Normes (coque\/cadre)<\/td>\n<td>GB\/T 17466.1 ; GB\/T 17466.24<\/td>\n<\/tr>\n<\/tbody>\n<\/table>\n<h2 id=\"diagram\">Bo\u00eete de distribution \u00e9tanche AT-4 Diagramme<\/h2>\n<p><img loading=\"lazy\" decoding=\"async\" class=\"alignnone wp-image-1368\" src=\"https:\/\/sinobreaker.com\/wp-content\/uploads\/2025\/08\/AT-4D-300x151.png\" alt=\"Sch\u00e9ma de la bo\u00eete de distribution \u00e9tanche AT-4\" width=\"644\" height=\"324\" srcset=\"https:\/\/sinobreaker.com\/wp-content\/uploads\/2025\/08\/AT-4D-300x151.png 300w, https:\/\/sinobreaker.com\/wp-content\/uploads\/2025\/08\/AT-4D-768x387.png 768w, https:\/\/sinobreaker.com\/wp-content\/uploads\/2025\/08\/AT-4D-600x302.png 600w, https:\/\/sinobreaker.com\/wp-content\/uploads\/2025\/08\/AT-4D.png 784w\" sizes=\"auto, (max-width: 644px) 100vw, 644px\" \/><\/p>\n<h2 id=\"faq\">Bo\u00eete de distribution \u00e9tanche AT-4 FAQ<\/h2>\n<details>\n<summary>L'AT-4 peut-il \u00eatre configur\u00e9 comme une bo\u00eete de raccordement PV ?<\/summary>\n<div>Oui. Lorsqu'il est \u00e9quip\u00e9 d'un<br \/>\n<a href=\"\/fr\/produits\/fusible-cc\/\">Fusible DC<\/a>,<br \/>\n<a href=\"\/fr\/produits\/dc-spd\/\">Dispositif de protection contre les surtensions (SPD)<\/a>et un<br \/>\n<a href=\"\/fr\/produits\/interrupteur-sectionneur-c-c\/\">Interrupteur DC D\u00e9connecteur<\/a> ou<br \/>\n<a href=\"\/fr\/produits\/dc-circuit-breaker\/\">Disjoncteur DC<\/a>,<br \/>\nL'AT-4 peut fonctionner comme une bo\u00eete de raccordement PV compacte.<br \/>\nPour les options au niveau du syst\u00e8me, voir<br \/>\n<a href=\"\/fr\/solutions\/boite-de-raccordement-pv\/\">Solutions de bo\u00eetiers combin\u00e9s PV<\/a>.<\/div>\n<\/details>\n<details>\n<summary>Quelles sont les dimensions g\u00e9n\u00e9rales de l'AT-4 ?<\/summary>\n<div>128 \u00d7 200 \u00d7 100 mm (L\u00d7L\u00d7H).<\/div>\n<\/details>\n<details>\n<summary>L'AT-4 convient-il aux applications ext\u00e9rieures ?<\/summary>\n<div>Oui. L'AT-4 est class\u00e9 IP65 avec des bandes d'\u00e9tanch\u00e9it\u00e9 (r\u00e9f\u00e9rence :<br \/>\n<a href=\"https:\/\/en.wikipedia.org\/wiki\/IP_Code\" target=\"_blank\" rel=\"noopener\">Code IP<\/a> \/<br \/>\n<a href=\"https:\/\/www.iec.ch\/standards\" target=\"_blank\" rel=\"noopener\">IEC 60529<\/a>), convenant \u00e0 une utilisation int\u00e9rieure et ext\u00e9rieure.<\/div>\n<\/details>\n<details>\n<summary>Combien de circuits l'AT-4 prend-il en charge ?<\/summary>\n<div>4 circuits dans une seule rang\u00e9e. Rang\u00e9e z\u00e9ro : 3 trous ; rang\u00e9e de terre : 3 trous.<\/div>\n<\/details>\n<p class=\"note\">Composants connexes :<br \/>\n<a href=\"\/fr\/produits\/fusible-cc\/\">Fusible DC<\/a> -<br \/>\n<a href=\"\/fr\/produits\/dc-spd\/\">DC SPD<\/a> -<br \/>\n<a href=\"\/fr\/produits\/interrupteur-sectionneur-c-c\/\">Interrupteur DC D\u00e9connecteur<\/a> -<br \/>\n<a href=\"\/fr\/produits\/dc-circuit-breaker\/\">Disjoncteur DC<\/a><\/p>","protected":false},"excerpt":{"rendered":"<ul>\n<li data-start=\"182\" data-end=\"275\">\n<p data-start=\"185\" data-end=\"275\">Compact <strong data-start=\"193\" data-end=\"230\">Bo\u00eete de distribution \u00e9tanche \u00e0 4 voies<\/strong>Protection IP65 pour des performances fiables.<\/p>\n<\/li>\n<li data-start=\"276\" data-end=\"343\">\n<p data-start=\"279\" data-end=\"343\">Ouverture par le bas pour faciliter l'installation et l'entretien.<\/p>\n<\/li>\n<li data-start=\"344\" data-end=\"424\">\n<p data-start=\"347\" data-end=\"424\">Bo\u00eetier PC\/ABS haute r\u00e9sistance, adapt\u00e9 aux applications int\u00e9rieures et ext\u00e9rieures.<\/p>\n<\/li>\n<\/ul>","protected":false},"featured_media":1369,"comment_status":"open","ping_status":"closed","template":"","meta":[],"product_brand":[],"product_cat":[29],"product_tag":[],"class_list":{"0":"post-1367","1":"product","2":"type-product","3":"status-publish","4":"has-post-thumbnail","6":"product_cat-waterproof-distribution-box","8":"first","9":"instock","10":"shipping-taxable","11":"product-type-simple"},"_links":{"self":[{"href":"https:\/\/sinobreaker.com\/fr\/wp-json\/wp\/v2\/product\/1367","targetHints":{"allow":["GET"]}}],"collection":[{"href":"https:\/\/sinobreaker.com\/fr\/wp-json\/wp\/v2\/product"}],"about":[{"href":"https:\/\/sinobreaker.com\/fr\/wp-json\/wp\/v2\/types\/product"}],"replies":[{"embeddable":true,"href":"https:\/\/sinobreaker.com\/fr\/wp-json\/wp\/v2\/comments?post=1367"}],"wp:featuredmedia":[{"embeddable":true,"href":"https:\/\/sinobreaker.com\/fr\/wp-json\/wp\/v2\/media\/1369"}],"wp:attachment":[{"href":"https:\/\/sinobreaker.com\/fr\/wp-json\/wp\/v2\/media?parent=1367"}],"wp:term":[{"taxonomy":"product_brand","embeddable":true,"href":"https:\/\/sinobreaker.com\/fr\/wp-json\/wp\/v2\/product_brand?post=1367"},{"taxonomy":"product_cat","embeddable":true,"href":"https:\/\/sinobreaker.com\/fr\/wp-json\/wp\/v2\/product_cat?post=1367"},{"taxonomy":"product_tag","embeddable":true,"href":"https:\/\/sinobreaker.com\/fr\/wp-json\/wp\/v2\/product_tag?post=1367"}],"curies":[{"name":"wp","href":"https:\/\/api.w.org\/{rel}","templated":true}]}}