{"id":1371,"date":"2025-08-23T03:56:19","date_gmt":"2025-08-23T03:56:19","guid":{"rendered":"https:\/\/sinobreaker.com\/?post_type=product&#038;p=1371"},"modified":"2025-08-23T04:39:13","modified_gmt":"2025-08-23T04:39:13","slug":"at-6-boite-de-distribution-etanche","status":"publish","type":"product","link":"https:\/\/sinobreaker.com\/fr\/products\/at-6-waterproof-distribution-box\/","title":{"rendered":"AT-6 Bo\u00eete de distribution \u00e9tanche"},"content":{"rendered":"<style>\n  .product-section h2{font-size:1.6em;margin-top:1.2em;margin-bottom:0.6em;color:#0f172a}<br \/>\n  .product-section p{font-size:1.1em;line-height:1.7em;color:#1e293b}<br \/>\n  .product-section table{width:100%;border-collapse:collapse;margin:1em 0;font-size:1.05em}<br \/>\n  .product-section table th,.product-section table td{border:1px solid #cfcfcf;padding:10px 14px;text-align:left}<br \/>\n  .product-section table th{background:#f8fafc;font-weight:bold}<br \/>\n  .product-section details{margin:.5em 0;font-size:1.05em}<br \/>\n<\/style>\n<div class=\"product-section\">\n<h2>Vue d'ensemble<\/h2>\n<p>Le <strong>Bo\u00eete de distribution \u00e9tanche AT-6<\/strong> fournit <strong>6 circuits<\/strong> dans un bo\u00eetier compact \u00e0 une rang\u00e9e.<br \/>\nAvec un <strong>ouverture inf\u00e9rieure<\/strong> la conception, l'installation et l'entretien sont plus faciles, tandis que les <strong>IP65<\/strong> \u00e9tanch\u00e9it\u00e9<br \/>\ngarantit un fonctionnement fiable \u00e0 l'int\u00e9rieur et \u00e0 l'ext\u00e9rieur. Fabriqu\u00e9 en <strong>PC\/ABS<\/strong> nouveau mat\u00e9riau, il est dot\u00e9 d'une boucle renforc\u00e9e<br \/>\nstructure, position r\u00e9serv\u00e9e pour le verrouillage antivol, et assemblage de bornes en cuivre de haute qualit\u00e9 (test de fil chaud \u00e0 960 \u00b0C).<br \/>\nPour la gamme compl\u00e8te, voir le site<br \/>\n<a href=\"\/fr\/produits\/boite-de-distribution-etanche\/\">S\u00e9rie de bo\u00eetes de distribution \u00e9tanches<\/a>.<\/p>\n<p>Le <strong>Bo\u00eete de distribution \u00e9tanche AT-6<\/strong> est largement utilis\u00e9 dans les secteurs r\u00e9sidentiel, commercial et industriel.<br \/>\noffrant une protection IP65 fiable et une ouverture par le bas qui acc\u00e9l\u00e8re le c\u00e2blage et l'inspection.<\/p>\n<h2 id=\"specification\">Sp\u00e9cification du bo\u00eetier de distribution \u00e9tanche AT-6<\/h2>\n<table>\n<thead>\n<tr>\n<th>Param\u00e8tres<\/th>\n<th>Valeur<\/th>\n<\/tr>\n<\/thead>\n<tbody>\n<tr>\n<td>Mod\u00e8le<\/td>\n<td>AT-6<\/td>\n<\/tr>\n<tr>\n<td>Nombre de circuits<\/td>\n<td>6 voies (rang\u00e9e unique)<\/td>\n<\/tr>\n<tr>\n<td>Dimensions globales (L\u00d7L\u00d7H)<\/td>\n<td>164 \u00d7 200 \u00d7 100 mm<\/td>\n<\/tr>\n<tr>\n<td>Z\u00e9ro \/ trous dans la rang\u00e9e du sol<\/td>\n<td>5 \/ 5<\/td>\n<\/tr>\n<tr>\n<td>Indice de protection<\/td>\n<td>IP65 - voir <a href=\"https:\/\/en.wikipedia.org\/wiki\/IP_Code\" target=\"_blank\" rel=\"noopener\">Code IP<\/a> \/<br \/>\n<a href=\"https:\/\/www.iec.ch\/standards\" target=\"_blank\" rel=\"noopener\">IEC 60529<\/a><\/td>\n<\/tr>\n<tr>\n<td>Mat\u00e9riau<\/td>\n<td>PC\/ABS<\/td>\n<\/tr>\n<tr>\n<td>Taille de la bo\u00eete ext\u00e9rieure (L\u00d7L\u00d7H)<\/td>\n<td>545 \u00d7 425 \u00d7 530 mm<\/td>\n<\/tr>\n<tr>\n<td>Poids brut (bo\u00eete enti\u00e8re)<\/td>\n<td>17,8 kg<\/td>\n<\/tr>\n<tr>\n<td>Quantit\u00e9 d'emballage<\/td>\n<td>30 pi\u00e8ces<\/td>\n<\/tr>\n<tr>\n<td>Type d'ouverture<\/td>\n<td>Ouverture du fond<\/td>\n<\/tr>\n<tr>\n<td>Normes<\/td>\n<td>GB\/T 17466.1 ; GB\/T 17466.24 ; IEC 60529 (IP65)<\/td>\n<\/tr>\n<\/tbody>\n<\/table>\n<h2 id=\"diagram\">Sch\u00e9ma<\/h2>\n<p>Vous trouverez ci-dessous le sch\u00e9ma d'installation du <strong>Bo\u00eete de distribution \u00e9tanche AT-6<\/strong> (avant \/ c\u00f4t\u00e9 \/ arri\u00e8re).<\/p>\n<p><img loading=\"lazy\" decoding=\"async\" class=\"alignnone size-medium wp-image-1372\" src=\"https:\/\/sinobreaker.com\/wp-content\/uploads\/2025\/08\/AT-6D-300x140.png\" alt=\"Sch\u00e9ma de la bo\u00eete de distribution \u00e9tanche AT-6\" width=\"300\" height=\"140\" srcset=\"https:\/\/sinobreaker.com\/wp-content\/uploads\/2025\/08\/AT-6D-300x140.png 300w, https:\/\/sinobreaker.com\/wp-content\/uploads\/2025\/08\/AT-6D-768x358.png 768w, https:\/\/sinobreaker.com\/wp-content\/uploads\/2025\/08\/AT-6D-600x280.png 600w, https:\/\/sinobreaker.com\/wp-content\/uploads\/2025\/08\/AT-6D.png 793w\" sizes=\"auto, (max-width: 300px) 100vw, 300px\" \/><\/p>\n<h2 id=\"faq\">FAQ<\/h2>\n<details>\n<summary>Quelles sont les dimensions globales de la bo\u00eete de distribution \u00e9tanche AT-6 ?<\/summary>\n<div>164 \u00d7 200 \u00d7 100 mm (L\u00d7L\u00d7H).<\/div>\n<\/details>\n<details>\n<summary>Combien de circuits l'AT-6 prend-il en charge ?<\/summary>\n<div>L'AT-6 prend en charge 6 circuits dans une disposition \u00e0 une rang\u00e9e. Rang\u00e9e de z\u00e9ro : 5 trous ; rang\u00e9e de terre : 5 trous.<\/div>\n<\/details>\n<details>\n<summary>L'AT-6 est-il adapt\u00e9 aux applications ext\u00e9rieures ?<\/summary>\n<div>Oui. <strong>Bo\u00eete de distribution \u00e9tanche AT-6<\/strong> est conforme \u00e0 la norme IP65 avec des bandes d'\u00e9tanch\u00e9it\u00e9, convenant \u00e0 une utilisation int\u00e9rieure et ext\u00e9rieure.<\/div>\n<\/details>\n<details>\n<summary>L'AT-6 peut-il \u00eatre configur\u00e9 comme une bo\u00eete de raccordement PV ?<\/summary>\n<div>Oui. Lorsqu'il est \u00e9quip\u00e9 d'un <a href=\"\/fr\/produits\/fusible-cc\/\">Fusible DC<\/a>,<br \/>\n<a href=\"\/fr\/produits\/dc-spd\/\">Dispositif de protection contre les surtensions (SPD)<\/a>,<br \/>\net un <a href=\"\/fr\/produits\/interrupteur-sectionneur-c-c\/\">Interrupteur DC D\u00e9connecteur<\/a> ou<br \/>\n<a href=\"\/fr\/produits\/dc-circuit-breaker\/\">Disjoncteur DC<\/a>L'AT-6 peut faire partie d'une solution de combinateur photovolta\u00efque.<\/div>\n<\/details>\n<\/div>","protected":false},"excerpt":{"rendered":"<ul>\n<li data-start=\"197\" data-end=\"271\">\n<p data-start=\"200\" data-end=\"271\"><strong data-start=\"200\" data-end=\"241\">Bo\u00eete de distribution \u00e9tanche \u00e0 6 circuits<\/strong>Conception compacte \u00e0 une seule rang\u00e9e.<\/p>\n<\/li>\n<li data-start=\"272\" data-end=\"343\">\n<p data-start=\"275\" data-end=\"343\">Bo\u00eetier class\u00e9 IP65 pour des applications int\u00e9rieures et ext\u00e9rieures fiables.<\/p>\n<\/li>\n<li data-start=\"344\" data-end=\"404\">\n<p data-start=\"347\" data-end=\"404\">Ouverture par le bas pour faciliter le c\u00e2blage et l'installation.<\/p>\n<\/li>\n<\/ul>","protected":false},"featured_media":1373,"comment_status":"open","ping_status":"closed","template":"","meta":[],"product_brand":[],"product_cat":[29],"product_tag":[],"class_list":{"0":"post-1371","1":"product","2":"type-product","3":"status-publish","4":"has-post-thumbnail","6":"product_cat-waterproof-distribution-box","8":"first","9":"instock","10":"shipping-taxable","11":"product-type-simple"},"_links":{"self":[{"href":"https:\/\/sinobreaker.com\/fr\/wp-json\/wp\/v2\/product\/1371","targetHints":{"allow":["GET"]}}],"collection":[{"href":"https:\/\/sinobreaker.com\/fr\/wp-json\/wp\/v2\/product"}],"about":[{"href":"https:\/\/sinobreaker.com\/fr\/wp-json\/wp\/v2\/types\/product"}],"replies":[{"embeddable":true,"href":"https:\/\/sinobreaker.com\/fr\/wp-json\/wp\/v2\/comments?post=1371"}],"wp:featuredmedia":[{"embeddable":true,"href":"https:\/\/sinobreaker.com\/fr\/wp-json\/wp\/v2\/media\/1373"}],"wp:attachment":[{"href":"https:\/\/sinobreaker.com\/fr\/wp-json\/wp\/v2\/media?parent=1371"}],"wp:term":[{"taxonomy":"product_brand","embeddable":true,"href":"https:\/\/sinobreaker.com\/fr\/wp-json\/wp\/v2\/product_brand?post=1371"},{"taxonomy":"product_cat","embeddable":true,"href":"https:\/\/sinobreaker.com\/fr\/wp-json\/wp\/v2\/product_cat?post=1371"},{"taxonomy":"product_tag","embeddable":true,"href":"https:\/\/sinobreaker.com\/fr\/wp-json\/wp\/v2\/product_tag?post=1371"}],"curies":[{"name":"wp","href":"https:\/\/api.w.org\/{rel}","templated":true}]}}