{"id":1395,"date":"2025-08-23T06:53:50","date_gmt":"2025-08-23T06:53:50","guid":{"rendered":"https:\/\/sinobreaker.com\/?post_type=product&#038;p=1395"},"modified":"2026-02-09T18:24:15","modified_gmt":"2026-02-09T18:24:15","slug":"ht-2-boite-de-distribution-etanche","status":"publish","type":"product","link":"https:\/\/sinobreaker.com\/fr\/products\/ht-2-waterproof-distribution-box\/","title":{"rendered":"HT-2 Bo\u00eete de distribution \u00e9tanche"},"content":{"rendered":"<style>\n  .product-section h2{font-size:1.6em;margin-top:1.2em;margin-bottom:0.6em;color:#0f172a}<br \/>\n  .product-section p{font-size:1.1em;line-height:1.7em;color:#1e293b}<br \/>\n  .product-section table{width:100%;border-collapse:collapse;margin:1em 0;font-size:1.05em}<br \/>\n  .product-section table th,.product-section table td{border:1px solid #cfcfcf;padding:10px 14px;text-align:left}<br \/>\n  .product-section table th{background:#f8fafc;font-weight:bold}<br \/>\n  .product-section details{margin:.5em 0;font-size:1.05em}<br \/>\n<\/style>\n<div class=\"product-section\">\n<h2>Vue d'ensemble<\/h2>\n<p>Le <strong>Bo\u00eete de distribution \u00e9tanche HT-2<\/strong> offre une solution compacte <strong>2 circuits<\/strong> avec une solution<br \/>\n<strong>couvercle \u00e0 ouverture lat\u00e9rale et \u00e0 charni\u00e8re<\/strong> qui am\u00e9liore l'accessibilit\u00e9 lors du c\u00e2blage et de la maintenance. Il pr\u00e9sente les caract\u00e9ristiques suivantes<br \/>\nun <strong>ABS<\/strong> la coque de fond et le cadre de surface avec un <strong>PC<\/strong> couverture transparente, combinant bien<br \/>\nLa r\u00e9sistance aux chocs et \u00e0 l'usure est tr\u00e8s \u00e9lev\u00e9e, ce qui garantit une longue dur\u00e9e de vie. Avec <strong>IP65<\/strong> l'\u00e9tanch\u00e9it\u00e9 et une serrure renforc\u00e9e<br \/>\nGr\u00e2ce \u00e0 sa structure \u00e0 boucle, le bo\u00eetier peut \u00eatre utilis\u00e9 \u00e0 l'int\u00e9rieur comme \u00e0 l'ext\u00e9rieur. La charni\u00e8re du couvercle s'ouvre \u00e0 &gt;115\u00b0 et peut \u00eatre<br \/>\nL'angle de fixation est maximal et un kit de montage d'accessoires est fourni pour faciliter l'installation. Pour plus de mod\u00e8les, visitez le site<br \/>\n<a href=\"\/fr\/produits\/boite-de-distribution-etanche\/\">S\u00e9rie de bo\u00eetes de distribution \u00e9tanches<\/a>.<\/p>\n<p>Le <strong>Bo\u00eete de distribution \u00e9tanche HT-2<\/strong> peut \u00eatre \u00e9quip\u00e9 de<br \/>\n<a href=\"\/fr\/produits\/fusible-cc\/\">Fusible DC<\/a>, <a href=\"\/fr\/produits\/dc-spd\/\">DOCUP<\/a>,<br \/>\n<a href=\"\/fr\/produits\/interrupteur-sectionneur-c-c\/\">Interrupteur D\u00e9connecteur<\/a>ou<br \/>\n<a href=\"\/fr\/produits\/dc-circuit-breaker\/\">Disjoncteur DC<\/a> pour la protection de base ou l'utilisation de combinateurs PV compacts.<\/p>\n<h2 id=\"specification\">Sp\u00e9cification du bo\u00eetier de distribution \u00e9tanche HT-2<\/h2>\n<table>\n<thead>\n<tr>\n<th>Param\u00e8tres<\/th>\n<th>Valeur<\/th>\n<\/tr>\n<\/thead>\n<tbody>\n<tr>\n<td>Mod\u00e8le<\/td>\n<td>HT-2<\/td>\n<\/tr>\n<tr>\n<td>Nombre de circuits<\/td>\n<td>2 voies (rang\u00e9e unique)<\/td>\n<\/tr>\n<tr>\n<td>Dimensions globales (L\u00d7L\u00d7H)<\/td>\n<td>56 \u00d7 125 \u00d7 88 mm<\/td>\n<\/tr>\n<tr>\n<td>Zero \/ Ground row<\/td>\n<td>- (non \u00e9quip\u00e9e)<\/td>\n<\/tr>\n<tr>\n<td>Indice de protection<\/td>\n<td>IP65 - voir <a href=\"https:\/\/en.wikipedia.org\/wiki\/IP_Code\" target=\"_blank\" rel=\"noopener\">Code IP<\/a> \/<br \/>\n<a href=\"https:\/\/www.iec.ch\/standards\" target=\"_blank\" rel=\"noopener\">IEC 60529<\/a><\/td>\n<\/tr>\n<tr>\n<td>Mat\u00e9riau<\/td>\n<td>Base et cadre en ABS ; couvercle transparent en PC<\/td>\n<\/tr>\n<tr>\n<td>Taille de la bo\u00eete ext\u00e9rieure (L\u00d7L\u00d7H)<\/td>\n<td>540 \u00d7 320 \u00d7 480 mm<\/td>\n<\/tr>\n<tr>\n<td>Poids brut (bo\u00eete enti\u00e8re)<\/td>\n<td>11,8 kg<\/td>\n<\/tr>\n<tr>\n<td>Quantit\u00e9 d'emballage<\/td>\n<td>100 pi\u00e8ces<\/td>\n<\/tr>\n<tr>\n<td>Type d'ouverture<\/td>\n<td>Ouverture lat\u00e9rale (couvercle \u00e0 charni\u00e8re &gt;115\u00b0)<\/td>\n<\/tr>\n<tr>\n<td>Caract\u00e9ristiques structurelles<\/td>\n<td>Structure \u00e0 boucle de verrouillage ; d\u00e9bouchures \u00e0 anneaux multiples ; d\u00e9flecteur de circuit ; vis de cadre libre (sans desserrage) ; assemblage de bornes en cuivre (test de fil chaud \u00e0 960 \u00b0C)<\/td>\n<\/tr>\n<tr>\n<td>Normes<\/td>\n<td>GB\/T 17466.1 ; GB\/T 17466.24 ; IEC 60529 (IP65)<\/td>\n<\/tr>\n<\/tbody>\n<\/table>\n<h2 id=\"diagram\">Sch\u00e9ma<\/h2>\n<p>Placez le sch\u00e9ma d'installation du <strong>Bo\u00eete de distribution \u00e9tanche HT-2<\/strong> (recto\/verso\/verso) directement sous cette section<br \/>\n<img loading=\"lazy\" decoding=\"async\" class=\"alignnone  wp-image-1396\" src=\"https:\/\/sinobreaker.com\/wp-content\/uploads\/2025\/08\/HT-2D-300x186.png\" alt=\"Sch\u00e9ma du bo\u00eetier de distribution \u00e9tanche HT-2\" width=\"839\" height=\"520\" srcset=\"https:\/\/sinobreaker.com\/wp-content\/uploads\/2025\/08\/HT-2D-300x186.png 300w, https:\/\/sinobreaker.com\/wp-content\/uploads\/2025\/08\/HT-2D-600x372.png 600w, https:\/\/sinobreaker.com\/wp-content\/uploads\/2025\/08\/HT-2D.png 641w\" sizes=\"auto, (max-width: 839px) 100vw, 839px\" \/><\/p>\n<h2 id=\"faq\">FAQ<\/h2>\n<details>\n<summary>Quelles sont les dimensions globales du bo\u00eetier de distribution \u00e9tanche HT-2 ?<\/summary>\n<div>56 \u00d7 125 \u00d7 88 mm (L\u00d7L\u00d7H).<\/div>\n<\/details>\n<details>\n<summary>Combien de circuits le HT-2 prend-il en charge ?<\/summary>\n<div>Le HT-2 prend en charge 2 circuits (une seule rang\u00e9e). Ce mod\u00e8le n'est pas \u00e9quip\u00e9 de barres omnibus z\u00e9ro\/masse.<\/div>\n<\/details>\n<details>\n<summary>Le HT-2 est-il adapt\u00e9 aux applications ext\u00e9rieures ?<\/summary>\n<div>Oui. <strong>Bo\u00eete de distribution \u00e9tanche HT-2<\/strong> est class\u00e9 IP65 avec des bandes d'\u00e9tanch\u00e9it\u00e9 et des mat\u00e9riaux ABS\/PC robustes,<br \/>\nconvient pour une utilisation int\u00e9rieure et ext\u00e9rieure (r\u00e9f\u00e9rence :<br \/>\n<a href=\"https:\/\/en.wikipedia.org\/wiki\/IP_Code\" target=\"_blank\" rel=\"noopener\">Code IP<\/a> \/<br \/>\n<a href=\"https:\/\/www.iec.ch\/standards\" target=\"_blank\" rel=\"noopener\">IEC 60529<\/a>).<\/div>\n<\/details>\n<details>\n<summary>Le HT-2 peut-il \u00eatre configur\u00e9 comme une bo\u00eete de raccordement PV ?<\/summary>\n<div>Oui. Lorsqu'il est \u00e9quip\u00e9 d'un <a href=\"\/fr\/produits\/fusible-cc\/\">Fusible DC<\/a>,<br \/>\n<a href=\"\/fr\/produits\/dc-spd\/\">Dispositif de protection contre les surtensions (SPD)<\/a>et un<br \/>\n<a href=\"\/fr\/produits\/interrupteur-sectionneur-c-c\/\">Interrupteur DC D\u00e9connecteur<\/a> ou<br \/>\n<a href=\"\/fr\/produits\/dc-circuit-breaker\/\">Disjoncteur DC<\/a>Le HT-2 peut servir de solution compacte de regroupement de panneaux photovolta\u00efques.<br \/>\nVoir <a href=\"\/fr\/solutions\/boite-de-raccordement-pv\/\">Solutions de bo\u00eetiers combin\u00e9s PV<\/a> pour des exemples de syst\u00e8mes.<\/div>\n<\/details>\n<\/div>","protected":false},"excerpt":{"rendered":"<ul data-start=\"209\" data-end=\"494\">\n<li data-start=\"209\" data-end=\"305\">\n<p data-start=\"211\" data-end=\"305\"><strong data-start=\"211\" data-end=\"248\">Bo\u00eete de distribution \u00e9tanche \u00e0 2 voies<\/strong> avec <strong data-start=\"254\" data-end=\"285\">couvercle \u00e0 ouverture lat\u00e9rale (\u00e0 charni\u00e8re)<\/strong> pour un acc\u00e8s rapide.<\/p>\n<\/li>\n<li data-start=\"306\" data-end=\"395\">\n<p data-start=\"308\" data-end=\"395\"><strong data-start=\"308\" data-end=\"316\">IP65<\/strong> \u00e9tanch\u00e9it\u00e9, base en ABS + couvercle transparent en PC, r\u00e9sistant aux chocs et aux intemp\u00e9ries.<\/p>\n<\/li>\n<li data-start=\"396\" data-end=\"494\">\n<p data-start=\"398\" data-end=\"494\">Soutien \u00e0 la distribution de base ou \u00e0 la distribution compacte <strong data-start=\"437\" data-end=\"452\">Combinateur PV<\/strong> installation avec fusible\/SPD\/disconnecteur\/disjoncteur.<\/p>\n<\/li>\n<\/ul>","protected":false},"featured_media":1397,"comment_status":"open","ping_status":"closed","template":"","meta":[],"product_brand":[],"product_cat":[29],"product_tag":[],"class_list":{"0":"post-1395","1":"product","2":"type-product","3":"status-publish","4":"has-post-thumbnail","6":"product_cat-waterproof-distribution-box","8":"first","9":"instock","10":"shipping-taxable","11":"product-type-simple"},"_links":{"self":[{"href":"https:\/\/sinobreaker.com\/fr\/wp-json\/wp\/v2\/product\/1395","targetHints":{"allow":["GET"]}}],"collection":[{"href":"https:\/\/sinobreaker.com\/fr\/wp-json\/wp\/v2\/product"}],"about":[{"href":"https:\/\/sinobreaker.com\/fr\/wp-json\/wp\/v2\/types\/product"}],"replies":[{"embeddable":true,"href":"https:\/\/sinobreaker.com\/fr\/wp-json\/wp\/v2\/comments?post=1395"}],"wp:featuredmedia":[{"embeddable":true,"href":"https:\/\/sinobreaker.com\/fr\/wp-json\/wp\/v2\/media\/1397"}],"wp:attachment":[{"href":"https:\/\/sinobreaker.com\/fr\/wp-json\/wp\/v2\/media?parent=1395"}],"wp:term":[{"taxonomy":"product_brand","embeddable":true,"href":"https:\/\/sinobreaker.com\/fr\/wp-json\/wp\/v2\/product_brand?post=1395"},{"taxonomy":"product_cat","embeddable":true,"href":"https:\/\/sinobreaker.com\/fr\/wp-json\/wp\/v2\/product_cat?post=1395"},{"taxonomy":"product_tag","embeddable":true,"href":"https:\/\/sinobreaker.com\/fr\/wp-json\/wp\/v2\/product_tag?post=1395"}],"curies":[{"name":"wp","href":"https:\/\/api.w.org\/{rel}","templated":true}]}}