{"id":1398,"date":"2025-08-23T06:58:03","date_gmt":"2025-08-23T06:58:03","guid":{"rendered":"https:\/\/sinobreaker.com\/?post_type=product&#038;p=1398"},"modified":"2025-08-23T06:58:33","modified_gmt":"2025-08-23T06:58:33","slug":"ht-5-boite-de-distribution-etanche","status":"publish","type":"product","link":"https:\/\/sinobreaker.com\/fr\/products\/ht-5-waterproof-distribution-box\/","title":{"rendered":"HT-5 Bo\u00eete de distribution \u00e9tanche"},"content":{"rendered":"<style>\n  .product-section h2{font-size:1.6em;margin-top:1.2em;margin-bottom:0.6em;color:#0f172a}<br \/>  .product-section p{font-size:1.1em;line-height:1.7em;color:#1e293b}<br \/>  .product-section table{width:100%;border-collapse:collapse;margin:1em 0;font-size:1.05em}<br \/>  .product-section table th,.product-section table td{border:1px solid #cfcfcf;padding:10px 14px;text-align:left}<br \/>  .product-section table th{background:#f8fafc;font-weight:bold}<br \/>  .product-section details{margin:.5em 0;font-size:1.05em}<br \/><\/style>\n<div class=\"product-section\">\n<h2>Vue d'ensemble<\/h2>\n<p>Le <strong>Bo\u00eete de distribution \u00e9tanche HT-5<\/strong> fournit <strong>5 circuits<\/strong> dans un bo\u00eetier compact<br \/>\navec un <strong>couvercle \u00e0 ouverture lat\u00e9rale et \u00e0 charni\u00e8re<\/strong>. Con\u00e7u avec un <strong>ABS<\/strong> base et<br \/>\n<strong>Couvercle transparent en PC<\/strong>Le bo\u00eetier offre une grande robustesse, une bonne r\u00e9sistance aux chocs et des performances \u00e0 long terme.<br \/>\nfiabilit\u00e9. Avec <strong>Protection IP65<\/strong> et une boucle de verrouillage renforc\u00e9e, le HT-5 convient \u00e0 la fois pour l'int\u00e9rieur et pour l'ext\u00e9rieur.<br \/>\net les applications ext\u00e9rieures. D\u00e9flecteurs, bornes en cuivre (test\u00e9es \u00e0 960 \u00b0C) et kit de montage des accessoires.<br \/>\nrendent l'installation s\u00fbre et pratique. Pour d'autres mod\u00e8les, voir la page<br \/>\n<a href=\"\/fr\/produits\/boite-de-distribution-etanche\/\">S\u00e9rie de bo\u00eetes de distribution \u00e9tanches<\/a>.<\/p>\n<p>Le <strong>Bo\u00eete de distribution \u00e9tanche HT-5<\/strong> peut \u00eatre int\u00e9gr\u00e9 \u00e0<br \/>\n<a href=\"\/fr\/produits\/fusible-cc\/\">Fusible DC<\/a>, <a href=\"\/fr\/produits\/dc-spd\/\">DOCUP<\/a>,<br \/>\n<a href=\"\/fr\/produits\/interrupteur-sectionneur-c-c\/\">Interrupteur D\u00e9connecteur<\/a>ou<br \/>\n<a href=\"\/fr\/produits\/dc-circuit-breaker\/\">Disjoncteur DC<\/a>permettant l'utilisation de petits syst\u00e8mes de combinaisons photovolta\u00efques<br \/>\net des installations de distribution r\u00e9sidentielles\/commerciales.<\/p>\n<h2 id=\"specification\">Sp\u00e9cification du bo\u00eetier de distribution \u00e9tanche HT-5<\/h2>\n<table>\n<thead>\n<tr>\n<th>Param\u00e8tres<\/th>\n<th>Valeur<\/th>\n<\/tr>\n<\/thead>\n<tbody>\n<tr>\n<td>Mod\u00e8le<\/td>\n<td>HT-5<\/td>\n<\/tr>\n<tr>\n<td>Nombre de circuits<\/td>\n<td>5 voies (rang\u00e9e unique)<\/td>\n<\/tr>\n<tr>\n<td>Dimensions globales (L\u00d7L\u00d7H)<\/td>\n<td>129 \u00d7 170 \u00d7 95 mm<\/td>\n<\/tr>\n<tr>\n<td>Z\u00e9ro \/ trous dans la rang\u00e9e du sol<\/td>\n<td>Rang\u00e9e z\u00e9ro : 3 trous \/ Rang\u00e9e de terre : 3 trous<\/td>\n<\/tr>\n<tr>\n<td>Indice de protection<\/td>\n<td>IP65 - voir <a href=\"https:\/\/en.wikipedia.org\/wiki\/IP_Code\" target=\"_blank\" rel=\"noopener\">Code IP<\/a> \/<br \/>\n<a href=\"https:\/\/www.iec.ch\/standards\" target=\"_blank\" rel=\"noopener\">IEC 60529<\/a><\/td>\n<\/tr>\n<tr>\n<td>Mat\u00e9riau<\/td>\n<td>Base et cadre en ABS ; couvercle transparent en PC<\/td>\n<\/tr>\n<tr>\n<td>Taille de la bo\u00eete ext\u00e9rieure (L\u00d7L\u00d7H)<\/td>\n<td>555 \u00d7 365 \u00d7 520 mm<\/td>\n<\/tr>\n<tr>\n<td>Poids brut (bo\u00eete enti\u00e8re)<\/td>\n<td>18,2 kg<\/td>\n<\/tr>\n<tr>\n<td>Quantit\u00e9 d'emballage<\/td>\n<td>40 pi\u00e8ces<\/td>\n<\/tr>\n<tr>\n<td>Type d'ouverture<\/td>\n<td>Ouverture lat\u00e9rale (couvercle \u00e0 charni\u00e8re &gt;115\u00b0)<\/td>\n<\/tr>\n<tr>\n<td>Caract\u00e9ristiques structurelles<\/td>\n<td>Structure \u00e0 boucle de verrouillage ; couvercle \u00e0 charni\u00e8re ; d\u00e9flecteur de circuit ; assemblage de bornes en cuivre ; d\u00e9bouchures \u00e0 anneaux multiples<\/td>\n<\/tr>\n<tr>\n<td>Normes<\/td>\n<td>GB\/T 17466.1 ; GB\/T 17466.24 ; IEC 60529 (IP65)<\/td>\n<\/tr>\n<\/tbody>\n<\/table>\n<h2 id=\"diagram\">Sch\u00e9ma<\/h2>\n<p>Vous trouverez ci-dessous le sch\u00e9ma d'installation du <strong>Bo\u00eete de distribution \u00e9tanche HT-5<\/strong> (avant \/ c\u00f4t\u00e9 \/ arri\u00e8re).<br \/>\n<img loading=\"lazy\" decoding=\"async\" class=\"alignnone wp-image-1400\" src=\"https:\/\/sinobreaker.com\/wp-content\/uploads\/2025\/08\/HT-5D-300x186.png\" alt=\"diagramme de la bo\u00eete de distribution \u00e9tanche\" width=\"685\" height=\"425\" srcset=\"https:\/\/sinobreaker.com\/wp-content\/uploads\/2025\/08\/HT-5D-300x186.png 300w, https:\/\/sinobreaker.com\/wp-content\/uploads\/2025\/08\/HT-5D-600x371.png 600w, https:\/\/sinobreaker.com\/wp-content\/uploads\/2025\/08\/HT-5D.png 659w\" sizes=\"auto, (max-width: 685px) 100vw, 685px\" \/><\/p>\n<h2 id=\"faq\">FAQ<\/h2>\n<details>\n<summary>Quelles sont les dimensions globales du bo\u00eetier de distribution \u00e9tanche HT-5 ?<\/summary>\n<div>129 \u00d7 170 \u00d7 95 mm (L\u00d7L\u00d7H).<\/div>\n<\/details>\n<details>\n<summary>Combien de circuits le HT-5 prend-il en charge ?<\/summary>\n<div>Le HT-5 prend en charge 5 circuits sur une seule rang\u00e9e. Rang\u00e9e z\u00e9ro : 3 trous ; rang\u00e9e de terre : 3 trous.<\/div>\n<\/details>\n<details>\n<summary>Le HT-5 est-il adapt\u00e9 aux applications ext\u00e9rieures ?<\/summary>\n<div>Oui. <strong>Bo\u00eete de distribution \u00e9tanche HT-5<\/strong> est class\u00e9 IP65 avec des bandes d'\u00e9tanch\u00e9it\u00e9, convenant \u00e0 une utilisation int\u00e9rieure et ext\u00e9rieure<br \/>\n(r\u00e9f\u00e9rence : <a href=\"https:\/\/en.wikipedia.org\/wiki\/IP_Code\" target=\"_blank\" rel=\"noopener\">Code IP<\/a> \/<br \/>\n<a href=\"https:\/\/www.iec.ch\/standards\" target=\"_blank\" rel=\"noopener\">IEC 60529<\/a>).<\/div>\n<\/details>\n<details>\n<summary>Le HT-5 peut-il \u00eatre configur\u00e9 comme une bo\u00eete de raccordement PV ?<\/summary>\n<div>Oui. Lorsqu'il est \u00e9quip\u00e9 d'un <a href=\"\/fr\/produits\/fusible-cc\/\">Fusible DC<\/a>,<br \/>\n<a href=\"\/fr\/produits\/dc-spd\/\">Dispositif de protection contre les surtensions (SPD)<\/a>et un<br \/>\n<a href=\"\/fr\/produits\/interrupteur-sectionneur-c-c\/\">Interrupteur DC D\u00e9connecteur<\/a> ou<br \/>\n<a href=\"\/fr\/produits\/dc-circuit-breaker\/\">Disjoncteur DC<\/a>Le HT-5 peut servir de petit combinateur photovolta\u00efque.<\/div>\n<\/details>\n<\/div>","protected":false},"excerpt":{"rendered":"<ul>\n<li data-start=\"173\" data-end=\"281\">\n<p data-start=\"175\" data-end=\"281\"><strong data-start=\"175\" data-end=\"212\">Bo\u00eete de distribution \u00e9tanche \u00e0 5 voies<\/strong> avec <strong data-start=\"218\" data-end=\"247\">couvercle \u00e0 charni\u00e8re \u00e0 ouverture lat\u00e9rale<\/strong> pour faciliter le c\u00e2blage et l'inspection.<\/p>\n<\/li>\n<li data-start=\"282\" data-end=\"390\">\n<p data-start=\"284\" data-end=\"390\"><strong data-start=\"284\" data-end=\"307\">Bo\u00eetier ABS\/PC IP65<\/strong> garantit l'\u00e9tanch\u00e9it\u00e9 \u00e0 l'eau et \u00e0 la poussi\u00e8re, ainsi qu'une grande r\u00e9sistance aux chocs pour une longue dur\u00e9e de vie.<\/p>\n<\/li>\n<li data-start=\"391\" data-end=\"509\">\n<p data-start=\"393\" data-end=\"509\">Convient pour l'int\u00e9gration avec <strong data-start=\"423\" data-end=\"462\">fusible, SPD, d\u00e9connecteur ou disjoncteur<\/strong> dans les applications de combinaisons ou de distribution PV.<\/p>\n<\/li>\n<\/ul>","protected":false},"featured_media":1399,"comment_status":"open","ping_status":"closed","template":"","meta":[],"product_brand":[],"product_cat":[29],"product_tag":[],"class_list":{"0":"post-1398","1":"product","2":"type-product","3":"status-publish","4":"has-post-thumbnail","6":"product_cat-waterproof-distribution-box","8":"first","9":"instock","10":"shipping-taxable","11":"product-type-simple"},"_links":{"self":[{"href":"https:\/\/sinobreaker.com\/fr\/wp-json\/wp\/v2\/product\/1398","targetHints":{"allow":["GET"]}}],"collection":[{"href":"https:\/\/sinobreaker.com\/fr\/wp-json\/wp\/v2\/product"}],"about":[{"href":"https:\/\/sinobreaker.com\/fr\/wp-json\/wp\/v2\/types\/product"}],"replies":[{"embeddable":true,"href":"https:\/\/sinobreaker.com\/fr\/wp-json\/wp\/v2\/comments?post=1398"}],"wp:featuredmedia":[{"embeddable":true,"href":"https:\/\/sinobreaker.com\/fr\/wp-json\/wp\/v2\/media\/1399"}],"wp:attachment":[{"href":"https:\/\/sinobreaker.com\/fr\/wp-json\/wp\/v2\/media?parent=1398"}],"wp:term":[{"taxonomy":"product_brand","embeddable":true,"href":"https:\/\/sinobreaker.com\/fr\/wp-json\/wp\/v2\/product_brand?post=1398"},{"taxonomy":"product_cat","embeddable":true,"href":"https:\/\/sinobreaker.com\/fr\/wp-json\/wp\/v2\/product_cat?post=1398"},{"taxonomy":"product_tag","embeddable":true,"href":"https:\/\/sinobreaker.com\/fr\/wp-json\/wp\/v2\/product_tag?post=1398"}],"curies":[{"name":"wp","href":"https:\/\/api.w.org\/{rel}","templated":true}]}}