{"id":1404,"date":"2025-08-23T07:05:30","date_gmt":"2025-08-23T07:05:30","guid":{"rendered":"https:\/\/sinobreaker.com\/?post_type=product&#038;p=1404"},"modified":"2025-08-23T07:06:01","modified_gmt":"2025-08-23T07:06:01","slug":"ht-12-boite-de-distribution-etanche","status":"publish","type":"product","link":"https:\/\/sinobreaker.com\/fr\/products\/ht-12-waterproof-distribution-box\/","title":{"rendered":"Bo\u00eete de distribution \u00e9tanche HT-12"},"content":{"rendered":"<style>\n  .product-section h2{font-size:1.6em;margin-top:1.2em;margin-bottom:0.6em;color:#0f172a}<br \/>  .product-section p{font-size:1.1em;line-height:1.7em;color:#1e293b}<br \/>  .product-section table{width:100%;border-collapse:collapse;margin:1em 0;font-size:1.05em}<br \/>  .product-section table th,.product-section table td{border:1px solid #cfcfcf;padding:10px 14px;text-align:left}<br \/>  .product-section table th{background:#f8fafc;font-weight:bold}<br \/>  .product-section details{margin:.5em 0;font-size:1.05em}<br \/><\/style>\n<div class=\"product-section\">\n<h2>Vue d'ensemble<\/h2>\n<p>Le <strong>Bo\u00eete de distribution \u00e9tanche HT-12<\/strong> fournit <strong>12 circuits<\/strong> dans une disposition \u00e0 une seule rang\u00e9e,<br \/>\navec un <strong>couvercle \u00e0 charni\u00e8re \u00e0 ouverture lat\u00e9rale<\/strong> pour faciliter l'installation et l'entretien.<br \/>\nConstruit avec un <strong>Base en ABS<\/strong> et <strong>Couvercle transparent en PC<\/strong>Le bo\u00eetier est tr\u00e8s r\u00e9sistant,<br \/>\nr\u00e9sistance aux chocs, et un service fiable \u00e0 long terme. Avec <strong>Protection IP65<\/strong>La conception de la boucle de verrouillage, le circuit<br \/>\net un assemblage de bornes en cuivre (test de fil chaud \u00e0 960 \u00b0C), le HT-12 est adapt\u00e9 aux environnements int\u00e9rieurs et ext\u00e9rieurs difficiles.<br \/>\nPour la s\u00e9rie compl\u00e8te des mod\u00e8les, visitez le site<br \/>\n<a href=\"\/fr\/produits\/boite-de-distribution-etanche\/\">S\u00e9rie de bo\u00eetes de distribution \u00e9tanches<\/a>.<\/p>\n<p>Le <strong>Bo\u00eete de distribution \u00e9tanche HT-12<\/strong> peut \u00eatre \u00e9quip\u00e9 de<br \/>\n<a href=\"\/fr\/produits\/fusible-cc\/\">Fusible DC<\/a>, <a href=\"\/fr\/produits\/dc-spd\/\">Dispositif de protection contre les surtensions (SPD)<\/a>,<br \/>\n<a href=\"\/fr\/produits\/interrupteur-sectionneur-c-c\/\">Interrupteur DC D\u00e9connecteur<\/a>ou<br \/>\n<a href=\"\/fr\/produits\/dc-circuit-breaker\/\">Disjoncteur DC<\/a>Il est donc adapt\u00e9 \u00e0 la distribution \u00e0 petite \u00e9chelle et \u00e0 la<br \/>\n<a href=\"\/fr\/solutions\/boite-de-raccordement-pv\/\">Applications des bo\u00eetiers combin\u00e9s PV<\/a>.<\/p>\n<h2 id=\"specification\">Sp\u00e9cification du bo\u00eetier de distribution \u00e9tanche HT-12<\/h2>\n<table>\n<thead>\n<tr>\n<th>Param\u00e8tres<\/th>\n<th>Valeur<\/th>\n<\/tr>\n<\/thead>\n<tbody>\n<tr>\n<td>Mod\u00e8le<\/td>\n<td>HT-12<\/td>\n<\/tr>\n<tr>\n<td>Nombre de circuits<\/td>\n<td>12 voies (rang\u00e9e unique)<\/td>\n<\/tr>\n<tr>\n<td>Dimensions globales (L\u00d7L\u00d7H)<\/td>\n<td>255 \u00d7 200 \u00d7 105 mm<\/td>\n<\/tr>\n<tr>\n<td>Z\u00e9ro \/ trous dans la rang\u00e9e du sol<\/td>\n<td>Rang\u00e9e z\u00e9ro : 8 trous \/ Rang\u00e9e de terre : 8 trous<\/td>\n<\/tr>\n<tr>\n<td>Indice de protection<\/td>\n<td>IP65 - voir <a href=\"https:\/\/en.wikipedia.org\/wiki\/IP_Code\" target=\"_blank\" rel=\"noopener\">Code IP<\/a> \/<br \/>\n<a href=\"https:\/\/www.iec.ch\/standards\" target=\"_blank\" rel=\"noopener\">IEC 60529<\/a><\/td>\n<\/tr>\n<tr>\n<td>Mat\u00e9riau<\/td>\n<td>Base et cadre en ABS ; couvercle transparent en PC<\/td>\n<\/tr>\n<tr>\n<td>Taille de la bo\u00eete ext\u00e9rieure (L\u00d7L\u00d7H)<\/td>\n<td>570 \u00d7 425 \u00d7 540 mm<\/td>\n<\/tr>\n<tr>\n<td>Poids brut (bo\u00eete enti\u00e8re)<\/td>\n<td>18 kg<\/td>\n<\/tr>\n<tr>\n<td>Quantit\u00e9 d'emballage<\/td>\n<td>20 pi\u00e8ces<\/td>\n<\/tr>\n<tr>\n<td>Type d'ouverture<\/td>\n<td>Ouverture lat\u00e9rale (couvercle \u00e0 charni\u00e8re &gt;115\u00b0)<\/td>\n<\/tr>\n<tr>\n<td>Caract\u00e9ristiques structurelles<\/td>\n<td>Structure \u00e0 boucle de verrouillage ; couvercle \u00e0 charni\u00e8re ; d\u00e9flecteur de circuit ; assemblage de bornes en cuivre ; d\u00e9bouchures \u00e0 anneaux multiples<\/td>\n<\/tr>\n<tr>\n<td>Normes<\/td>\n<td>GB\/T 17466.1 ; GB\/T 17466.24 ; IEC 60529 (IP65)<\/td>\n<\/tr>\n<\/tbody>\n<\/table>\n<h2 id=\"diagram\">Sch\u00e9ma<\/h2>\n<p>Vous trouverez ci-dessous le sch\u00e9ma d'installation du <strong>Bo\u00eete de distribution \u00e9tanche HT-12<\/strong> (avant \/ c\u00f4t\u00e9 \/ arri\u00e8re).<br \/>\n<img loading=\"lazy\" decoding=\"async\" class=\"alignnone wp-image-1405\" src=\"https:\/\/sinobreaker.com\/wp-content\/uploads\/2025\/08\/HT-12D-300x177.png\" alt=\"Sch\u00e9ma du bo\u00eetier de distribution \u00e9tanche HT-12\" width=\"703\" height=\"415\" srcset=\"https:\/\/sinobreaker.com\/wp-content\/uploads\/2025\/08\/HT-12D-300x177.png 300w, https:\/\/sinobreaker.com\/wp-content\/uploads\/2025\/08\/HT-12D-600x354.png 600w, https:\/\/sinobreaker.com\/wp-content\/uploads\/2025\/08\/HT-12D.png 670w\" sizes=\"auto, (max-width: 703px) 100vw, 703px\" \/><\/p>\n<h2 id=\"faq\">FAQ<\/h2>\n<details>\n<summary>Quelles sont les dimensions globales du bo\u00eetier de distribution \u00e9tanche HT-12 ?<\/summary>\n<div>255 \u00d7 200 \u00d7 105 mm (L\u00d7L\u00d7H).<\/div>\n<\/details>\n<details>\n<summary>Combien de circuits le HT-12 prend-il en charge ?<\/summary>\n<div>Le HT-12 prend en charge 12 circuits dans une disposition \u00e0 une rang\u00e9e. Rang\u00e9e z\u00e9ro : 8 trous ; rang\u00e9e de terre : 8 trous.<\/div>\n<\/details>\n<details>\n<summary>Le HT-12 est-il adapt\u00e9 aux applications ext\u00e9rieures ?<\/summary>\n<div>Oui. <strong>Bo\u00eete de distribution \u00e9tanche HT-12<\/strong> est conforme \u00e0 la norme IP65 et convient aux environnements int\u00e9rieurs et ext\u00e9rieurs<br \/>\n(r\u00e9f\u00e9rence : <a href=\"https:\/\/en.wikipedia.org\/wiki\/IP_Code\" target=\"_blank\" rel=\"noopener\">Code IP<\/a> \/<br \/>\n<a href=\"https:\/\/www.iec.ch\/standards\" target=\"_blank\" rel=\"noopener\">IEC 60529<\/a>).<\/div>\n<\/details>\n<details>\n<summary>Le HT-12 peut-il \u00eatre configur\u00e9 comme un bo\u00eetier de raccordement PV ?<\/summary>\n<div>Oui. Lorsqu'il est int\u00e9gr\u00e9 \u00e0 <a href=\"\/fr\/produits\/fusible-cc\/\">Fusible DC<\/a>,<br \/>\n<a href=\"\/fr\/produits\/dc-spd\/\">DOCUP<\/a>et un<br \/>\n<a href=\"\/fr\/produits\/interrupteur-sectionneur-c-c\/\">Interrupteur DC D\u00e9connecteur<\/a> ou<br \/>\n<a href=\"\/fr\/produits\/dc-circuit-breaker\/\">Disjoncteur DC<\/a>Le HT-12 peut servir de bo\u00eete de raccordement PV.<\/div>\n<\/details>\n<\/div>","protected":false},"excerpt":{"rendered":"<ul>\n<li data-start=\"128\" data-end=\"244\">\n<p data-start=\"130\" data-end=\"244\"><strong data-start=\"130\" data-end=\"168\">Bo\u00eete de distribution \u00e9tanche \u00e0 12 voies<\/strong> avec <strong data-start=\"174\" data-end=\"203\">couvercle \u00e0 charni\u00e8re \u00e0 ouverture lat\u00e9rale<\/strong> pour faciliter le c\u00e2blage et l'inspection de s\u00e9curit\u00e9.<\/p>\n<\/li>\n<li data-start=\"245\" data-end=\"359\">\n<p data-start=\"247\" data-end=\"359\">Fabriqu\u00e9 \u00e0 partir de <strong data-start=\"264\" data-end=\"299\">Base en ABS + couvercle transparent en PC<\/strong>, \u00e9valu\u00e9e <strong data-start=\"307\" data-end=\"315\">IP65<\/strong> pour l'\u00e9tanch\u00e9it\u00e9 \u00e0 la poussi\u00e8re et \u00e0 l'eau.<\/p>\n<\/li>\n<li data-start=\"360\" data-end=\"479\">\n<p data-start=\"362\" data-end=\"479\">Compatible avec <strong data-start=\"378\" data-end=\"414\">fusible, SPD, d\u00e9connecteur, disjoncteur<\/strong>Il convient aux installations r\u00e9sidentielles, commerciales et aux combinateurs photovolta\u00efques.<\/p>\n<\/li>\n<\/ul>","protected":false},"featured_media":1406,"comment_status":"open","ping_status":"closed","template":"","meta":[],"product_brand":[],"product_cat":[29],"product_tag":[],"class_list":{"0":"post-1404","1":"product","2":"type-product","3":"status-publish","4":"has-post-thumbnail","6":"product_cat-waterproof-distribution-box","8":"first","9":"instock","10":"shipping-taxable","11":"product-type-simple"},"_links":{"self":[{"href":"https:\/\/sinobreaker.com\/fr\/wp-json\/wp\/v2\/product\/1404","targetHints":{"allow":["GET"]}}],"collection":[{"href":"https:\/\/sinobreaker.com\/fr\/wp-json\/wp\/v2\/product"}],"about":[{"href":"https:\/\/sinobreaker.com\/fr\/wp-json\/wp\/v2\/types\/product"}],"replies":[{"embeddable":true,"href":"https:\/\/sinobreaker.com\/fr\/wp-json\/wp\/v2\/comments?post=1404"}],"wp:featuredmedia":[{"embeddable":true,"href":"https:\/\/sinobreaker.com\/fr\/wp-json\/wp\/v2\/media\/1406"}],"wp:attachment":[{"href":"https:\/\/sinobreaker.com\/fr\/wp-json\/wp\/v2\/media?parent=1404"}],"wp:term":[{"taxonomy":"product_brand","embeddable":true,"href":"https:\/\/sinobreaker.com\/fr\/wp-json\/wp\/v2\/product_brand?post=1404"},{"taxonomy":"product_cat","embeddable":true,"href":"https:\/\/sinobreaker.com\/fr\/wp-json\/wp\/v2\/product_cat?post=1404"},{"taxonomy":"product_tag","embeddable":true,"href":"https:\/\/sinobreaker.com\/fr\/wp-json\/wp\/v2\/product_tag?post=1404"}],"curies":[{"name":"wp","href":"https:\/\/api.w.org\/{rel}","templated":true}]}}